{"id":17,"date":"2016-11-15T10:11:38","date_gmt":"2016-11-15T10:11:38","guid":{"rendered":"http:\/\/www.anarieldesign.com\/themedemos\/liber\/?page_id=17"},"modified":"2023-07-25T21:50:15","modified_gmt":"2023-07-25T21:50:15","slug":"history","status":"publish","type":"page","link":"https:\/\/www.basqueeducational.org\/es\/history\/","title":{"rendered":"Nuestra historia"},"content":{"rendered":"<div class=\"wpb-content-wrapper\"><div class=\"vc_row wpb_row vc_row-fluid gradient-container-1\"><div class=\"gradient-column-1 wpb_column vc_column_container vc_col-sm-12\"><div class=\"vc_column-inner\"><div class=\"wpb_wrapper\">\n\t<div class=\"wpb_text_column wpb_content_element\" >\n\t\t<div class=\"wpb_wrapper\">\n\t\t\t<p>El origen de BEO se remonta al San Francisco Basque Club (SFBC) y al Basque Cultural Center (SFBCC).<span class=\"Apple-converted-space\">\u00a0<\/span><\/p>\n<p>El SFBC, creado en 1960, inclu\u00eda<span class=\"Apple-converted-space\">\u00a0 <\/span>actividades como la danza, la klika y la pilota, y se centraba en torno a Broadway y Larkin, en San Francisco, cerca de los restaurantes y hoteles vascos de North Beach. Sin embargo, en 1979 estos locales fueron derribados.<span class=\"Apple-converted-space\">\u00a0<\/span><\/p>\n<p>En un esfuerzo por reconstruir un nuevo lugar de reuni\u00f3n para la comunidad vasca, un peque\u00f1o grupo de miembros form\u00f3 una nueva corporaci\u00f3n, la SFBCC. La SFBCC, tambi\u00e9n llamada Euskal Etxea (casa vasca), abri\u00f3 sus puertas en 1982, y desde entonces ha diversificado su oferta hasta convertirse en un exitoso restaurante y lugar de celebraci\u00f3n de eventos.<span class=\"Apple-converted-space\">\u00a0<\/span><\/p>\n<p>La SFBC, en cuya lista de miembros tambi\u00e9n figuran miembros de la SFBCC, sigue patrocinando actividades culturales como danza, klika y pelota, y a menudo se celebra en el BCC.<\/p>\n<p>A medida que los clubes y sus miembros se iban asentando en sus funciones, se form\u00f3 un tercer club, el BEO, como brazo educativo, llenando el vac\u00edo existente entre las artes tradicionales (danza, klika y pelota) y un lugar de eventos. Su objetivo: preservar la historia vasca y dar a conocer a los vascos a trav\u00e9s de sus ricas tradiciones art\u00edsticas.<\/p>\n<p>Aqu\u00ed se celebra cada dos a\u00f1os el D\u00eda de la Cultura Vasca, en el que distinguidos oradores disertan sobre diversos temas y t\u00f3picos vascos; se organiza el \"Ciclo de Cine Vasco\" y es el \"punto de referencia\" para las pel\u00edculas vascas y todos los clubes vascos; y se mantiene la Biblioteca Martin Minaberry, cuyo cat\u00e1logo contiene m\u00e1s de 1.000 art\u00edculos sobre muchos temas relacionados con el Pa\u00eds Vasco y el pueblo vasco.<\/p>\n<p>En la actualidad, la OEB es un orgulloso socio de la SFBCC.<\/p>\n\n\t\t<\/div>\n\t<\/div>\n<\/div><\/div><\/div><\/div>\n<\/div>","protected":false},"excerpt":{"rendered":"BEO's origin began with the San Francisco Basque Club (SFBC) and the Basque Cultural Center (SFBCC).\u00a0 SFBC, formed in 1960, included\u00a0 activities such as dance, klika, and pilota, and was [...]","protected":false},"author":1,"featured_media":2519,"parent":0,"menu_order":0,"comment_status":"closed","ping_status":"closed","template":"templates\/full-width-page.php","meta":{"give_campaign_id":0,"_tec_requires_first_save":true,"_exactmetrics_skip_tracking":false,"_exactmetrics_sitenote_active":false,"_exactmetrics_sitenote_note":"","_exactmetrics_sitenote_category":0,"_price":"","_stock":"","_tribe_ticket_header":"","_tribe_default_ticket_provider":"","_tribe_ticket_capacity":"0","_ticket_start_date":"","_ticket_end_date":"","_tribe_ticket_show_description":"","_tribe_ticket_show_not_going":false,"_tribe_ticket_use_global_stock":"","_tribe_ticket_global_stock_level":"","_global_stock_mode":"","_global_stock_cap":"","_tribe_rsvp_for_event":"","_tribe_ticket_going_count":"","_tribe_ticket_not_going_count":"","_tribe_tickets_list":"[]","_tribe_ticket_has_attendee_info_fields":false,"_EventAllDay":false,"_EventTimezone":"","_EventStartDate":"","_EventEndDate":"","_EventStartDateUTC":"","_EventEndDateUTC":"","_EventShowMap":false,"_EventShowMapLink":false,"_EventURL":"","_EventCost":"","_EventCostDescription":"","_EventCurrencySymbol":"","_EventCurrencyCode":"","_EventCurrencyPosition":"","_EventDateTimeSeparator":"","_EventTimeRangeSeparator":"","_EventOrganizerID":[],"_EventVenueID":[],"_OrganizerEmail":"","_OrganizerPhone":"","_OrganizerWebsite":"","_VenueAddress":"","_VenueCity":"","_VenueCountry":"","_VenueProvince":"","_VenueState":"","_VenueZip":"","_VenuePhone":"","_VenueURL":"","_VenueStateProvince":"","_VenueLat":"","_VenueLng":"","_VenueShowMap":false,"_VenueShowMapLink":false,"_tribe_blocks_recurrence_rules":"","_tribe_blocks_recurrence_description":"","_tribe_blocks_recurrence_exclusions":"","jetpack_post_was_ever_published":false,"footnotes":""},"class_list":["post-17","page","type-page","status-publish","has-post-thumbnail","hentry"],"campaignId":"","jetpack_sharing_enabled":true,"jetpack_shortlink":"https:\/\/wp.me\/PaFejT-h","_links":{"self":[{"href":"https:\/\/www.basqueeducational.org\/es\/wp-json\/wp\/v2\/pages\/17","targetHints":{"allow":["GET"]}}],"collection":[{"href":"https:\/\/www.basqueeducational.org\/es\/wp-json\/wp\/v2\/pages"}],"about":[{"href":"https:\/\/www.basqueeducational.org\/es\/wp-json\/wp\/v2\/types\/page"}],"author":[{"embeddable":true,"href":"https:\/\/www.basqueeducational.org\/es\/wp-json\/wp\/v2\/users\/1"}],"replies":[{"embeddable":true,"href":"https:\/\/www.basqueeducational.org\/es\/wp-json\/wp\/v2\/comments?post=17"}],"version-history":[{"count":4,"href":"https:\/\/www.basqueeducational.org\/es\/wp-json\/wp\/v2\/pages\/17\/revisions"}],"predecessor-version":[{"id":5370,"href":"https:\/\/www.basqueeducational.org\/es\/wp-json\/wp\/v2\/pages\/17\/revisions\/5370"}],"wp:featuredmedia":[{"embeddable":true,"href":"https:\/\/www.basqueeducational.org\/es\/wp-json\/wp\/v2\/media\/2519"}],"wp:attachment":[{"href":"https:\/\/www.basqueeducational.org\/es\/wp-json\/wp\/v2\/media?parent=17"}],"curies":[{"name":"wp","href":"https:\/\/api.w.org\/{rel}","templated":true}]}}