{"id":2491,"date":"2018-09-27T21:35:04","date_gmt":"2018-09-27T21:35:04","guid":{"rendered":"https:\/\/beo.goxo-goxoa.com\/?page_id=2491"},"modified":"2019-04-16T17:07:17","modified_gmt":"2019-04-16T17:07:17","slug":"about-martin-minaberry","status":"publish","type":"page","link":"https:\/\/www.basqueeducational.org\/es\/about-martin-minaberry\/","title":{"rendered":"Sobre Martin Minaberry"},"content":{"rendered":"<div class=\"wpb-content-wrapper\"><div class=\"vc_row wpb_row vc_row-fluid gradient-container-1\"><div class=\"gradient-column-1 wpb_column vc_column_container vc_col-sm-3\"><div class=\"vc_column-inner\"><div class=\"wpb_wrapper\">\n\t<div  class=\"wpb_single_image wpb_content_element vc_align_left wpb_content_element\">\n\t\t\n\t\t<figure class=\"wpb_wrapper vc_figure\">\n\t\t\t<div class=\"vc_single_image-wrapper   vc_box_border_grey\"><img decoding=\"async\" width=\"150\" height=\"150\" src=\"https:\/\/www.basqueeducational.org\/wp-content\/uploads\/2019\/04\/Martin-Minaberry-photo-150x150.png\" class=\"vc_single_image-img attachment-thumbnail\" alt=\"\" title=\"Martin Minaberry\" srcset=\"https:\/\/www.basqueeducational.org\/wp-content\/uploads\/2019\/04\/Martin-Minaberry-photo-150x150.png 150w, https:\/\/www.basqueeducational.org\/wp-content\/uploads\/2019\/04\/Martin-Minaberry-photo-100x100.png 100w\" sizes=\"(max-width: 150px) 100vw, 150px\" \/><\/div><figcaption class=\"vc_figure-caption\">Martin Minaberry<\/figcaption>\n\t\t<\/figure>\n\t<\/div>\n<\/div><\/div><\/div><div class=\"gradient-column-2 wpb_column vc_column_container vc_col-sm-9\"><div class=\"vc_column-inner\"><div class=\"wpb_wrapper\">\n\t<div class=\"wpb_text_column wpb_content_element\" >\n\t\t<div class=\"wpb_wrapper\">\n\t\t\t<p>El 7 de noviembre de 2009, la Biblioteca Vasca se volvi\u00f3 a dedicar a la memoria del P. Martin Minaberry, miembro fundador de la BEO.<\/p>\n<p><b>SOBRE MARTIN<\/b><\/p>\n<p>El P. Minaberry naci\u00f3 el 16 de mayo de 1937 en el pueblo vasco de Ortzaize, Baxenabarre (Hortz Etcheberria sortetxea). Su madre era Augustine Goyen, tambi\u00e9n natural de Ortzaize (Hortz Etcheberria etxekoa), y su padre Kaiet Minaberry, natural de Donostiri, Baxenabarre (Urruzpurria sortetxea). Fue el noveno de sus once hijos.<\/p>\n<p>Estudi\u00f3 en el Gran Seminario de Baiona y fue ordenado sacerdote cat\u00f3lico romano el 29 de junio de 1963 en la catedral de Santa Mar\u00eda de Baiona, Lapurdi. Su primer destino fue como capell\u00e1n en el Liceo de Marracq en Baiona.<\/p>\n<p>El P. Minaberry lleg\u00f3 a San Francisco en 1978 y r\u00e1pidamente se involucr\u00f3 en las instituciones vascas locales, as\u00ed como en NABO. Fue director del San Francisco Basque Club durante muchos a\u00f1os, y ocup\u00f3 el cargo de Presidente entre 1981 y 1982. Tambi\u00e9n fue uno de los fundadores de la Federaci\u00f3n de Pelota de Estados Unidos (USFP), as\u00ed como su primer secretario en 1982.<\/p>\n<p>Tras representar a NABO en el Congreso de Vascos Americanos de 1982, celebrado en Donostia, Gipuzkoa, el P. Minaberry se convirti\u00f3 en el Presidente Internacional de NABO y en el principal contacto del Gobierno Vasco con NABO hasta 1991. Tambi\u00e9n fue Coordinador del Calendario de NABO durante muchos a\u00f1os y redact\u00f3 solicitudes de subvenci\u00f3n en nombre de NABO.<\/p>\n<p>Adem\u00e1s, fue miembro fundador del Centro Cultural Vasco de San Francisco (BCC), y una de las fuerzas centrales en la creaci\u00f3n del Comit\u00e9 Educativo del BCC, que evolucion\u00f3 hasta convertirse en la Basque Educational Organization, Inc. Ocup\u00f3 la presidencia inaugural y fue la figura principal en la creaci\u00f3n de la biblioteca vasca en el Basque Cultural Center.<\/p>\n<p>La BEO dedic\u00f3 la biblioteca a honrar los incansables esfuerzos del P. Minaberry en favor de la comunidad vasca, su compromiso con la preservaci\u00f3n de su cultura en Estados Unidos y su previsi\u00f3n de nuestra responsabilidad de proporcionar herramientas para la educaci\u00f3n.<\/p>\n<p>El P. Minaberry falleci\u00f3 el 3 de septiembre de 2001 en Los \u00c1ngeles.<\/p>\n\n\t\t<\/div>\n\t<\/div>\n<\/div><\/div><\/div><\/div>\n<\/div>","protected":false},"excerpt":{"rendered":"Martin Minaberry The Basque Library was rededicated in the memory of Fr. Martin Minaberry, a founding member of the BEO on November 7, 2009. ABOUT MARTIN Fr. Minaberry was born [...]","protected":false},"author":1,"featured_media":0,"parent":0,"menu_order":0,"comment_status":"closed","ping_status":"closed","template":"templates\/grid-page.php","meta":{"give_campaign_id":0,"_tec_requires_first_save":true,"_exactmetrics_skip_tracking":false,"_exactmetrics_sitenote_active":false,"_exactmetrics_sitenote_note":"","_exactmetrics_sitenote_category":0,"_price":"","_stock":"","_tribe_ticket_header":"","_tribe_default_ticket_provider":"","_tribe_ticket_capacity":"0","_ticket_start_date":"","_ticket_end_date":"","_tribe_ticket_show_description":"","_tribe_ticket_show_not_going":false,"_tribe_ticket_use_global_stock":"","_tribe_ticket_global_stock_level":"","_global_stock_mode":"","_global_stock_cap":"","_tribe_rsvp_for_event":"","_tribe_ticket_going_count":"","_tribe_ticket_not_going_count":"","_tribe_tickets_list":"[]","_tribe_ticket_has_attendee_info_fields":false,"_EventAllDay":false,"_EventTimezone":"","_EventStartDate":"","_EventEndDate":"","_EventStartDateUTC":"","_EventEndDateUTC":"","_EventShowMap":false,"_EventShowMapLink":false,"_EventURL":"","_EventCost":"","_EventCostDescription":"","_EventCurrencySymbol":"","_EventCurrencyCode":"","_EventCurrencyPosition":"","_EventDateTimeSeparator":"","_EventTimeRangeSeparator":"","_EventOrganizerID":[],"_EventVenueID":[],"_OrganizerEmail":"","_OrganizerPhone":"","_OrganizerWebsite":"","_VenueAddress":"","_VenueCity":"","_VenueCountry":"","_VenueProvince":"","_VenueState":"","_VenueZip":"","_VenuePhone":"","_VenueURL":"","_VenueStateProvince":"","_VenueLat":"","_VenueLng":"","_VenueShowMap":false,"_VenueShowMapLink":false,"_tribe_blocks_recurrence_rules":"","_tribe_blocks_recurrence_description":"","_tribe_blocks_recurrence_exclusions":"","jetpack_post_was_ever_published":false,"footnotes":""},"class_list":["post-2491","page","type-page","status-publish","hentry"],"campaignId":"","jetpack_sharing_enabled":true,"jetpack_shortlink":"https:\/\/wp.me\/PaFejT-Eb","_links":{"self":[{"href":"https:\/\/www.basqueeducational.org\/es\/wp-json\/wp\/v2\/pages\/2491","targetHints":{"allow":["GET"]}}],"collection":[{"href":"https:\/\/www.basqueeducational.org\/es\/wp-json\/wp\/v2\/pages"}],"about":[{"href":"https:\/\/www.basqueeducational.org\/es\/wp-json\/wp\/v2\/types\/page"}],"author":[{"embeddable":true,"href":"https:\/\/www.basqueeducational.org\/es\/wp-json\/wp\/v2\/users\/1"}],"replies":[{"embeddable":true,"href":"https:\/\/www.basqueeducational.org\/es\/wp-json\/wp\/v2\/comments?post=2491"}],"version-history":[{"count":5,"href":"https:\/\/www.basqueeducational.org\/es\/wp-json\/wp\/v2\/pages\/2491\/revisions"}],"predecessor-version":[{"id":2971,"href":"https:\/\/www.basqueeducational.org\/es\/wp-json\/wp\/v2\/pages\/2491\/revisions\/2971"}],"wp:attachment":[{"href":"https:\/\/www.basqueeducational.org\/es\/wp-json\/wp\/v2\/media?parent=2491"}],"curies":[{"name":"wp","href":"https:\/\/api.w.org\/{rel}","templated":true}]}}