{"id":2558,"date":"2019-01-29T21:47:45","date_gmt":"2019-01-29T21:47:45","guid":{"rendered":"https:\/\/www.basqueeducational.org\/?page_id=2558"},"modified":"2019-01-29T21:47:47","modified_gmt":"2019-01-29T21:47:47","slug":"privacy-policy","status":"publish","type":"page","link":"https:\/\/www.basqueeducational.org\/es\/privacy-policy\/","title":{"rendered":"Pol\u00edtica de privacidad"},"content":{"rendered":"<p>Fecha de entrada en vigor: 26 de enero de 2019<\/p>\n\n\n\n<p>La Organizaci\u00f3n Educativa Vasca (en adelante, \"nosotros\" o \"nuestro\") gestiona el sitio web www.basqueeducational.org (en adelante, el \"Servicio\").<\/p>\n\n\n\n<p>Esta p\u00e1gina le informa de nuestras pol\u00edticas relativas a la recogida, uso y divulgaci\u00f3n de datos personales cuando utiliza nuestro Servicio y de las opciones que tiene asociadas a esos datos.<\/p>\n\n\n\n<p>Utilizamos sus datos para proporcionar y mejorar el Servicio. Al utilizar el Servicio, usted acepta la recopilaci\u00f3n y el uso de la informaci\u00f3n de acuerdo con esta pol\u00edtica. Salvo que se definan de otro modo en la presente Pol\u00edtica de Privacidad, los t\u00e9rminos utilizados en ella tienen el mismo significado que en nuestras Condiciones Generales, accesibles desde www.basqueeducational.org.<\/p>\n\n\n\n<h2 class=\"wp-block-heading\">Definiciones<\/h2>\n\n\n\n<ul class=\"wp-block-list\"><li>\n        <strong>Servicio<\/strong>\n                Servicio es el sitio web www.basqueeducational.org operado por la Organizaci\u00f3n Educativa Vasca\n            <\/li><li>\n        <strong>Datos personales<\/strong>\n        Por Datos Personales se entienden los datos relativos a una persona f\u00edsica viva que pueda ser identificada a partir de dichos datos (o de \u00e9stos y de otra informaci\u00f3n que obre en nuestro poder o pueda llegar a obrar en nuestro poder).\n    <\/li><li>\n        <strong>Datos de uso<\/strong>\n        Los Datos de Uso son datos recogidos autom\u00e1ticamente generados por el uso del Servicio o por la propia infraestructura del Servicio (por ejemplo, la duraci\u00f3n de la visita a una p\u00e1gina).\n    <\/li><li>\n        <strong>Cookies<\/strong>\n        Las cookies son peque\u00f1os archivos que se almacenan en su dispositivo (ordenador o dispositivo m\u00f3vil).\n    <\/li><li>\n        <strong>Controlador de datos<\/strong>\n        Responsable del tratamiento de datos significa la persona f\u00edsica o jur\u00eddica que (sola o conjuntamente o en com\u00fan con otras personas) determina los fines para los cuales y la forma en que cualquier informaci\u00f3n personal es, o va a ser, tratada.\n        A los efectos de la presente Pol\u00edtica de Privacidad, somos un Responsable del Tratamiento de sus Datos Personales.\n    <\/li><li>\n        <strong>Procesadores de datos (o proveedores de servicios)<\/strong>\n        Por Encargado del tratamiento (o Proveedor de servicios) se entiende cualquier persona f\u00edsica o jur\u00eddica que trate los datos por cuenta del Responsable del tratamiento.\n        Podemos utilizar los servicios de varios proveedores de servicios para procesar sus datos de forma m\u00e1s eficaz.\n    <\/li><li>\n        <strong>Interesado (o usuario)<\/strong>\n        El interesado es toda persona f\u00edsica viva que utiliza nuestro Servicio y es objeto de Datos Personales.\n    <\/li><\/ul>\n\n\n\n<h2 class=\"wp-block-heading\">Recogida y uso de la informaci\u00f3n<\/h2>\n\n\n\n<p>Recopilamos distintos tipos de informaci\u00f3n con diversos fines para prestarle y mejorar nuestro Servicio.<\/p>\n\n\n\n<h3 class=\"wp-block-heading\">Tipos de datos recogidos<\/h3>\n\n\n\n<h4 class=\"wp-block-heading\">Datos personales<\/h4>\n\n\n\n<p>Al utilizar nuestro Servicio, es posible que le pidamos que nos proporcione cierta informaci\u00f3n de identificaci\u00f3n personal que puede utilizarse para ponernos en contacto con usted o identificarle (\"Datos personales\"). La informaci\u00f3n de identificaci\u00f3n personal puede incluir, pero no se limita a:<\/p>\n\n\n\n<ul class=\"wp-block-list\"><li>Direcci\u00f3n de correo electr\u00f3nico<\/li><li>Nombre y apellidos<\/li><li>N\u00famero de tel\u00e9fono<\/li><li>Direcci\u00f3n, Estado, Provincia, C\u00f3digo postal, Ciudad<\/li><li>Cookies y datos de uso<\/li><\/ul>\n\n\n\n<p>Podemos utilizar sus Datos Personales para ponernos en contacto con usted y enviarle boletines informativos, material promocional o de marketing y otra informaci\u00f3n que pueda ser de su inter\u00e9s. Puede optar por no recibir ninguna o ninguna de estas comunicaciones de nuestra parte siguiendo el enlace para darse de baja o las instrucciones proporcionadas en cualquier correo electr\u00f3nico que le enviemos.<\/p>\n\n\n\n<h4 class=\"wp-block-heading\">Datos de uso<\/h4>\n\n\n\n<p>Tambi\u00e9n podemos recopilar informaci\u00f3n sobre c\u00f3mo se accede al Servicio y c\u00f3mo se utiliza (\"Datos de uso\"). Estos Datos de Uso pueden incluir informaci\u00f3n como la direcci\u00f3n de Protocolo de Internet de su ordenador (por ejemplo, la direcci\u00f3n IP), el tipo de navegador, la versi\u00f3n del navegador, las p\u00e1ginas de nuestro Servicio que visita, la hora y la fecha de su visita, el tiempo empleado en esas p\u00e1ginas, identificadores \u00fanicos de dispositivos y otros datos de diagn\u00f3stico.<\/p>\n\n\n\n<h4 class=\"wp-block-heading\">Datos de seguimiento y cookies<\/h4>\n\n\n\n<p>Utilizamos cookies y tecnolog\u00edas de seguimiento similares para rastrear la actividad en nuestro Servicio y guardamos cierta informaci\u00f3n.<\/p>\n\n\n\n<p>Las cookies son archivos con una peque\u00f1a cantidad de datos que pueden incluir un identificador \u00fanico an\u00f3nimo. Las cookies se env\u00edan a su navegador desde un sitio web y se almacenan en su dispositivo. Tambi\u00e9n se utilizan otras tecnolog\u00edas de seguimiento como balizas, etiquetas y scripts para recopilar y rastrear informaci\u00f3n y para mejorar y analizar nuestro Servicio.<\/p>\n\n\n\n<p>Puede configurar su navegador para que rechace todas las cookies o para que le indique cu\u00e1ndo se env\u00eda una cookie. Sin embargo, si no acepta las cookies, es posible que no pueda utilizar algunas partes de nuestro Servicio.<\/p>\n\n\n\n<p>Ejemplos de cookies que utilizamos:<\/p>\n\n\n\n<ul class=\"wp-block-list\"><li><strong>Cookies de sesi\u00f3n.<\/strong> Utilizamos Cookies de Sesi\u00f3n para operar nuestro Servicio.<\/li><li><strong>Cookies de preferencias.<\/strong> Utilizamos cookies de preferencias para recordar sus preferencias y diversos ajustes.<\/li><li><strong>Cookies de seguridad.<\/strong> Utilizamos cookies de seguridad por motivos de seguridad.<\/li><\/ul>\n\n\n\n<h2 class=\"wp-block-heading\">Uso de los datos<\/h2>\n\n\n\n<p>La Organizaci\u00f3n Educativa Vasca utiliza los datos recogidos para diversos fines:<\/p>\n\n\n\n<ul class=\"wp-block-list\"><li>Para prestar y mantener nuestro Servicio<\/li><li>Para notificarle cambios en nuestro Servicio<\/li><li>Permitirle participar en funciones interactivas de nuestro Servicio cuando usted decida hacerlo<\/li><li>Prestar asistencia al cliente<\/li><li>Para recopilar an\u00e1lisis o informaci\u00f3n valiosa para que podamos mejorar nuestro Servicio<\/li><li>Supervisar el uso de nuestro Servicio<\/li><li>Detectar, prevenir y resolver problemas t\u00e9cnicos<\/li><li>Proporcionarle noticias, ofertas especiales e informaci\u00f3n general sobre otros productos, servicios y eventos que ofrezcamos y que sean similares a los que ya ha comprado o sobre los que ha preguntado, a menos que haya optado por no recibir dicha informaci\u00f3n.<\/li><\/ul>\n\n\n\n<h2 class=\"wp-block-heading\">Base jur\u00eddica para el tratamiento de datos personales en virtud del Reglamento general de protecci\u00f3n de datos (RGPD)<\/h2>\n\n\n\n<p>Si usted procede del Espacio Econ\u00f3mico Europeo (EEE), la base legal de Basque Educational Organization para recoger y utilizar la informaci\u00f3n personal descrita en esta Pol\u00edtica de Privacidad depende de los Datos Personales que recojamos y del contexto espec\u00edfico en el que los recojamos.<\/p>\n\n\n\n<p>Organizaci\u00f3n Educativa Vasca puede tratar sus Datos Personales porque:<\/p>\n\n\n\n<ul class=\"wp-block-list\"><li>Necesitamos cumplir un contrato con usted<\/li><li>Nos ha dado permiso para hacerlo<\/li><li>El tratamiento responde a nuestros intereses leg\u00edtimos y no se ve anulado por sus derechos.<\/li><li>A efectos de procesamiento de pagos<\/li><li>Cumplir la ley<\/li><\/ul>\n\n\n\n<h2 class=\"wp-block-heading\">Conservaci\u00f3n de datos<\/h2>\n\n\n\n<p>Basque Educational Organization conservar\u00e1 sus Datos Personales s\u00f3lo durante el tiempo que sea necesario para los fines establecidos en esta Pol\u00edtica de Privacidad. Conservaremos y utilizaremos sus Datos Personales en la medida necesaria para cumplir con nuestras obligaciones legales (por ejemplo, si estamos obligados a conservar sus datos para cumplir con las leyes aplicables), resolver conflictos y hacer cumplir nuestros acuerdos legales y pol\u00edticas.<\/p>\n\n\n\n<p>Basque Educational Organization tambi\u00e9n conservar\u00e1 los Datos de Uso para fines de an\u00e1lisis interno. Por lo general, los Datos de Uso se conservan durante un per\u00edodo de tiempo m\u00e1s corto, excepto cuando estos datos se utilizan para reforzar la seguridad o mejorar la funcionalidad de nuestro Servicio, o estamos legalmente obligados a conservar estos datos durante per\u00edodos m\u00e1s largos.<\/p>\n\n\n\n<h2 class=\"wp-block-heading\">Transferencia de datos<\/h2>\n\n\n\n<p>Su informaci\u00f3n, incluidos los Datos Personales, puede transferirse a ordenadores situados fuera de su estado, provincia, pa\u00eds u otra jurisdicci\u00f3n gubernamental en la que las leyes de protecci\u00f3n de datos puedan diferir de las de su jurisdicci\u00f3n, y mantenerse en dichos ordenadores.<\/p>\n\n\n\n<p>Si se encuentra fuera de Estados Unidos y decide proporcionarnos informaci\u00f3n, tenga en cuenta que transferimos los datos, incluidos los datos personales, a Estados Unidos y los procesamos all\u00ed.<\/p>\n\n\n\n<p>Su consentimiento a esta Pol\u00edtica de Privacidad seguido de su env\u00edo de dicha informaci\u00f3n representa su acuerdo a dicha transferencia.<\/p>\n\n\n\n<p>Basque Educational Organization tomar\u00e1 todas las medidas razonablemente necesarias para garantizar que sus datos sean tratados de forma segura y de acuerdo con esta Pol\u00edtica de Privacidad y no se realizar\u00e1 ninguna transferencia de sus Datos Personales a una organizaci\u00f3n o pa\u00eds a menos que existan controles adecuados que incluyan la seguridad de sus datos y otra informaci\u00f3n personal.<\/p>\n\n\n\n<h2 class=\"wp-block-heading\">Divulgaci\u00f3n de datos<\/h2>\n\n\n\n<h3 class=\"wp-block-heading\">Divulgaci\u00f3n para la aplicaci\u00f3n de la ley<\/h3>\n\n\n\n<p>En determinadas circunstancias, Basque Educational Organization puede verse obligada a revelar sus Datos Personales si as\u00ed se lo exige la ley o en respuesta a solicitudes v\u00e1lidas de autoridades p\u00fablicas (por ejemplo, un tribunal o una agencia gubernamental).<\/p>\n\n\n\n<h3 class=\"wp-block-heading\">Requisitos legales<\/h3>\n\n\n\n<p>Basque Educational Organization puede revelar sus Datos Personales en la creencia de buena fe de que dicha acci\u00f3n es necesaria para:<\/p>\n\n\n\n<ul class=\"wp-block-list\"><li>Para cumplir una obligaci\u00f3n legal<\/li><li>Para proteger y defender los derechos o la propiedad de Basque Educational Organization<\/li><li>Para prevenir o investigar posibles irregularidades en relaci\u00f3n con el Servicio<\/li><li>Proteger la seguridad personal de los usuarios del Servicio o del p\u00fablico.<\/li><li>Para protegerse de la responsabilidad legal<\/li><\/ul>\n\n\n\n<h2 class=\"wp-block-heading\">Seguridad de los datos<\/h2>\n\n\n\n<p>La seguridad de sus datos es importante para nosotros, pero recuerde que ning\u00fan m\u00e9todo de transmisi\u00f3n por Internet o m\u00e9todo de almacenamiento electr\u00f3nico es 100% seguro. Aunque nos esforzamos por utilizar medios comercialmente aceptables para proteger sus Datos Personales, no podemos garantizar su seguridad absoluta.<\/p>\n\n\n\n<h2 class=\"wp-block-heading\">Nuestra pol\u00edtica sobre las se\u00f1ales \"Do Not Track\" en virtud de la Ley de Protecci\u00f3n en L\u00ednea de California (CalOPPA)<\/h2>\n\n\n\n<p>No admitimos Do Not Track (\"DNT\"). Do Not Track es una preferencia que puede configurar en su navegador web para informar a los sitios web de que no desea ser rastreado.<\/p>\n\n\n\n<p>Puede activar o desactivar Do Not Track visitando la p\u00e1gina de Preferencias o Configuraci\u00f3n de su navegador web.<\/p>\n\n\n\n<h2 class=\"wp-block-heading\">Sus derechos de protecci\u00f3n de datos en virtud del Reglamento General de Protecci\u00f3n de Datos (RGPD)<\/h2>\n\n\n\n<p>Si usted reside en el Espacio Econ\u00f3mico Europeo (EEE), tiene determinados derechos en materia de protecci\u00f3n de datos. Basque Educational Organization tiene como objetivo tomar medidas razonables para permitirle corregir, modificar, eliminar o limitar el uso de sus Datos Personales.<\/p>\n\n\n\n<p>Si desea que le informemos sobre los Datos Personales que tenemos sobre usted y si quiere que los eliminemos de nuestros sistemas, p\u00f3ngase en contacto con nosotros.<\/p>\n\n\n\n<p>En determinadas circunstancias, usted tiene los siguientes derechos de protecci\u00f3n de datos:<\/p>\n\n\n\n<ul class=\"wp-block-list\"><li>\n        <strong>Derecho a acceder a la informaci\u00f3n que tenemos sobre usted, actualizarla o eliminarla.<\/strong> Siempre que sea posible, puede acceder a sus Datos Personales, actualizarlos o solicitar su eliminaci\u00f3n directamente en la secci\u00f3n de configuraci\u00f3n de su cuenta. Si no puede realizar estas acciones usted mismo, p\u00f3ngase en contacto con nosotros para que le ayudemos.\n    <\/li><li>\n        <strong>Derecho de rectificaci\u00f3n.<\/strong> Tiene derecho a que se rectifiquen sus datos si son inexactos o incompletos.\n    <\/li><li>\n        <strong>Derecho de oposici\u00f3n.<\/strong> Tiene derecho a oponerse a que procesemos sus Datos Personales.\n    <\/li><li>\n        <strong>El derecho de restricci\u00f3n.<\/strong> Tiene derecho a solicitar que restrinjamos el tratamiento de sus datos personales.\n    <\/li><li>\n        <strong>Derecho a la portabilidad de los datos.<\/strong> Tiene derecho a recibir una copia de la informaci\u00f3n que tenemos sobre usted en un formato estructurado, legible por m\u00e1quina y de uso com\u00fan.\n    <\/li><li>\n        <strong>Derecho a retirar el consentimiento.<\/strong> Tambi\u00e9n tiene derecho a retirar su consentimiento en cualquier momento cuando Basque Educational Organization se base en su consentimiento para procesar su informaci\u00f3n personal.\n    <\/li><\/ul>\n\n\n\n<p>Tenga en cuenta que podemos pedirle que verifique su identidad antes de responder a dichas solicitudes.<\/p>\n\n\n\n<p>Usted tiene derecho a reclamar ante una Autoridad de Protecci\u00f3n de Datos acerca de nuestra recopilaci\u00f3n y uso de sus Datos Personales. Para m\u00e1s informaci\u00f3n, p\u00f3ngase en contacto con su autoridad local de protecci\u00f3n de datos en el Espacio Econ\u00f3mico Europeo (EEE).<\/p>\n\n\n\n<h2 class=\"wp-block-heading\">Proveedores de servicios<\/h2>\n\n\n\n<p>Podemos emplear a terceras empresas y particulares para facilitar nuestro Servicio (\"Proveedores de Servicios\"), prestar el Servicio en nuestro nombre, realizar servicios relacionados con el Servicio o ayudarnos a analizar c\u00f3mo se utiliza nuestro Servicio.<\/p>\n\n\n\n<p>Estos terceros s\u00f3lo tienen acceso a sus Datos Personales para realizar estas tareas en nuestro nombre y est\u00e1n obligados a no divulgarlos ni utilizarlos para ning\u00fan otro fin.<\/p>\n\n\n\n<h3 class=\"wp-block-heading\">Anal\u00edtica<\/h3>\n\n\n\n<p>Podemos utilizar proveedores de servicios externos para supervisar y analizar el uso de nuestro Servicio.<\/p>\n\n\n\n<ul class=\"wp-block-list\"><li>\n        <strong>Google Analytics<\/strong>\n        Google Analytics es un servicio de an\u00e1lisis web ofrecido por Google que rastrea e informa sobre el tr\u00e1fico del sitio web. Google utiliza los datos recopilados para rastrear y supervisar el uso de nuestro Servicio. Estos datos se comparten con otros servicios de Google. Google puede utilizar los datos recopilados para contextualizar y personalizar los anuncios de su propia red publicitaria.\n        Puede optar por no poner su actividad en el Servicio a disposici\u00f3n de Google Analytics instalando el complemento de inhabilitaci\u00f3n para navegadores de Google Analytics. El complemento impide que el JavaScript de Google Analytics (ga.js, analytics.js y dc.js) comparta informaci\u00f3n con Google Analytics sobre la actividad de las visitas.                Para obtener m\u00e1s informaci\u00f3n sobre las pr\u00e1cticas de privacidad de Google, visite la p\u00e1gina web de privacidad y condiciones de Google: <a href=\"https:\/\/policies.google.com\/privacy?hl=en\">https:\/\/policies.google.com\/privacy?hl=en<\/a>\n    <\/li><\/ul>\n\n\n\n<h3 class=\"wp-block-heading\">Pagos<\/h3>\n\n\n\n<p>Podemos ofrecer productos y\/o servicios de pago dentro del Servicio. En ese caso, utilizamos servicios de terceros para el procesamiento de pagos (por ejemplo, procesadores de pagos).<\/p>\n\n\n\n<p>No almacenaremos ni recopilaremos los datos de su tarjeta de pago. Esa informaci\u00f3n se facilita directamente a nuestros procesadores de pagos externos, cuyo uso de sus datos personales se rige por su Pol\u00edtica de Privacidad. Estos procesadores de pagos se adhieren a las normas establecidas por PCI-DSS gestionadas por el PCI Security Standards Council, que es un esfuerzo conjunto de marcas como Visa, MasterCard, American\nExpress y Discover. Los requisitos PCI-DSS ayudan a garantizar el tratamiento seguro de la informaci\u00f3n de pago.<\/p>\n\n\n\n<p>Los procesadores de pagos con los que trabajamos son:<\/p>\n\n\n\n<ul class=\"wp-block-list\"><li>\n        <strong>PayPal \/ Braintree<\/strong>\n        Su pol\u00edtica de privacidad puede consultarse en <a href=\"https:\/\/www.paypal.com\/webapps\/mpp\/ua\/privacy-full\">https:\/\/www.paypal.com\/webapps\/mpp\/ua\/privacy-full<\/a>\n    <\/li><li>\n        <strong>Cuadrado<\/strong>\n        Su pol\u00edtica de privacidad puede consultarse en <a href=\"https:\/\/squareup.com\/legal\/privacy-no-account\">https:\/\/squareup.com\/legal\/privacy-no-account<\/a>\n    <\/li><\/ul>\n\n\n\n<h2 class=\"wp-block-heading\">Enlaces a otros sitios<\/h2>\n\n\n\n<p>Nuestro Servicio puede contener enlaces a otros sitios que no son operados por nosotros. Si hace clic en un enlace de terceros, ser\u00e1 dirigido al sitio de ese tercero. Le recomendamos encarecidamente que revise la Pol\u00edtica de Privacidad de cada sitio que visite.<\/p>\n\n\n\n<p>No tenemos ning\u00fan control ni asumimos ninguna responsabilidad por el contenido, las pol\u00edticas de privacidad o las pr\u00e1cticas de los sitios o servicios de terceros.<\/p>\n\n\n\n<h2 class=\"wp-block-heading\">Privacidad infantil<\/h2>\n\n\n\n<p>Nuestro Servicio no se dirige a menores de 18 a\u00f1os (\"Ni\u00f1os\").<\/p>\n\n\n\n<p>No recopilamos conscientemente informaci\u00f3n personal identificable de menores de 18 a\u00f1os. Si usted es padre o tutor y tiene conocimiento de que su hijo nos ha proporcionado Datos Personales, p\u00f3ngase en contacto con nosotros. Si tenemos conocimiento de que hemos recogido Datos Personales de ni\u00f1os sin verificar el consentimiento paterno, tomamos medidas para eliminar esa informaci\u00f3n de nuestros servidores.<\/p>\n\n\n\n<h2 class=\"wp-block-heading\">Cambios en esta pol\u00edtica de privacidad<\/h2>\n\n\n\n<p>Es posible que actualicemos nuestra Pol\u00edtica de Privacidad de vez en cuando. Le notificaremos cualquier cambio publicando la nueva Pol\u00edtica de Privacidad en esta p\u00e1gina.<\/p>\n\n\n\n<p>Le informaremos por correo electr\u00f3nico y\/o mediante un aviso destacado en nuestro Servicio, antes de que el cambio entre en vigor y actualizaremos la \"fecha de entrada en vigor\" en la parte superior de esta Pol\u00edtica de Privacidad.<\/p>\n\n\n\n<p>Le aconsejamos que revise peri\u00f3dicamente esta Pol\u00edtica de Privacidad para comprobar si se han producido cambios. Las modificaciones de esta Pol\u00edtica de Privacidad entrar\u00e1n en vigor cuando se publiquen en esta p\u00e1gina.<\/p>\n\n\n\n<h2 class=\"wp-block-heading\">Contacte con nosotros<\/h2>\n\n\n\n<p>Si tiene alguna pregunta sobre esta Pol\u00edtica de privacidad, p\u00f3ngase en contacto con nosotros:<\/p>\n\n\n\n<ul class=\"wp-block-list\"><li>Por correo electr\u00f3nico: info@basqueeducational.org<\/li><\/ul>","protected":false},"excerpt":{"rendered":"<p>Effective date: January 26, 2019 Basque Educational Organization (&#8220;us&#8221;, &#8220;we&#8221;, or &#8220;our&#8221;) operates the www.basqueeducational.org website (hereinafter referred to as the &#8220;Service&#8221;). This page informs you of our policies regarding [&hellip;]<\/p>\n","protected":false},"author":1,"featured_media":0,"parent":0,"menu_order":0,"comment_status":"closed","ping_status":"closed","template":"","meta":{"give_campaign_id":0,"_tec_requires_first_save":true,"_exactmetrics_skip_tracking":false,"_exactmetrics_sitenote_active":false,"_exactmetrics_sitenote_note":"","_exactmetrics_sitenote_category":0,"_price":"","_stock":"","_tribe_ticket_header":"","_tribe_default_ticket_provider":"","_tribe_ticket_capacity":"0","_ticket_start_date":"","_ticket_end_date":"","_tribe_ticket_show_description":"","_tribe_ticket_show_not_going":false,"_tribe_ticket_use_global_stock":"","_tribe_ticket_global_stock_level":"","_global_stock_mode":"","_global_stock_cap":"","_tribe_rsvp_for_event":"","_tribe_ticket_going_count":"","_tribe_ticket_not_going_count":"","_tribe_tickets_list":"[]","_tribe_ticket_has_attendee_info_fields":false,"_EventAllDay":false,"_EventTimezone":"","_EventStartDate":"","_EventEndDate":"","_EventStartDateUTC":"","_EventEndDateUTC":"","_EventShowMap":false,"_EventShowMapLink":false,"_EventURL":"","_EventCost":"","_EventCostDescription":"","_EventCurrencySymbol":"","_EventCurrencyCode":"","_EventCurrencyPosition":"","_EventDateTimeSeparator":"","_EventTimeRangeSeparator":"","_EventOrganizerID":[],"_EventVenueID":[],"_OrganizerEmail":"","_OrganizerPhone":"","_OrganizerWebsite":"","_VenueAddress":"","_VenueCity":"","_VenueCountry":"","_VenueProvince":"","_VenueState":"","_VenueZip":"","_VenuePhone":"","_VenueURL":"","_VenueStateProvince":"","_VenueLat":"","_VenueLng":"","_VenueShowMap":false,"_VenueShowMapLink":false,"_tribe_blocks_recurrence_rules":"","_tribe_blocks_recurrence_description":"","_tribe_blocks_recurrence_exclusions":"","jetpack_post_was_ever_published":false,"footnotes":""},"class_list":["post-2558","page","type-page","status-publish","hentry"],"campaignId":"","jetpack_sharing_enabled":true,"jetpack_shortlink":"https:\/\/wp.me\/PaFejT-Fg","_links":{"self":[{"href":"https:\/\/www.basqueeducational.org\/es\/wp-json\/wp\/v2\/pages\/2558","targetHints":{"allow":["GET"]}}],"collection":[{"href":"https:\/\/www.basqueeducational.org\/es\/wp-json\/wp\/v2\/pages"}],"about":[{"href":"https:\/\/www.basqueeducational.org\/es\/wp-json\/wp\/v2\/types\/page"}],"author":[{"embeddable":true,"href":"https:\/\/www.basqueeducational.org\/es\/wp-json\/wp\/v2\/users\/1"}],"replies":[{"embeddable":true,"href":"https:\/\/www.basqueeducational.org\/es\/wp-json\/wp\/v2\/comments?post=2558"}],"version-history":[{"count":1,"href":"https:\/\/www.basqueeducational.org\/es\/wp-json\/wp\/v2\/pages\/2558\/revisions"}],"predecessor-version":[{"id":2559,"href":"https:\/\/www.basqueeducational.org\/es\/wp-json\/wp\/v2\/pages\/2558\/revisions\/2559"}],"wp:attachment":[{"href":"https:\/\/www.basqueeducational.org\/es\/wp-json\/wp\/v2\/media?parent=2558"}],"curies":[{"name":"wp","href":"https:\/\/api.w.org\/{rel}","templated":true}]}}