{"id":2585,"date":"2019-02-27T23:13:57","date_gmt":"2019-02-27T23:13:57","guid":{"rendered":"https:\/\/www.basqueeducational.org\/?page_id=2585"},"modified":"2019-10-22T05:37:00","modified_gmt":"2019-10-22T05:37:00","slug":"lasa-eta-zabala","status":"publish","type":"page","link":"https:\/\/www.basqueeducational.org\/es\/movies-in-our-collection\/lasa-eta-zabala\/","title":{"rendered":"LASA ETA ZABALA"},"content":{"rendered":"<div class=\"wpb-content-wrapper\"><div class=\"vc_row wpb_row vc_row-fluid gradient-container-1\"><div class=\"gradient-column-1 wpb_column vc_column_container vc_col-sm-12\"><div class=\"vc_column-inner\"><div class=\"wpb_wrapper\">\n\t<div class=\"wpb_text_column wpb_content_element\" >\n\t\t<div class=\"wpb_wrapper\">\n\t\t\t<p><!--more--><\/p>\n\n\t\t<\/div>\n\t<\/div>\n\n\t<div class=\"wpb_video_widget wpb_content_element vc_clearfix   vc_video-aspect-ratio-169 vc_video-el-width-100 vc_video-align-center\" >\n\t\t<div class=\"wpb_wrapper\">\n\t\t\t\n\t\t\t<div class=\"wpb_video_wrapper\"><div class=\"jetpack-video-wrapper\"><iframe title=\"Lasa &amp; Zabala-Tr\u00e1iler\" src=\"https:\/\/player.vimeo.com\/video\/106184388?dnt=1&amp;app_id=122963\" width=\"500\" height=\"209\" frameborder=\"0\" allow=\"autoplay; fullscreen; picture-in-picture\"><\/iframe><\/div><\/div>\n\t\t<\/div>\n\t<\/div>\n\n\t<div class=\"wpb_text_column wpb_content_element\" >\n\t\t<div class=\"wpb_wrapper\">\n\t\t\t<h5>SINOPSIS:<\/h5>\n<p>Pablo Malo reconstruye en su \u00faltima pel\u00edcula la historia real de Lasa y Zabala, dos refugiados vascos secuestrados, torturados y asesinados en 1983. Doce a\u00f1os despu\u00e9s, los abogados I\u00d2igo y Fede luchar\u00e1n por identificar a los asesinos, poniendo en juego sus convicciones e incluso sus propias vidas.<\/p>\n<p><em>2014, dirigida por Pablo Malo, 106 minutos, color, en castellano y euskara con subt\u00edtulos en ingl\u00e9s.<\/em><\/p>\n\n\t\t<\/div>\n\t<\/div>\n<div class=\"vc_separator wpb_content_element vc_separator_align_center vc_sep_width_100 vc_sep_pos_align_center vc_separator_no_text vc_sep_color_grey wpb_content_element  wpb_content_element\" ><span class=\"vc_sep_holder vc_sep_holder_l\"><span class=\"vc_sep_line\"><\/span><\/span><span class=\"vc_sep_holder vc_sep_holder_r\"><span class=\"vc_sep_line\"><\/span><\/span>\n<\/div><\/div><\/div><\/div><\/div><div class=\"vc_row wpb_row vc_row-fluid gradient-container-2\"><div class=\"gradient-column-2 wpb_column vc_column_container vc_col-sm-3\"><div class=\"vc_column-inner\"><div class=\"wpb_wrapper\">\n\t<div  class=\"wpb_single_image wpb_content_element vc_align_left wpb_content_element\">\n\t\t\n\t\t<figure class=\"wpb_wrapper vc_figure\">\n\t\t\t<div class=\"vc_single_image-wrapper   vc_box_border_grey\"><img decoding=\"async\" width=\"150\" height=\"150\" src=\"https:\/\/www.basqueeducational.org\/wp-content\/uploads\/2019\/03\/Pablo-Malo-150x150.png\" class=\"vc_single_image-img attachment-thumbnail\" alt=\"\" title=\"Pablo-Malo\" srcset=\"https:\/\/www.basqueeducational.org\/wp-content\/uploads\/2019\/03\/Pablo-Malo-150x150.png 150w, https:\/\/www.basqueeducational.org\/wp-content\/uploads\/2019\/03\/Pablo-Malo-100x100.png 100w\" sizes=\"(max-width: 150px) 100vw, 150px\" \/><\/div>\n\t\t<\/figure>\n\t<\/div>\n<\/div><\/div><\/div><div class=\"gradient-column-3 wpb_column vc_column_container vc_col-sm-9\"><div class=\"vc_column-inner\"><div class=\"wpb_wrapper\">\n\t<div class=\"wpb_text_column wpb_content_element\" >\n\t\t<div class=\"wpb_wrapper\">\n\t\t\t<h5>SOBRE EL DIRECTOR:<\/h5>\n<p>Pablo Malo comenz\u00f3 escribiendo y dirigiendo cortometrajes, entre los que destacan El -ngel de m-rmol (1995) y Jardines deshabitados (2000), ganadores de una veintena de premios en festivales nacionales e internacionales. Fr\u00cco sol del invierno (2004), su primer largometraje, fue seleccionado por el Festival de San Sebasti\u00e1n para su secci\u00f3n Nuevos Directores y obtuvo el Goya al Mejor Director Novel y 15 premios en festivales internacionales. En 2007 estren\u00f3 el thriller La sombra de nadie y en 2011 dirigi\u00f3 varios episodios de la serie Hispania.<\/p>\n\n\t\t<\/div>\n\t<\/div>\n\n\t<div class=\"wpb_text_column wpb_content_element\" >\n\t\t<div class=\"wpb_wrapper\">\n\t\t\t<h5>\u00bfLE INTERESA VER ESTA PEL\u00cdCULA O COMPARTIRLA?<\/h5>\n<p>Estaremos encantados de ayudarle. P\u00f3ngase en contacto con <a href=\"mailto:info@basqueeducational.org\">info@basqueeducational.org<\/a>\u00a0y nuestro coordinador de cine se pondr\u00e1 en contacto.<\/p>\n\n\t\t<\/div>\n\t<\/div>\n<\/div><\/div><\/div><\/div>\n<\/div>","protected":false},"excerpt":{"rendered":"SYNOPSIS: Pablo Malo reconstructs in his latest movie the true story of Lasa and Zabala, two Basque refugees who were kidnapped, tortured and murdered in 1983. Twelve years later, lawyers [...]","protected":false},"author":1,"featured_media":2586,"parent":2567,"menu_order":4,"comment_status":"closed","ping_status":"closed","template":"","meta":{"give_campaign_id":0,"_tec_requires_first_save":true,"_exactmetrics_skip_tracking":false,"_exactmetrics_sitenote_active":false,"_exactmetrics_sitenote_note":"","_exactmetrics_sitenote_category":0,"_price":"","_stock":"","_tribe_ticket_header":"","_tribe_default_ticket_provider":"","_tribe_ticket_capacity":"0","_ticket_start_date":"","_ticket_end_date":"","_tribe_ticket_show_description":"","_tribe_ticket_show_not_going":false,"_tribe_ticket_use_global_stock":"","_tribe_ticket_global_stock_level":"","_global_stock_mode":"","_global_stock_cap":"","_tribe_rsvp_for_event":"","_tribe_ticket_going_count":"","_tribe_ticket_not_going_count":"","_tribe_tickets_list":"[]","_tribe_ticket_has_attendee_info_fields":false,"_EventAllDay":false,"_EventTimezone":"","_EventStartDate":"","_EventEndDate":"","_EventStartDateUTC":"","_EventEndDateUTC":"","_EventShowMap":false,"_EventShowMapLink":false,"_EventURL":"","_EventCost":"","_EventCostDescription":"","_EventCurrencySymbol":"","_EventCurrencyCode":"","_EventCurrencyPosition":"","_EventDateTimeSeparator":"","_EventTimeRangeSeparator":"","_EventOrganizerID":[],"_EventVenueID":[],"_OrganizerEmail":"","_OrganizerPhone":"","_OrganizerWebsite":"","_VenueAddress":"","_VenueCity":"","_VenueCountry":"","_VenueProvince":"","_VenueState":"","_VenueZip":"","_VenuePhone":"","_VenueURL":"","_VenueStateProvince":"","_VenueLat":"","_VenueLng":"","_VenueShowMap":false,"_VenueShowMapLink":false,"_tribe_blocks_recurrence_rules":"","_tribe_blocks_recurrence_description":"","_tribe_blocks_recurrence_exclusions":"","jetpack_post_was_ever_published":false,"footnotes":""},"class_list":["post-2585","page","type-page","status-publish","has-post-thumbnail","hentry"],"campaignId":"","jetpack_sharing_enabled":false,"jetpack_shortlink":"https:\/\/wp.me\/PaFejT-FH","_links":{"self":[{"href":"https:\/\/www.basqueeducational.org\/es\/wp-json\/wp\/v2\/pages\/2585","targetHints":{"allow":["GET"]}}],"collection":[{"href":"https:\/\/www.basqueeducational.org\/es\/wp-json\/wp\/v2\/pages"}],"about":[{"href":"https:\/\/www.basqueeducational.org\/es\/wp-json\/wp\/v2\/types\/page"}],"author":[{"embeddable":true,"href":"https:\/\/www.basqueeducational.org\/es\/wp-json\/wp\/v2\/users\/1"}],"replies":[{"embeddable":true,"href":"https:\/\/www.basqueeducational.org\/es\/wp-json\/wp\/v2\/comments?post=2585"}],"version-history":[{"count":5,"href":"https:\/\/www.basqueeducational.org\/es\/wp-json\/wp\/v2\/pages\/2585\/revisions"}],"predecessor-version":[{"id":3189,"href":"https:\/\/www.basqueeducational.org\/es\/wp-json\/wp\/v2\/pages\/2585\/revisions\/3189"}],"up":[{"embeddable":true,"href":"https:\/\/www.basqueeducational.org\/es\/wp-json\/wp\/v2\/pages\/2567"}],"wp:featuredmedia":[{"embeddable":true,"href":"https:\/\/www.basqueeducational.org\/es\/wp-json\/wp\/v2\/media\/2586"}],"wp:attachment":[{"href":"https:\/\/www.basqueeducational.org\/es\/wp-json\/wp\/v2\/media?parent=2585"}],"curies":[{"name":"wp","href":"https:\/\/api.w.org\/{rel}","templated":true}]}}