{"id":2863,"date":"2019-03-06T21:09:50","date_gmt":"2019-03-06T21:09:50","guid":{"rendered":"https:\/\/www.basqueeducational.org\/?page_id=2863"},"modified":"2019-03-06T21:38:43","modified_gmt":"2019-03-06T21:38:43","slug":"2015-pilota-eguna","status":"publish","type":"page","link":"https:\/\/www.basqueeducational.org\/es\/basque-cultural-days\/2015-pilota-eguna\/","title":{"rendered":"2015 | Pilota Eguna"},"content":{"rendered":"<div class=\"wpb-content-wrapper\"><div class=\"vc_row wpb_row vc_row-fluid gradient-container-1\"><div class=\"gradient-column-1 wpb_column vc_column_container vc_col-sm-12\"><div class=\"vc_column-inner\"><div class=\"wpb_wrapper\">\n\t<div class=\"wpb_text_column wpb_content_element\" >\n\t\t<div class=\"wpb_wrapper\">\n\t\t\t<p><!--more--><\/p>\n\n\t\t<\/div>\n\t<\/div>\n<\/div><\/div><\/div><\/div><div class=\"vc_row wpb_row vc_row-fluid gradient-container-2\"><div class=\"gradient-column-2 wpb_column vc_column_container vc_col-sm-3\"><div class=\"vc_column-inner\"><div class=\"wpb_wrapper\">\n\t<div  class=\"wpb_single_image wpb_content_element vc_align_left wpb_content_element\">\n\t\t\n\t\t<figure class=\"wpb_wrapper vc_figure\">\n\t\t\t<div class=\"vc_single_image-wrapper   vc_box_border_grey\"><img decoding=\"async\" width=\"150\" height=\"150\" src=\"https:\/\/www.basqueeducational.org\/wp-content\/uploads\/2019\/03\/Xabier-Berrueta-150x150.png\" class=\"vc_single_image-img attachment-thumbnail\" alt=\"\" title=\"Xabier Berrueta\" srcset=\"https:\/\/www.basqueeducational.org\/wp-content\/uploads\/2019\/03\/Xabier-Berrueta-150x150.png 150w, https:\/\/www.basqueeducational.org\/wp-content\/uploads\/2019\/03\/Xabier-Berrueta-100x100.png 100w\" sizes=\"(max-width: 150px) 100vw, 150px\" \/><\/div>\n\t\t<\/figure>\n\t<\/div>\n\n\t<div class=\"wpb_text_column wpb_content_element\" >\n\t\t<div class=\"wpb_wrapper\">\n\t\t\t<p style=\"text-align: center;\">Xabier Berrueta<\/p>\n\n\t\t<\/div>\n\t<\/div>\n<\/div><\/div><\/div><div class=\"gradient-column-3 wpb_column vc_column_container vc_col-sm-9\"><div class=\"vc_column-inner\"><div class=\"wpb_wrapper\">\n\t<div class=\"wpb_text_column wpb_content_element\" >\n\t\t<div class=\"wpb_wrapper\">\n\t\t\t<h5>PRESENTADOR<\/h5>\n<p>Xabier Berrueta, presidente de la Federaci\u00f3n de Pilota de Estados Unidos, present\u00f3 los or\u00edgenes y la historia de la Pilota Vasca.<\/p>\n\n\t\t<\/div>\n\t<\/div>\n<div class=\"vc_tta-container\" data-vc-action=\"collapseAll\"><div class=\"vc_general vc_tta vc_tta-accordion vc_tta-color-grey vc_tta-style-classic vc_tta-shape-rounded vc_tta-o-shape-group vc_tta-controls-align-default vc_tta-o-all-clickable\"><div class=\"vc_tta-panels-container\"><div class=\"vc_tta-panels\"><div class=\"vc_tta-panel\" id=\"1551906770761-18750ab5-0c1d\" data-vc-content=\".vc_tta-panel-body\"><div class=\"vc_tta-panel-heading\"><h4 class=\"vc_tta-panel-title vc_tta-controls-icon-position-left\"><a href=\"#1551906770761-18750ab5-0c1d\" data-vc-accordion data-vc-container=\".vc_tta-container\"><i class=\"vc_tta-icon entypo-icon entypo-icon-shareable\"><\/i><span class=\"vc_tta-title-text\">acerca de<\/span><i class=\"vc_tta-controls-icon vc_tta-controls-icon-plus\"><\/i><\/a><\/h4><\/div><div class=\"vc_tta-panel-body\">\n\t<div class=\"wpb_text_column wpb_content_element\" >\n\t\t<div class=\"wpb_wrapper\">\n\t\t\t<p>Para saber m\u00e1s sobre la Federaci\u00f3n de Pelota de EE, <a href=\"https:\/\/www.facebook.com\/United-States-Federation-of-Pelota-117205962949\/\" target=\"_blank\" rel=\"noopener noreferrer\">PULSE AQU\u00cd<\/a> para acceder a su p\u00e1gina de Facebook.<\/p>\n\n\t\t<\/div>\n\t<\/div>\n<\/div><\/div><\/div><\/div><\/div><\/div><\/div><\/div><\/div><\/div><div class=\"vc_row wpb_row vc_row-fluid gradient-container-3\"><div class=\"gradient-column-4 wpb_column vc_column_container vc_col-sm-12\"><div class=\"vc_column-inner\"><div class=\"wpb_wrapper\"><div class=\"vc_separator wpb_content_element vc_separator_align_center vc_sep_width_100 vc_sep_pos_align_center vc_separator_no_text vc_sep_color_grey vc_custom_1551907270580 wpb_content_element  vc_custom_1551907270580 wpb_content_element\" ><span class=\"vc_sep_holder vc_sep_holder_l\"><span class=\"vc_sep_line\"><\/span><\/span><span class=\"vc_sep_holder vc_sep_holder_r\"><span class=\"vc_sep_line\"><\/span><\/span>\n<\/div><\/div><\/div><\/div><\/div><div class=\"vc_row wpb_row vc_row-fluid gradient-container-4\"><div class=\"gradient-column-5 wpb_column vc_column_container vc_col-sm-3\"><div class=\"vc_column-inner\"><div class=\"wpb_wrapper\">\n\t<div  class=\"wpb_single_image wpb_content_element vc_align_left wpb_content_element\">\n\t\t\n\t\t<figure class=\"wpb_wrapper vc_figure\">\n\t\t\t<div class=\"vc_single_image-wrapper   vc_box_border_grey\"><img decoding=\"async\" width=\"150\" height=\"150\" src=\"https:\/\/www.basqueeducational.org\/wp-content\/uploads\/2019\/03\/Iker-Saitua-150x150.png\" class=\"vc_single_image-img attachment-thumbnail\" alt=\"\" title=\"Iker Saitua\" srcset=\"https:\/\/www.basqueeducational.org\/wp-content\/uploads\/2019\/03\/Iker-Saitua-150x150.png 150w, https:\/\/www.basqueeducational.org\/wp-content\/uploads\/2019\/03\/Iker-Saitua-100x100.png 100w\" sizes=\"(max-width: 150px) 100vw, 150px\" \/><\/div>\n\t\t<\/figure>\n\t<\/div>\n\n\t<div class=\"wpb_text_column wpb_content_element\" >\n\t\t<div class=\"wpb_wrapper\">\n\t\t\t<p style=\"text-align: center;\">Iker Saitua<\/p>\n\n\t\t<\/div>\n\t<\/div>\n<\/div><\/div><\/div><div class=\"gradient-column-6 wpb_column vc_column_container vc_col-sm-9\"><div class=\"vc_column-inner\"><div class=\"wpb_wrapper\">\n\t<div class=\"wpb_text_column wpb_content_element\" >\n\t\t<div class=\"wpb_wrapper\">\n\t\t\t<h5>PRESENTADOR<\/h5>\n<p>Iker Saitua, candidato al doctorado en el Centro de Estudios Vascos de la UNR, habl\u00f3 sobre la Pilota Vasca y su impacto en la cultura y la identidad vascas.<\/p>\n\n\t\t<\/div>\n\t<\/div>\n<div class=\"vc_tta-container\" data-vc-action=\"collapseAll\"><div class=\"vc_general vc_tta vc_tta-accordion vc_tta-color-grey vc_tta-style-classic vc_tta-shape-rounded vc_tta-o-shape-group vc_tta-controls-align-default vc_tta-o-all-clickable\"><div class=\"vc_tta-panels-container\"><div class=\"vc_tta-panels\"><div class=\"vc_tta-panel\" id=\"1551907297353-726a75d2-ac27\" data-vc-content=\".vc_tta-panel-body\"><div class=\"vc_tta-panel-heading\"><h4 class=\"vc_tta-panel-title vc_tta-controls-icon-position-left\"><a href=\"#1551907297353-726a75d2-ac27\" data-vc-accordion data-vc-container=\".vc_tta-container\"><i class=\"vc_tta-icon entypo-icon entypo-icon-shareable\"><\/i><span class=\"vc_tta-title-text\">acerca de<\/span><i class=\"vc_tta-controls-icon vc_tta-controls-icon-plus\"><\/i><\/a><\/h4><\/div><div class=\"vc_tta-panel-body\">\n\t<div class=\"wpb_text_column wpb_content_element\" >\n\t\t<div class=\"wpb_wrapper\">\n\t\t\t<p>Para saber m\u00e1s sobre Iker, <a href=\"http:\/\/Iker Saitua \u2013 Life after a Ph.D. in Basque Studies\" target=\"_blank\" rel=\"noopener noreferrer\">COMPROBAR<\/a> una entrevista escrita sobre \u00e9l en 2017 titulada \"Iker Saitua - La vida despu\u00e9s del doctorado en Estudios Vascos\".<\/p>\n\n\t\t<\/div>\n\t<\/div>\n<\/div><\/div><\/div><\/div><\/div><\/div><\/div><\/div><\/div><\/div><div class=\"vc_row wpb_row vc_row-fluid gradient-container-5\"><div class=\"gradient-column-7 wpb_column vc_column_container vc_col-sm-12\"><div class=\"vc_column-inner\"><div class=\"wpb_wrapper\"><div class=\"vc_separator wpb_content_element vc_separator_align_center vc_sep_width_100 vc_sep_pos_align_center vc_separator_no_text vc_sep_color_grey vc_custom_1551907270580 wpb_content_element  vc_custom_1551907270580 wpb_content_element\" ><span class=\"vc_sep_holder vc_sep_holder_l\"><span class=\"vc_sep_line\"><\/span><\/span><span class=\"vc_sep_holder vc_sep_holder_r\"><span class=\"vc_sep_line\"><\/span><\/span>\n<\/div><\/div><\/div><\/div><\/div><div class=\"vc_row wpb_row vc_row-fluid gradient-container-6\"><div class=\"gradient-column-8 wpb_column vc_column_container vc_col-sm-3\"><div class=\"vc_column-inner\"><div class=\"wpb_wrapper\">\n\t<div  class=\"wpb_single_image wpb_content_element vc_align_left wpb_content_element\">\n\t\t\n\t\t<figure class=\"wpb_wrapper vc_figure\">\n\t\t\t<div class=\"vc_single_image-wrapper   vc_box_border_grey\"><img decoding=\"async\" width=\"150\" height=\"150\" src=\"https:\/\/www.basqueeducational.org\/wp-content\/uploads\/2019\/03\/Jean-Michel-Idiart-150x150.png\" class=\"vc_single_image-img attachment-thumbnail\" alt=\"\" title=\"Jean Michel Idiart\" srcset=\"https:\/\/www.basqueeducational.org\/wp-content\/uploads\/2019\/03\/Jean-Michel-Idiart-150x150.png 150w, https:\/\/www.basqueeducational.org\/wp-content\/uploads\/2019\/03\/Jean-Michel-Idiart-100x100.png 100w\" sizes=\"(max-width: 150px) 100vw, 150px\" \/><\/div>\n\t\t<\/figure>\n\t<\/div>\n\n\t<div class=\"wpb_text_column wpb_content_element\" >\n\t\t<div class=\"wpb_wrapper\">\n\t\t\t<p style=\"text-align: center;\">Jean Michel Idiart<\/p>\n\n\t\t<\/div>\n\t<\/div>\n<\/div><\/div><\/div><div class=\"gradient-column-9 wpb_column vc_column_container vc_col-sm-9\"><div class=\"vc_column-inner\"><div class=\"wpb_wrapper\">\n\t<div class=\"wpb_text_column wpb_content_element\" >\n\t\t<div class=\"wpb_wrapper\">\n\t\t\t<h5>PRESENTADOR<\/h5>\n<p>Jean Michel Idiart, creador y promotor del Frontball Pro Tour, hablar\u00e1 de la \u00faltima disciplina de la Pilota Vasca, de su historia y de su posible impacto en la sociedad urbana.<\/p>\n\n\t\t<\/div>\n\t<\/div>\n<div class=\"vc_tta-container\" data-vc-action=\"collapseAll\"><div class=\"vc_general vc_tta vc_tta-accordion vc_tta-color-grey vc_tta-style-classic vc_tta-shape-rounded vc_tta-o-shape-group vc_tta-controls-align-default vc_tta-o-all-clickable\"><div class=\"vc_tta-panels-container\"><div class=\"vc_tta-panels\"><div class=\"vc_tta-panel\" id=\"1551907612005-f4c247c8-d54f\" data-vc-content=\".vc_tta-panel-body\"><div class=\"vc_tta-panel-heading\"><h4 class=\"vc_tta-panel-title vc_tta-controls-icon-position-left\"><a href=\"#1551907612005-f4c247c8-d54f\" data-vc-accordion data-vc-container=\".vc_tta-container\"><i class=\"vc_tta-icon entypo-icon entypo-icon-shareable\"><\/i><span class=\"vc_tta-title-text\">acerca de<\/span><i class=\"vc_tta-controls-icon vc_tta-controls-icon-plus\"><\/i><\/a><\/h4><\/div><div class=\"vc_tta-panel-body\">\n\t<div class=\"wpb_text_column wpb_content_element\" >\n\t\t<div class=\"wpb_wrapper\">\n\t\t\t<p>Para saber m\u00e1s sobre Iker, <a href=\"http:\/\/Iker Saitua \u2013 Life after a Ph.D. in Basque Studies\" target=\"_blank\" rel=\"noopener noreferrer\">COMPROBAR<\/a> una entrevista escrita sobre \u00e9l en 2017 titulada \"Iker Saitua - La vida despu\u00e9s del doctorado en Estudios Vascos\".<\/p>\n\n\t\t<\/div>\n\t<\/div>\n<\/div><\/div><\/div><\/div><\/div><\/div><\/div><\/div><\/div><\/div><div class=\"vc_row wpb_row vc_row-fluid gradient-container-7\"><div class=\"gradient-column-10 wpb_column vc_column_container vc_col-sm-12\"><div class=\"vc_column-inner\"><div class=\"wpb_wrapper\"><div class=\"vc_separator wpb_content_element vc_separator_align_center vc_sep_width_100 vc_sep_pos_align_center vc_separator_no_text vc_sep_color_grey vc_custom_1551907270580 wpb_content_element  vc_custom_1551907270580 wpb_content_element\" ><span class=\"vc_sep_holder vc_sep_holder_l\"><span class=\"vc_sep_line\"><\/span><\/span><span class=\"vc_sep_holder vc_sep_holder_r\"><span class=\"vc_sep_line\"><\/span><\/span>\n<\/div><\/div><\/div><\/div><\/div><div class=\"vc_row wpb_row vc_row-fluid gradient-container-8\"><div class=\"gradient-column-11 wpb_column vc_column_container vc_col-sm-3\"><div class=\"vc_column-inner\"><div class=\"wpb_wrapper\">\n\t<div  class=\"wpb_single_image wpb_content_element vc_align_left wpb_content_element\">\n\t\t\n\t\t<figure class=\"wpb_wrapper vc_figure\">\n\t\t\t<div class=\"vc_single_image-wrapper   vc_box_border_grey\"><img loading=\"lazy\" decoding=\"async\" width=\"150\" height=\"150\" src=\"https:\/\/www.basqueeducational.org\/wp-content\/uploads\/2019\/03\/womens-exhibition-150x150.png\" class=\"vc_single_image-img attachment-thumbnail\" alt=\"\" title=\"exposici\u00f3n femenina\" srcset=\"https:\/\/www.basqueeducational.org\/wp-content\/uploads\/2019\/03\/womens-exhibition-150x150.png 150w, https:\/\/www.basqueeducational.org\/wp-content\/uploads\/2019\/03\/womens-exhibition-100x100.png 100w\" sizes=\"(max-width: 150px) 100vw, 150px\" \/><\/div>\n\t\t<\/figure>\n\t<\/div>\n\n\t<div  class=\"wpb_single_image wpb_content_element vc_align_left wpb_content_element\">\n\t\t\n\t\t<figure class=\"wpb_wrapper vc_figure\">\n\t\t\t<div class=\"vc_single_image-wrapper   vc_box_border_grey\"><img loading=\"lazy\" decoding=\"async\" width=\"150\" height=\"150\" src=\"https:\/\/www.basqueeducational.org\/wp-content\/uploads\/2019\/03\/Mens-exhibition-150x150.png\" class=\"vc_single_image-img attachment-thumbnail\" alt=\"\" title=\"Exposici\u00f3n masculina\" srcset=\"https:\/\/www.basqueeducational.org\/wp-content\/uploads\/2019\/03\/Mens-exhibition-150x150.png 150w, https:\/\/www.basqueeducational.org\/wp-content\/uploads\/2019\/03\/Mens-exhibition-100x100.png 100w\" sizes=\"(max-width: 150px) 100vw, 150px\" \/><\/div>\n\t\t<\/figure>\n\t<\/div>\n<\/div><\/div><\/div><div class=\"gradient-column-12 wpb_column vc_column_container vc_col-sm-9\"><div class=\"vc_column-inner\"><div class=\"wpb_wrapper\">\n\t<div class=\"wpb_text_column wpb_content_element\" >\n\t\t<div class=\"wpb_wrapper\">\n\t\t\t<h5>PARTIDOS DE EXHIBICI\u00d3N<\/h5>\n<p>La jornada se complet\u00f3 con partidos de pilota de los mejores jugadores de Frontball del mundo para la exhibici\u00f3n de Frontball.  Cada partido ser\u00e1 al mejor de dos sets de tres, y cada set constar\u00e1 de 15 puntos.<\/p>\n<p><strong>Exposici\u00f3n de mujeres:<\/strong><br \/>\n<span class=\"auto-style8\">Sandy Ng contra Danielle Daskalakis<\/span><\/p>\n<p><strong>Exhibici\u00f3n masculina:<\/strong><br \/>\nUna revancha de los Campeonatos del Mundo de 2015<br \/>\nJuan Medina (M\u00e9xico) contra Orlando D\u00edaz (M\u00e9xico)<\/p>\n\n\t\t<\/div>\n\t<\/div>\n<\/div><\/div><\/div><\/div>\n<\/div>","protected":false},"excerpt":{"rendered":"Xabier Berrueta PRESENTER Xabier Berrueta, president of the U.S. Federation of Pilota, presented the origins and history of Basque Pilota. about To learn more about the U.S. Federation of Pelota, [...]","protected":false},"author":1,"featured_media":2864,"parent":2826,"menu_order":2,"comment_status":"closed","ping_status":"closed","template":"","meta":{"give_campaign_id":0,"_tec_requires_first_save":true,"_exactmetrics_skip_tracking":false,"_exactmetrics_sitenote_active":false,"_exactmetrics_sitenote_note":"","_exactmetrics_sitenote_category":0,"_price":"","_stock":"","_tribe_ticket_header":"","_tribe_default_ticket_provider":"","_tribe_ticket_capacity":"0","_ticket_start_date":"","_ticket_end_date":"","_tribe_ticket_show_description":"","_tribe_ticket_show_not_going":false,"_tribe_ticket_use_global_stock":"","_tribe_ticket_global_stock_level":"","_global_stock_mode":"","_global_stock_cap":"","_tribe_rsvp_for_event":"","_tribe_ticket_going_count":"","_tribe_ticket_not_going_count":"","_tribe_tickets_list":"[]","_tribe_ticket_has_attendee_info_fields":false,"_EventAllDay":false,"_EventTimezone":"","_EventStartDate":"","_EventEndDate":"","_EventStartDateUTC":"","_EventEndDateUTC":"","_EventShowMap":false,"_EventShowMapLink":false,"_EventURL":"","_EventCost":"","_EventCostDescription":"","_EventCurrencySymbol":"","_EventCurrencyCode":"","_EventCurrencyPosition":"","_EventDateTimeSeparator":"","_EventTimeRangeSeparator":"","_EventOrganizerID":[],"_EventVenueID":[],"_OrganizerEmail":"","_OrganizerPhone":"","_OrganizerWebsite":"","_VenueAddress":"","_VenueCity":"","_VenueCountry":"","_VenueProvince":"","_VenueState":"","_VenueZip":"","_VenuePhone":"","_VenueURL":"","_VenueStateProvince":"","_VenueLat":"","_VenueLng":"","_VenueShowMap":false,"_VenueShowMapLink":false,"_tribe_blocks_recurrence_rules":"","_tribe_blocks_recurrence_description":"","_tribe_blocks_recurrence_exclusions":"","jetpack_post_was_ever_published":false,"footnotes":""},"class_list":["post-2863","page","type-page","status-publish","has-post-thumbnail","hentry"],"campaignId":"","jetpack_sharing_enabled":false,"jetpack_shortlink":"https:\/\/wp.me\/PaFejT-Kb","_links":{"self":[{"href":"https:\/\/www.basqueeducational.org\/es\/wp-json\/wp\/v2\/pages\/2863","targetHints":{"allow":["GET"]}}],"collection":[{"href":"https:\/\/www.basqueeducational.org\/es\/wp-json\/wp\/v2\/pages"}],"about":[{"href":"https:\/\/www.basqueeducational.org\/es\/wp-json\/wp\/v2\/types\/page"}],"author":[{"embeddable":true,"href":"https:\/\/www.basqueeducational.org\/es\/wp-json\/wp\/v2\/users\/1"}],"replies":[{"embeddable":true,"href":"https:\/\/www.basqueeducational.org\/es\/wp-json\/wp\/v2\/comments?post=2863"}],"version-history":[{"count":3,"href":"https:\/\/www.basqueeducational.org\/es\/wp-json\/wp\/v2\/pages\/2863\/revisions"}],"predecessor-version":[{"id":2867,"href":"https:\/\/www.basqueeducational.org\/es\/wp-json\/wp\/v2\/pages\/2863\/revisions\/2867"}],"up":[{"embeddable":true,"href":"https:\/\/www.basqueeducational.org\/es\/wp-json\/wp\/v2\/pages\/2826"}],"wp:featuredmedia":[{"embeddable":true,"href":"https:\/\/www.basqueeducational.org\/es\/wp-json\/wp\/v2\/media\/2864"}],"wp:attachment":[{"href":"https:\/\/www.basqueeducational.org\/es\/wp-json\/wp\/v2\/media?parent=2863"}],"curies":[{"name":"wp","href":"https:\/\/api.w.org\/{rel}","templated":true}]}}