{"id":3088,"date":"2019-09-17T00:25:01","date_gmt":"2019-09-17T00:25:01","guid":{"rendered":"https:\/\/www.basqueeducational.org\/?page_id=3088"},"modified":"2023-11-14T00:50:49","modified_gmt":"2023-11-14T00:50:49","slug":"basque-cultural-day-2019","status":"publish","type":"page","link":"https:\/\/www.basqueeducational.org\/es\/basque-cultural-day-2019\/","title":{"rendered":"2019: Evento Kaliforniako Eusakldunen Atzak"},"content":{"rendered":"<div class=\"wpb-content-wrapper\"><div class=\"vc_row wpb_row vc_row-fluid gradient-container-1\"><div class=\"gradient-column-1 wpb_column vc_column_container vc_col-sm-3\"><div class=\"vc_column-inner\"><div class=\"wpb_wrapper\">\n\t<div class=\"wpb_text_column wpb_content_element vc_custom_1568701826652\" >\n\t\t<div class=\"wpb_wrapper\">\n\t\t\t<h4 style=\"text-align: right;\"><span style=\"color: #9e0022;\">13:00 H<\/span><\/h4>\n\n\t\t<\/div>\n\t<\/div>\n<\/div><\/div><\/div><div class=\"gradient-column-2 wpb_column vc_column_container vc_col-sm-9\"><div class=\"vc_column-inner\"><div class=\"wpb_wrapper\">\n\t<div class=\"wpb_text_column wpb_content_element vc_custom_1568701837507\" >\n\t\t<div class=\"wpb_wrapper\">\n\t\t\t<h4><span style=\"color: #9e0022;\">PRIMERA PRESENCIA VASCA EN EL SUR DE CALIFORNIA<\/span><\/h4>\n<p><span style=\"color: #9e0022;\"><em>Presentado por:<\/em><\/span> Marianna Etcheverria, Jeanette Bidart y Mitch Gariador<\/p>\n<p><span style=\"color: #9e0022;\"><em>El preestreno:<\/em><\/span>\u00a0Los vascos llegaron al Oeste americano poco despu\u00e9s del descubrimiento de oro en el norte de California.<span class=\"Apple-converted-space\">\u00a0 <\/span>Muchos vascos pronto se dieron cuenta de que eran mucho m\u00e1s aptos para la agricultura y otras actividades.<\/p>\n<p>El sur de California se centrar\u00e1 en los primeros vascos que acabar\u00edan convirti\u00e9ndose en ricos terratenientes.<span class=\"Apple-converted-space\">\u00a0 <\/span>Entre ellos, uno llegar\u00eda a ser un conocido abogado, otro era m\u00e9dico y a principios de Los \u00c1ngeles incluso hab\u00eda un peri\u00f3dico publicado en euskera.<span class=\"Apple-converted-space\">\u00a0 <\/span>Los \u00c1ngeles tambi\u00e9n tuvo un monje vasco de Aldude que acabar\u00eda construyendo una iglesia en Montebello.<\/p>\n<p>Con el tiempo, estos vascos se extender\u00edan a Santa B\u00e1rbara, Tehachapi, San Diego, San Juan Capistrano, La Puente y Chino.<span class=\"Apple-converted-space\">\u00a0 <\/span>Estas zonas, ricas en historia vasca, se abordar\u00e1n en la presentaci\u00f3n.<\/p>\n\n\t\t<\/div>\n\t<\/div>\n<\/div><\/div><\/div><\/div><div class=\"vc_row wpb_row vc_row-fluid gradient-container-2\"><div class=\"gradient-column-3 wpb_column vc_column_container vc_col-sm-3\"><div class=\"vc_column-inner\"><div class=\"wpb_wrapper\">\n\t<div class=\"wpb_text_column wpb_content_element\" >\n\t\t<div class=\"wpb_wrapper\">\n\t\t\t<h4 style=\"text-align: right;\"><span style=\"color: #9e0022;\">14:00 H<\/span><\/h4>\n\n\t\t<\/div>\n\t<\/div>\n<\/div><\/div><\/div><div class=\"gradient-column-4 wpb_column vc_column_container vc_col-sm-9\"><div class=\"vc_column-inner\"><div class=\"wpb_wrapper\">\n\t<div class=\"wpb_text_column wpb_content_element\" >\n\t\t<div class=\"wpb_wrapper\">\n\t\t\t<h4><span style=\"color: #9e0022;\">EL LARGO CAMINO: TRASHUMANCIA OVINA DESDE EL CONDADO DE KERN HASTA LA ALTA SIERRA<\/span><\/h4>\n<p><span style=\"color: #9e0022;\"><em>Presentado por:<\/em><\/span> Steven Gamboa, Steve Bass y Janet Barreneche; ilustraciones de Pat Fernandez<\/p>\n<p><span style=\"color: #9e0022;\"><em>El preestreno:\u00a0<\/em><\/span>Durante m\u00e1s de un siglo, los pastores vascos del condado de Kern practicaron una forma de ganader\u00eda \u00fanica en Norteam\u00e9rica: conducir a pie sus reba\u00f1os cientos de kil\u00f3metros desde el Valle Central y el desierto de Mojave hasta los lejanos pastos de verano en las Altas Sierras.<span class=\"Apple-converted-space\">\u00a0 <\/span>El movimiento estacional del ganado entre los pastos de invierno y de verano se denomina <i>trashumancia<\/i>y se practica de diversas formas en todo el mundo.<span class=\"Apple-converted-space\">\u00a0 <\/span>Pero hay pocos ejemplos comparables a la Larga Marcha en cuanto a distancia recorrida y n\u00famero de personas, ovejas, perros y burros implicados.<span class=\"Apple-converted-space\">\u00a0 <\/span>La tradici\u00f3n de la trashumancia dio forma a la industria ovina, y por extensi\u00f3n a la comunidad vasca, en Bakersfield y el Valle Central, y tambi\u00e9n dej\u00f3 una huella indeleble en la memoria de los hombres y mujeres que formaron parte de este extraordinario viaje.<\/p>\n\n\t\t<\/div>\n\t<\/div>\n<\/div><\/div><\/div><\/div><div class=\"vc_row wpb_row vc_row-fluid gradient-container-3\"><div class=\"gradient-column-5 wpb_column vc_column_container vc_col-sm-3\"><div class=\"vc_column-inner\"><div class=\"wpb_wrapper\">\n\t<div class=\"wpb_text_column wpb_content_element\" >\n\t\t<div class=\"wpb_wrapper\">\n\t\t\t<h4 style=\"text-align: right;\"><span style=\"color: #9e0022;\">15.15 H<\/span><\/h4>\n\n\t\t<\/div>\n\t<\/div>\n<\/div><\/div><\/div><div class=\"gradient-column-6 wpb_column vc_column_container vc_col-sm-9\"><div class=\"vc_column-inner\"><div class=\"wpb_wrapper\">\n\t<div class=\"wpb_text_column wpb_content_element\" >\n\t\t<div class=\"wpb_wrapper\">\n\t\t\t<h4><span style=\"color: #9e0022;\">PRIMERA PRESENCIA VASCA EN EL NORTE DE CALIFORNIA<\/span><\/h4>\n<p><span style=\"color: #9e0022;\"><em>Presentado por:<\/em><\/span> Nancy Zubiri<\/p>\n<p><span style=\"color: #9e0022;\"><em>El preestreno:<\/em><\/span> Los vascos llevan en la zona de San Francisco desde los tiempos de la Fiebre del Oro. Hoy en d\u00eda, cuentan con un resplandeciente Centro Cultural con una pista profesional de balonmano, un restaurante popular y un sal\u00f3n de banquetes constantemente solicitado. Se siguen celebrando bailes vascos, torneos de mus, cenas y festivales culturales, a pesar de que la inmigraci\u00f3n procedente del Pa\u00eds Vasco ces\u00f3 en la d\u00e9cada de 1960. Conozca algunos de los acontecimientos clave ocurridos en la gran Ciudad de la Bah\u00eda que han mantenido unida y pr\u00f3spera a la comunidad vasca.<\/p>\n\n\t\t<\/div>\n\t<\/div>\n<\/div><\/div><\/div><\/div><div class=\"vc_row wpb_row vc_row-fluid gradient-container-4\"><div class=\"gradient-column-7 wpb_column vc_column_container vc_col-sm-3\"><div class=\"vc_column-inner\"><div class=\"wpb_wrapper\">\n\t<div class=\"wpb_text_column wpb_content_element\" >\n\t\t<div class=\"wpb_wrapper\">\n\t\t\t<h4 style=\"text-align: right;\"><span style=\"color: #9e0022;\">16.15 H<\/span><\/h4>\n\n\t\t<\/div>\n\t<\/div>\n<\/div><\/div><\/div><div class=\"gradient-column-8 wpb_column vc_column_container vc_col-sm-9\"><div class=\"vc_column-inner\"><div class=\"wpb_wrapper\">\n\t<div class=\"wpb_text_column wpb_content_element\" >\n\t\t<div class=\"wpb_wrapper\">\n\t\t\t<h4><span style=\"color: #9e0022;\">LA MAYOR GENERACI\u00d3N: LOS VASCOS DE LA BAH\u00cdA EN LA SEGUNDA GUERRA<\/span><\/h4>\n<p><span style=\"color: #9e0022;\"><em>Presentado por:<\/em><\/span> Pedro Oiarzabal<\/p>\n<p><span style=\"color: #9e0022;\"><em>El preestreno:<\/em><\/span> El Dr. Pedro J. Oiarzabal, autor de \"Jardineros de la identidad: Basques in the San Francisco Bay Area\", presentar\u00e1 \"The greatest generation. Los vascos del \u00c1rea de la Bah\u00eda en la Segunda Guerra Mundial\". La presentaci\u00f3n dar\u00e1 a conocer las vidas de una selecci\u00f3n de veteranos de origen vasco y sus familias que vivieron en el \u00c1rea de la Bah\u00eda de San Francisco en la \u00e9poca de la guerra, con el fin de conocer sus experiencias b\u00e9licas y honrar sus sacrificios.<\/p>\n\n\t\t<\/div>\n\t<\/div>\n<\/div><\/div><\/div><\/div><div class=\"vc_row wpb_row vc_row-fluid gradient-container-5\"><div class=\"gradient-column-9 wpb_column vc_column_container vc_col-sm-3\"><div class=\"vc_column-inner\"><div class=\"wpb_wrapper\">\n\t<div class=\"wpb_text_column wpb_content_element\" >\n\t\t<div class=\"wpb_wrapper\">\n\t\t\t<h4 style=\"text-align: right;\"><span style=\"color: #9e0022;\">18.00 H<\/span><\/h4>\n\n\t\t<\/div>\n\t<\/div>\n<\/div><\/div><\/div><div class=\"gradient-column-10 wpb_column vc_column_container vc_col-sm-9\"><div class=\"vc_column-inner\"><div class=\"wpb_wrapper\">\n\t<div class=\"wpb_text_column wpb_content_element\" >\n\t\t<div class=\"wpb_wrapper\">\n\t\t\t<h4><span style=\"color: #9e0022;\">APERITIF<\/span><\/h4>\n\n\t\t<\/div>\n\t<\/div>\n<\/div><\/div><\/div><\/div><div class=\"vc_row wpb_row vc_row-fluid gradient-container-6\"><div class=\"gradient-column-11 wpb_column vc_column_container vc_col-sm-3\"><div class=\"vc_column-inner\"><div class=\"wpb_wrapper\">\n\t<div class=\"wpb_text_column wpb_content_element\" >\n\t\t<div class=\"wpb_wrapper\">\n\t\t\t<h4 style=\"text-align: right;\"><span style=\"color: #9e0022;\">19.00 H<\/span><\/h4>\n\n\t\t<\/div>\n\t<\/div>\n<\/div><\/div><\/div><div class=\"gradient-column-12 wpb_column vc_column_container vc_col-sm-9\"><div class=\"vc_column-inner\"><div class=\"wpb_wrapper\">\n\t<div class=\"wpb_text_column wpb_content_element\" >\n\t\t<div class=\"wpb_wrapper\">\n\t\t\t<h4><span style=\"color: #9e0022;\">CENA Y ESPECT\u00c1CULO A CARGO DE LOS BAILARINES ZAZPIAK BAT<\/span><\/h4>\n\n\t\t<\/div>\n\t<\/div>\n<\/div><\/div><\/div><\/div>\n<\/div>","protected":false},"excerpt":{"rendered":"1:00 PM EARLY BASQUE PRESENCE IN SOUTHERN CALIFORNIA Presented by: Marianna Etcheverria, Jeanette Bidart, and Mitch Gariador The Sneak Preview:\u00a0Basques originally came to the American West soon after the discovery [...]","protected":false},"author":1,"featured_media":0,"parent":0,"menu_order":0,"comment_status":"closed","ping_status":"closed","template":"","meta":{"give_campaign_id":0,"_tec_requires_first_save":true,"_exactmetrics_skip_tracking":false,"_exactmetrics_sitenote_active":false,"_exactmetrics_sitenote_note":"","_exactmetrics_sitenote_category":0,"_price":"","_stock":"","_tribe_ticket_header":"","_tribe_default_ticket_provider":"","_tribe_ticket_capacity":"0","_ticket_start_date":"","_ticket_end_date":"","_tribe_ticket_show_description":"","_tribe_ticket_show_not_going":false,"_tribe_ticket_use_global_stock":"","_tribe_ticket_global_stock_level":"","_global_stock_mode":"","_global_stock_cap":"","_tribe_rsvp_for_event":"","_tribe_ticket_going_count":"","_tribe_ticket_not_going_count":"","_tribe_tickets_list":"[]","_tribe_ticket_has_attendee_info_fields":false,"_EventAllDay":false,"_EventTimezone":"","_EventStartDate":"","_EventEndDate":"","_EventStartDateUTC":"","_EventEndDateUTC":"","_EventShowMap":false,"_EventShowMapLink":false,"_EventURL":"","_EventCost":"","_EventCostDescription":"","_EventCurrencySymbol":"","_EventCurrencyCode":"","_EventCurrencyPosition":"","_EventDateTimeSeparator":"","_EventTimeRangeSeparator":"","_EventOrganizerID":[],"_EventVenueID":[],"_OrganizerEmail":"","_OrganizerPhone":"","_OrganizerWebsite":"","_VenueAddress":"","_VenueCity":"","_VenueCountry":"","_VenueProvince":"","_VenueState":"","_VenueZip":"","_VenuePhone":"","_VenueURL":"","_VenueStateProvince":"","_VenueLat":"","_VenueLng":"","_VenueShowMap":false,"_VenueShowMapLink":false,"_tribe_blocks_recurrence_rules":"","_tribe_blocks_recurrence_description":"","_tribe_blocks_recurrence_exclusions":"","jetpack_post_was_ever_published":false,"footnotes":""},"class_list":["post-3088","page","type-page","status-publish","hentry"],"campaignId":"","jetpack_sharing_enabled":true,"jetpack_shortlink":"https:\/\/wp.me\/PaFejT-NO","_links":{"self":[{"href":"https:\/\/www.basqueeducational.org\/es\/wp-json\/wp\/v2\/pages\/3088","targetHints":{"allow":["GET"]}}],"collection":[{"href":"https:\/\/www.basqueeducational.org\/es\/wp-json\/wp\/v2\/pages"}],"about":[{"href":"https:\/\/www.basqueeducational.org\/es\/wp-json\/wp\/v2\/types\/page"}],"author":[{"embeddable":true,"href":"https:\/\/www.basqueeducational.org\/es\/wp-json\/wp\/v2\/users\/1"}],"replies":[{"embeddable":true,"href":"https:\/\/www.basqueeducational.org\/es\/wp-json\/wp\/v2\/comments?post=3088"}],"version-history":[{"count":6,"href":"https:\/\/www.basqueeducational.org\/es\/wp-json\/wp\/v2\/pages\/3088\/revisions"}],"predecessor-version":[{"id":6117,"href":"https:\/\/www.basqueeducational.org\/es\/wp-json\/wp\/v2\/pages\/3088\/revisions\/6117"}],"wp:attachment":[{"href":"https:\/\/www.basqueeducational.org\/es\/wp-json\/wp\/v2\/media?parent=3088"}],"curies":[{"name":"wp","href":"https:\/\/api.w.org\/{rel}","templated":true}]}}