{"id":3186,"date":"2019-10-22T05:35:20","date_gmt":"2019-10-22T05:35:20","guid":{"rendered":"https:\/\/www.basqueeducational.org\/?page_id=3186"},"modified":"2025-05-01T05:40:34","modified_gmt":"2025-05-01T05:40:34","slug":"oreina","status":"publish","type":"page","link":"https:\/\/www.basqueeducational.org\/es\/movies-in-our-collection\/oreina\/","title":{"rendered":"Oreina \/ El ciervo"},"content":{"rendered":"<div class=\"wpb-content-wrapper\"><div class=\"vc_row wpb_row vc_row-fluid gradient-container-1\"><div class=\"gradient-column-1 wpb_column vc_column_container vc_col-sm-12\"><div class=\"vc_column-inner\"><div class=\"wpb_wrapper\">\n\t<div class=\"wpb_text_column wpb_content_element\" >\n\t\t<div class=\"wpb_wrapper\">\n\t\t\t<p><!--more--><\/p>\n\n\t\t<\/div>\n\t<\/div>\n\n\t<div class=\"wpb_video_widget wpb_content_element vc_clearfix   vc_video-aspect-ratio-169 vc_video-el-width-100 vc_video-align-center\" >\n\t\t<div class=\"wpb_wrapper\">\n\t\t\t\n\t\t\t<div class=\"wpb_video_wrapper\"><div class=\"jetpack-video-wrapper\"><iframe title=\"OREINA Remolque O.V. ENG. SUB.\" src=\"https:\/\/player.vimeo.com\/video\/285820607?dnt=1&amp;app_id=122963\" width=\"500\" height=\"209\" frameborder=\"0\" allow=\"autoplay; fullscreen; picture-in-picture\"><\/iframe><\/div><\/div>\n\t\t<\/div>\n\t<\/div>\n\n\t<div class=\"wpb_text_column wpb_content_element\" >\n\t\t<div class=\"wpb_wrapper\">\n\t\t\t<h5>SINOPSIS:<\/h5>\n<p>Khalil es un joven desarraigado que vive en los m\u00e1rgenes de la ciudad, donde los pol\u00edgonos industriales se asoman al r\u00edo y al pantano. Sobrevive como puede, pasando los d\u00edas con un cazador furtivo que comparte casa en la orilla del r\u00edo con un hermano con el que no se habla desde hace a\u00f1os. En las orillas del pantano, las mareas marcan el tiempo del amor y del desamor, de la amistad y de la venganza.<\/p>\n<p>M\u00e1s informaci\u00f3n: <a href=\"http:\/\/www.txintxua.com\/en\/films\/oreina\">http:\/\/www.txintxua.com\/en\/films\/oreina<\/a><\/p>\n<p><em>2018, dirigida por Koldo Almandoz, color, en euskara con subt\u00edtulos en ingl\u00e9s, 88 minutos.<\/em><\/p>\n<ul>\n<li><b>Proyecci\u00f3n en el Centro Cultural Vasco, 19.30 h.  | GRATIS<\/b><\/li>\n<\/ul>\n\n\t\t<\/div>\n\t<\/div>\n<div class=\"vc_separator wpb_content_element vc_separator_align_center vc_sep_width_100 vc_sep_pos_align_center vc_separator_no_text vc_sep_color_grey wpb_content_element  wpb_content_element\" ><span class=\"vc_sep_holder vc_sep_holder_l\"><span class=\"vc_sep_line\"><\/span><\/span><span class=\"vc_sep_holder vc_sep_holder_r\"><span class=\"vc_sep_line\"><\/span><\/span>\n<\/div><\/div><\/div><\/div><\/div><div class=\"vc_row wpb_row vc_row-fluid gradient-container-2\"><div class=\"gradient-column-2 wpb_column vc_column_container vc_col-sm-3\"><div class=\"vc_column-inner\"><div class=\"wpb_wrapper\">\n\t<div  class=\"wpb_single_image wpb_content_element vc_align_center wpb_content_element\">\n\t\t\n\t\t<figure class=\"wpb_wrapper vc_figure\">\n\t\t\t<div class=\"vc_single_image-wrapper   vc_box_border_grey\"><img decoding=\"async\" width=\"150\" height=\"150\" src=\"https:\/\/www.basqueeducational.org\/wp-content\/uploads\/2019\/10\/Koldo-Almandoz-150x150.jpg\" class=\"vc_single_image-img attachment-thumbnail\" alt=\"\" title=\"Koldo-Almandoz\" srcset=\"https:\/\/www.basqueeducational.org\/wp-content\/uploads\/2019\/10\/Koldo-Almandoz-150x150.jpg 150w, https:\/\/www.basqueeducational.org\/wp-content\/uploads\/2019\/10\/Koldo-Almandoz-100x100.jpg 100w\" sizes=\"(max-width: 150px) 100vw, 150px\" \/><\/div>\n\t\t<\/figure>\n\t<\/div>\n<\/div><\/div><\/div><div class=\"gradient-column-3 wpb_column vc_column_container vc_col-sm-9\"><div class=\"vc_column-inner\"><div class=\"wpb_wrapper\">\n\t<div class=\"wpb_text_column wpb_content_element\" >\n\t\t<div class=\"wpb_wrapper\">\n\t\t\t<h5>SOBRE EL DIRECTOR - Koldo Almandoz:<\/h5>\n<p>San Sebasti\u00e1n, 1973<\/p>\n<p>Licenciado en Comunicaci\u00f3n Audiovisual. A lo largo de los \u00faltimos 25 a\u00f1os, Koldo Almandoz ha escrito y dirigido diferentes obras cinematogr\u00e1ficas.  Sus pel\u00edculas (S\u00eepo Phantasma, Belarra, Ahate Pasa, El \u00faltimo vuelo de Hubert Leblon,...) han sido seleccionadas y premiadas en importantes festivales internacionales de cine (Semaine de la Critique Cannes, Festival de Cine de Rotterdam, Festival de Cine de San Sebasti\u00e1n, Bafici, Festival dei Popoli, FiCali,...).  Fue director de la revista de arte y cultura The Balde (2002-2014). Miembro del comit\u00e9 de selecci\u00f3n del Festival de Cine Punto de Vista (2015-2017). Guionista y director de ficci\u00f3n radiof\u00f3nica. Editor de libros. Coordina y dirige proyectos art\u00edsticos. Tambi\u00e9n ejerce la docencia.<\/p>\n\n\t\t<\/div>\n\t<\/div>\n<\/div><\/div><\/div><\/div>\n<\/div>","protected":false},"excerpt":{"rendered":"SYNOPSIS: Khalil is a rootless young man who lives in the city\u2019s margins, where industrial estates bank onto the river and the marsh. He survives as well as he can, [...]","protected":false},"author":1,"featured_media":8254,"parent":2567,"menu_order":3,"comment_status":"closed","ping_status":"closed","template":"","meta":{"give_campaign_id":0,"_tec_requires_first_save":true,"_exactmetrics_skip_tracking":false,"_exactmetrics_sitenote_active":false,"_exactmetrics_sitenote_note":"","_exactmetrics_sitenote_category":0,"_price":"","_stock":"","_tribe_ticket_header":"","_tribe_default_ticket_provider":"","_tribe_ticket_capacity":"0","_ticket_start_date":"","_ticket_end_date":"","_tribe_ticket_show_description":"","_tribe_ticket_show_not_going":false,"_tribe_ticket_use_global_stock":"","_tribe_ticket_global_stock_level":"","_global_stock_mode":"","_global_stock_cap":"","_tribe_rsvp_for_event":"","_tribe_ticket_going_count":"","_tribe_ticket_not_going_count":"","_tribe_tickets_list":"[]","_tribe_ticket_has_attendee_info_fields":false,"_EventAllDay":false,"_EventTimezone":"","_EventStartDate":"","_EventEndDate":"","_EventStartDateUTC":"","_EventEndDateUTC":"","_EventShowMap":false,"_EventShowMapLink":false,"_EventURL":"","_EventCost":"","_EventCostDescription":"","_EventCurrencySymbol":"","_EventCurrencyCode":"","_EventCurrencyPosition":"","_EventDateTimeSeparator":"","_EventTimeRangeSeparator":"","_EventOrganizerID":[],"_EventVenueID":[],"_OrganizerEmail":"","_OrganizerPhone":"","_OrganizerWebsite":"","_VenueAddress":"","_VenueCity":"","_VenueCountry":"","_VenueProvince":"","_VenueState":"","_VenueZip":"","_VenuePhone":"","_VenueURL":"","_VenueStateProvince":"","_VenueLat":"","_VenueLng":"","_VenueShowMap":false,"_VenueShowMapLink":false,"_tribe_blocks_recurrence_rules":"","_tribe_blocks_recurrence_description":"","_tribe_blocks_recurrence_exclusions":"","jetpack_post_was_ever_published":false,"footnotes":""},"class_list":["post-3186","page","type-page","status-publish","has-post-thumbnail","hentry"],"campaignId":"","jetpack_sharing_enabled":false,"jetpack_shortlink":"https:\/\/wp.me\/PaFejT-Po","_links":{"self":[{"href":"https:\/\/www.basqueeducational.org\/es\/wp-json\/wp\/v2\/pages\/3186","targetHints":{"allow":["GET"]}}],"collection":[{"href":"https:\/\/www.basqueeducational.org\/es\/wp-json\/wp\/v2\/pages"}],"about":[{"href":"https:\/\/www.basqueeducational.org\/es\/wp-json\/wp\/v2\/types\/page"}],"author":[{"embeddable":true,"href":"https:\/\/www.basqueeducational.org\/es\/wp-json\/wp\/v2\/users\/1"}],"replies":[{"embeddable":true,"href":"https:\/\/www.basqueeducational.org\/es\/wp-json\/wp\/v2\/comments?post=3186"}],"version-history":[{"count":5,"href":"https:\/\/www.basqueeducational.org\/es\/wp-json\/wp\/v2\/pages\/3186\/revisions"}],"predecessor-version":[{"id":6262,"href":"https:\/\/www.basqueeducational.org\/es\/wp-json\/wp\/v2\/pages\/3186\/revisions\/6262"}],"up":[{"embeddable":true,"href":"https:\/\/www.basqueeducational.org\/es\/wp-json\/wp\/v2\/pages\/2567"}],"wp:featuredmedia":[{"embeddable":true,"href":"https:\/\/www.basqueeducational.org\/es\/wp-json\/wp\/v2\/media\/8254"}],"wp:attachment":[{"href":"https:\/\/www.basqueeducational.org\/es\/wp-json\/wp\/v2\/media?parent=3186"}],"curies":[{"name":"wp","href":"https:\/\/api.w.org\/{rel}","templated":true}]}}