{"id":3197,"date":"2022-06-15T05:53:06","date_gmt":"2022-06-15T05:53:06","guid":{"rendered":"https:\/\/www.basqueeducational.org\/?page_id=3197"},"modified":"2023-01-24T03:57:28","modified_gmt":"2023-01-24T03:57:28","slug":"soinujolearen-semea","status":"publish","type":"page","link":"https:\/\/www.basqueeducational.org\/es\/movies-in-our-collection\/soinujolearen-semea\/","title":{"rendered":"Soinujolearen Semea \/ El hijo del acordeonista"},"content":{"rendered":"<div class=\"wpb-content-wrapper\"><div class=\"vc_row wpb_row vc_row-fluid gradient-container-1\"><div class=\"gradient-column-1 wpb_column vc_column_container vc_col-sm-12\"><div class=\"vc_column-inner\"><div class=\"wpb_wrapper\">\n\t<div class=\"wpb_text_column wpb_content_element\" >\n\t\t<div class=\"wpb_wrapper\">\n\t\t\t<p><!--more--><\/p>\n\n\t\t<\/div>\n\t<\/div>\n\n\t<div class=\"wpb_video_widget wpb_content_element vc_clearfix   vc_video-aspect-ratio-169 vc_video-el-width-100 vc_video-align-center\" >\n\t\t<div class=\"wpb_wrapper\">\n\t\t\t\n\t\t\t<div class=\"wpb_video_wrapper\"><div class=\"jetpack-video-wrapper\"><iframe title=\"El hijo del acordeonista tr\u00e1iler\" src=\"https:\/\/player.vimeo.com\/video\/320203070?dnt=1&amp;app_id=122963\" width=\"500\" height=\"281\" frameborder=\"0\" allow=\"autoplay; fullscreen; picture-in-picture\"><\/iframe><\/div><\/div>\n\t\t<\/div>\n\t<\/div>\n\n\t<div class=\"wpb_text_column wpb_content_element\" >\n\t\t<div class=\"wpb_wrapper\">\n\t\t\t<h5>SINOPSIS:<\/h5>\n<p>David Imaz tuvo que huir del Pa\u00eds Vasco a mediados de los setenta, repudiado por su pueblo, acusado de traici\u00f3n. A pesar de haber encontrado la felicidad en California, su pasado sigue pesando sobre \u00e9l y el sentimiento de culpa le impide poder disfrutar tranquilamente de los \u00faltimos d\u00edas de su vida. Joseba Altuna, su amigo de la infancia, viene a despedirse y de paso a ajustar cuentas. Hac\u00eda mucho tiempo que no se ve\u00edan, pero ha llegado el momento de enfrentarse a la verdad. Basada en la novela hom\u00f3nima de Bernardo Atxaga.<\/p>\n<p>M\u00e1s informaci\u00f3n: <a href=\"https:\/\/www.sansebastianfestival.com\/2019\/sections_and_films\/zinemira\/7\/670269\/in\">https:\/\/www.sansebastianfestival.com\/2019\/sections_and_films\/zinemira\/7\/670269\/in<\/a><\/p>\n<p><em>2019, dirigida por Fernando Bernu\u00e9s, color, en euskara y castellano con subt\u00edtulos en ingl\u00e9s, 95 minutos<\/em><\/p>\n\n\t\t<\/div>\n\t<\/div>\n<div class=\"vc_separator wpb_content_element vc_separator_align_center vc_sep_width_100 vc_sep_pos_align_center vc_separator_no_text vc_sep_color_grey wpb_content_element  wpb_content_element\" ><span class=\"vc_sep_holder vc_sep_holder_l\"><span class=\"vc_sep_line\"><\/span><\/span><span class=\"vc_sep_holder vc_sep_holder_r\"><span class=\"vc_sep_line\"><\/span><\/span>\n<\/div><\/div><\/div><\/div><\/div><div class=\"vc_row wpb_row vc_row-fluid gradient-container-2\"><div class=\"gradient-column-2 wpb_column vc_column_container vc_col-sm-3\"><div class=\"vc_column-inner\"><div class=\"wpb_wrapper\">\n\t<div  class=\"wpb_single_image wpb_content_element vc_align_center wpb_content_element\">\n\t\t\n\t\t<figure class=\"wpb_wrapper vc_figure\">\n\t\t\t<div class=\"vc_single_image-wrapper   vc_box_border_grey\"><img decoding=\"async\" width=\"150\" height=\"150\" src=\"https:\/\/www.basqueeducational.org\/wp-content\/uploads\/2019\/10\/Fernando-Bernu\u00e9s-150x150.jpg\" class=\"vc_single_image-img attachment-thumbnail\" alt=\"\" title=\"Fernando-Bernu\u00e9s\" srcset=\"https:\/\/www.basqueeducational.org\/wp-content\/uploads\/2019\/10\/Fernando-Bernu\u00e9s-150x150.jpg 150w, https:\/\/www.basqueeducational.org\/wp-content\/uploads\/2019\/10\/Fernando-Bernu\u00e9s-100x100.jpg 100w\" sizes=\"(max-width: 150px) 100vw, 150px\" \/><\/div>\n\t\t<\/figure>\n\t<\/div>\n<\/div><\/div><\/div><div class=\"gradient-column-3 wpb_column vc_column_container vc_col-sm-9\"><div class=\"vc_column-inner\"><div class=\"wpb_wrapper\">\n\t<div class=\"wpb_text_column wpb_content_element\" >\n\t\t<div class=\"wpb_wrapper\">\n\t\t\t<h5>Sobre el Director - Fernando Bernues<\/h5>\n<p>Fernando Bernu\u00e9s (San Sebasti\u00e1n, 1961) es miembro fundador de Tanttaka Teatroa y Tentazioa Produkzioak y ha desarrollado una reconocida carrera en teatro, cine y televisi\u00f3n. Entre las obras teatrales que ha dirigido destacan El florido pensil, Novecento: El pian\u00edsta del Oc\u00e9ano y Sue\u00f1os de una noche de verano. En cine ha codirigido con Mireia Gabilondo los largometrajes Kutsidazu bidea, Ixabel (Mu\u00e9strame el camino, Ixabel, 2005), presentado en la secci\u00f3n Nuevos Directores de San Sebasti\u00e1n y Mugaldekoak (2009), proyectado en Zinemira. Soinujolearen semea (El hijo del acordeonista) form\u00f3 parte de la Secci\u00f3n Oficial del Festival de Huelva.<\/p>\n\n\t\t<\/div>\n\t<\/div>\n<\/div><\/div><\/div><\/div>\n<\/div>","protected":false},"excerpt":{"rendered":"SYNOPSIS: David Imaz had to flee from the Basque Country in the mid-seventies, repudiated by his people, accused of betrayal. Despite having found happiness in California, his past still weighs [...]","protected":false},"author":1,"featured_media":4698,"parent":2567,"menu_order":1,"comment_status":"closed","ping_status":"closed","template":"","meta":{"give_campaign_id":0,"_tec_requires_first_save":true,"_exactmetrics_skip_tracking":false,"_exactmetrics_sitenote_active":false,"_exactmetrics_sitenote_note":"","_exactmetrics_sitenote_category":0,"_price":"","_stock":"","_tribe_ticket_header":"","_tribe_default_ticket_provider":"","_tribe_ticket_capacity":"0","_ticket_start_date":"","_ticket_end_date":"","_tribe_ticket_show_description":"","_tribe_ticket_show_not_going":false,"_tribe_ticket_use_global_stock":"","_tribe_ticket_global_stock_level":"","_global_stock_mode":"","_global_stock_cap":"","_tribe_rsvp_for_event":"","_tribe_ticket_going_count":"","_tribe_ticket_not_going_count":"","_tribe_tickets_list":"[]","_tribe_ticket_has_attendee_info_fields":false,"_EventAllDay":false,"_EventTimezone":"","_EventStartDate":"","_EventEndDate":"","_EventStartDateUTC":"","_EventEndDateUTC":"","_EventShowMap":false,"_EventShowMapLink":false,"_EventURL":"","_EventCost":"","_EventCostDescription":"","_EventCurrencySymbol":"","_EventCurrencyCode":"","_EventCurrencyPosition":"","_EventDateTimeSeparator":"","_EventTimeRangeSeparator":"","_EventOrganizerID":[],"_EventVenueID":[],"_OrganizerEmail":"","_OrganizerPhone":"","_OrganizerWebsite":"","_VenueAddress":"","_VenueCity":"","_VenueCountry":"","_VenueProvince":"","_VenueState":"","_VenueZip":"","_VenuePhone":"","_VenueURL":"","_VenueStateProvince":"","_VenueLat":"","_VenueLng":"","_VenueShowMap":false,"_VenueShowMapLink":false,"_tribe_blocks_recurrence_rules":"","_tribe_blocks_recurrence_description":"","_tribe_blocks_recurrence_exclusions":"","jetpack_post_was_ever_published":false,"footnotes":""},"class_list":["post-3197","page","type-page","status-publish","has-post-thumbnail","hentry"],"campaignId":"","jetpack_sharing_enabled":false,"jetpack_shortlink":"https:\/\/wp.me\/PaFejT-Pz","_links":{"self":[{"href":"https:\/\/www.basqueeducational.org\/es\/wp-json\/wp\/v2\/pages\/3197","targetHints":{"allow":["GET"]}}],"collection":[{"href":"https:\/\/www.basqueeducational.org\/es\/wp-json\/wp\/v2\/pages"}],"about":[{"href":"https:\/\/www.basqueeducational.org\/es\/wp-json\/wp\/v2\/types\/page"}],"author":[{"embeddable":true,"href":"https:\/\/www.basqueeducational.org\/es\/wp-json\/wp\/v2\/users\/1"}],"replies":[{"embeddable":true,"href":"https:\/\/www.basqueeducational.org\/es\/wp-json\/wp\/v2\/comments?post=3197"}],"version-history":[{"count":5,"href":"https:\/\/www.basqueeducational.org\/es\/wp-json\/wp\/v2\/pages\/3197\/revisions"}],"predecessor-version":[{"id":5019,"href":"https:\/\/www.basqueeducational.org\/es\/wp-json\/wp\/v2\/pages\/3197\/revisions\/5019"}],"up":[{"embeddable":true,"href":"https:\/\/www.basqueeducational.org\/es\/wp-json\/wp\/v2\/pages\/2567"}],"wp:featuredmedia":[{"embeddable":true,"href":"https:\/\/www.basqueeducational.org\/es\/wp-json\/wp\/v2\/media\/4698"}],"wp:attachment":[{"href":"https:\/\/www.basqueeducational.org\/es\/wp-json\/wp\/v2\/media?parent=3197"}],"curies":[{"name":"wp","href":"https:\/\/api.w.org\/{rel}","templated":true}]}}