{"id":3200,"date":"2019-10-22T05:58:01","date_gmt":"2019-10-22T05:58:01","guid":{"rendered":"https:\/\/www.basqueeducational.org\/?page_id=3200"},"modified":"2025-05-01T05:34:26","modified_gmt":"2025-05-01T05:34:26","slug":"errementari","status":"publish","type":"page","link":"https:\/\/www.basqueeducational.org\/es\/movies-in-our-collection\/errementari\/","title":{"rendered":"Errementari \/ El diablo y el herrero"},"content":{"rendered":"<div class=\"wpb-content-wrapper\"><div class=\"vc_row wpb_row vc_row-fluid gradient-container-1\"><div class=\"gradient-column-1 wpb_column vc_column_container vc_col-sm-12\"><div class=\"vc_column-inner\"><div class=\"wpb_wrapper\">\n\t<div class=\"wpb_text_column wpb_content_element\" >\n\t\t<div class=\"wpb_wrapper\">\n\t\t\t<p><!--more--><\/p>\n\n\t\t<\/div>\n\t<\/div>\n\n\t<div class=\"wpb_video_widget wpb_content_element vc_clearfix   vc_video-aspect-ratio-169 vc_video-el-width-100 vc_video-align-center\" >\n\t\t<div class=\"wpb_wrapper\">\n\t\t\t\n\t\t\t<div class=\"wpb_video_wrapper\"><div class=\"jetpack-video-wrapper\"><iframe title=\"ERREMENTARI - EL BLACKSMITH Y EL DIABLO - Trailer\" src=\"https:\/\/player.vimeo.com\/video\/240071815?dnt=1&amp;app_id=122963\" width=\"500\" height=\"281\" frameborder=\"0\" allow=\"autoplay; fullscreen; picture-in-picture\"><\/iframe><\/div><\/div>\n\t\t<\/div>\n\t<\/div>\n\n\t<div class=\"wpb_text_column wpb_content_element\" >\n\t\t<div class=\"wpb_wrapper\">\n\t\t\t<h5><span style=\"color: #800000;\">NOTA IMPORTANTE:<\/span><\/h5>\n<p>Esta es la primera pel\u00edcula que se proyecta desde que se ha levantado el ascensor para permanecer en el lugar debido al COVID-19. El aforo es muy limitado, por lo que las reservas son <strong>obligatorio<\/strong>. Please either <a href=\"https:\/\/www.basqueeducational.org\/event\/basque-film-series-errementari\/\">MAKE ONLINE RESERVATIONS<\/a> or call 415 \/ 235-4651 to make reservations by phone. <strong>*Masks required.<\/strong> Gracias por su comprensi\u00f3n.<\/p>\n<h5>SINOPSIS:<\/h5>\n<p>Han pasado ocho a\u00f1os desde la Primera Guerra Carlista de 1833. En un peque\u00f1o pueblo alav\u00e9s, un comisario del gobierno llamado Alfredo investiga un suceso que le llevar\u00e1 hasta una siniestra herrer\u00eda en lo m\u00e1s profundo del bosque, hogar de un peligroso y solitario herrero llamado Patxi. Los lugare\u00f1os cuentan oscuras historias relacionadas con robos, asesinatos y pactos con el Diablo. Hasta que un d\u00eda, por casualidad, una ni\u00f1a hu\u00e9rfana llamada Usue se cuela en la misteriosa herrer\u00eda, descubriendo la terrible verdad que se oculta tras Patxi el Herrero.<\/p>\n<p>M\u00e1s informaci\u00f3n: <a href=\"http:\/\/www.paulurkijoalijo.com\/en\/errementari-the-blacksmith-and-the-devil\/\">http:\/\/www.paulurkijoalijo.com\/en\/errementari-the-blacksmith-and-the-devil\/<\/a><\/p>\n<p><em>2018, directed by Paul Urkijo Alijo, color, in Euskara with English subtitles, 99 minutes<\/em><\/p>\n<ul>\n<li><b>Proyecci\u00f3n en el Centro Cultural Vasco, 19.30 h.  | GRATIS<\/b><\/li>\n<\/ul>\n\n\t\t<\/div>\n\t<\/div>\n<div class=\"vc_separator wpb_content_element vc_separator_align_center vc_sep_width_100 vc_sep_pos_align_center vc_separator_no_text vc_sep_color_grey wpb_content_element  wpb_content_element\" ><span class=\"vc_sep_holder vc_sep_holder_l\"><span class=\"vc_sep_line\"><\/span><\/span><span class=\"vc_sep_holder vc_sep_holder_r\"><span class=\"vc_sep_line\"><\/span><\/span>\n<\/div><\/div><\/div><\/div><\/div><div class=\"vc_row wpb_row vc_row-fluid gradient-container-2\"><div class=\"gradient-column-2 wpb_column vc_column_container vc_col-sm-3\"><div class=\"vc_column-inner\"><div class=\"wpb_wrapper\">\n\t<div  class=\"wpb_single_image wpb_content_element vc_align_center wpb_content_element\">\n\t\t\n\t\t<figure class=\"wpb_wrapper vc_figure\">\n\t\t\t<div class=\"vc_single_image-wrapper   vc_box_border_grey\"><img decoding=\"async\" width=\"150\" height=\"150\" src=\"https:\/\/www.basqueeducational.org\/wp-content\/uploads\/2019\/10\/Paul-Urkijo-Alijo-150x150.jpg\" class=\"vc_single_image-img attachment-thumbnail\" alt=\"\" title=\"Paul-Urkijo-Alijo\" srcset=\"https:\/\/www.basqueeducational.org\/wp-content\/uploads\/2019\/10\/Paul-Urkijo-Alijo-150x150.jpg 150w, https:\/\/www.basqueeducational.org\/wp-content\/uploads\/2019\/10\/Paul-Urkijo-Alijo-100x100.jpg 100w\" sizes=\"(max-width: 150px) 100vw, 150px\" \/><\/div>\n\t\t<\/figure>\n\t<\/div>\n<\/div><\/div><\/div><div class=\"gradient-column-3 wpb_column vc_column_container vc_col-sm-9\"><div class=\"vc_column-inner\"><div class=\"wpb_wrapper\">\n\t<div class=\"wpb_text_column wpb_content_element\" >\n\t\t<div class=\"wpb_wrapper\">\n\t\t\t<h5>About the Director \u2013 Paul Urkijo Alijo<\/h5>\n<p>Since a very young age, Paul Urkijo Alijo has harboured a great love for cinema, illustration, literature and comics. In 2008 he graduated in Fine Arts, going on to make audiovisuals, illustration and infographics. This led to him starting to write and direct his own fictional and animated shorts, which have harvested 85 awards at home and abroad. One of them, Los monstruos no existen, was presented at the San Sebastian Festival in 2012. Errementari, based on the popular Basque fable, Patxi Errementaria, is his first feature film.<\/p>\n\n\t\t<\/div>\n\t<\/div>\n<\/div><\/div><\/div><\/div>\n<\/div>","protected":false},"excerpt":{"rendered":"IMPORTANT NOTE: This is our first film to be shown since the lift to Stay-In-Place has been lifted due to COVID-19. Seating is very limited, so reservations are mandatory. Please [...]","protected":false},"author":1,"featured_media":8251,"parent":2567,"menu_order":6,"comment_status":"closed","ping_status":"closed","template":"","meta":{"give_campaign_id":0,"_tec_requires_first_save":true,"_exactmetrics_skip_tracking":false,"_exactmetrics_sitenote_active":false,"_exactmetrics_sitenote_note":"","_exactmetrics_sitenote_category":0,"_price":"","_stock":"","_tribe_ticket_header":"","_tribe_default_ticket_provider":"","_tribe_ticket_capacity":"0","_ticket_start_date":"","_ticket_end_date":"","_tribe_ticket_show_description":"","_tribe_ticket_show_not_going":false,"_tribe_ticket_use_global_stock":"","_tribe_ticket_global_stock_level":"","_global_stock_mode":"","_global_stock_cap":"","_tribe_rsvp_for_event":"","_tribe_ticket_going_count":"","_tribe_ticket_not_going_count":"","_tribe_tickets_list":"[]","_tribe_ticket_has_attendee_info_fields":false,"_EventAllDay":false,"_EventTimezone":"","_EventStartDate":"","_EventEndDate":"","_EventStartDateUTC":"","_EventEndDateUTC":"","_EventShowMap":false,"_EventShowMapLink":false,"_EventURL":"","_EventCost":"","_EventCostDescription":"","_EventCurrencySymbol":"","_EventCurrencyCode":"","_EventCurrencyPosition":"","_EventDateTimeSeparator":"","_EventTimeRangeSeparator":"","_EventOrganizerID":[],"_EventVenueID":[],"_OrganizerEmail":"","_OrganizerPhone":"","_OrganizerWebsite":"","_VenueAddress":"","_VenueCity":"","_VenueCountry":"","_VenueProvince":"","_VenueState":"","_VenueZip":"","_VenuePhone":"","_VenueURL":"","_VenueStateProvince":"","_VenueLat":"","_VenueLng":"","_VenueShowMap":false,"_VenueShowMapLink":false,"_tribe_blocks_recurrence_rules":"","_tribe_blocks_recurrence_description":"","_tribe_blocks_recurrence_exclusions":"","jetpack_post_was_ever_published":false,"footnotes":""},"class_list":["post-3200","page","type-page","status-publish","has-post-thumbnail","hentry"],"campaignId":"","jetpack_sharing_enabled":false,"jetpack_shortlink":"https:\/\/wp.me\/PaFejT-PC","_links":{"self":[{"href":"https:\/\/www.basqueeducational.org\/es\/wp-json\/wp\/v2\/pages\/3200","targetHints":{"allow":["GET"]}}],"collection":[{"href":"https:\/\/www.basqueeducational.org\/es\/wp-json\/wp\/v2\/pages"}],"about":[{"href":"https:\/\/www.basqueeducational.org\/es\/wp-json\/wp\/v2\/types\/page"}],"author":[{"embeddable":true,"href":"https:\/\/www.basqueeducational.org\/es\/wp-json\/wp\/v2\/users\/1"}],"replies":[{"embeddable":true,"href":"https:\/\/www.basqueeducational.org\/es\/wp-json\/wp\/v2\/comments?post=3200"}],"version-history":[{"count":6,"href":"https:\/\/www.basqueeducational.org\/es\/wp-json\/wp\/v2\/pages\/3200\/revisions"}],"predecessor-version":[{"id":6260,"href":"https:\/\/www.basqueeducational.org\/es\/wp-json\/wp\/v2\/pages\/3200\/revisions\/6260"}],"up":[{"embeddable":true,"href":"https:\/\/www.basqueeducational.org\/es\/wp-json\/wp\/v2\/pages\/2567"}],"wp:featuredmedia":[{"embeddable":true,"href":"https:\/\/www.basqueeducational.org\/es\/wp-json\/wp\/v2\/media\/8251"}],"wp:attachment":[{"href":"https:\/\/www.basqueeducational.org\/es\/wp-json\/wp\/v2\/media?parent=3200"}],"curies":[{"name":"wp","href":"https:\/\/api.w.org\/{rel}","templated":true}]}}