{"id":3281,"date":"2020-01-02T23:23:06","date_gmt":"2020-01-02T23:23:06","guid":{"rendered":"https:\/\/www.basqueeducational.org\/?page_id=3281"},"modified":"2021-07-19T15:37:09","modified_gmt":"2021-07-19T15:37:09","slug":"black-is-beltza","status":"publish","type":"page","link":"https:\/\/www.basqueeducational.org\/es\/movies-in-our-collection\/black-is-beltza\/","title":{"rendered":"Negro es Beltza"},"content":{"rendered":"<div class=\"wpb-content-wrapper\"><div class=\"vc_row wpb_row vc_row-fluid gradient-container-1\"><div class=\"gradient-column-1 wpb_column vc_column_container vc_col-sm-12\"><div class=\"vc_column-inner\"><div class=\"wpb_wrapper\">\n\t<div class=\"wpb_text_column wpb_content_element\" >\n\t\t<div class=\"wpb_wrapper\">\n\t\t\t<p><!--more--><\/p>\n\n\t\t<\/div>\n\t<\/div>\n\n\t<div class=\"wpb_video_widget wpb_content_element vc_clearfix   vc_video-aspect-ratio-169 vc_video-el-width-100 vc_video-align-center\" >\n\t\t<div class=\"wpb_wrapper\">\n\t\t\t\n\t\t\t<div class=\"wpb_video_wrapper\"><div class=\"jetpack-video-wrapper\"><span class=\"embed-youtube\" style=\"text-align:center; display: block;\"><iframe class=\"youtube-player\" width=\"700\" height=\"394\" src=\"https:\/\/www.youtube.com\/embed\/AgqG2MQ3MCE?version=3&#038;rel=1&#038;showsearch=0&#038;showinfo=1&#038;iv_load_policy=1&#038;fs=1&#038;hl=es-ES&#038;autohide=2&#038;wmode=transparent\" allowfullscreen=\"true\" style=\"border:0;\" sandbox=\"allow-scripts allow-same-origin allow-popups allow-presentation allow-popups-to-escape-sandbox\"><\/iframe><\/span><\/div><\/div>\n\t\t<\/div>\n\t<\/div>\n\n\t<div class=\"wpb_text_column wpb_content_element\" >\n\t\t<div class=\"wpb_wrapper\">\n\t\t\t<h5>SINOPSIS:<\/h5>\n<p>Octubre de 1965. Los gigantes de San Ferm\u00edn son invitados a desfilar por la Quinta Avenida de Nueva York, pero no todos pueden participar: por motivos raciales, los dirigentes norteamericanos han prohibido a los gigantes negros participar en el evento. Inspir\u00e1ndose en hechos reales, Muguruza, Cano y Alderete cuentan la historia de Manex Unanue, un personaje de ficci\u00f3n al que se le ha encomendado la tarea de cargar con uno de esos gigantes negros. Lamentando que sus compa\u00f1eros hayan aceptado la decisi\u00f3n que se les impuso, Manex decide no volver a casa. Vistos a trav\u00e9s de los ojos del joven, descubrimos los acontecimientos que revolucionaron la sociedad de mediados de los 60: las manifestaciones tras la muerte de Malcolm X, el ambiente bizarro del taller de Warhol, la relaci\u00f3n tejida entre los Panteras Negras y el servicio secreto cubano y los inicios del movimiento hippy, envueltos en la atm\u00f3sfera psicod\u00e9lica de los primeros macrofestivales de m\u00fasica.<\/p>\n<p>Para m\u00e1s informaci\u00f3n: <a href=\"http:\/\/www.blackisbeltza.eus\/\" target=\"_blank\" rel=\"noopener noreferrer\">http:\/\/www.blackisbeltza.eus\/<\/a><\/p>\n<p>2018 Proyectada en el Festival Internacional de Cine de San Sebasti\u00e1n: <a href=\"https:\/\/www.sansebastianfestival.com\/2018\/sections_and_films\/zinemira\/7\/660554\/in\">https:\/\/www.sansebastianfestival.com\/2018\/sections_and_films\/zinemira\/7\/660554\/in<\/a><\/p>\n<p><em>2018, Dirigida por Fermin Muguruza, color, en euskera, castellano, ingl\u00e9s, franc\u00e9s y \u00e1rabe con subt\u00edtulos en ingl\u00e9s, 80 minutos.<\/em><\/p>\n<p>Actualmente disponible en <strong><a href=\"https:\/\/www.netflix.com\/title\/81078367\" target=\"_blank\" rel=\"noopener\">Netflix<\/a><\/strong>.<\/p>\n\n\t\t<\/div>\n\t<\/div>\n<div class=\"vc_separator wpb_content_element vc_separator_align_center vc_sep_width_100 vc_sep_pos_align_center vc_separator_no_text vc_sep_color_grey wpb_content_element  wpb_content_element\" ><span class=\"vc_sep_holder vc_sep_holder_l\"><span class=\"vc_sep_line\"><\/span><\/span><span class=\"vc_sep_holder vc_sep_holder_r\"><span class=\"vc_sep_line\"><\/span><\/span>\n<\/div><\/div><\/div><\/div><\/div><div class=\"vc_row wpb_row vc_row-fluid gradient-container-2\"><div class=\"gradient-column-2 wpb_column vc_column_container vc_col-sm-3\"><div class=\"vc_column-inner\"><div class=\"wpb_wrapper\">\n\t<div  class=\"wpb_single_image wpb_content_element vc_align_center wpb_content_element\">\n\t\t\n\t\t<figure class=\"wpb_wrapper vc_figure\">\n\t\t\t<div class=\"vc_single_image-wrapper   vc_box_border_grey\"><img decoding=\"async\" width=\"150\" height=\"150\" src=\"https:\/\/www.basqueeducational.org\/wp-content\/uploads\/2020\/01\/Fermin-Muguruza-01-150x150.jpg\" class=\"vc_single_image-img attachment-thumbnail\" alt=\"\" title=\"Ferm\u00edn-Muguruza-01\" srcset=\"https:\/\/www.basqueeducational.org\/wp-content\/uploads\/2020\/01\/Fermin-Muguruza-01-150x150.jpg 150w, https:\/\/www.basqueeducational.org\/wp-content\/uploads\/2020\/01\/Fermin-Muguruza-01-100x100.jpg 100w\" sizes=\"(max-width: 150px) 100vw, 150px\" \/><\/div>\n\t\t<\/figure>\n\t<\/div>\n<\/div><\/div><\/div><div class=\"gradient-column-3 wpb_column vc_column_container vc_col-sm-9\"><div class=\"vc_column-inner\"><div class=\"wpb_wrapper\">\n\t<div class=\"wpb_text_column wpb_content_element\" >\n\t\t<div class=\"wpb_wrapper\">\n\t\t\t<h5>Sobre el Director - Fermin Muguruza<\/h5>\n<p>Fundador de las bandas Kortatu, Negu Gorriak y Kontrabanda, Fermin Muguruza ha dirigido el documental Checkpoint Rock: Canciones desde Palestina (2009), pel\u00edcula de clausura del Festival de Cine de Derechos Humanos de San Sebasti\u00e1n que se present\u00f3 en el Festival Internacional de Cine de San Sebasti\u00e1n (SSIFF) Zinemira ese mismo a\u00f1o. Next Music Station, una serie sobre la m\u00fasica actual en varios pa\u00edses \u00e1rabes, proyectada en SSIFF Zinemira en 2011. En 2012 present\u00f3 Zuloak en el SSIFF Zabaltegi. En 2013 codirigi\u00f3 con Daniel G\u00f3mez No More Tour, un documental sobre su \u00faltima gira, y en 2016 present\u00f3, en el SSIFF Zinemira, Nola?, un documental sobre Nueva Orleans diez a\u00f1os despu\u00e9s del hurac\u00e1n Katrina. Participa en la pel\u00edcula colectiva Gure Oroitzapenak, estrenada tambi\u00e9n en el SSIFF Zinemira del a\u00f1o pasado.<\/p>\n\n\t\t<\/div>\n\t<\/div>\n<\/div><\/div><\/div><\/div>\n<\/div>","protected":false},"excerpt":{"rendered":"SYNOPSIS: October 1965. The giant figures of San Ferm\u00edn are invited to parade on New York\u2019s Fifth Avenue, but not all of them can participate: for racial reasons, North American [...]","protected":false},"author":1,"featured_media":3651,"parent":2567,"menu_order":1,"comment_status":"closed","ping_status":"closed","template":"","meta":{"give_campaign_id":0,"_tec_requires_first_save":true,"_exactmetrics_skip_tracking":false,"_exactmetrics_sitenote_active":false,"_exactmetrics_sitenote_note":"","_exactmetrics_sitenote_category":0,"_price":"","_stock":"","_tribe_ticket_header":"","_tribe_default_ticket_provider":"","_tribe_ticket_capacity":"0","_ticket_start_date":"","_ticket_end_date":"","_tribe_ticket_show_description":"","_tribe_ticket_show_not_going":false,"_tribe_ticket_use_global_stock":"","_tribe_ticket_global_stock_level":"","_global_stock_mode":"","_global_stock_cap":"","_tribe_rsvp_for_event":"","_tribe_ticket_going_count":"","_tribe_ticket_not_going_count":"","_tribe_tickets_list":"[]","_tribe_ticket_has_attendee_info_fields":false,"_EventAllDay":false,"_EventTimezone":"","_EventStartDate":"","_EventEndDate":"","_EventStartDateUTC":"","_EventEndDateUTC":"","_EventShowMap":false,"_EventShowMapLink":false,"_EventURL":"","_EventCost":"","_EventCostDescription":"","_EventCurrencySymbol":"","_EventCurrencyCode":"","_EventCurrencyPosition":"","_EventDateTimeSeparator":"","_EventTimeRangeSeparator":"","_EventOrganizerID":[],"_EventVenueID":[],"_OrganizerEmail":"","_OrganizerPhone":"","_OrganizerWebsite":"","_VenueAddress":"","_VenueCity":"","_VenueCountry":"","_VenueProvince":"","_VenueState":"","_VenueZip":"","_VenuePhone":"","_VenueURL":"","_VenueStateProvince":"","_VenueLat":"","_VenueLng":"","_VenueShowMap":false,"_VenueShowMapLink":false,"_tribe_blocks_recurrence_rules":"","_tribe_blocks_recurrence_description":"","_tribe_blocks_recurrence_exclusions":"","jetpack_post_was_ever_published":false,"footnotes":""},"class_list":["post-3281","page","type-page","status-publish","has-post-thumbnail","hentry"],"campaignId":"","jetpack_sharing_enabled":false,"jetpack_shortlink":"https:\/\/wp.me\/PaFejT-QV","_links":{"self":[{"href":"https:\/\/www.basqueeducational.org\/es\/wp-json\/wp\/v2\/pages\/3281","targetHints":{"allow":["GET"]}}],"collection":[{"href":"https:\/\/www.basqueeducational.org\/es\/wp-json\/wp\/v2\/pages"}],"about":[{"href":"https:\/\/www.basqueeducational.org\/es\/wp-json\/wp\/v2\/types\/page"}],"author":[{"embeddable":true,"href":"https:\/\/www.basqueeducational.org\/es\/wp-json\/wp\/v2\/users\/1"}],"replies":[{"embeddable":true,"href":"https:\/\/www.basqueeducational.org\/es\/wp-json\/wp\/v2\/comments?post=3281"}],"version-history":[{"count":4,"href":"https:\/\/www.basqueeducational.org\/es\/wp-json\/wp\/v2\/pages\/3281\/revisions"}],"predecessor-version":[{"id":3654,"href":"https:\/\/www.basqueeducational.org\/es\/wp-json\/wp\/v2\/pages\/3281\/revisions\/3654"}],"up":[{"embeddable":true,"href":"https:\/\/www.basqueeducational.org\/es\/wp-json\/wp\/v2\/pages\/2567"}],"wp:featuredmedia":[{"embeddable":true,"href":"https:\/\/www.basqueeducational.org\/es\/wp-json\/wp\/v2\/media\/3651"}],"wp:attachment":[{"href":"https:\/\/www.basqueeducational.org\/es\/wp-json\/wp\/v2\/media?parent=3281"}],"curies":[{"name":"wp","href":"https:\/\/api.w.org\/{rel}","templated":true}]}}