{"id":3312,"date":"2020-02-07T23:05:35","date_gmt":"2020-02-07T23:05:35","guid":{"rendered":"https:\/\/www.basqueeducational.org\/?page_id=3312"},"modified":"2025-05-01T05:46:11","modified_gmt":"2025-05-01T05:46:11","slug":"the-seven-in-one-way","status":"publish","type":"page","link":"https:\/\/www.basqueeducational.org\/es\/movies-in-our-collection\/the-seven-in-one-way\/","title":{"rendered":"Los Siete de Una Manera"},"content":{"rendered":"<div class=\"wpb-content-wrapper\"><div class=\"vc_row wpb_row vc_row-fluid gradient-container-1\"><div class=\"gradient-column-1 wpb_column vc_column_container vc_col-sm-12\"><div class=\"vc_column-inner\"><div class=\"wpb_wrapper\">\n\t<div class=\"wpb_text_column wpb_content_element\" >\n\t\t<div class=\"wpb_wrapper\">\n\t\t\t<p><!--more--><\/p>\n\n\t\t<\/div>\n\t<\/div>\n\n\t<div class=\"wpb_text_column wpb_content_element\" >\n\t\t<div class=\"wpb_wrapper\">\n\t\t\t<h5>SINOPSIS:<\/h5>\n<p>En los Siete de una manera, Denise Orpustan-Love, una vasco-estadounidense de primera generaci\u00f3n y su familia regresan al peque\u00f1o pueblo rural de Oss\u00e8s en el Pa\u00eds Vasco en el verano de 2017 para visitar a su familia y continuar con el sue\u00f1o de su vida de restaurar la casa del molino del siglo XVIII de su difunto padre. Basado en su libro La casa del molino habla:  Siete caminos a la patria vasca ancestral, Denise narra sus ense\u00f1anzas de los siete caminos -sabidur\u00edas perennes y tradiciones ancestrales de la vida y el misticismo vascos. Como su mentora \u00c1ngeles Arrien escribe en el pr\u00f3logo, los siete caminos \"aunque arraigados en el misticismo vasco, reflejan el misticismo universal de todos los pueblos.  Estos caminos decodifican las experiencias m\u00edsticas comunes de las culturas antiguas en un mapa comprensible, concreto y pr\u00e1ctico para navegar por las complejidades del mundo moderno de hoy\".<\/p>\n<p><em>2020, dirigido por Matt Prine, 31 minutos, color, en ingl\u00e9s<\/em><\/p>\n<ul>\n<li><b>Proyecci\u00f3n en el Centro Cultural Vasco, 15.30 h.  | GRATIS<\/b><\/li>\n<\/ul>\n\n\t\t<\/div>\n\t<\/div>\n<div class=\"vc_separator wpb_content_element vc_separator_align_center vc_sep_width_100 vc_sep_pos_align_center vc_separator_no_text vc_sep_color_grey wpb_content_element  wpb_content_element\" ><span class=\"vc_sep_holder vc_sep_holder_l\"><span class=\"vc_sep_line\"><\/span><\/span><span class=\"vc_sep_holder vc_sep_holder_r\"><span class=\"vc_sep_line\"><\/span><\/span>\n<\/div><\/div><\/div><\/div><\/div><div class=\"vc_row wpb_row vc_row-fluid gradient-container-2\"><div class=\"gradient-column-2 wpb_column vc_column_container vc_col-sm-3\"><div class=\"vc_column-inner\"><div class=\"wpb_wrapper\">\n\t<div  class=\"wpb_single_image wpb_content_element vc_align_center wpb_content_element\">\n\t\t\n\t\t<figure class=\"wpb_wrapper vc_figure\">\n\t\t\t<div class=\"vc_single_image-wrapper   vc_box_border_grey\"><img decoding=\"async\" width=\"150\" height=\"150\" src=\"https:\/\/www.basqueeducational.org\/wp-content\/uploads\/2020\/02\/7in1-director-150x150.jpg\" class=\"vc_single_image-img attachment-thumbnail\" alt=\"\" title=\"7en1 director\" srcset=\"https:\/\/www.basqueeducational.org\/wp-content\/uploads\/2020\/02\/7in1-director-150x150.jpg 150w, https:\/\/www.basqueeducational.org\/wp-content\/uploads\/2020\/02\/7in1-director-100x100.jpg 100w\" sizes=\"(max-width: 150px) 100vw, 150px\" \/><\/div>\n\t\t<\/figure>\n\t<\/div>\n<\/div><\/div><\/div><div class=\"gradient-column-3 wpb_column vc_column_container vc_col-sm-9\"><div class=\"vc_column-inner\"><div class=\"wpb_wrapper\">\n\t<div class=\"wpb_text_column wpb_content_element\" >\n\t\t<div class=\"wpb_wrapper\">\n\t\t\t<h5>Sobre el director - Matt Prine<\/h5>\n<p>El director Matt Prine y Denise Orpustan-Love crecieron juntos en Lake County, California.  Tras licenciarse en la Universidad Estatal de San Francisco, Matt empez\u00f3 a trabajar en la industria del cine y la televisi\u00f3n.  Despu\u00e9s de trabajar en efectos especiales en pel\u00edculas con Dustin Hoffman y Robin Williams, como What Dreams May Come (la primera pel\u00edcula en ganar un Oscar por efectos especiales), Matt pas\u00f3 tres a\u00f1os trabajando en efectos especiales para George Lucas en Star Wars Episodio 1 y 2, El planeta de los simios, Jurassic Park, Wild Wild West y otras.  A principios de la d\u00e9cada de 2000, Matt comenz\u00f3 a producir documentales de giras para varias bandas.  En 2005 Matt se traslad\u00f3 al sur de California y continu\u00f3 la producci\u00f3n independiente, as\u00ed como la producci\u00f3n de la industria de los medios de comunicaci\u00f3n.  En 2012 Matt dej\u00f3 la industria de los medios y asumi\u00f3 su papel actual como productor\/director independiente y continu\u00f3 sus esfuerzos como artista multimedia.  Ha dirigido cientos de proyectos cortos y documentales desde entonces (incluyendo el galardonado \"Doc Patient and the Law\").<\/p>\n\n\t\t<\/div>\n\t<\/div>\n<\/div><\/div><\/div><\/div>\n<\/div>","protected":false},"excerpt":{"rendered":"SYNOPSIS: In the Seven in One Way, Denise Orpustan-Love, a first generation Basque American and her family return to the small rural village of Oss\u00e8s in the Basque Country in [...]","protected":false},"author":1,"featured_media":8256,"parent":2567,"menu_order":2,"comment_status":"closed","ping_status":"closed","template":"","meta":{"give_campaign_id":0,"_tec_requires_first_save":true,"_exactmetrics_skip_tracking":false,"_exactmetrics_sitenote_active":false,"_exactmetrics_sitenote_note":"","_exactmetrics_sitenote_category":0,"_price":"","_stock":"","_tribe_ticket_header":"","_tribe_default_ticket_provider":"","_tribe_ticket_capacity":"0","_ticket_start_date":"","_ticket_end_date":"","_tribe_ticket_show_description":"","_tribe_ticket_show_not_going":false,"_tribe_ticket_use_global_stock":"","_tribe_ticket_global_stock_level":"","_global_stock_mode":"","_global_stock_cap":"","_tribe_rsvp_for_event":"","_tribe_ticket_going_count":"","_tribe_ticket_not_going_count":"","_tribe_tickets_list":"[]","_tribe_ticket_has_attendee_info_fields":false,"_EventAllDay":false,"_EventTimezone":"","_EventStartDate":"","_EventEndDate":"","_EventStartDateUTC":"","_EventEndDateUTC":"","_EventShowMap":false,"_EventShowMapLink":false,"_EventURL":"","_EventCost":"","_EventCostDescription":"","_EventCurrencySymbol":"","_EventCurrencyCode":"","_EventCurrencyPosition":"","_EventDateTimeSeparator":"","_EventTimeRangeSeparator":"","_EventOrganizerID":[],"_EventVenueID":[],"_OrganizerEmail":"","_OrganizerPhone":"","_OrganizerWebsite":"","_VenueAddress":"","_VenueCity":"","_VenueCountry":"","_VenueProvince":"","_VenueState":"","_VenueZip":"","_VenuePhone":"","_VenueURL":"","_VenueStateProvince":"","_VenueLat":"","_VenueLng":"","_VenueShowMap":false,"_VenueShowMapLink":false,"_tribe_blocks_recurrence_rules":"","_tribe_blocks_recurrence_description":"","_tribe_blocks_recurrence_exclusions":"","jetpack_post_was_ever_published":false,"footnotes":""},"class_list":["post-3312","page","type-page","status-publish","has-post-thumbnail","hentry"],"campaignId":"","jetpack_sharing_enabled":false,"jetpack_shortlink":"https:\/\/wp.me\/PaFejT-Rq","_links":{"self":[{"href":"https:\/\/www.basqueeducational.org\/es\/wp-json\/wp\/v2\/pages\/3312","targetHints":{"allow":["GET"]}}],"collection":[{"href":"https:\/\/www.basqueeducational.org\/es\/wp-json\/wp\/v2\/pages"}],"about":[{"href":"https:\/\/www.basqueeducational.org\/es\/wp-json\/wp\/v2\/types\/page"}],"author":[{"embeddable":true,"href":"https:\/\/www.basqueeducational.org\/es\/wp-json\/wp\/v2\/users\/1"}],"replies":[{"embeddable":true,"href":"https:\/\/www.basqueeducational.org\/es\/wp-json\/wp\/v2\/comments?post=3312"}],"version-history":[{"count":3,"href":"https:\/\/www.basqueeducational.org\/es\/wp-json\/wp\/v2\/pages\/3312\/revisions"}],"predecessor-version":[{"id":6261,"href":"https:\/\/www.basqueeducational.org\/es\/wp-json\/wp\/v2\/pages\/3312\/revisions\/6261"}],"up":[{"embeddable":true,"href":"https:\/\/www.basqueeducational.org\/es\/wp-json\/wp\/v2\/pages\/2567"}],"wp:featuredmedia":[{"embeddable":true,"href":"https:\/\/www.basqueeducational.org\/es\/wp-json\/wp\/v2\/media\/8256"}],"wp:attachment":[{"href":"https:\/\/www.basqueeducational.org\/es\/wp-json\/wp\/v2\/media?parent=3312"}],"curies":[{"name":"wp","href":"https:\/\/api.w.org\/{rel}","templated":true}]}}