{"id":3571,"date":"2024-02-11T23:35:43","date_gmt":"2024-02-11T23:35:43","guid":{"rendered":"https:\/\/www.basqueeducational.org\/?page_id=3571"},"modified":"2025-02-04T03:37:35","modified_gmt":"2025-02-04T03:37:35","slug":"nabo-mus-tournament","status":"publish","type":"page","link":"https:\/\/www.basqueeducational.org\/es\/nabo-mus-tournament\/","title":{"rendered":"Torneo de Mus 2025"},"content":{"rendered":"<div class=\"wpb-content-wrapper\"><div class=\"vc_row wpb_row vc_row-fluid gradient-container-1\"><div class=\"gradient-column-1 wpb_column vc_column_container vc_col-sm-12\"><div class=\"vc_column-inner\"><div class=\"wpb_wrapper\"><div class=\"vc_row wpb_row vc_inner vc_row-fluid\"><div class=\"wpb_column vc_column_container vc_col-sm-3\"><div class=\"vc_column-inner\"><div class=\"wpb_wrapper\">\n\t<div  class=\"wpb_single_image wpb_content_element vc_align_center wpb_content_element\">\n\t\t\n\t\t<figure class=\"wpb_wrapper vc_figure\">\n\t\t\t<div class=\"vc_single_image-wrapper   vc_box_border_grey\"><img fetchpriority=\"high\" decoding=\"async\" width=\"300\" height=\"200\" src=\"https:\/\/www.basqueeducational.org\/wp-content\/uploads\/2024\/05\/mus-300x200.png\" class=\"vc_single_image-img attachment-medium\" alt=\"\" title=\"mus\" srcset=\"https:\/\/www.basqueeducational.org\/wp-content\/uploads\/2024\/05\/mus-300x200.png 300w, https:\/\/www.basqueeducational.org\/wp-content\/uploads\/2024\/05\/mus-768x512.png 768w, https:\/\/www.basqueeducational.org\/wp-content\/uploads\/2024\/05\/mus-700x467.png 700w, https:\/\/www.basqueeducational.org\/wp-content\/uploads\/2024\/05\/mus-348x232.png 348w, https:\/\/www.basqueeducational.org\/wp-content\/uploads\/2024\/05\/mus-354x236.png 354w, https:\/\/www.basqueeducational.org\/wp-content\/uploads\/2024\/05\/mus-600x400.png 600w, https:\/\/www.basqueeducational.org\/wp-content\/uploads\/2024\/05\/mus.png 900w\" sizes=\"(max-width: 300px) 100vw, 300px\" \/><\/div>\n\t\t<\/figure>\n\t<\/div>\n<\/div><\/div><\/div><div class=\"wpb_column vc_column_container vc_col-sm-9\"><div class=\"vc_column-inner\"><div class=\"wpb_wrapper\">\n\t<div class=\"wpb_text_column wpb_content_element\" >\n\t\t<div class=\"wpb_wrapper\">\n\t\t\t<p>Es la temporada del mus... \u00a1y estamos preparados!<\/p>\n\n\t\t<\/div>\n\t<\/div>\n<\/div><\/div><\/div><\/div><div class=\"vc_row wpb_row vc_inner vc_row-fluid\"><div class=\"wpb_column vc_column_container vc_col-sm-12\"><div class=\"vc_column-inner\"><div class=\"wpb_wrapper\"><div class=\"vc_btn3-container vc_btn3-center vc_custom_1738640235631 vc_do_btn\" ><a onmouseleave=\"this.style.borderColor='#666666'; this.style.backgroundColor='transparent'; this.style.color='#666666'\" onmouseenter=\"this.style.borderColor='#666666'; this.style.backgroundColor='#666666'; this.style.color='#ffffff';\" style=\"border-color:#666666; color:#666666;\" class=\"vc_general vc_btn3 vc_btn3-size-md vc_btn3-shape-rounded vc_btn3-style-outline-custom vc_btn3-block\" href=\"https:\/\/www.basqueeducational.org\/donations\/beo-mus-tournament\/\" title=\"Torneo BEO \/ NABO Mus 2025\">INSCR\u00cdBASE Y PAGUE AQU\u00cd<\/a><\/div><\/div><\/div><\/div><\/div><div class=\"vc_row wpb_row vc_inner vc_row-fluid\"><div class=\"wpb_column vc_column_container vc_col-sm-6\"><div class=\"vc_column-inner\"><div class=\"wpb_wrapper\">\n\t<div class=\"wpb_text_column wpb_content_element\" >\n\t\t<div class=\"wpb_wrapper\">\n\t\t\t<h4><span style=\"color: #9e0022;\">\u00bfCU\u00c1NDO ES EL TORNEO?<\/span><\/h4>\n\n\t\t<\/div>\n\t<\/div>\n\n\t<div class=\"wpb_text_column wpb_content_element\" >\n\t\t<div class=\"wpb_wrapper\">\n\t\t\t<p><strong>Domingo 30 de marzo.<\/strong> Marque su calendario.<\/p>\n<p>He aqu\u00ed el programa de actos:<\/p>\n<p><strong>7:30 a.m. \u00a0<\/strong>Inscripci\u00f3n<br \/>\n<strong>8h15 \u00a0<\/strong>Comienza el torneo de mus<br \/>\n<strong>12h30 \u00a0<\/strong>Almuerzo<br \/>\n<strong>2:00 p.m. \u00a0<\/strong>Partidos finales<\/p>\n<p>*Registrarse en Mus <em>por<\/em> <strong>28 de marzo<\/strong>.<\/p>\n\n\t\t<\/div>\n\t<\/div>\n\n\t<div class=\"wpb_text_column wpb_content_element\" >\n\t\t<div class=\"wpb_wrapper\">\n\t\t\t<h4><span style=\"color: #9e0022;\">\u00bfD\u00d3NDE ES EL TORNEO?<\/span><\/h4>\n\n\t\t<\/div>\n\t<\/div>\n\n\t<div class=\"wpb_text_column wpb_content_element\" >\n\t\t<div class=\"wpb_wrapper\">\n\t\t\t<p>En el Centro Cultural Vasco<br \/>\n599 Avenida del Ferrocarril<br \/>\nSan Francisco Sur, CA 94080<\/p>\n<p>M\u00e1s concretamente, en la kantxa.<\/p>\n\n\t\t<\/div>\n\t<\/div>\n\n\t<div class=\"wpb_text_column wpb_content_element\" >\n\t\t<div class=\"wpb_wrapper\">\n\t\t\t<h4><span style=\"color: #9e0022;\">\u00bfQUI\u00c9N PUEDE JUGAR?<\/span><\/h4>\n\n\t\t<\/div>\n\t<\/div>\n\n\t<div class=\"wpb_text_column wpb_content_element\" >\n\t\t<div class=\"wpb_wrapper\">\n\t\t\t<p>Mayores de 16 a\u00f1os.<\/p>\n\n\t\t<\/div>\n\t<\/div>\n\n\t<div class=\"wpb_text_column wpb_content_element\" >\n\t\t<div class=\"wpb_wrapper\">\n\t\t\t<h4><span style=\"color: #9e0022;\">\u00bfY SI NO TENGO PAREJA?<\/span><\/h4>\n\n\t\t<\/div>\n\t<\/div>\n\n\t<div class=\"wpb_text_column wpb_content_element\" >\n\t\t<div class=\"wpb_wrapper\">\n\t\t\t<p>Adelante, reg\u00edstrate; te emparejaremos con otro jugador \"solo\".<\/p>\n\n\t\t<\/div>\n\t<\/div>\n<\/div><\/div><\/div><div class=\"wpb_column vc_column_container vc_col-sm-6\"><div class=\"vc_column-inner\"><div class=\"wpb_wrapper\">\n\t<div class=\"wpb_text_column wpb_content_element\" >\n\t\t<div class=\"wpb_wrapper\">\n\t\t\t<h4><span style=\"color: #9e0022;\">\u00bfHAY ALMUERZO?<\/span><\/h4>\n\n\t\t<\/div>\n\t<\/div>\n\n\t<div class=\"wpb_text_column wpb_content_element\" >\n\t\t<div class=\"wpb_wrapper\">\n\t\t\t<p>El Centro Cultural Vasco celebrar\u00e1 su comida de socios, que es un acto aparte y tiene un coste aparte.<\/p>\n<p><em>*El almuerzo tiene un coste aparte.<\/em><\/p>\n<p>Es necesario reservar el almuerzo antes del <strong>24 de marzo<\/strong>; puede reservar cuando se inscriba para jugar o llamar directamente al BCC al 650-583-8091.<\/p>\n\n\t\t<\/div>\n\t<\/div>\n\n\t<div class=\"wpb_text_column wpb_content_element\" >\n\t\t<div class=\"wpb_wrapper\">\n\t\t\t<h4><span style=\"color: #9e0022;\">\u00bfCU\u00c1NTO CUESTA JUGAR AL MUS?<\/span><\/h4>\n\n\t\t<\/div>\n\t<\/div>\n\n\t<div class=\"wpb_text_column wpb_content_element\" >\n\t\t<div class=\"wpb_wrapper\">\n\t\t\t<p>$40 \/ persona.<\/p>\n\n\t\t<\/div>\n\t<\/div>\n\n\t<div class=\"wpb_text_column wpb_content_element\" >\n\t\t<div class=\"wpb_wrapper\">\n\t\t\t<h4><span style=\"color: #9e0022;\">\u00bfES UN TORNEO DE NABO?<\/span><\/h4>\n\n\t\t<\/div>\n\t<\/div>\n\n\t<div class=\"wpb_text_column wpb_content_element\" >\n\t\t<div class=\"wpb_wrapper\">\n\t\t\t<p>S\u00ed, lo es.<\/p>\n<p>El equipo ganador disputar\u00e1 la final de la NABO en Los Ba\u00f1os, California. <strong>el s\u00e1bado, 14 de junio de 2025<\/strong>.<\/p>\n\n\t\t<\/div>\n\t<\/div>\n\n\t<div class=\"wpb_text_column wpb_content_element\" >\n\t\t<div class=\"wpb_wrapper\">\n\t\t\t<h4><span style=\"color: #9e0022;\">\u00bfCON QUI\u00c9N DEBO HABLAR SI TENGO PREGUNTAS?<\/span><\/h4>\n\n\t\t<\/div>\n\t<\/div>\n\n\t<div class=\"wpb_text_column wpb_content_element\" >\n\t\t<div class=\"wpb_wrapper\">\n\t\t\t<p>Nuestra talentosa coordinadora de mus, Aline. <a href=\"mailto:aline@basqueeducational.org\">Pulse aqu\u00ed<\/a> para enviarle un correo electr\u00f3nico.<\/p>\n\n\t\t<\/div>\n\t<\/div>\n<\/div><\/div><\/div><\/div><div class=\"vc_btn3-container vc_btn3-center vc_custom_1738640251669 vc_do_btn\" ><a onmouseleave=\"this.style.borderColor='#666666'; this.style.backgroundColor='transparent'; this.style.color='#666666'\" onmouseenter=\"this.style.borderColor='#666666'; this.style.backgroundColor='#666666'; this.style.color='#ffffff';\" style=\"border-color:#666666; color:#666666;\" class=\"vc_general vc_btn3 vc_btn3-size-md vc_btn3-shape-rounded vc_btn3-style-outline-custom vc_btn3-block\" href=\"https:\/\/www.basqueeducational.org\/donations\/beo-mus-tournament\/\" title=\"Torneo BEO \/ NABO Mus 2025\">INSCR\u00cdBASE Y PAGUE AQU\u00cd<\/a><\/div><\/div><\/div><\/div><\/div>\n<\/div>","protected":false},"excerpt":{"rendered":"'Tis the Mus season... and we're ready for it! REGISTER AND PAY HERE WHEN IS THE TOURNAMENT? Sunday, March 30. Mark your calendar. Here's the schedule of events: 7:30 a.m. [...]","protected":false},"author":1,"featured_media":0,"parent":0,"menu_order":0,"comment_status":"closed","ping_status":"closed","template":"","meta":{"give_campaign_id":0,"_tec_requires_first_save":true,"_exactmetrics_skip_tracking":false,"_exactmetrics_sitenote_active":false,"_exactmetrics_sitenote_note":"","_exactmetrics_sitenote_category":0,"_price":"","_stock":"","_tribe_ticket_header":"","_tribe_default_ticket_provider":"","_tribe_ticket_capacity":"0","_ticket_start_date":"","_ticket_end_date":"","_tribe_ticket_show_description":"","_tribe_ticket_show_not_going":false,"_tribe_ticket_use_global_stock":"","_tribe_ticket_global_stock_level":"","_global_stock_mode":"","_global_stock_cap":"","_tribe_rsvp_for_event":"","_tribe_ticket_going_count":"","_tribe_ticket_not_going_count":"","_tribe_tickets_list":"[]","_tribe_ticket_has_attendee_info_fields":false,"_EventAllDay":false,"_EventTimezone":"","_EventStartDate":"","_EventEndDate":"","_EventStartDateUTC":"","_EventEndDateUTC":"","_EventShowMap":false,"_EventShowMapLink":false,"_EventURL":"","_EventCost":"","_EventCostDescription":"","_EventCurrencySymbol":"","_EventCurrencyCode":"","_EventCurrencyPosition":"","_EventDateTimeSeparator":"","_EventTimeRangeSeparator":"","_EventOrganizerID":[],"_EventVenueID":[],"_OrganizerEmail":"","_OrganizerPhone":"","_OrganizerWebsite":"","_VenueAddress":"","_VenueCity":"","_VenueCountry":"","_VenueProvince":"","_VenueState":"","_VenueZip":"","_VenuePhone":"","_VenueURL":"","_VenueStateProvince":"","_VenueLat":"","_VenueLng":"","_VenueShowMap":false,"_VenueShowMapLink":false,"_tribe_blocks_recurrence_rules":"","_tribe_blocks_recurrence_description":"","_tribe_blocks_recurrence_exclusions":"","footnotes":""},"class_list":["post-3571","page","type-page","status-publish","hentry"],"campaignId":"","jetpack_sharing_enabled":true,"jetpack_shortlink":"https:\/\/wp.me\/PaFejT-VB","_links":{"self":[{"href":"https:\/\/www.basqueeducational.org\/es\/wp-json\/wp\/v2\/pages\/3571","targetHints":{"allow":["GET"]}}],"collection":[{"href":"https:\/\/www.basqueeducational.org\/es\/wp-json\/wp\/v2\/pages"}],"about":[{"href":"https:\/\/www.basqueeducational.org\/es\/wp-json\/wp\/v2\/types\/page"}],"author":[{"embeddable":true,"href":"https:\/\/www.basqueeducational.org\/es\/wp-json\/wp\/v2\/users\/1"}],"replies":[{"embeddable":true,"href":"https:\/\/www.basqueeducational.org\/es\/wp-json\/wp\/v2\/comments?post=3571"}],"version-history":[{"count":5,"href":"https:\/\/www.basqueeducational.org\/es\/wp-json\/wp\/v2\/pages\/3571\/revisions"}],"predecessor-version":[{"id":7948,"href":"https:\/\/www.basqueeducational.org\/es\/wp-json\/wp\/v2\/pages\/3571\/revisions\/7948"}],"wp:attachment":[{"href":"https:\/\/www.basqueeducational.org\/es\/wp-json\/wp\/v2\/media?parent=3571"}],"curies":[{"name":"wp","href":"https:\/\/api.w.org\/{rel}","templated":true}]}}