{"id":4072,"date":"2022-01-19T17:31:30","date_gmt":"2022-01-19T17:31:30","guid":{"rendered":"https:\/\/www.basqueeducational.org\/?page_id=4072"},"modified":"2023-01-24T03:59:48","modified_gmt":"2023-01-24T03:59:48","slug":"chillida-esku-huts","status":"publish","type":"page","link":"https:\/\/www.basqueeducational.org\/es\/movies-in-our-collection\/chillida-esku-huts\/","title":{"rendered":"Chillida, Caba\u00f1as Esku"},"content":{"rendered":"<div class=\"wpb-content-wrapper\"><div class=\"vc_row wpb_row vc_row-fluid gradient-container-1\"><div class=\"gradient-column-1 wpb_column vc_column_container vc_col-sm-12\"><div class=\"vc_column-inner\"><div class=\"wpb_wrapper\">\n\t<div class=\"wpb_text_column wpb_content_element\" >\n\t\t<div class=\"wpb_wrapper\">\n\t\t\t<p><!--more--><\/p>\n\n\t\t<\/div>\n\t<\/div>\n\n\t<div class=\"wpb_video_widget wpb_content_element vc_clearfix   vc_video-aspect-ratio-169 vc_video-el-width-100 vc_video-align-center\" >\n\t\t<div class=\"wpb_wrapper\">\n\t\t\t\n\t\t\t<div class=\"wpb_video_wrapper\"><div class=\"jetpack-video-wrapper\"><iframe title=\"Chillida La profundidad del aire. TRAILER\" src=\"https:\/\/player.vimeo.com\/video\/187522314?dnt=1&amp;app_id=122963\" width=\"500\" height=\"281\" frameborder=\"0\" allow=\"autoplay; fullscreen; picture-in-picture\"><\/iframe><\/div><\/div>\n\t\t<\/div>\n\t<\/div>\n\n\t<div class=\"wpb_text_column wpb_content_element\" >\n\t\t<div class=\"wpb_wrapper\">\n\t\t\t<h5>SINOPSIS<\/h5>\n<p>A los 19 a\u00f1os, Eduardo Chillida (1924-2002) era un atleta superdotado que iba camino de convertirse en una leyenda del f\u00fatbol. Sin embargo, una brutal lesi\u00f3n durante un partido puso fin a su carrera deportiva profesional. Nadie, excepto Pilar Belzunce, su compa\u00f1era de toda la vida, sospechaba que el joven portero de Hernani estaba a punto de reescribir su futuro y morir d\u00e9cadas despu\u00e9s como uno de los mejores escultores del siglo XX. Chillida: Caba\u00f1as de Esku no es una biograf\u00eda convencional, sino una mirada po\u00e9tica e \u00edntima a un artista insuperable. Una persona que permanece viva a trav\u00e9s de su obra, sus ocho hijos y algunos de sus colaboradores m\u00e1s cercanos.<\/p>\n<p><em>2016, dirigida por Juan Barrero, color, en euskara y castellano con subt\u00edtulos en ingl\u00e9s, 74 minutos.<\/em><\/p>\n\n\t\t<\/div>\n\t<\/div>\n<div class=\"vc_separator wpb_content_element vc_separator_align_center vc_sep_width_100 vc_sep_pos_align_center vc_separator_no_text vc_sep_color_grey wpb_content_element  wpb_content_element\" ><span class=\"vc_sep_holder vc_sep_holder_l\"><span class=\"vc_sep_line\"><\/span><\/span><span class=\"vc_sep_holder vc_sep_holder_r\"><span class=\"vc_sep_line\"><\/span><\/span>\n<\/div><div class=\"vc_row wpb_row vc_inner vc_row-fluid\"><div class=\"wpb_column vc_column_container vc_col-sm-3\"><div class=\"vc_column-inner\"><div class=\"wpb_wrapper\">\n\t<div  class=\"wpb_single_image wpb_content_element vc_align_left wpb_content_element\">\n\t\t\n\t\t<figure class=\"wpb_wrapper vc_figure\">\n\t\t\t<div class=\"vc_single_image-wrapper   vc_box_border_grey\"><img decoding=\"async\" width=\"150\" height=\"150\" src=\"https:\/\/www.basqueeducational.org\/wp-content\/uploads\/2022\/01\/larraitz-ariznabarreta-web-150x150.jpg\" class=\"vc_single_image-img attachment-thumbnail\" alt=\"\" title=\"larraitz-ariznabarreta-web\" srcset=\"https:\/\/www.basqueeducational.org\/wp-content\/uploads\/2022\/01\/larraitz-ariznabarreta-web-150x150.jpg 150w, https:\/\/www.basqueeducational.org\/wp-content\/uploads\/2022\/01\/larraitz-ariznabarreta-web-300x300.jpg 300w, https:\/\/www.basqueeducational.org\/wp-content\/uploads\/2022\/01\/larraitz-ariznabarreta-web-348x348.jpg 348w, https:\/\/www.basqueeducational.org\/wp-content\/uploads\/2022\/01\/larraitz-ariznabarreta-web-354x354.jpg 354w, https:\/\/www.basqueeducational.org\/wp-content\/uploads\/2022\/01\/larraitz-ariznabarreta-web-100x100.jpg 100w, https:\/\/www.basqueeducational.org\/wp-content\/uploads\/2022\/01\/larraitz-ariznabarreta-web.jpg 640w\" sizes=\"(max-width: 150px) 100vw, 150px\" \/><\/div>\n\t\t<\/figure>\n\t<\/div>\n<\/div><\/div><\/div><div class=\"wpb_column vc_column_container vc_col-sm-9\"><div class=\"vc_column-inner\"><div class=\"wpb_wrapper\">\n\t<div class=\"wpb_text_column wpb_content_element\" >\n\t\t<div class=\"wpb_wrapper\">\n\t\t\t<h5>PRESENTADO POR...<\/h5>\n<p>La pel\u00edcula fue presentada por la Dra. Larraitz Ariznabarreta, del Centro William A. Douglass de Estudios Vascos, que present\u00f3 la pel\u00edcula y dirigi\u00f3 un debate y una sesi\u00f3n de preguntas y respuestas tras la proyecci\u00f3n.<\/p>\n<p>Para saber m\u00e1s sobre el Dr. Ariznabarreta, <a href=\"https:\/\/www.unr.edu\/basque-studies\/people\/larraitz-ariznabarreta\" target=\"_blank\" rel=\"noopener\">pulse aqu\u00ed<\/a>.<\/p>\n\n\t\t<\/div>\n\t<\/div>\n<\/div><\/div><\/div><\/div><div class=\"vc_row wpb_row vc_inner vc_row-fluid\"><div class=\"wpb_column vc_column_container vc_col-sm-3\"><div class=\"vc_column-inner\"><div class=\"wpb_wrapper\">\n\t<div  class=\"wpb_single_image wpb_content_element vc_align_left wpb_content_element\">\n\t\t\n\t\t<figure class=\"wpb_wrapper vc_figure\">\n\t\t\t<div class=\"vc_single_image-wrapper   vc_box_border_grey\"><img decoding=\"async\" width=\"150\" height=\"150\" src=\"https:\/\/www.basqueeducational.org\/wp-content\/uploads\/2022\/01\/Juan-Barrero-150x150.jpg\" class=\"vc_single_image-img attachment-thumbnail\" alt=\"\" title=\"Juan-Barrero\" srcset=\"https:\/\/www.basqueeducational.org\/wp-content\/uploads\/2022\/01\/Juan-Barrero-150x150.jpg 150w, https:\/\/www.basqueeducational.org\/wp-content\/uploads\/2022\/01\/Juan-Barrero-100x100.jpg 100w\" sizes=\"(max-width: 150px) 100vw, 150px\" \/><\/div>\n\t\t<\/figure>\n\t<\/div>\n<\/div><\/div><\/div><div class=\"wpb_column vc_column_container vc_col-sm-9\"><div class=\"vc_column-inner\"><div class=\"wpb_wrapper\">\n\t<div class=\"wpb_text_column wpb_content_element\" >\n\t\t<div class=\"wpb_wrapper\">\n\t\t\t<h5>DIRECTOR<\/h5>\n<p>Juan Barrero fue documentalista para National Geographic, experiencia que inspirar\u00eda su primer largometraje, La jungla interior (2013), seleccionado en festivales internacionales de todo el mundo y ganador del Premio Nuevas Olas a la Mejor Pel\u00edcula Europea en el Festival de Cine Europeo de Sevilla (SEFF). En 2012 fund\u00f3 Labyrint Films. Sus trabajos como productor, montador y fot\u00f3grafo han sido seleccionados en los festivales de Cannes, Locarno, Viennale, San Sebasti\u00e1n, La Habana, M\u00fanich, Sao Paulo, Cartagena de Indias, Marsella... donde han cosechado infinidad de premios.<\/p>\n\n\t\t<\/div>\n\t<\/div>\n\n\t<div class=\"wpb_text_column wpb_content_element\" >\n\t\t<div class=\"wpb_wrapper\">\n\t\t\t<h5>\u00bfle interesa ver esta pel\u00edcula o compartirla?<\/h5>\n<p>Estaremos encantados de ayudarle. P\u00f3ngase en contacto con <a href=\"mailto:info@basqueeducational.org\">info@basqueeducational.org<\/a>\u00a0y nuestro coordinador de cine se pondr\u00e1 en contacto.<\/p>\n\n\t\t<\/div>\n\t<\/div>\n<\/div><\/div><\/div><\/div><\/div><\/div><\/div><\/div>\n<\/div>","protected":false},"excerpt":{"rendered":"SYNOPSIS At the age of 19, Eduardo Chillida (1924-2002) was a highly gifted athlete well on his way to becoming a football legend. However, a brutal injury during a game [...]","protected":false},"author":1,"featured_media":4082,"parent":2567,"menu_order":4,"comment_status":"closed","ping_status":"closed","template":"","meta":{"give_campaign_id":0,"_tec_requires_first_save":true,"_exactmetrics_skip_tracking":false,"_exactmetrics_sitenote_active":false,"_exactmetrics_sitenote_note":"","_exactmetrics_sitenote_category":0,"_price":"","_stock":"","_tribe_ticket_header":"","_tribe_default_ticket_provider":"","_tribe_ticket_capacity":"0","_ticket_start_date":"","_ticket_end_date":"","_tribe_ticket_show_description":"","_tribe_ticket_show_not_going":false,"_tribe_ticket_use_global_stock":"","_tribe_ticket_global_stock_level":"","_global_stock_mode":"","_global_stock_cap":"","_tribe_rsvp_for_event":"","_tribe_ticket_going_count":"","_tribe_ticket_not_going_count":"","_tribe_tickets_list":"[]","_tribe_ticket_has_attendee_info_fields":false,"_EventAllDay":false,"_EventTimezone":"","_EventStartDate":"","_EventEndDate":"","_EventStartDateUTC":"","_EventEndDateUTC":"","_EventShowMap":false,"_EventShowMapLink":false,"_EventURL":"","_EventCost":"","_EventCostDescription":"","_EventCurrencySymbol":"","_EventCurrencyCode":"","_EventCurrencyPosition":"","_EventDateTimeSeparator":"","_EventTimeRangeSeparator":"","_EventOrganizerID":[],"_EventVenueID":[],"_OrganizerEmail":"","_OrganizerPhone":"","_OrganizerWebsite":"","_VenueAddress":"","_VenueCity":"","_VenueCountry":"","_VenueProvince":"","_VenueState":"","_VenueZip":"","_VenuePhone":"","_VenueURL":"","_VenueStateProvince":"","_VenueLat":"","_VenueLng":"","_VenueShowMap":false,"_VenueShowMapLink":false,"_tribe_blocks_recurrence_rules":"","_tribe_blocks_recurrence_description":"","_tribe_blocks_recurrence_exclusions":"","jetpack_post_was_ever_published":false,"footnotes":""},"class_list":["post-4072","page","type-page","status-publish","has-post-thumbnail","hentry"],"campaignId":"","jetpack_sharing_enabled":false,"jetpack_shortlink":"https:\/\/wp.me\/PaFejT-13G","_links":{"self":[{"href":"https:\/\/www.basqueeducational.org\/es\/wp-json\/wp\/v2\/pages\/4072","targetHints":{"allow":["GET"]}}],"collection":[{"href":"https:\/\/www.basqueeducational.org\/es\/wp-json\/wp\/v2\/pages"}],"about":[{"href":"https:\/\/www.basqueeducational.org\/es\/wp-json\/wp\/v2\/types\/page"}],"author":[{"embeddable":true,"href":"https:\/\/www.basqueeducational.org\/es\/wp-json\/wp\/v2\/users\/1"}],"replies":[{"embeddable":true,"href":"https:\/\/www.basqueeducational.org\/es\/wp-json\/wp\/v2\/comments?post=4072"}],"version-history":[{"count":5,"href":"https:\/\/www.basqueeducational.org\/es\/wp-json\/wp\/v2\/pages\/4072\/revisions"}],"predecessor-version":[{"id":5023,"href":"https:\/\/www.basqueeducational.org\/es\/wp-json\/wp\/v2\/pages\/4072\/revisions\/5023"}],"up":[{"embeddable":true,"href":"https:\/\/www.basqueeducational.org\/es\/wp-json\/wp\/v2\/pages\/2567"}],"wp:featuredmedia":[{"embeddable":true,"href":"https:\/\/www.basqueeducational.org\/es\/wp-json\/wp\/v2\/media\/4082"}],"wp:attachment":[{"href":"https:\/\/www.basqueeducational.org\/es\/wp-json\/wp\/v2\/media?parent=4072"}],"curies":[{"name":"wp","href":"https:\/\/api.w.org\/{rel}","templated":true}]}}