{"id":4704,"date":"2022-06-16T05:41:28","date_gmt":"2022-06-16T05:41:28","guid":{"rendered":"https:\/\/www.basqueeducational.org\/?page_id=4704"},"modified":"2023-01-24T04:00:38","modified_gmt":"2023-01-24T04:00:38","slug":"ilargi-guztiak-all-the-moons-october-7th","status":"publish","type":"page","link":"https:\/\/www.basqueeducational.org\/es\/movies-in-our-collection\/ilargi-guztiak-all-the-moons-october-7th\/","title":{"rendered":"Ilargi Guztiak \/ Todas las lunas"},"content":{"rendered":"<div class=\"wpb-content-wrapper\"><div class=\"vc_row wpb_row vc_row-fluid gradient-container-1\"><div class=\"gradient-column-1 wpb_column vc_column_container vc_col-sm-12\"><div class=\"vc_column-inner\"><div class=\"wpb_wrapper\">\n\t<div class=\"wpb_text_column wpb_content_element\" >\n\t\t<div class=\"wpb_wrapper\">\n\t\t\t<p><!--more--><\/p>\n\n\t\t<\/div>\n\t<\/div>\n\n\t<div class=\"wpb_video_widget wpb_content_element vc_clearfix   vc_video-aspect-ratio-169 vc_video-el-width-100 vc_video-align-center\" >\n\t\t<div class=\"wpb_wrapper\">\n\t\t\t\n\t\t\t<div class=\"wpb_video_wrapper\"><div class=\"jetpack-video-wrapper\"><span class=\"embed-youtube\" style=\"text-align:center; display: block;\"><iframe class=\"youtube-player\" width=\"700\" height=\"394\" src=\"https:\/\/www.youtube.com\/embed\/tAmZtP6dJ0w?version=3&#038;rel=1&#038;showsearch=0&#038;showinfo=1&#038;iv_load_policy=1&#038;fs=1&#038;hl=es-ES&#038;autohide=2&#038;wmode=transparent\" allowfullscreen=\"true\" style=\"border:0;\" sandbox=\"allow-scripts allow-same-origin allow-popups allow-presentation allow-popups-to-escape-sandbox\"><\/iframe><\/span><\/div><\/div>\n\t\t<\/div>\n\t<\/div>\n\n\t<div class=\"wpb_text_column wpb_content_element\" >\n\t\t<div class=\"wpb_wrapper\">\n\t\t\t<h5>SINOPSIS:<\/h5>\n<p>Durante los estertores de la \u00faltima guerra carlista, una ni\u00f1a es rescatada de un orfanato por una misteriosa mujer que vive en lo m\u00e1s profundo del bosque. Malherida y sinti\u00e9ndose al borde de la muerte, la ni\u00f1a ver\u00e1 a la mujer como un \u00e1ngel que ha venido a llevarla al cielo... Al poco tiempo descubre que el extra\u00f1o ser le ha concedido la vida eterna, oblig\u00e1ndola a vivir en la oscuridad de la noche, \"eternamente\" unida. En esta nueva condici\u00f3n, tendr\u00e1 que lidiar con el doloroso paso del tiempo encerrada en un cuerpo de ni\u00f1a, hasta que conoce a C\u00e1ndido, un pobre hombre que la acoger\u00e1 en su casa como a su propia hija y que la acompa\u00f1ar\u00e1 en la lucha contra su propia naturaleza y en el sue\u00f1o de recuperar la vida arrebatada. Ilargi Guztiak. Todas las lunas es una f\u00e1bula fant\u00e1stica que reflexiona sobre el miedo a la muerte y a la inmortalidad.<\/p>\n<p>M\u00e1s informaci\u00f3n:<a href=\"https:\/\/filmaxinternationalsales.com\/film\/all-the-moons\">https:\/\/filmaxinternationalsales.com\/film\/all-the-moons<\/a>\u00a0y\u00a0<a href=\"https:\/\/www.sansebastianfestival.com\/2021\/sections_and_films\/7\/690467\/in\">https:\/\/www.sansebastianfestival.com\/2021\/sections_and_films\/\/7\/690467\/in<\/a><\/p>\n<p><em>2021, dirigida por Igor Legarreta, color, en euskara con subt\u00edtulos en ingl\u00e9s, 101 minutos<\/em><\/p>\n\n\t\t<\/div>\n\t<\/div>\n<div class=\"vc_separator wpb_content_element vc_separator_align_center vc_sep_width_100 vc_sep_pos_align_center vc_separator_no_text vc_sep_color_grey wpb_content_element  wpb_content_element\" ><span class=\"vc_sep_holder vc_sep_holder_l\"><span class=\"vc_sep_line\"><\/span><\/span><span class=\"vc_sep_holder vc_sep_holder_r\"><span class=\"vc_sep_line\"><\/span><\/span>\n<\/div><\/div><\/div><\/div><\/div><div class=\"vc_row wpb_row vc_row-fluid gradient-container-2\"><div class=\"gradient-column-2 wpb_column vc_column_container vc_col-sm-3\"><div class=\"vc_column-inner\"><div class=\"wpb_wrapper\">\n\t<div  class=\"wpb_single_image wpb_content_element vc_align_center wpb_content_element\">\n\t\t\n\t\t<figure class=\"wpb_wrapper vc_figure\">\n\t\t\t<div class=\"vc_single_image-wrapper   vc_box_border_grey\"><img decoding=\"async\" width=\"150\" height=\"150\" src=\"https:\/\/www.basqueeducational.org\/wp-content\/uploads\/2022\/06\/Igor-Legarreta-150x150.png\" class=\"vc_single_image-img attachment-thumbnail\" alt=\"\" title=\"Igor Legarreta\" srcset=\"https:\/\/www.basqueeducational.org\/wp-content\/uploads\/2022\/06\/Igor-Legarreta-150x150.png 150w, https:\/\/www.basqueeducational.org\/wp-content\/uploads\/2022\/06\/Igor-Legarreta-100x100.png 100w\" sizes=\"(max-width: 150px) 100vw, 150px\" \/><\/div>\n\t\t<\/figure>\n\t<\/div>\n<\/div><\/div><\/div><div class=\"gradient-column-3 wpb_column vc_column_container vc_col-sm-9\"><div class=\"vc_column-inner\"><div class=\"wpb_wrapper\">\n\t<div class=\"wpb_text_column wpb_content_element\" >\n\t\t<div class=\"wpb_wrapper\">\n\t\t\t<h5>Sobre el Director - Igor Legarreta<\/h5>\n<p>Licenciado en Audiovisuales por la Facultad de Bellas Artes \/ Universidad del Pa\u00eds Vasco, Igor Legarreta (Leioa, Bizkaia. 1973) escribi\u00f3 y codirigi\u00f3 con Emilio P\u00e9rez cortometrajes como El trabajo (1998), Premio del Jurado en los festivales de Montpellier y Locarno, y El Gran Zambini (2005). En 2002 dirigi\u00f3 dos episodios de la serie de televisi\u00f3n Urban Myth Chillers. Ha escrito los guiones de Regreso a Moira (Mateo Gil, 2006), incluida en la serie de televisi\u00f3n Pel\u00edculas para no dormir, y Aut\u00f3mata (Gabe Ib\u00e1\u00f1ez, 2014). En esta \u00faltima tambi\u00e9n fue director de 2\u00aa unidad, al igual que en Zipi y Zape y la Isla del Capit\u00e1n (Oskar Santos, 2016). En 2017 debut\u00f3 como director con Cuando dejes de quererme. Ilargi guztiak es su segundo largometraje.<\/p>\n\n\t\t<\/div>\n\t<\/div>\n<\/div><\/div><\/div><\/div>\n<\/div>","protected":false},"excerpt":{"rendered":"SYNOPSIS: During the death throes of the last Carlist war, a young girl is rescued from an orphanage by a mysterious woman who lives deep in the forest. Badly wounded [...]","protected":false},"author":1,"featured_media":4706,"parent":2567,"menu_order":1,"comment_status":"closed","ping_status":"closed","template":"","meta":{"give_campaign_id":0,"_tec_requires_first_save":true,"_exactmetrics_skip_tracking":false,"_exactmetrics_sitenote_active":false,"_exactmetrics_sitenote_note":"","_exactmetrics_sitenote_category":0,"_price":"","_stock":"","_tribe_ticket_header":"","_tribe_default_ticket_provider":"","_tribe_ticket_capacity":"0","_ticket_start_date":"","_ticket_end_date":"","_tribe_ticket_show_description":"","_tribe_ticket_show_not_going":false,"_tribe_ticket_use_global_stock":"","_tribe_ticket_global_stock_level":"","_global_stock_mode":"","_global_stock_cap":"","_tribe_rsvp_for_event":"","_tribe_ticket_going_count":"","_tribe_ticket_not_going_count":"","_tribe_tickets_list":"[]","_tribe_ticket_has_attendee_info_fields":false,"_EventAllDay":false,"_EventTimezone":"","_EventStartDate":"","_EventEndDate":"","_EventStartDateUTC":"","_EventEndDateUTC":"","_EventShowMap":false,"_EventShowMapLink":false,"_EventURL":"","_EventCost":"","_EventCostDescription":"","_EventCurrencySymbol":"","_EventCurrencyCode":"","_EventCurrencyPosition":"","_EventDateTimeSeparator":"","_EventTimeRangeSeparator":"","_EventOrganizerID":[],"_EventVenueID":[],"_OrganizerEmail":"","_OrganizerPhone":"","_OrganizerWebsite":"","_VenueAddress":"","_VenueCity":"","_VenueCountry":"","_VenueProvince":"","_VenueState":"","_VenueZip":"","_VenuePhone":"","_VenueURL":"","_VenueStateProvince":"","_VenueLat":"","_VenueLng":"","_VenueShowMap":false,"_VenueShowMapLink":false,"_tribe_blocks_recurrence_rules":"","_tribe_blocks_recurrence_description":"","_tribe_blocks_recurrence_exclusions":"","jetpack_post_was_ever_published":false,"footnotes":""},"class_list":["post-4704","page","type-page","status-publish","has-post-thumbnail","hentry"],"campaignId":"","jetpack_sharing_enabled":false,"jetpack_shortlink":"https:\/\/wp.me\/PaFejT-1dS","_links":{"self":[{"href":"https:\/\/www.basqueeducational.org\/es\/wp-json\/wp\/v2\/pages\/4704","targetHints":{"allow":["GET"]}}],"collection":[{"href":"https:\/\/www.basqueeducational.org\/es\/wp-json\/wp\/v2\/pages"}],"about":[{"href":"https:\/\/www.basqueeducational.org\/es\/wp-json\/wp\/v2\/types\/page"}],"author":[{"embeddable":true,"href":"https:\/\/www.basqueeducational.org\/es\/wp-json\/wp\/v2\/users\/1"}],"replies":[{"embeddable":true,"href":"https:\/\/www.basqueeducational.org\/es\/wp-json\/wp\/v2\/comments?post=4704"}],"version-history":[{"count":5,"href":"https:\/\/www.basqueeducational.org\/es\/wp-json\/wp\/v2\/pages\/4704\/revisions"}],"predecessor-version":[{"id":5024,"href":"https:\/\/www.basqueeducational.org\/es\/wp-json\/wp\/v2\/pages\/4704\/revisions\/5024"}],"up":[{"embeddable":true,"href":"https:\/\/www.basqueeducational.org\/es\/wp-json\/wp\/v2\/pages\/2567"}],"wp:featuredmedia":[{"embeddable":true,"href":"https:\/\/www.basqueeducational.org\/es\/wp-json\/wp\/v2\/media\/4706"}],"wp:attachment":[{"href":"https:\/\/www.basqueeducational.org\/es\/wp-json\/wp\/v2\/media?parent=4704"}],"curies":[{"name":"wp","href":"https:\/\/api.w.org\/{rel}","templated":true}]}}