{"id":4991,"date":"2023-01-24T02:15:08","date_gmt":"2023-01-24T02:15:08","guid":{"rendered":"https:\/\/www.basqueeducational.org\/?page_id=4991"},"modified":"2024-01-24T08:05:29","modified_gmt":"2024-01-24T08:05:29","slug":"nora","status":"publish","type":"page","link":"https:\/\/www.basqueeducational.org\/es\/movies-in-our-collection\/nora\/","title":{"rendered":"Nora"},"content":{"rendered":"<div class=\"wpb-content-wrapper\"><div class=\"vc_row wpb_row vc_row-fluid gradient-container-1\"><div class=\"gradient-column-1 wpb_column vc_column_container vc_col-sm-12\"><div class=\"vc_column-inner\"><div class=\"wpb_wrapper\">\n\t<div class=\"wpb_text_column wpb_content_element\" >\n\t\t<div class=\"wpb_wrapper\">\n\t\t\t<p><!--more--><\/p>\n\n\t\t<\/div>\n\t<\/div>\n\n\t<div class=\"wpb_video_widget wpb_content_element vc_clearfix   vc_video-aspect-ratio-169 vc_video-el-width-100 vc_video-align-center\" >\n\t\t<div class=\"wpb_wrapper\">\n\t\t\t\n\t\t\t<div class=\"wpb_video_wrapper\"><div class=\"jetpack-video-wrapper\"><iframe title=\"Remolque NORA\" src=\"https:\/\/player.vimeo.com\/video\/463484605?dnt=1&amp;app_id=122963\" width=\"500\" height=\"281\" frameborder=\"0\" allow=\"autoplay; fullscreen; picture-in-picture\"><\/iframe><\/div><\/div>\n\t\t<\/div>\n\t<\/div>\n\n\t<div class=\"wpb_text_column wpb_content_element\" >\n\t\t<div class=\"wpb_wrapper\">\n\t\t\t<h5 style=\"text-align: center;\">\u00bfSe unir\u00e1 a nosotros? <a href=\"https:\/\/www.basqueeducational.org\/event\/basque-film-series-nora\/\">SE REQUIERE RESERVA - RSVP AQU\u00cd<\/a>.<\/h5>\n\n\t\t<\/div>\n\t<\/div>\n\n\t<div class=\"wpb_text_column wpb_content_element\" >\n\t\t<div class=\"wpb_wrapper\">\n\t\t\t<h5>SINOPSIS:<\/h5>\n<p>Nora tiene 30 a\u00f1os, vive con su abuelo argentino Nicol-s y cuida regularmente a los hijos de su amiga Meri. Escribe el hor\u00f3scopo para el peri\u00f3dico del pueblo, aunque su sue\u00f1o es ser escritora de viajes. Cuando muere su abuelo, hereda un viejo Dyane 6. A pesar de ser una p\u00e9sima conductora, Nora emprender\u00e1 sin rumbo un viaje por carretera a lo largo de la costa vasca para que las cenizas de su abuelo descansen por fin junto a las de su abuela. La carretera pronto le ense\u00f1ar\u00e1 que no es una viajera nata y que su sue\u00f1o no ten\u00eda nada que ver con vagabundear, sino que s\u00f3lo era una excusa para tener la oportunidad de ser libre, crecer, cerrar heridas y, por primera vez, encontrar su propia felicidad.<\/p>\n<p>M\u00e1s informaci\u00f3n:<a href=\"https:\/\/www.sansebastianfestival.com\/2020\/sections_and_films\/zinemira\/7\/680071\/in\"> https:\/\/www.sansebastianfestival.com\/2020\/sections_and_films\/zinemira\/7\/680071\/in<\/a><\/p>\n<p><em>2020, dirigida por Fernando Bernues, color, en euskara y castellano con subt\u00edtulos en ingl\u00e9s, 95 minutos<\/em><\/p>\n<ul>\n<li><b>Proyecci\u00f3n en el San Francisco Basque Cultural Center, 19.30 h.  | GRATIS<\/b><\/li>\n<\/ul>\n\n\t\t<\/div>\n\t<\/div>\n<div class=\"vc_separator wpb_content_element vc_separator_align_center vc_sep_width_100 vc_sep_pos_align_center vc_separator_no_text vc_sep_color_grey wpb_content_element  wpb_content_element\" ><span class=\"vc_sep_holder vc_sep_holder_l\"><span class=\"vc_sep_line\"><\/span><\/span><span class=\"vc_sep_holder vc_sep_holder_r\"><span class=\"vc_sep_line\"><\/span><\/span>\n<\/div><\/div><\/div><\/div><\/div><div class=\"vc_row wpb_row vc_row-fluid gradient-container-2\"><div class=\"gradient-column-2 wpb_column vc_column_container vc_col-sm-3\"><div class=\"vc_column-inner\"><div class=\"wpb_wrapper\">\n\t<div  class=\"wpb_single_image wpb_content_element vc_align_center wpb_content_element\">\n\t\t\n\t\t<figure class=\"wpb_wrapper vc_figure\">\n\t\t\t<div class=\"vc_single_image-wrapper   vc_box_border_grey\"><img decoding=\"async\" width=\"150\" height=\"150\" src=\"https:\/\/www.basqueeducational.org\/wp-content\/uploads\/2023\/01\/Lara-Izaguirre-150x150.png\" class=\"vc_single_image-img attachment-thumbnail\" alt=\"\" title=\"Lara Izaguirre\" srcset=\"https:\/\/www.basqueeducational.org\/wp-content\/uploads\/2023\/01\/Lara-Izaguirre-150x150.png 150w, https:\/\/www.basqueeducational.org\/wp-content\/uploads\/2023\/01\/Lara-Izaguirre-100x100.png 100w\" sizes=\"(max-width: 150px) 100vw, 150px\" \/><\/div>\n\t\t<\/figure>\n\t<\/div>\n<\/div><\/div><\/div><div class=\"gradient-column-3 wpb_column vc_column_container vc_col-sm-9\"><div class=\"vc_column-inner\"><div class=\"wpb_wrapper\">\n\t<div class=\"wpb_text_column wpb_content_element\" >\n\t\t<div class=\"wpb_wrapper\">\n\t\t\t<h5>Sobre la directora - Lara Izagirre<\/h5>\n<p>Lara Izagirre (Amorebieta-Etxano, Bizkaia, 1985) se licenci\u00f3 en Comunicaci\u00f3n Audiovisual en la Universidad del Pa\u00eds Vasco, continu\u00f3 sus estudios de cine en la New York Film Academy y realiz\u00f3 el m\u00e1ster de gui\u00f3n en la ESCAC. En 2010 fund\u00f3 la productora Gariza Produkzioak, desde la que ha escrito, dirigido y producido los cortometrajes Bicycle Poem (2010), Kea (2012), Next Stop: Greenland (2012), Sormenaren Bide Ezkutuak (2013), presentado en la secci\u00f3n Culinary Zinema de San Sebasti\u00e1n, y Larroxa (2013). En 2015 estren\u00f3 su primer largometraje de ficci\u00f3n, Un oto\u00d2o sin Berl\u00ccn, en la Gala del Cine Vasco del Festival de San Sebasti\u00e1n. Su actriz protagonista, Irene Escolar, obtuvo el Goya a la Mejor Actriz Revelaci\u00f3n. Nora fue seleccionada para el Foro de Coproducci\u00f3n de San Sebasti\u00e1n en 2018.<\/p>\n\n\t\t<\/div>\n\t<\/div>\n<\/div><\/div><\/div><\/div>\n<\/div>","protected":false},"excerpt":{"rendered":"Will you be joining us? RESERVATIONS REQUIRED - RSVP HERE. SYNOPSIS: Nora is 30 years old; she lives with her Argentinian grandfather Nicol\u00b7s and regularly takes care of her friend [...]","protected":false},"author":1,"featured_media":4995,"parent":2567,"menu_order":1,"comment_status":"closed","ping_status":"closed","template":"","meta":{"give_campaign_id":0,"_tec_requires_first_save":true,"_exactmetrics_skip_tracking":false,"_exactmetrics_sitenote_active":false,"_exactmetrics_sitenote_note":"","_exactmetrics_sitenote_category":0,"_price":"","_stock":"","_tribe_ticket_header":"","_tribe_default_ticket_provider":"","_tribe_ticket_capacity":"0","_ticket_start_date":"","_ticket_end_date":"","_tribe_ticket_show_description":"","_tribe_ticket_show_not_going":false,"_tribe_ticket_use_global_stock":"","_tribe_ticket_global_stock_level":"","_global_stock_mode":"","_global_stock_cap":"","_tribe_rsvp_for_event":"","_tribe_ticket_going_count":"","_tribe_ticket_not_going_count":"","_tribe_tickets_list":"[]","_tribe_ticket_has_attendee_info_fields":false,"_EventAllDay":false,"_EventTimezone":"","_EventStartDate":"","_EventEndDate":"","_EventStartDateUTC":"","_EventEndDateUTC":"","_EventShowMap":false,"_EventShowMapLink":false,"_EventURL":"","_EventCost":"","_EventCostDescription":"","_EventCurrencySymbol":"","_EventCurrencyCode":"","_EventCurrencyPosition":"","_EventDateTimeSeparator":"","_EventTimeRangeSeparator":"","_EventOrganizerID":[],"_EventVenueID":[],"_OrganizerEmail":"","_OrganizerPhone":"","_OrganizerWebsite":"","_VenueAddress":"","_VenueCity":"","_VenueCountry":"","_VenueProvince":"","_VenueState":"","_VenueZip":"","_VenuePhone":"","_VenueURL":"","_VenueStateProvince":"","_VenueLat":"","_VenueLng":"","_VenueShowMap":false,"_VenueShowMapLink":false,"_tribe_blocks_recurrence_rules":"","_tribe_blocks_recurrence_description":"","_tribe_blocks_recurrence_exclusions":"","jetpack_post_was_ever_published":false,"footnotes":""},"class_list":["post-4991","page","type-page","status-publish","has-post-thumbnail","hentry"],"campaignId":"","jetpack_sharing_enabled":false,"jetpack_shortlink":"https:\/\/wp.me\/PaFejT-1iv","_links":{"self":[{"href":"https:\/\/www.basqueeducational.org\/es\/wp-json\/wp\/v2\/pages\/4991","targetHints":{"allow":["GET"]}}],"collection":[{"href":"https:\/\/www.basqueeducational.org\/es\/wp-json\/wp\/v2\/pages"}],"about":[{"href":"https:\/\/www.basqueeducational.org\/es\/wp-json\/wp\/v2\/types\/page"}],"author":[{"embeddable":true,"href":"https:\/\/www.basqueeducational.org\/es\/wp-json\/wp\/v2\/users\/1"}],"replies":[{"embeddable":true,"href":"https:\/\/www.basqueeducational.org\/es\/wp-json\/wp\/v2\/comments?post=4991"}],"version-history":[{"count":4,"href":"https:\/\/www.basqueeducational.org\/es\/wp-json\/wp\/v2\/pages\/4991\/revisions"}],"predecessor-version":[{"id":6253,"href":"https:\/\/www.basqueeducational.org\/es\/wp-json\/wp\/v2\/pages\/4991\/revisions\/6253"}],"up":[{"embeddable":true,"href":"https:\/\/www.basqueeducational.org\/es\/wp-json\/wp\/v2\/pages\/2567"}],"wp:featuredmedia":[{"embeddable":true,"href":"https:\/\/www.basqueeducational.org\/es\/wp-json\/wp\/v2\/media\/4995"}],"wp:attachment":[{"href":"https:\/\/www.basqueeducational.org\/es\/wp-json\/wp\/v2\/media?parent=4991"}],"curies":[{"name":"wp","href":"https:\/\/api.w.org\/{rel}","templated":true}]}}