{"id":5000,"date":"2023-01-24T03:23:01","date_gmt":"2023-01-24T03:23:01","guid":{"rendered":"https:\/\/www.basqueeducational.org\/?page_id=5000"},"modified":"2024-01-24T08:06:11","modified_gmt":"2024-01-24T08:06:11","slug":"maixabel","status":"publish","type":"page","link":"https:\/\/www.basqueeducational.org\/es\/movies-in-our-collection\/maixabel\/","title":{"rendered":"Maixabel"},"content":{"rendered":"<div class=\"wpb-content-wrapper\"><div class=\"vc_row wpb_row vc_row-fluid gradient-container-1\"><div class=\"gradient-column-1 wpb_column vc_column_container vc_col-sm-12\"><div class=\"vc_column-inner\"><div class=\"wpb_wrapper\">\n\t<div class=\"wpb_text_column wpb_content_element\" >\n\t\t<div class=\"wpb_wrapper\">\n\t\t\t<p><!--more--><\/p>\n\n\t\t<\/div>\n\t<\/div>\n\n\t<div class=\"wpb_video_widget wpb_content_element vc_clearfix   vc_video-aspect-ratio-169 vc_video-el-width-100 vc_video-align-center\" >\n\t\t<div class=\"wpb_wrapper\">\n\t\t\t\n\t\t\t<div class=\"wpb_video_wrapper\"><div class=\"jetpack-video-wrapper\"><span class=\"embed-youtube\" style=\"text-align:center; display: block;\"><iframe class=\"youtube-player\" width=\"700\" height=\"394\" src=\"https:\/\/www.youtube.com\/embed\/RJHlh5zTaiE?version=3&#038;rel=1&#038;showsearch=0&#038;showinfo=1&#038;iv_load_policy=1&#038;fs=1&#038;hl=es-ES&#038;autohide=2&#038;wmode=transparent\" allowfullscreen=\"true\" style=\"border:0;\" sandbox=\"allow-scripts allow-same-origin allow-popups allow-presentation allow-popups-to-escape-sandbox\"><\/iframe><\/span><\/div><\/div>\n\t\t<\/div>\n\t<\/div>\n\n\t<div class=\"wpb_text_column wpb_content_element\" >\n\t\t<div class=\"wpb_wrapper\">\n\t\t\t<h5 style=\"text-align: center;\">\u00bfSe unir\u00e1 a nosotros? <span style=\"color: #800000;\">LAS RESERVAS SER\u00c1N OBLIGATORIAS Y SE ABRIR\u00c1N A PRINCIPIOS DE ABRIL - permanezca atento.<\/span><\/h5>\n\n\t\t<\/div>\n\t<\/div>\n\n\t<div class=\"wpb_text_column wpb_content_element\" >\n\t\t<div class=\"wpb_wrapper\">\n\t\t\t<h5>SINOPSIS:<\/h5>\n<p>Maixabel Lasa pierde a su marido, Juan Mar\u00eda J\u00e1uregui, en 2000 a manos del\u00a0<a title=\"ETA (grupo separatista)\" href=\"https:\/\/en.wikipedia.org\/wiki\/ETA_(separatist_group)\">ETA<\/a>. M\u00e1s tarde se convierte en directora de la oficina vasca para las v\u00edctimas del terrorismo. Los asesinos de J\u00e1uregui son condenados a prisi\u00f3n, donde comienzan a rechazar la violencia. Once a\u00f1os m\u00e1s tarde, recibe una invitaci\u00f3n para una entrevista de uno de los asesinos de su marido, que cumple condena en una c\u00e1rcel de\u00a0<a title=\"Nanclares de la Oca\" href=\"https:\/\/en.wikipedia.org\/wiki\/Nanclares_de_la_Oca\">Nanclares de la Oca<\/a>\u00a0en\u00a0<a title=\"\u00c1lava\" href=\"https:\/\/en.wikipedia.org\/wiki\/%C3%81lava\">\u00c1lava<\/a>Despu\u00e9s de cortar sus lazos con el grupo terrorista. A pesar de las dudas y de un inmenso dolor, Maixabel acepta la invitaci\u00f3n y se encuentra cara a cara con el hombre que acab\u00f3 con la vida de su marido. Esta pel\u00edcula est\u00e1 basada en una historia real.<\/p>\n<p>M\u00e1s informaci\u00f3n: <a href=\"https:\/\/www.sansebastianfestival.com\/2021\/sections_and_films\/official_selection\/7\/690025\/in\">https:\/\/www.sansebastianfestival.com\/2020\/sections_and_films\/zinemira\/7\/680071\/in<\/a><\/p>\n<p><em>2021, dirigida por Ic\u00ccar Bolla\u00ccn, color, en euskara y castellano con subt\u00edtulos en ingl\u00e9s, 115 minutos.<\/em><\/p>\n<ul>\n<li><b>21 DE ABRIL con el ponente invitado Dr. Larraitz Ariznabarreta.<\/b><\/li>\n<\/ul>\n\n\t\t<\/div>\n\t<\/div>\n<div class=\"vc_separator wpb_content_element vc_separator_align_center vc_sep_width_100 vc_sep_pos_align_center vc_separator_no_text vc_sep_color_grey wpb_content_element  wpb_content_element\" ><span class=\"vc_sep_holder vc_sep_holder_l\"><span class=\"vc_sep_line\"><\/span><\/span><span class=\"vc_sep_holder vc_sep_holder_r\"><span class=\"vc_sep_line\"><\/span><\/span>\n<\/div><\/div><\/div><\/div><\/div><div class=\"vc_row wpb_row vc_row-fluid gradient-container-2\"><div class=\"gradient-column-2 wpb_column vc_column_container vc_col-sm-3\"><div class=\"vc_column-inner\"><div class=\"wpb_wrapper\">\n\t<div  class=\"wpb_single_image wpb_content_element vc_align_center wpb_content_element\">\n\t\t\n\t\t<figure class=\"wpb_wrapper vc_figure\">\n\t\t\t<div class=\"vc_single_image-wrapper   vc_box_border_grey\"><img decoding=\"async\" width=\"150\" height=\"150\" src=\"https:\/\/www.basqueeducational.org\/wp-content\/uploads\/2023\/01\/Director-www-150x150.png\" class=\"vc_single_image-img attachment-thumbnail\" alt=\"\" title=\"Director www\" srcset=\"https:\/\/www.basqueeducational.org\/wp-content\/uploads\/2023\/01\/Director-www-150x150.png 150w, https:\/\/www.basqueeducational.org\/wp-content\/uploads\/2023\/01\/Director-www-100x100.png 100w\" sizes=\"(max-width: 150px) 100vw, 150px\" \/><\/div>\n\t\t<\/figure>\n\t<\/div>\n<\/div><\/div><\/div><div class=\"gradient-column-3 wpb_column vc_column_container vc_col-sm-9\"><div class=\"vc_column-inner\"><div class=\"wpb_wrapper\">\n\t<div class=\"wpb_text_column wpb_content_element\" >\n\t\t<div class=\"wpb_wrapper\">\n\t\t\t<h5>Acerca del Director - ICIAR BOLLAIN<\/h5>\n<p>Iciar Bolla\u00ccn (Madrid, 1967) ha dirigido los largometrajes Hola, \u00f8est-s sola? (1996); Flores de otro mundo (1999), premiada en la Semana de la Cr\u00edtica de Cannes; Te doy mis ojos (2003), por la que sus dos protagonistas recibieron sendas Conchas de Plata en San Sebasti\u00e1n y obtuvo siete Goyas; Mataharis (Secci\u00f3n Oficial, 2007); Tambi\u00c8n la lluvia (2009), Premio Panorama en Berl\u00edn; En tierra extra\u00d2a (Proyecciones Especiales, 2014); El olivo (2015), Goya a la Mejor Actriz Revelaci\u00f3n; Yuli (2018), Premio del Jurado al Mejor Gui\u00f3n en San Sebasti\u00e1n, y La boda de Rosa (2020), Goya a la Mejor Actriz de Reparto y Mejor Canci\u00f3n Original y Premio Especial del Jurado y Biznaga de Plata a la Mejor Actriz de Reparto en M\u00e1laga.<\/p>\n\n\t\t<\/div>\n\t<\/div>\n<\/div><\/div><\/div><\/div>\n<\/div>","protected":false},"excerpt":{"rendered":"Will you be joining us? RESERVATIONS will be REQUIRED AND WILL OPEN UP IN THE BEGINNING OF APRIL - stay tuned. SYNOPSIS: Maixabel Lasa loses her husband, Juan Mar\u00eda J\u00e1uregui, [...]","protected":false},"author":1,"featured_media":5003,"parent":2567,"menu_order":2,"comment_status":"closed","ping_status":"closed","template":"","meta":{"give_campaign_id":0,"_tec_requires_first_save":true,"_exactmetrics_skip_tracking":false,"_exactmetrics_sitenote_active":false,"_exactmetrics_sitenote_note":"","_exactmetrics_sitenote_category":0,"_price":"","_stock":"","_tribe_ticket_header":"","_tribe_default_ticket_provider":"","_tribe_ticket_capacity":"0","_ticket_start_date":"","_ticket_end_date":"","_tribe_ticket_show_description":"","_tribe_ticket_show_not_going":false,"_tribe_ticket_use_global_stock":"","_tribe_ticket_global_stock_level":"","_global_stock_mode":"","_global_stock_cap":"","_tribe_rsvp_for_event":"","_tribe_ticket_going_count":"","_tribe_ticket_not_going_count":"","_tribe_tickets_list":"[]","_tribe_ticket_has_attendee_info_fields":false,"_EventAllDay":false,"_EventTimezone":"","_EventStartDate":"","_EventEndDate":"","_EventStartDateUTC":"","_EventEndDateUTC":"","_EventShowMap":false,"_EventShowMapLink":false,"_EventURL":"","_EventCost":"","_EventCostDescription":"","_EventCurrencySymbol":"","_EventCurrencyCode":"","_EventCurrencyPosition":"","_EventDateTimeSeparator":"","_EventTimeRangeSeparator":"","_EventOrganizerID":[],"_EventVenueID":[],"_OrganizerEmail":"","_OrganizerPhone":"","_OrganizerWebsite":"","_VenueAddress":"","_VenueCity":"","_VenueCountry":"","_VenueProvince":"","_VenueState":"","_VenueZip":"","_VenuePhone":"","_VenueURL":"","_VenueStateProvince":"","_VenueLat":"","_VenueLng":"","_VenueShowMap":false,"_VenueShowMapLink":false,"_tribe_blocks_recurrence_rules":"","_tribe_blocks_recurrence_description":"","_tribe_blocks_recurrence_exclusions":"","jetpack_post_was_ever_published":false,"footnotes":""},"class_list":["post-5000","page","type-page","status-publish","has-post-thumbnail","hentry"],"campaignId":"","jetpack_sharing_enabled":false,"jetpack_shortlink":"https:\/\/wp.me\/PaFejT-1iE","_links":{"self":[{"href":"https:\/\/www.basqueeducational.org\/es\/wp-json\/wp\/v2\/pages\/5000","targetHints":{"allow":["GET"]}}],"collection":[{"href":"https:\/\/www.basqueeducational.org\/es\/wp-json\/wp\/v2\/pages"}],"about":[{"href":"https:\/\/www.basqueeducational.org\/es\/wp-json\/wp\/v2\/types\/page"}],"author":[{"embeddable":true,"href":"https:\/\/www.basqueeducational.org\/es\/wp-json\/wp\/v2\/users\/1"}],"replies":[{"embeddable":true,"href":"https:\/\/www.basqueeducational.org\/es\/wp-json\/wp\/v2\/comments?post=5000"}],"version-history":[{"count":4,"href":"https:\/\/www.basqueeducational.org\/es\/wp-json\/wp\/v2\/pages\/5000\/revisions"}],"predecessor-version":[{"id":6254,"href":"https:\/\/www.basqueeducational.org\/es\/wp-json\/wp\/v2\/pages\/5000\/revisions\/6254"}],"up":[{"embeddable":true,"href":"https:\/\/www.basqueeducational.org\/es\/wp-json\/wp\/v2\/pages\/2567"}],"wp:featuredmedia":[{"embeddable":true,"href":"https:\/\/www.basqueeducational.org\/es\/wp-json\/wp\/v2\/media\/5003"}],"wp:attachment":[{"href":"https:\/\/www.basqueeducational.org\/es\/wp-json\/wp\/v2\/media?parent=5000"}],"curies":[{"name":"wp","href":"https:\/\/api.w.org\/{rel}","templated":true}]}}