{"id":5077,"date":"2023-02-16T21:28:04","date_gmt":"2023-02-16T21:28:04","guid":{"rendered":"https:\/\/www.basqueeducational.org\/?page_id=5077"},"modified":"2023-02-16T21:28:07","modified_gmt":"2023-02-16T21:28:07","slug":"agur-jaunak-by-euskadiko-orkestra","status":"publish","type":"page","link":"https:\/\/www.basqueeducational.org\/es\/agur-jaunak-by-euskadiko-orkestra\/","title":{"rendered":"\"AGUR JAUNAK\" DE EUSKADIKO ORKESTRA"},"content":{"rendered":"<div style=\"padding:52.73% 0 0 0;position:relative;\"><iframe src=\"https:\/\/player.vimeo.com\/video\/405422294?h=90f4818c2b&#038;autoplay=1&#038;loop=1&#038;title=0&#038;byline=0&#038;portrait=0\" style=\"position:absolute;top:0;left:0;width:100%;height:100%;\" frameborder=\"0\" allow=\"autoplay; fullscreen; picture-in-picture\" allowfullscreen><\/iframe><\/div><script src=\"https:\/\/player.vimeo.com\/api\/player.js\"><\/script>\n\n\"Agur Jaunak eta Andreak\", interpretada virtualmente por Euskadiko Orkestra durante la pandemia, fue dise\u00f1ada para enviar un mensaje de solidaridad y demostrar que la m\u00fasica, como COVID-19, no tiene fronteras.\n\n\n\n<h3 class=\"wp-block-heading\"><strong>\u00a1Sube el volumen!<\/strong><\/h3>\n\n\n\n<p>Para la mayor\u00eda de los est\u00e1ndares, la Orquesta Nacional de Euskadi es una sinf\u00f3nica joven, ya que se form\u00f3 en 1982. Su cat\u00e1logo musical es amplio y rico, pero lo que resulta una experiencia divertida y deliciosa es recorrer su Colecci\u00f3n de M\u00fasica Vasca, una discograf\u00eda de 15 vol\u00famenes que refleja a m\u00fasicos y compositores vascos de fama internacional.<\/p>\n\n\n\n<p>Aunque la pandemia puede haber sido la inspiraci\u00f3n para la versi\u00f3n de inspiraci\u00f3n bruckneriana de \"Agur Jaunak\", Euskadiko Orkestra es el regalo que sigue dando, sobre todo para aquellos de nosotros que no podemos experimentar su trabajo en persona.<\/p>\n\n\n\n<p>Le animamos a seguir sus&nbsp;<a href=\"https:\/\/www.youtube.com\/@Euskadiko_Orkestra\/videos\" target=\"_blank\" rel=\"noreferrer noopener\">Canal YouTube<\/a>pero tambi\u00e9n muchas de sus grabaciones se pueden encontrar en otros formatos digitales como iTunes y Amazon Music. Mientras tanto, para ir abriendo boca, te retamos a que entres en su web, elijas un disco, pulses PLAY, cierres los ojos, y te adentres en todos los bellos viajes que tantos compositores vascos han creado para que disfrutemos. \u00a1Feliz escucha!<\/p>\n\n\n\n<div class=\"wp-block-buttons is-layout-flex wp-block-buttons-is-layout-flex\">\n<div class=\"wp-block-button\"><a class=\"wp-block-button__link wp-element-button\" href=\"https:\/\/en.euskadikoorkestra.eus\/look-and-listen\/discography\" target=\"_blank\" rel=\"noreferrer noopener\">VISITA ESKADIKO ORKESTRA<\/a><\/div>\n<\/div>","protected":false},"excerpt":{"rendered":"<p>&#8220;Agur Jaunak eta Andreak&#8221; performed virtually by Euskadiko Orkestra during the pandemic, was designed to send a message of solidarity and demonstrate music, like COVID-19, has no boundaries. Volume up! [&hellip;]<\/p>\n","protected":false},"author":1,"featured_media":0,"parent":0,"menu_order":0,"comment_status":"closed","ping_status":"closed","template":"","meta":{"give_campaign_id":0,"_tec_requires_first_save":true,"_exactmetrics_skip_tracking":false,"_exactmetrics_sitenote_active":false,"_exactmetrics_sitenote_note":"","_exactmetrics_sitenote_category":0,"_price":"","_stock":"","_tribe_ticket_header":"","_tribe_default_ticket_provider":"","_tribe_ticket_capacity":"0","_ticket_start_date":"","_ticket_end_date":"","_tribe_ticket_show_description":"","_tribe_ticket_show_not_going":false,"_tribe_ticket_use_global_stock":"","_tribe_ticket_global_stock_level":"","_global_stock_mode":"","_global_stock_cap":"","_tribe_rsvp_for_event":"","_tribe_ticket_going_count":"","_tribe_ticket_not_going_count":"","_tribe_tickets_list":"[]","_tribe_ticket_has_attendee_info_fields":false,"_EventAllDay":false,"_EventTimezone":"","_EventStartDate":"","_EventEndDate":"","_EventStartDateUTC":"","_EventEndDateUTC":"","_EventShowMap":false,"_EventShowMapLink":false,"_EventURL":"","_EventCost":"","_EventCostDescription":"","_EventCurrencySymbol":"","_EventCurrencyCode":"","_EventCurrencyPosition":"","_EventDateTimeSeparator":"","_EventTimeRangeSeparator":"","_EventOrganizerID":[],"_EventVenueID":[],"_OrganizerEmail":"","_OrganizerPhone":"","_OrganizerWebsite":"","_VenueAddress":"","_VenueCity":"","_VenueCountry":"","_VenueProvince":"","_VenueState":"","_VenueZip":"","_VenuePhone":"","_VenueURL":"","_VenueStateProvince":"","_VenueLat":"","_VenueLng":"","_VenueShowMap":false,"_VenueShowMapLink":false,"_tribe_blocks_recurrence_rules":"","_tribe_blocks_recurrence_description":"","_tribe_blocks_recurrence_exclusions":"","jetpack_post_was_ever_published":false,"footnotes":""},"class_list":["post-5077","page","type-page","status-publish","hentry"],"campaignId":"","jetpack_sharing_enabled":true,"jetpack_shortlink":"https:\/\/wp.me\/PaFejT-1jT","_links":{"self":[{"href":"https:\/\/www.basqueeducational.org\/es\/wp-json\/wp\/v2\/pages\/5077","targetHints":{"allow":["GET"]}}],"collection":[{"href":"https:\/\/www.basqueeducational.org\/es\/wp-json\/wp\/v2\/pages"}],"about":[{"href":"https:\/\/www.basqueeducational.org\/es\/wp-json\/wp\/v2\/types\/page"}],"author":[{"embeddable":true,"href":"https:\/\/www.basqueeducational.org\/es\/wp-json\/wp\/v2\/users\/1"}],"replies":[{"embeddable":true,"href":"https:\/\/www.basqueeducational.org\/es\/wp-json\/wp\/v2\/comments?post=5077"}],"version-history":[{"count":2,"href":"https:\/\/www.basqueeducational.org\/es\/wp-json\/wp\/v2\/pages\/5077\/revisions"}],"predecessor-version":[{"id":5079,"href":"https:\/\/www.basqueeducational.org\/es\/wp-json\/wp\/v2\/pages\/5077\/revisions\/5079"}],"wp:attachment":[{"href":"https:\/\/www.basqueeducational.org\/es\/wp-json\/wp\/v2\/media?parent=5077"}],"curies":[{"name":"wp","href":"https:\/\/api.w.org\/{rel}","templated":true}]}}