{"id":6220,"date":"2024-01-24T06:59:56","date_gmt":"2024-01-24T06:59:56","guid":{"rendered":"https:\/\/www.basqueeducational.org\/?page_id=6220"},"modified":"2025-05-01T05:22:57","modified_gmt":"2025-05-01T05:22:57","slug":"las-buenas-companias-in-the-company-of-women","status":"publish","type":"page","link":"https:\/\/www.basqueeducational.org\/es\/movies-in-our-collection\/las-buenas-companias-in-the-company-of-women\/","title":{"rendered":"Las Buenas Compa\u00f1\u00edas \/ In the Company of Women"},"content":{"rendered":"<div class=\"wpb-content-wrapper\"><div class=\"vc_row wpb_row vc_row-fluid gradient-container-1\"><div class=\"gradient-column-1 wpb_column vc_column_container vc_col-sm-12\"><div class=\"vc_column-inner\"><div class=\"wpb_wrapper\">\n\t<div class=\"wpb_text_column wpb_content_element\" >\n\t\t<div class=\"wpb_wrapper\">\n\t\t\t<p><!--more--><\/p>\n\n\t\t<\/div>\n\t<\/div>\n\n\t<div class=\"wpb_text_column wpb_content_element\" >\n\t\t<div class=\"wpb_wrapper\">\n\t\t\t<h5>SINOPSIS:<\/h5>\n<p><span style=\"font-weight: 400;\">Verano de 1977. Bea tiene 16 a\u00f1os y se une a los vientos de cambio que soplan en el pa\u00eds; colabora con un grupo de mujeres para concienciar sobre la causa feminista y ayudarlas a abortar en condiciones dignas. La rebeld\u00eda que hierve en su sangre se mezclar\u00e1 con un sentimiento inesperado y pondr\u00e1 su vida patas arriba: se enamora de una chica un poco mayor que ella y de buena familia. Lo que no sabe es que esa misteriosa chica, Miren, guarda un secreto que catapultar\u00e1 a Bea directamente al doloroso mundo de los adultos. <\/span><\/p>\n<p><span style=\"font-weight: 400;\">2023 - Festival Internacional de Cine de San Sebasti\u00e1n - 71\u00aa edici\u00f3n.<\/span><\/p>\n<p><em><span style=\"font-weight: 400;\">2023, Dirigida por Silvia Munt, 94 minutos, color, en euskara y castellano con subt\u00edtulos en ingl\u00e9s<\/span><\/em><\/p>\n\n\t\t<\/div>\n\t<\/div>\n<div class=\"vc_separator wpb_content_element vc_separator_align_center vc_sep_width_100 vc_sep_pos_align_center vc_separator_no_text vc_sep_color_grey wpb_content_element  wpb_content_element\" ><span class=\"vc_sep_holder vc_sep_holder_l\"><span class=\"vc_sep_line\"><\/span><\/span><span class=\"vc_sep_holder vc_sep_holder_r\"><span class=\"vc_sep_line\"><\/span><\/span>\n<\/div>\n\t<div class=\"wpb_video_widget wpb_content_element vc_clearfix   vc_video-aspect-ratio-169 vc_video-el-width-100 vc_video-align-left\" >\n\t\t<div class=\"wpb_wrapper\">\n\t\t\t\n\t\t\t<div class=\"wpb_video_wrapper\"><div class=\"jetpack-video-wrapper\"><span class=\"embed-youtube\" style=\"text-align:center; display: block;\"><iframe class=\"youtube-player\" width=\"700\" height=\"394\" src=\"https:\/\/www.youtube.com\/embed\/1rgrbJ6G4Ks?version=3&#038;rel=1&#038;showsearch=0&#038;showinfo=1&#038;iv_load_policy=1&#038;fs=1&#038;hl=es-ES&#038;autohide=2&#038;wmode=transparent\" allowfullscreen=\"true\" style=\"border:0;\" sandbox=\"allow-scripts allow-same-origin allow-popups allow-presentation allow-popups-to-escape-sandbox\"><\/iframe><\/span><\/div><\/div>\n\t\t<\/div>\n\t<\/div>\n<\/div><\/div><\/div><\/div><div class=\"vc_row wpb_row vc_row-fluid gradient-container-2\"><div class=\"gradient-column-2 wpb_column vc_column_container vc_col-sm-3\"><div class=\"vc_column-inner\"><div class=\"wpb_wrapper\">\n\t<div  class=\"wpb_single_image wpb_content_element vc_align_center wpb_content_element\">\n\t\t\n\t\t<figure class=\"wpb_wrapper vc_figure\">\n\t\t\t<div class=\"vc_single_image-wrapper   vc_box_border_grey\"><img decoding=\"async\" width=\"150\" height=\"150\" src=\"https:\/\/www.basqueeducational.org\/wp-content\/uploads\/2024\/01\/las-buenas-director-150x150.png\" class=\"vc_single_image-img attachment-thumbnail\" alt=\"\" title=\"las buenas director\" srcset=\"https:\/\/www.basqueeducational.org\/wp-content\/uploads\/2024\/01\/las-buenas-director-150x150.png 150w, https:\/\/www.basqueeducational.org\/wp-content\/uploads\/2024\/01\/las-buenas-director-300x300.png 300w, https:\/\/www.basqueeducational.org\/wp-content\/uploads\/2024\/01\/las-buenas-director-348x348.png 348w, https:\/\/www.basqueeducational.org\/wp-content\/uploads\/2024\/01\/las-buenas-director-354x354.png 354w, https:\/\/www.basqueeducational.org\/wp-content\/uploads\/2024\/01\/las-buenas-director-100x100.png 100w, https:\/\/www.basqueeducational.org\/wp-content\/uploads\/2024\/01\/las-buenas-director.png 400w\" sizes=\"(max-width: 150px) 100vw, 150px\" \/><\/div>\n\t\t<\/figure>\n\t<\/div>\n<\/div><\/div><\/div><div class=\"gradient-column-3 wpb_column vc_column_container vc_col-sm-9\"><div class=\"vc_column-inner\"><div class=\"wpb_wrapper\">\n\t<div class=\"wpb_text_column wpb_content_element\" >\n\t\t<div class=\"wpb_wrapper\">\n\t\t\t<h5>Sobre la directora - SILVIA MUNT<\/h5>\n<p><span style=\"font-weight: 400;\">Las pel\u00edculas m\u00e1s destacadas de Silvia Munt (Barcelona, Espa\u00f1a. 1957) como actriz son La pla\u00e7a del diamant \/ El tiempo de las palomas (Francesc Betriu, 1981), Sal gorda (Fernando Trueba, 1983), Alas de mariposa (Juanma Bajo Ulloa, 1991), Concha de Oro en San Sebasti\u00e1n, por la que tambi\u00e9n gan\u00f3 el Goya a la mejor actriz, La pasi\u00f3n turca (Vicente Aranda, 1994) y Secretos del coraz\u00f3n (Montxo Armendariz, Made in Spanish, 1996). En 2003 dirigi\u00f3 su primer largometraje, el documental Elena Dimitrievna Diakonova Gala (Made in Spain), al que sigui\u00f3 su primera ficci\u00f3n, Pretextos \/ Pretexts (2007), Biznaga de Plata a la Mejor Direcci\u00f3n en M\u00e1laga, festival en el que volvi\u00f3 a participar con Las buenas compa\u00f1\u00edas \/ In the Company of Women. Fue miembro del Jurado Oficial en 2003.<\/span><\/p>\n\n\t\t<\/div>\n\t<\/div>\n<\/div><\/div><\/div><\/div>\n<\/div>","protected":false},"excerpt":{"rendered":"SYNOPSIS: Summer 1977. Bea is 16 and joins the winds of change blowing through the country; she collaborates with a group of women to raise awareness of the feminist cause [...]","protected":false},"author":1,"featured_media":6222,"parent":2567,"menu_order":3,"comment_status":"closed","ping_status":"closed","template":"","meta":{"give_campaign_id":0,"_tec_requires_first_save":true,"_exactmetrics_skip_tracking":false,"_exactmetrics_sitenote_active":false,"_exactmetrics_sitenote_note":"","_exactmetrics_sitenote_category":0,"_price":"","_stock":"","_tribe_ticket_header":"","_tribe_default_ticket_provider":"","_tribe_ticket_capacity":"0","_ticket_start_date":"","_ticket_end_date":"","_tribe_ticket_show_description":"","_tribe_ticket_show_not_going":false,"_tribe_ticket_use_global_stock":"","_tribe_ticket_global_stock_level":"","_global_stock_mode":"","_global_stock_cap":"","_tribe_rsvp_for_event":"","_tribe_ticket_going_count":"","_tribe_ticket_not_going_count":"","_tribe_tickets_list":"[]","_tribe_ticket_has_attendee_info_fields":false,"_EventAllDay":false,"_EventTimezone":"","_EventStartDate":"","_EventEndDate":"","_EventStartDateUTC":"","_EventEndDateUTC":"","_EventShowMap":false,"_EventShowMapLink":false,"_EventURL":"","_EventCost":"","_EventCostDescription":"","_EventCurrencySymbol":"","_EventCurrencyCode":"","_EventCurrencyPosition":"","_EventDateTimeSeparator":"","_EventTimeRangeSeparator":"","_EventOrganizerID":[],"_EventVenueID":[],"_OrganizerEmail":"","_OrganizerPhone":"","_OrganizerWebsite":"","_VenueAddress":"","_VenueCity":"","_VenueCountry":"","_VenueProvince":"","_VenueState":"","_VenueZip":"","_VenuePhone":"","_VenueURL":"","_VenueStateProvince":"","_VenueLat":"","_VenueLng":"","_VenueShowMap":false,"_VenueShowMapLink":false,"_tribe_blocks_recurrence_rules":"","_tribe_blocks_recurrence_description":"","_tribe_blocks_recurrence_exclusions":"","jetpack_post_was_ever_published":false,"footnotes":""},"class_list":["post-6220","page","type-page","status-publish","has-post-thumbnail","hentry"],"campaignId":"","jetpack_sharing_enabled":false,"jetpack_shortlink":"https:\/\/wp.me\/PaFejT-1Ck","_links":{"self":[{"href":"https:\/\/www.basqueeducational.org\/es\/wp-json\/wp\/v2\/pages\/6220","targetHints":{"allow":["GET"]}}],"collection":[{"href":"https:\/\/www.basqueeducational.org\/es\/wp-json\/wp\/v2\/pages"}],"about":[{"href":"https:\/\/www.basqueeducational.org\/es\/wp-json\/wp\/v2\/types\/page"}],"author":[{"embeddable":true,"href":"https:\/\/www.basqueeducational.org\/es\/wp-json\/wp\/v2\/users\/1"}],"replies":[{"embeddable":true,"href":"https:\/\/www.basqueeducational.org\/es\/wp-json\/wp\/v2\/comments?post=6220"}],"version-history":[{"count":5,"href":"https:\/\/www.basqueeducational.org\/es\/wp-json\/wp\/v2\/pages\/6220\/revisions"}],"predecessor-version":[{"id":8243,"href":"https:\/\/www.basqueeducational.org\/es\/wp-json\/wp\/v2\/pages\/6220\/revisions\/8243"}],"up":[{"embeddable":true,"href":"https:\/\/www.basqueeducational.org\/es\/wp-json\/wp\/v2\/pages\/2567"}],"wp:featuredmedia":[{"embeddable":true,"href":"https:\/\/www.basqueeducational.org\/es\/wp-json\/wp\/v2\/media\/6222"}],"wp:attachment":[{"href":"https:\/\/www.basqueeducational.org\/es\/wp-json\/wp\/v2\/media?parent=6220"}],"curies":[{"name":"wp","href":"https:\/\/api.w.org\/{rel}","templated":true}]}}