{"id":6680,"date":"2024-05-21T02:46:13","date_gmt":"2024-05-21T02:46:13","guid":{"rendered":"https:\/\/www.basqueeducational.org\/?page_id=6680"},"modified":"2026-05-01T17:00:22","modified_gmt":"2026-05-02T00:00:22","slug":"home-page-2024","status":"publish","type":"page","link":"https:\/\/www.basqueeducational.org\/es\/","title":{"rendered":"p\u00e1gina de inicio"},"content":{"rendered":"<div class=\"wp-block-cover alignfull has-parallax zeko-hero\" style=\"min-height:630px;aspect-ratio:unset;\"><div class=\"wp-block-cover__image-background wp-image-6692 has-parallax\" style=\"background-position:50% 50%;background-image:url(https:\/\/www.basqueeducational.org\/wp-content\/uploads\/2024\/05\/txalaparta-bw-1.png)\"><\/div><span aria-hidden=\"true\" class=\"wp-block-cover__background has-gray-background-color has-background-dim-10 has-background-dim\"><\/span><div class=\"wp-block-cover__inner-container is-layout-flow wp-block-cover-is-layout-flow\">\n<div class=\"wp-block-group wrap hero-container-outer\"><div class=\"wp-block-group__inner-container is-layout-flow wp-block-group-is-layout-flow\">\n<div class=\"wp-block-group hero-container-inner has-white-color has-text-color\"><div class=\"wp-block-group__inner-container is-layout-flow wp-block-group-is-layout-flow\">\n<div class=\"wp-block-group hero-container-inner has-white-color has-text-color\"><div class=\"wp-block-group__inner-container is-layout-flow wp-block-group-is-layout-flow\">\n<h1 class=\"wp-block-heading has-white-color has-text-color has-link-color wp-elements-e5a404cb6a564c1cddbe4916380b7fe4\" style=\"font-size:61px\">CREATIVITY educa e inspira. nuestro prop\u00f3sito es mantener viva la conversaci\u00f3n.<\/h1>\n\n\n\n<p>LA ORGANIZACI\u00d3N EDUCATIVA VASCA<\/p>\n\n\n\n<div class=\"wp-block-buttons is-layout-flex wp-block-buttons-is-layout-flex\" style=\"font-style:normal;font-weight:700;text-transform:uppercase\">\n<div class=\"wp-block-button\"><a class=\"wp-block-button__link has-white-color has-strong-red-background-color has-text-color has-background wp-element-button\" href=\"https:\/\/www.basqueeducational.org\/support-the-beo\/\">DONAR HOY<\/a><\/div>\n<\/div>\n<\/div><\/div>\n<\/div><\/div>\n<\/div><\/div>\n<\/div><\/div>\n\n\n\n<div class=\"wp-block-columns zeko-info is-layout-flex wp-container-core-columns-is-layout-9d6595d7 wp-block-columns-is-layout-flex\">\n<div class=\"wp-block-column is-vertically-aligned-center is-layout-flow wp-block-column-is-layout-flow\">\n<hr class=\"wp-block-separator has-text-color has-strong-red-color has-css-opacity has-strong-red-background-color has-background is-style-default\"\/>\n\n\n\n<h2 class=\"wp-block-heading has-large-font-size\">Lo primero que se piensa \/ lo m\u00e1s importante en la mente.<\/h2>\n\n\n\n<p>Lo que est\u00e1 abierto, sucediendo y vale tu atenci\u00f3n: <\/p>\n\n\n\n<ul class=\"wp-block-list\">\n<li><a href=\"https:\/\/www.basqueeducational.org\/event\/bfs-karmele-2\/\">PROYECCI\u00d3N DE KARMELE<\/a><\/li>\n\n\n\n<li><a href=\"https:\/\/www.basqueeducational.org\/little-free-basque-library\/\" target=\"_blank\" rel=\"noreferrer noopener\">LA PEQUE\u00d1A BIBLIOTECA VASCA GRATUITA<\/a><\/li>\n\n\n\n<li><a href=\"https:\/\/www.basqueeducational.org\/scholarship\/\">CONCURSO DE BECAS<\/a><\/li>\n\n\n\n<li><a href=\"https:\/\/www.basqueeducational.org\/creators-grant\/\">SOLICITUD DE SUBVENCI\u00d3N PARA CREADORES<\/a><\/li>\n\n\n\n<li><a href=\"https:\/\/www.basqueeducational.org\/womens-empowerment-fund\/\">SOLICITUD DE SUBVENCI\u00d3N PARA EL EMPODERAMIENTO DE LAS MUJERES<\/a><\/li>\n\n\n\n<li><a href=\"https:\/\/www.basqueeducational.org\/the-book-for-and-about-women\/\" target=\"_blank\" rel=\"noreferrer noopener\">EL IMPACTO DE LAS MUJERES EN LAS COMUNIDADES VASCAS: UNA COLECCI\u00d3N DE FOTOGRAF\u00cdAS Y PALABRAS, ED. 3<\/a><\/li>\n<\/ul>\n<\/div>\n\n\n\n<div class=\"wp-block-column is-layout-flow wp-block-column-is-layout-flow\">\n<figure class=\"wp-block-image size-full\"><img fetchpriority=\"high\" decoding=\"async\" width=\"574\" height=\"423\" src=\"https:\/\/www.basqueeducational.org\/wp-content\/uploads\/2026\/04\/sheep-on-top-of-the-mountain-bw.png\" alt=\"\" class=\"wp-image-9646\" srcset=\"https:\/\/www.basqueeducational.org\/wp-content\/uploads\/2026\/04\/sheep-on-top-of-the-mountain-bw.png 574w, https:\/\/www.basqueeducational.org\/wp-content\/uploads\/2026\/04\/sheep-on-top-of-the-mountain-bw-300x221.png 300w, https:\/\/www.basqueeducational.org\/wp-content\/uploads\/2026\/04\/sheep-on-top-of-the-mountain-bw-16x12.png 16w, https:\/\/www.basqueeducational.org\/wp-content\/uploads\/2026\/04\/sheep-on-top-of-the-mountain-bw-348x256.png 348w, https:\/\/www.basqueeducational.org\/wp-content\/uploads\/2026\/04\/sheep-on-top-of-the-mountain-bw-354x261.png 354w\" sizes=\"(max-width: 574px) 100vw, 574px\" \/><\/figure>\n<\/div>\n<\/div>\n\n\n\n<div class=\"wp-block-columns zeko-info is-layout-flex wp-container-core-columns-is-layout-9d6595d7 wp-block-columns-is-layout-flex\">\n<div class=\"wp-block-column is-layout-flow wp-block-column-is-layout-flow\">\n<figure class=\"wp-block-image size-full is-resized\"><img decoding=\"async\" width=\"574\" height=\"423\" src=\"https:\/\/www.basqueeducational.org\/wp-content\/uploads\/2025\/11\/Home-page-panel-1-bw.png\" alt=\"\" class=\"wp-image-8905\" style=\"width:536px;height:auto\" srcset=\"https:\/\/www.basqueeducational.org\/wp-content\/uploads\/2025\/11\/Home-page-panel-1-bw.png 574w, https:\/\/www.basqueeducational.org\/wp-content\/uploads\/2025\/11\/Home-page-panel-1-bw-300x221.png 300w, https:\/\/www.basqueeducational.org\/wp-content\/uploads\/2025\/11\/Home-page-panel-1-bw-16x12.png 16w, https:\/\/www.basqueeducational.org\/wp-content\/uploads\/2025\/11\/Home-page-panel-1-bw-348x256.png 348w, https:\/\/www.basqueeducational.org\/wp-content\/uploads\/2025\/11\/Home-page-panel-1-bw-354x261.png 354w\" sizes=\"(max-width: 574px) 100vw, 574px\" \/><\/figure>\n<\/div>\n\n\n\n<div class=\"wp-block-column is-vertically-aligned-center is-layout-flow wp-block-column-is-layout-flow\">\n<hr class=\"wp-block-separator has-text-color has-strong-red-color has-css-opacity has-strong-red-background-color has-background is-style-default\"\/>\n\n\n\n<h2 class=\"wp-block-heading has-large-font-size\">EXPLORA.<\/h2>\n\n\n\n<p>Los momentos significativos se crean cuando uno est\u00e1 dispuesto a compartir su versi\u00f3n de una experiencia con amor y pasi\u00f3n. Los libros que leemos, las pel\u00edculas que vemos, la m\u00fasica que escuchamos, la comida que comemos, las joyas que llevamos, los cuadros que colgamos, las fotos que hacemos, las cartas que escribimos, los instrumentos que tocamos... todo ello requiere valor. Nos centramos en la creatividad y sus creadores.<\/p>\n\n\n\n<div class=\"wp-block-buttons is-layout-flex wp-block-buttons-is-layout-flex\">\n<div class=\"wp-block-button is-style-fill\"><a class=\"wp-block-button__link has-white-color has-strong-red-background-color has-text-color has-background has-link-color wp-element-button\" href=\"https:\/\/www.basqueeducational.org\/explore-the-beo\/\" target=\"_blank\" rel=\"noreferrer noopener\">EXPLORAR lo que tenemos y a qui\u00e9n hemos conocido.<\/a><\/div>\n<\/div>\n<\/div>\n<\/div>\n\n\n\n<hr class=\"wp-block-separator has-text-color has-alpha-channel-opacity has-background is-style-wide\" style=\"background-color:#e3e2e2;color:#e3e2e2\"\/>\n\n\n\n<div class=\"wp-block-columns zeko-info is-layout-flex wp-container-core-columns-is-layout-9d6595d7 wp-block-columns-is-layout-flex\">\n<div class=\"wp-block-column is-vertically-aligned-center is-layout-flow wp-block-column-is-layout-flow\">\n<hr class=\"wp-block-separator has-text-color has-strong-red-color has-css-opacity has-strong-red-background-color has-background is-style-default\"\/>\n\n\n\n<h2 class=\"wp-block-heading has-large-font-size\">PARTICIPA.<\/h2>\n\n\n\n<p>Hablar. Escuchar. Hacer preguntas. Dar forma a las opiniones. Cambiar las mentalidades. Comprender a los dem\u00e1s. Aportar perspectiva. Esto es lo que incita la creatividad, c\u00f3mo aprendemos y d\u00f3nde continuamos la conversaci\u00f3n. Nuestro objetivo es crear espacios seguros para mantener estos debates.<\/p>\n\n\n\n<div class=\"wp-block-buttons is-layout-flex wp-block-buttons-is-layout-flex\">\n<div class=\"wp-block-button\"><a class=\"wp-block-button__link has-white-color has-strong-red-background-color has-text-color has-background has-link-color wp-element-button\" href=\"https:\/\/www.basqueeducational.org\/learn-with-the-beo\/\" target=\"_blank\" rel=\"noreferrer noopener\">APRENDE con nosotros.<\/a><\/div>\n<\/div>\n<\/div>\n\n\n\n<div class=\"wp-block-column is-layout-flow wp-block-column-is-layout-flow\">\n<figure class=\"wp-block-image size-full\"><img decoding=\"async\" width=\"574\" height=\"423\" src=\"https:\/\/www.basqueeducational.org\/wp-content\/uploads\/2025\/11\/Home-page-panel-2-bw-1.png\" alt=\"\" class=\"wp-image-8908\" srcset=\"https:\/\/www.basqueeducational.org\/wp-content\/uploads\/2025\/11\/Home-page-panel-2-bw-1.png 574w, https:\/\/www.basqueeducational.org\/wp-content\/uploads\/2025\/11\/Home-page-panel-2-bw-1-300x221.png 300w, https:\/\/www.basqueeducational.org\/wp-content\/uploads\/2025\/11\/Home-page-panel-2-bw-1-16x12.png 16w, https:\/\/www.basqueeducational.org\/wp-content\/uploads\/2025\/11\/Home-page-panel-2-bw-1-348x256.png 348w, https:\/\/www.basqueeducational.org\/wp-content\/uploads\/2025\/11\/Home-page-panel-2-bw-1-354x261.png 354w\" sizes=\"(max-width: 574px) 100vw, 574px\" \/><\/figure>\n<\/div>\n<\/div>\n\n\n\n<hr class=\"wp-block-separator has-text-color has-alpha-channel-opacity has-background is-style-wide\" style=\"background-color:#e3e2e2;color:#e3e2e2\"\/>\n\n\n\n<div class=\"wp-block-columns zeko-info is-layout-flex wp-container-core-columns-is-layout-9d6595d7 wp-block-columns-is-layout-flex\">\n<div class=\"wp-block-column is-layout-flow wp-block-column-is-layout-flow\">\n<figure class=\"wp-block-image size-full is-resized\"><img loading=\"lazy\" decoding=\"async\" width=\"574\" height=\"423\" src=\"https:\/\/www.basqueeducational.org\/wp-content\/uploads\/2025\/11\/Home-page-panel-3-bw.png\" alt=\"\" class=\"wp-image-8907\" style=\"width:536px;height:auto\" srcset=\"https:\/\/www.basqueeducational.org\/wp-content\/uploads\/2025\/11\/Home-page-panel-3-bw.png 574w, https:\/\/www.basqueeducational.org\/wp-content\/uploads\/2025\/11\/Home-page-panel-3-bw-300x221.png 300w, https:\/\/www.basqueeducational.org\/wp-content\/uploads\/2025\/11\/Home-page-panel-3-bw-16x12.png 16w, https:\/\/www.basqueeducational.org\/wp-content\/uploads\/2025\/11\/Home-page-panel-3-bw-348x256.png 348w, https:\/\/www.basqueeducational.org\/wp-content\/uploads\/2025\/11\/Home-page-panel-3-bw-354x261.png 354w\" sizes=\"(max-width: 574px) 100vw, 574px\" \/><\/figure>\n<\/div>\n\n\n\n<div class=\"wp-block-column is-vertically-aligned-center is-layout-flow wp-block-column-is-layout-flow\">\n<hr class=\"wp-block-separator has-text-color has-strong-red-color has-css-opacity has-strong-red-background-color has-background is-style-default\"\/>\n\n\n\n<h2 class=\"wp-block-heading has-large-font-size\">DESCUBRE.<\/h2>\n\n\n\n<p>La educaci\u00f3n es literalmente nuestro segundo nombre, pero no se trata s\u00f3lo de ense\u00f1ar; se trata de pensar cr\u00edticamente, escuchar y educar. Se trata de ofrecer oportunidades para compartir, debatir e inspirarse. Esta es nuestra principal responsabilidad.<\/p>\n\n\n\n<div class=\"wp-block-buttons is-layout-flex wp-block-buttons-is-layout-flex\">\n<div class=\"wp-block-button\"><a class=\"wp-block-button__link has-white-color has-strong-red-background-color has-text-color has-background has-link-color wp-element-button\" href=\"https:\/\/www.basqueeducational.org\/discover-beo-opportunities\/\" target=\"_blank\" rel=\"noreferrer noopener\">DESCUBRA NUESTRAS OPORTUNIDADES DE SUBVENCI\u00d3N.<\/a><\/div>\n<\/div>\n<\/div>\n<\/div>\n\n\n\n<hr class=\"wp-block-separator has-css-opacity is-style-wide\"\/>\n\n\n\n<div class=\"wp-block-group zeko-info\"><div class=\"wp-block-group__inner-container is-layout-flow wp-block-group-is-layout-flow\">\n<hr class=\"wp-block-separator has-text-color has-strong-red-color has-css-opacity has-strong-red-background-color has-background\"\/>\n\n\n\n<h1 class=\"wp-block-heading\">LO QUE NOS ENTUSIASMA<\/h1>\n<\/div><\/div>\n\n\n\n<div class=\"wp-block-query is-layout-flow wp-block-query-is-layout-flow\"><ul class=\"columns-3 wp-block-post-template is-layout-grid wp-container-core-post-template-is-layout-2fc57c17 wp-block-post-template-is-layout-grid\"><li class=\"wp-block-post post-9459 post type-post status-publish format-standard has-post-thumbnail hentry category-latest-beo-news\">\n\n<div class=\"wp-block-group\" style=\"padding-top:0px;padding-right:0px;padding-bottom:0px;padding-left:0px\"><div class=\"wp-block-group__inner-container is-layout-flow wp-block-group-is-layout-flow\"><figure class=\"wp-block-post-featured-image\"><a href=\"https:\/\/www.basqueeducational.org\/es\/the-little-free-basque-library-program\/\" target=\"_self\"  ><img loading=\"lazy\" decoding=\"async\" width=\"751\" height=\"500\" src=\"https:\/\/www.basqueeducational.org\/wp-content\/uploads\/2026\/03\/the-little-free-library-program.png\" class=\"attachment-post-thumbnail size-post-thumbnail wp-post-image\" alt=\"THE LITTLE FREE BASQUE LIBRARY PROGRAM\" style=\"object-fit:cover;\" srcset=\"https:\/\/www.basqueeducational.org\/wp-content\/uploads\/2026\/03\/the-little-free-library-program.png 751w, https:\/\/www.basqueeducational.org\/wp-content\/uploads\/2026\/03\/the-little-free-library-program-300x200.png 300w, https:\/\/www.basqueeducational.org\/wp-content\/uploads\/2026\/03\/the-little-free-library-program-18x12.png 18w, https:\/\/www.basqueeducational.org\/wp-content\/uploads\/2026\/03\/the-little-free-library-program-700x466.png 700w, https:\/\/www.basqueeducational.org\/wp-content\/uploads\/2026\/03\/the-little-free-library-program-348x232.png 348w, https:\/\/www.basqueeducational.org\/wp-content\/uploads\/2026\/03\/the-little-free-library-program-354x236.png 354w, https:\/\/www.basqueeducational.org\/wp-content\/uploads\/2026\/03\/the-little-free-library-program-600x399.png 600w\" sizes=\"(max-width: 751px) 100vw, 751px\" \/><\/a><\/figure>\n\n\n<div class=\"wp-block-group zeko-recent-post\"><div class=\"wp-block-group__inner-container is-layout-flow wp-block-group-is-layout-flow\"><h2 class=\"wp-block-post-title\"><a href=\"https:\/\/www.basqueeducational.org\/es\/the-little-free-basque-library-program\/\" target=\"_self\" >EL PROGRAMA DE LA PEQUE\u00d1A BIBLIOTECA VASCA GRATUITA<\/a><\/h2>\n\n<div class=\"wp-block-post-excerpt\"><p class=\"wp-block-post-excerpt__excerpt\">Estamos encantados de poner en marcha la Peque\u00f1a Biblioteca Gratuita y compartir los libros que... <\/p><\/div><\/div><\/div>\n<\/div><\/div>\n\n<\/li><li class=\"wp-block-post post-9401 post type-post status-publish format-standard has-post-thumbnail hentry category-latest-beo-news\">\n\n<div class=\"wp-block-group\" style=\"padding-top:0px;padding-right:0px;padding-bottom:0px;padding-left:0px\"><div class=\"wp-block-group__inner-container is-layout-flow wp-block-group-is-layout-flow\"><figure class=\"wp-block-post-featured-image\"><a href=\"https:\/\/www.basqueeducational.org\/es\/our-2026-basque-film-series\/\" target=\"_self\"  ><img loading=\"lazy\" decoding=\"async\" width=\"2560\" height=\"1707\" src=\"https:\/\/www.basqueeducational.org\/wp-content\/uploads\/2025\/11\/basque-film-series-1-scaled.png\" class=\"attachment-post-thumbnail size-post-thumbnail wp-post-image\" alt=\"THE BASQUE FILM SERIES\" style=\"object-fit:cover;\" srcset=\"https:\/\/www.basqueeducational.org\/wp-content\/uploads\/2025\/11\/basque-film-series-1-scaled.png 2560w, https:\/\/www.basqueeducational.org\/wp-content\/uploads\/2025\/11\/basque-film-series-1-300x200.png 300w, https:\/\/www.basqueeducational.org\/wp-content\/uploads\/2025\/11\/basque-film-series-1-1024x683.png 1024w, https:\/\/www.basqueeducational.org\/wp-content\/uploads\/2025\/11\/basque-film-series-1-768x512.png 768w, https:\/\/www.basqueeducational.org\/wp-content\/uploads\/2025\/11\/basque-film-series-1-1536x1024.png 1536w, https:\/\/www.basqueeducational.org\/wp-content\/uploads\/2025\/11\/basque-film-series-1-2048x1365.png 2048w, https:\/\/www.basqueeducational.org\/wp-content\/uploads\/2025\/11\/basque-film-series-1-18x12.png 18w, https:\/\/www.basqueeducational.org\/wp-content\/uploads\/2025\/11\/basque-film-series-1-700x467.png 700w, https:\/\/www.basqueeducational.org\/wp-content\/uploads\/2025\/11\/basque-film-series-1-900x600.png 900w, https:\/\/www.basqueeducational.org\/wp-content\/uploads\/2025\/11\/basque-film-series-1-348x232.png 348w, https:\/\/www.basqueeducational.org\/wp-content\/uploads\/2025\/11\/basque-film-series-1-354x236.png 354w, https:\/\/www.basqueeducational.org\/wp-content\/uploads\/2025\/11\/basque-film-series-1-600x400.png 600w\" sizes=\"(max-width: 2560px) 100vw, 2560px\" \/><\/a><\/figure>\n\n\n<div class=\"wp-block-group zeko-recent-post\"><div class=\"wp-block-group__inner-container is-layout-flow wp-block-group-is-layout-flow\"><h2 class=\"wp-block-post-title\"><a href=\"https:\/\/www.basqueeducational.org\/es\/our-2026-basque-film-series\/\" target=\"_self\" >CICLO DE CINE VASCO<\/a><\/h2>\n\n<div class=\"wp-block-post-excerpt\"><p class=\"wp-block-post-excerpt__excerpt\">Este a\u00f1o tenemos un cartel incre\u00edble entre temas, lugares y reuniones. <\/p><\/div><\/div><\/div>\n<\/div><\/div>\n\n<\/li><li class=\"wp-block-post post-9404 post type-post status-publish format-standard has-post-thumbnail hentry category-latest-beo-news\">\n\n<div class=\"wp-block-group\" style=\"padding-top:0px;padding-right:0px;padding-bottom:0px;padding-left:0px\"><div class=\"wp-block-group__inner-container is-layout-flow wp-block-group-is-layout-flow\"><figure class=\"wp-block-post-featured-image\"><a href=\"https:\/\/www.basqueeducational.org\/es\/the-2026-grant-programs\/\" target=\"_self\"  ><img loading=\"lazy\" decoding=\"async\" width=\"2560\" height=\"1707\" src=\"https:\/\/www.basqueeducational.org\/wp-content\/uploads\/2025\/11\/creators-fund-scaled.png\" class=\"attachment-post-thumbnail size-post-thumbnail wp-post-image\" alt=\"THE GRANT PROGRAMS\" style=\"object-fit:cover;\" srcset=\"https:\/\/www.basqueeducational.org\/wp-content\/uploads\/2025\/11\/creators-fund-scaled.png 2560w, https:\/\/www.basqueeducational.org\/wp-content\/uploads\/2025\/11\/creators-fund-300x200.png 300w, https:\/\/www.basqueeducational.org\/wp-content\/uploads\/2025\/11\/creators-fund-1024x683.png 1024w, https:\/\/www.basqueeducational.org\/wp-content\/uploads\/2025\/11\/creators-fund-768x512.png 768w, https:\/\/www.basqueeducational.org\/wp-content\/uploads\/2025\/11\/creators-fund-1536x1024.png 1536w, https:\/\/www.basqueeducational.org\/wp-content\/uploads\/2025\/11\/creators-fund-2048x1365.png 2048w, https:\/\/www.basqueeducational.org\/wp-content\/uploads\/2025\/11\/creators-fund-18x12.png 18w, https:\/\/www.basqueeducational.org\/wp-content\/uploads\/2025\/11\/creators-fund-700x467.png 700w, https:\/\/www.basqueeducational.org\/wp-content\/uploads\/2025\/11\/creators-fund-900x600.png 900w, https:\/\/www.basqueeducational.org\/wp-content\/uploads\/2025\/11\/creators-fund-348x232.png 348w, https:\/\/www.basqueeducational.org\/wp-content\/uploads\/2025\/11\/creators-fund-354x236.png 354w, https:\/\/www.basqueeducational.org\/wp-content\/uploads\/2025\/11\/creators-fund-600x400.png 600w\" sizes=\"(max-width: 2560px) 100vw, 2560px\" \/><\/a><\/figure>\n\n\n<div class=\"wp-block-group zeko-recent-post\"><div class=\"wp-block-group__inner-container is-layout-flow wp-block-group-is-layout-flow\"><h2 class=\"wp-block-post-title\"><a href=\"https:\/\/www.basqueeducational.org\/es\/the-2026-grant-programs\/\" target=\"_self\" >LOS PROGRAMAS DE SUBVENCIONES<\/a><\/h2>\n\n<div class=\"wp-block-post-excerpt\"><p class=\"wp-block-post-excerpt__excerpt\">Muy pronto iniciaremos nuestro segundo proceso anual de solicitud de subvenciones. <\/p><\/div><\/div><\/div>\n<\/div><\/div>\n\n<\/li><\/ul><\/div>\n\n\n\n<p><\/p>","protected":false},"excerpt":{"rendered":"<p>TOP OF MIND (or mendia). What&#8217;s open, happening, and worth your attention: EXPLORE. Meaningful moments are created when one is willing to share one\u2019s version of an experience with both [&hellip;]<\/p>\n","protected":false},"author":1,"featured_media":6683,"parent":0,"menu_order":0,"comment_status":"closed","ping_status":"closed","template":"templates\/zeko-blocks.php","meta":{"give_campaign_id":0,"_tec_requires_first_save":true,"_exactmetrics_skip_tracking":false,"_exactmetrics_sitenote_active":false,"_exactmetrics_sitenote_note":"","_exactmetrics_sitenote_category":0,"_price":"","_stock":"","_tribe_ticket_header":"","_tribe_default_ticket_provider":"","_tribe_ticket_capacity":"0","_ticket_start_date":"","_ticket_end_date":"","_tribe_ticket_show_description":"","_tribe_ticket_show_not_going":false,"_tribe_ticket_use_global_stock":"","_tribe_ticket_global_stock_level":"","_global_stock_mode":"","_global_stock_cap":"","_tribe_rsvp_for_event":"","_tribe_ticket_going_count":"","_tribe_ticket_not_going_count":"","_tribe_tickets_list":"[]","_tribe_ticket_has_attendee_info_fields":false,"_EventAllDay":false,"_EventTimezone":"","_EventStartDate":"","_EventEndDate":"","_EventStartDateUTC":"","_EventEndDateUTC":"","_EventShowMap":false,"_EventShowMapLink":false,"_EventURL":"","_EventCost":"","_EventCostDescription":"","_EventCurrencySymbol":"","_EventCurrencyCode":"","_EventCurrencyPosition":"","_EventDateTimeSeparator":"","_EventTimeRangeSeparator":"","_EventOrganizerID":[],"_EventVenueID":[],"_OrganizerEmail":"","_OrganizerPhone":"","_OrganizerWebsite":"","_VenueAddress":"","_VenueCity":"","_VenueCountry":"","_VenueProvince":"","_VenueState":"","_VenueZip":"","_VenuePhone":"","_VenueURL":"","_VenueStateProvince":"","_VenueLat":"","_VenueLng":"","_VenueShowMap":false,"_VenueShowMapLink":false,"_tribe_blocks_recurrence_rules":"","_tribe_blocks_recurrence_description":"","_tribe_blocks_recurrence_exclusions":"","jetpack_post_was_ever_published":false,"footnotes":""},"class_list":["post-6680","page","type-page","status-publish","has-post-thumbnail","hentry"],"campaignId":"","jetpack_sharing_enabled":true,"jetpack_shortlink":"https:\/\/wp.me\/PaFejT-1JK","_links":{"self":[{"href":"https:\/\/www.basqueeducational.org\/es\/wp-json\/wp\/v2\/pages\/6680","targetHints":{"allow":["GET"]}}],"collection":[{"href":"https:\/\/www.basqueeducational.org\/es\/wp-json\/wp\/v2\/pages"}],"about":[{"href":"https:\/\/www.basqueeducational.org\/es\/wp-json\/wp\/v2\/types\/page"}],"author":[{"embeddable":true,"href":"https:\/\/www.basqueeducational.org\/es\/wp-json\/wp\/v2\/users\/1"}],"replies":[{"embeddable":true,"href":"https:\/\/www.basqueeducational.org\/es\/wp-json\/wp\/v2\/comments?post=6680"}],"version-history":[{"count":5,"href":"https:\/\/www.basqueeducational.org\/es\/wp-json\/wp\/v2\/pages\/6680\/revisions"}],"predecessor-version":[{"id":9681,"href":"https:\/\/www.basqueeducational.org\/es\/wp-json\/wp\/v2\/pages\/6680\/revisions\/9681"}],"wp:featuredmedia":[{"embeddable":true,"href":"https:\/\/www.basqueeducational.org\/es\/wp-json\/wp\/v2\/media\/6683"}],"wp:attachment":[{"href":"https:\/\/www.basqueeducational.org\/es\/wp-json\/wp\/v2\/media?parent=6680"}],"curies":[{"name":"wp","href":"https:\/\/api.w.org\/{rel}","templated":true}]}}