{"id":6916,"date":"2024-05-23T05:46:15","date_gmt":"2024-05-23T05:46:15","guid":{"rendered":"https:\/\/www.basqueeducational.org\/?page_id=6916"},"modified":"2026-04-24T11:55:41","modified_gmt":"2026-04-24T18:55:41","slug":"our-big-idea","status":"publish","type":"page","link":"https:\/\/www.basqueeducational.org\/es\/our-big-idea\/","title":{"rendered":"NUESTRA GRAN IDEA"},"content":{"rendered":"<div class=\"wp-block-columns zeko-info is-layout-flex wp-container-core-columns-is-layout-9d6595d7 wp-block-columns-is-layout-flex\">\n<div class=\"wp-block-column is-vertically-aligned-center is-layout-flow wp-block-column-is-layout-flow\">\n<figure class=\"wp-block-image size-full is-resized\"><img fetchpriority=\"high\" decoding=\"async\" width=\"500\" height=\"500\" src=\"https:\/\/www.basqueeducational.org\/wp-content\/uploads\/2026\/03\/www-image-merkatia-e1777056393478.png\" alt=\"\" class=\"wp-image-9337\" style=\"width:522px;height:auto\"\/><\/figure>\n<\/div>\n\n\n\n<div class=\"wp-block-column is-layout-flow wp-block-column-is-layout-flow\">\n<hr class=\"wp-block-separator has-text-color has-strong-red-color has-css-opacity has-strong-red-background-color has-background is-style-default\"\/>\n\n\n\n<h2 class=\"wp-block-heading has-large-font-size\">\u00bfRECUERDAS ESTE LIBRO?<br>\u2190 <\/h2>\n\n\n\n<p class=\"has-strong-red-color has-text-color\">En 2022, el BEO celebr\u00f3 a las mujeres de las comunidades vascas en EE. UU. durante nuestro D\u00eda Cultural Vasco en octubre. Parte de esta celebraci\u00f3n incluy\u00f3 la elaboraci\u00f3n de un libro para usted, por usted. Entre la primera y la segunda edici\u00f3n de este libro, m\u00e1s de 150 personas han enviado una p\u00e1gina (o dos) celebrando a las mujeres de sus vidas. <\/p>\n\n\n\n<p>Las historias son apasionantes, los recuerdos son hermosos y las mujeres honradas aqu\u00ed se han convertido en parte de la vida de todos nosotros, ya las hayamos conocido o las conozcamos.<\/p>\n\n\n\n<p>Creemos que cada mujer deber\u00eda tener una p\u00e1gina en este libro y nos hemos comprometido con este esfuerzo hasta que logremos honrar a todas las mujeres. <\/p>\n\n\n\n<p>Seguimos adelante con nuestra tercera edici\u00f3n. No es demasiado tarde. Nunca es demasiado tarde.<\/p>\n\n\n\n<p>Igualmente importante, una parte de las ganancias de este esfuerzo ayuda a financiar nuestro Fondo de Empoderamiento de Mujeres, un programa de subvenciones para nuestras pioneras actuales. Puedes aprender m\u00e1s sobre eso <a href=\"https:\/\/www.basqueeducational.org\/womens-empowerment-fund\/\" target=\"_blank\" rel=\"noreferrer noopener\">aqu\u00ed<\/a>.<\/p>\n\n\n\n<figure class=\"wp-block-image size-full\"><img decoding=\"async\" width=\"172\" height=\"59\" src=\"https:\/\/www.basqueeducational.org\/wp-content\/uploads\/2024\/05\/etch-signature-www-1.png\" alt=\"\" class=\"wp-image-6919\"\/><\/figure>\n\n\n\n<div class=\"wp-block-buttons is-layout-flex wp-block-buttons-is-layout-flex\">\n<div class=\"wp-block-button\"><a class=\"wp-block-button__link has-white-color has-strong-red-background-color has-text-color has-background has-link-color wp-element-button\" href=\"https:\/\/www.basqueeducational.org\/the-book-for-and-about-women\/\">HAGAMOS ESTO<\/a><\/div>\n<\/div>\n<\/div>\n<\/div>","protected":false},"excerpt":{"rendered":"<p>DO YOU REMEMBER THIS BOOK?\u2190 In 2022, the BEO celebrated the women of the Basque communities in the U.S. during our Basque Cultural Day in October. A part of this [&hellip;]<\/p>\n","protected":false},"author":1,"featured_media":0,"parent":0,"menu_order":0,"comment_status":"closed","ping_status":"closed","template":"","meta":{"give_campaign_id":0,"_tec_requires_first_save":true,"_exactmetrics_skip_tracking":false,"_exactmetrics_sitenote_active":false,"_exactmetrics_sitenote_note":"","_exactmetrics_sitenote_category":0,"_price":"","_stock":"","_tribe_ticket_header":"","_tribe_default_ticket_provider":"","_tribe_ticket_capacity":"0","_ticket_start_date":"","_ticket_end_date":"","_tribe_ticket_show_description":"","_tribe_ticket_show_not_going":false,"_tribe_ticket_use_global_stock":"","_tribe_ticket_global_stock_level":"","_global_stock_mode":"","_global_stock_cap":"","_tribe_rsvp_for_event":"","_tribe_ticket_going_count":"","_tribe_ticket_not_going_count":"","_tribe_tickets_list":"[]","_tribe_ticket_has_attendee_info_fields":false,"_EventAllDay":false,"_EventTimezone":"","_EventStartDate":"","_EventEndDate":"","_EventStartDateUTC":"","_EventEndDateUTC":"","_EventShowMap":false,"_EventShowMapLink":false,"_EventURL":"","_EventCost":"","_EventCostDescription":"","_EventCurrencySymbol":"","_EventCurrencyCode":"","_EventCurrencyPosition":"","_EventDateTimeSeparator":"","_EventTimeRangeSeparator":"","_EventOrganizerID":[],"_EventVenueID":[],"_OrganizerEmail":"","_OrganizerPhone":"","_OrganizerWebsite":"","_VenueAddress":"","_VenueCity":"","_VenueCountry":"","_VenueProvince":"","_VenueState":"","_VenueZip":"","_VenuePhone":"","_VenueURL":"","_VenueStateProvince":"","_VenueLat":"","_VenueLng":"","_VenueShowMap":false,"_VenueShowMapLink":false,"_tribe_blocks_recurrence_rules":"","_tribe_blocks_recurrence_description":"","_tribe_blocks_recurrence_exclusions":"","footnotes":""},"class_list":["post-6916","page","type-page","status-publish","hentry"],"campaignId":"","jetpack_sharing_enabled":true,"jetpack_shortlink":"https:\/\/wp.me\/PaFejT-1Ny","_links":{"self":[{"href":"https:\/\/www.basqueeducational.org\/es\/wp-json\/wp\/v2\/pages\/6916","targetHints":{"allow":["GET"]}}],"collection":[{"href":"https:\/\/www.basqueeducational.org\/es\/wp-json\/wp\/v2\/pages"}],"about":[{"href":"https:\/\/www.basqueeducational.org\/es\/wp-json\/wp\/v2\/types\/page"}],"author":[{"embeddable":true,"href":"https:\/\/www.basqueeducational.org\/es\/wp-json\/wp\/v2\/users\/1"}],"replies":[{"embeddable":true,"href":"https:\/\/www.basqueeducational.org\/es\/wp-json\/wp\/v2\/comments?post=6916"}],"version-history":[{"count":4,"href":"https:\/\/www.basqueeducational.org\/es\/wp-json\/wp\/v2\/pages\/6916\/revisions"}],"predecessor-version":[{"id":9634,"href":"https:\/\/www.basqueeducational.org\/es\/wp-json\/wp\/v2\/pages\/6916\/revisions\/9634"}],"wp:attachment":[{"href":"https:\/\/www.basqueeducational.org\/es\/wp-json\/wp\/v2\/media?parent=6916"}],"curies":[{"name":"wp","href":"https:\/\/api.w.org\/{rel}","templated":true}]}}