{"id":7117,"date":"2024-07-03T16:15:33","date_gmt":"2024-07-03T16:15:33","guid":{"rendered":"https:\/\/www.basqueeducational.org\/?page_id=7117"},"modified":"2024-10-04T01:02:47","modified_gmt":"2024-10-04T01:02:47","slug":"support-the-beo","status":"publish","type":"page","link":"https:\/\/www.basqueeducational.org\/es\/support-the-beo\/","title":{"rendered":"APOYAR LA BEO"},"content":{"rendered":"<div class=\"wpb-content-wrapper\"><div class=\"vc_row wpb_row vc_row-fluid gradient-container-1\"><div class=\"gradient-column-1 wpb_column vc_column_container vc_col-sm-12\"><div class=\"vc_column-inner\"><div class=\"wpb_wrapper\"><div class=\"vc_row wpb_row vc_inner vc_row-fluid\"><div class=\"wpb_column vc_column_container vc_col-sm-6\"><div class=\"vc_column-inner\"><div class=\"wpb_wrapper\"><div class=\"vc_message_box vc_message_box-standard vc_message_box-rounded vc_color-peacoc vc_do_message\" ><div class=\"vc_message_box-icon\"><i class=\"fas fa-hand-holding-usd\"><\/i><\/div><p>Le invitamos a unirse a la gran familia BEO haciendo una donaci\u00f3n \u00fanica o recurrente a continuaci\u00f3n. Tenemos opciones para que pueda hacerlo, y le mostraremos nuestra gratitud de todas las maneras posibles.<\/p>\n<\/div><\/div><\/div><\/div><div class=\"wpb_column vc_column_container vc_col-sm-6\"><div class=\"vc_column-inner\"><div class=\"wpb_wrapper\"><div class=\"vc_message_box vc_message_box-standard vc_message_box-rounded vc_color-peacoc vc_do_message\" ><div class=\"vc_message_box-icon\"><i class=\"fas fa-donate\"><\/i><\/div><p>No s\u00f3lo eso, sino que tambi\u00e9n le damos la opci\u00f3n de <a href=\"https:\/\/www.basqueeducational.org\/beo-funds\/\" target=\"_blank\" rel=\"noopener\">apoyar los diferentes fondos<\/a> que hemos formado aqu\u00ed en la OEB, incluida la <a href=\"https:\/\/www.basqueeducational.org\/scholarship\/\" target=\"_blank\" rel=\"noopener\">Fondo de becas<\/a>El <a href=\"https:\/\/www.basqueeducational.org\/womens-empowerment-fund\/\" target=\"_blank\" rel=\"noopener\">Women\u2019s Empowerment Fund<\/a>y el <a href=\"https:\/\/www.basqueeducational.org\/creators-grant\/\" target=\"_blank\" rel=\"noopener\">Fondo del Creador<\/a>.<\/p>\n<\/div><\/div><\/div><\/div><\/div><div class=\"vc_separator wpb_content_element vc_separator_align_center vc_sep_width_100 vc_sep_pos_align_center vc_separator_no_text vc_sep_color_grey vc_custom_1720022827503 wpb_content_element  vc_custom_1720022827503 wpb_content_element\" ><span class=\"vc_sep_holder vc_sep_holder_l\"><span class=\"vc_sep_line\"><\/span><\/span><span class=\"vc_sep_holder vc_sep_holder_r\"><span class=\"vc_sep_line\"><\/span><\/span>\n<\/div><\/div><\/div><\/div><\/div><div class=\"vc_row wpb_row vc_row-fluid gradient-container-2\"><div class=\"gradient-column-2 wpb_column vc_column_container vc_col-sm-3\"><div class=\"vc_column-inner\"><div class=\"wpb_wrapper\"><section ><div id=\"vc-pricing-table-69ea06c79fbd4\" class=\"vc_general wpb-pricing-table vc_custom_1727996465379 vc_do_pricing_table\"><h3 class=\"wpb-plan-title\">H\u00c1GASE MECENAS<\/h2><p class=\"wpb-plan-description\">EL CREADOR<\/p><div class=\"wpb-price-container\"><sup class=\"wpb-currency\">$<\/sup><strong class=\"wpb-price\">125<\/strong><sub class=\"wpb-period\">\/mo<\/sub><\/div><div class=\"vc_btn3-container vc_btn3-center vc_do_btn\" ><a class=\"vc_general vc_btn3 vc_btn3-size-md vc_btn3-shape-rounded vc_btn3-style-classic vc_btn3-block vc_btn3-color-primary\" href=\"https:\/\/www.basqueeducational.org\/donations\/the-creator\/\" title=\"El Creador\">CONVI\u00c9RTETE EN CREADOR<\/a><\/div><p>Como creador, das vida a las ideas y concedes la licencia a la OEB para hacerlas realidad.<\/p>\n<\/div><\/section><style>#vc-pricing-table-69ea06c79fbd4 .wpb-plan-features li::before {  content: \"\";  display: inline-block;  margin: 0 10px 0 0; width: 18px;  height: 18px;  vertical-align: middle;  background: url(\"data:image\/svg+xml,%3Csvg xmlns='http:\/\/www.w3.org\/2000\/svg' width='22px' height='22px' viewBox='0 0 22 22' version='1.1'%3E%3Cg id='Page-1' stroke='none' stroke-width='1' fill='none' fill-rule='evenodd'%3E%3Cg id='Artboard' transform='translate(-472.000000, -546.000000)' fill-rule='nonzero'%3E%3Cg id='wpb-pricing-table-element' transform='translate(445.000000, 222.000000)'%3E%3Cg id='bullet' transform='translate(27.000000, 324.000000)'%3E%3Cpath d='M22,10.9999756 C22,17.0751668 17.0751778,22 11,22 C4.92487111,22 0,17.0751668 0,10.9999756 C0,4.92488206 4.92487111,0 11,0 C17.0751778,0 22,4.92488206 22,10.9999756 Z' id='Path' fill='%233b6b93'\/%3E%3Cpolygon id='Path' fill='%23FFFFFF' transform='translate(11.011123, 9.631788) rotate(-45.000000) translate(-11.011123, -9.631788) ' points='8.39375516 6.63178844 8.39375516 10.0231025 16.2371538 10.0231255 16.2371538 12.6317884 5.78509217 12.6317133 5.78509217 6.63178844'\/%3E%3C\/g%3E%3C\/g%3E%3C\/g%3E%3C\/g%3E%3C\/svg%3E\") center no-repeat;  background-size: 18px; }<\/style><\/div><\/div><\/div><div class=\"gradient-column-3 wpb_column vc_column_container vc_col-sm-3\"><div class=\"vc_column-inner\"><div class=\"wpb_wrapper\"><section ><div id=\"vc-pricing-table-69ea06c79ffc2\" class=\"vc_general wpb-pricing-table vc_custom_1727996503506 vc_do_pricing_table\"><h3 class=\"wpb-plan-title\">H\u00c1GASE MECENAS<\/h2><p class=\"wpb-plan-description\">EL P\u00daBLICO<\/p><div class=\"wpb-price-container\"><sup class=\"wpb-currency\">$<\/sup><strong class=\"wpb-price\">85<\/strong><sub class=\"wpb-period\">\/mo<\/sub><\/div><div class=\"vc_btn3-container vc_btn3-center vc_do_btn\" ><a class=\"vc_general vc_btn3 vc_btn3-size-md vc_btn3-shape-rounded vc_btn3-style-classic vc_btn3-block vc_btn3-color-primary\" href=\"https:\/\/www.basqueeducational.org\/donations\/the-audience\/\" title=\"The Audience\">\u00daNETE AL P\u00daBLICO<\/a><\/div><p>Como espectador, usted nos da la raz\u00f3n de ser. Sencillamente, no somos nada sin usted.<\/p>\n<\/div><\/section><style>#vc-pricing-table-69ea06c79ffc2 .wpb-plan-features li::before {  content: \"\";  display: inline-block;  margin: 0 10px 0 0; width: 18px;  height: 18px;  vertical-align: middle;  background: url(\"data:image\/svg+xml,%3Csvg xmlns='http:\/\/www.w3.org\/2000\/svg' width='22px' height='22px' viewBox='0 0 22 22' version='1.1'%3E%3Cg id='Page-1' stroke='none' stroke-width='1' fill='none' fill-rule='evenodd'%3E%3Cg id='Artboard' transform='translate(-472.000000, -546.000000)' fill-rule='nonzero'%3E%3Cg id='wpb-pricing-table-element' transform='translate(445.000000, 222.000000)'%3E%3Cg id='bullet' transform='translate(27.000000, 324.000000)'%3E%3Cpath d='M22,10.9999756 C22,17.0751668 17.0751778,22 11,22 C4.92487111,22 0,17.0751668 0,10.9999756 C0,4.92488206 4.92487111,0 11,0 C17.0751778,0 22,4.92488206 22,10.9999756 Z' id='Path' fill='%233b6b93'\/%3E%3Cpolygon id='Path' fill='%23FFFFFF' transform='translate(11.011123, 9.631788) rotate(-45.000000) translate(-11.011123, -9.631788) ' points='8.39375516 6.63178844 8.39375516 10.0231025 16.2371538 10.0231255 16.2371538 12.6317884 5.78509217 12.6317133 5.78509217 6.63178844'\/%3E%3C\/g%3E%3C\/g%3E%3C\/g%3E%3C\/g%3E%3C\/svg%3E\") center no-repeat;  background-size: 18px; }<\/style><\/div><\/div><\/div><div class=\"gradient-column-4 wpb_column vc_column_container vc_col-sm-3\"><div class=\"vc_column-inner\"><div class=\"wpb_wrapper\"><section ><div id=\"vc-pricing-table-69ea06c7a0361\" class=\"vc_general wpb-pricing-table vc_custom_1727996515646 vc_do_pricing_table\"><h3 class=\"wpb-plan-title\">H\u00c1GASE MECENAS<\/h2><p class=\"wpb-plan-description\">EL PROVEEDOR<\/p><div class=\"wpb-price-container\"><sup class=\"wpb-currency\">$<\/sup><strong class=\"wpb-price\">45<\/strong><sub class=\"wpb-period\">\/mo<\/sub><\/div><div class=\"vc_btn3-container vc_btn3-center vc_do_btn\" ><a class=\"vc_general vc_btn3 vc_btn3-size-md vc_btn3-shape-rounded vc_btn3-style-classic vc_btn3-block vc_btn3-color-primary\" href=\"https:\/\/www.basqueeducational.org\/donations\/the-supplier\/\" title=\"The Supplier\">AYUDA CON LOS SUMINISTROS<\/a><\/div><p>Como proveedores, ustedes nos proporcionan las herramientas y los recursos que necesitamos para retribuir a nuestra gran di\u00e1spora.<\/p>\n<\/div><\/section><style>#vc-pricing-table-69ea06c7a0361 .wpb-plan-features li::before {  content: \"\";  display: inline-block;  margin: 0 10px 0 0; width: 18px;  height: 18px;  vertical-align: middle;  background: url(\"data:image\/svg+xml,%3Csvg xmlns='http:\/\/www.w3.org\/2000\/svg' width='22px' height='22px' viewBox='0 0 22 22' version='1.1'%3E%3Cg id='Page-1' stroke='none' stroke-width='1' fill='none' fill-rule='evenodd'%3E%3Cg id='Artboard' transform='translate(-472.000000, -546.000000)' fill-rule='nonzero'%3E%3Cg id='wpb-pricing-table-element' transform='translate(445.000000, 222.000000)'%3E%3Cg id='bullet' transform='translate(27.000000, 324.000000)'%3E%3Cpath d='M22,10.9999756 C22,17.0751668 17.0751778,22 11,22 C4.92487111,22 0,17.0751668 0,10.9999756 C0,4.92488206 4.92487111,0 11,0 C17.0751778,0 22,4.92488206 22,10.9999756 Z' id='Path' fill='%233b6b93'\/%3E%3Cpolygon id='Path' fill='%23FFFFFF' transform='translate(11.011123, 9.631788) rotate(-45.000000) translate(-11.011123, -9.631788) ' points='8.39375516 6.63178844 8.39375516 10.0231025 16.2371538 10.0231255 16.2371538 12.6317884 5.78509217 12.6317133 5.78509217 6.63178844'\/%3E%3C\/g%3E%3C\/g%3E%3C\/g%3E%3C\/g%3E%3C\/svg%3E\") center no-repeat;  background-size: 18px; }<\/style><\/div><\/div><\/div><div class=\"gradient-column-5 wpb_column vc_column_container vc_col-sm-3\"><div class=\"vc_column-inner\"><div class=\"wpb_wrapper\"><section ><div id=\"vc-pricing-table-69ea06c7a06fd\" class=\"vc_general wpb-pricing-table vc_custom_1728003764533 vc_do_pricing_table\"><h3 class=\"wpb-plan-title\">H\u00c1GASE MECENAS<\/h2><p class=\"wpb-plan-description\">LA LAGUNA (AMIGO)<\/p><div class=\"wpb-price-container\"><sup class=\"wpb-currency\">$<\/sup><strong class=\"wpb-price\">xx<\/strong><sub class=\"wpb-period\"><\/sub><\/div><div class=\"vc_btn3-container vc_btn3-center vc_do_btn\" ><a class=\"vc_general vc_btn3 vc_btn3-size-md vc_btn3-shape-rounded vc_btn3-style-classic vc_btn3-block vc_btn3-color-primary\" href=\"https:\/\/www.basqueeducational.org\/donations\/the-laguna\/\" title=\"Fondo General\">SEAMOS AMIGOS<\/a><\/div><p>Como Laguna, o \"amigo\" en euskera, puedes combinar lo que es econ\u00f3micamente asequible para ti Y ofrecer voluntariamente una habilidad. Esto significa que cuando formemos un comit\u00e9 para realizar un trabajo, te pediremos ayuda.<\/p>\n<\/div><\/section><style>#vc-pricing-table-69ea06c7a06fd .wpb-plan-features li::before {  content: \"\";  display: inline-block;  margin: 0 10px 0 0; width: 18px;  height: 18px;  vertical-align: middle;  background: url(\"data:image\/svg+xml,%3Csvg xmlns='http:\/\/www.w3.org\/2000\/svg' width='22px' height='22px' viewBox='0 0 22 22' version='1.1'%3E%3Cg id='Page-1' stroke='none' stroke-width='1' fill='none' fill-rule='evenodd'%3E%3Cg id='Artboard' transform='translate(-472.000000, -546.000000)' fill-rule='nonzero'%3E%3Cg id='wpb-pricing-table-element' transform='translate(445.000000, 222.000000)'%3E%3Cg id='bullet' transform='translate(27.000000, 324.000000)'%3E%3Cpath d='M22,10.9999756 C22,17.0751668 17.0751778,22 11,22 C4.92487111,22 0,17.0751668 0,10.9999756 C0,4.92488206 4.92487111,0 11,0 C17.0751778,0 22,4.92488206 22,10.9999756 Z' id='Path' fill='%233B6B93'\/%3E%3Cpolygon id='Path' fill='%23FFFFFF' transform='translate(11.011123, 9.631788) rotate(-45.000000) translate(-11.011123, -9.631788) ' points='8.39375516 6.63178844 8.39375516 10.0231025 16.2371538 10.0231255 16.2371538 12.6317884 5.78509217 12.6317133 5.78509217 6.63178844'\/%3E%3C\/g%3E%3C\/g%3E%3C\/g%3E%3C\/g%3E%3C\/svg%3E\") center no-repeat;  background-size: 18px; }<\/style><\/div><\/div><\/div><\/div><div class=\"vc_row wpb_row vc_row-fluid gradient-container-3\"><div class=\"gradient-column-6 wpb_column vc_column_container vc_col-sm-12\"><div class=\"vc_column-inner\"><div class=\"wpb_wrapper\"><div class=\"vc_btn3-container vc_btn3-center vc_custom_1728002638297 vc_do_btn\" ><a class=\"vc_general vc_btn3 vc_btn3-size-lg vc_btn3-shape-rounded vc_btn3-style-modern vc_btn3-block vc_btn3-color-mulled-wine\" href=\"https:\/\/www.basqueeducational.org\/donations\/one-time-donation\/\" title=\"Fondo General\">HACER UNA DONACI\u00d3N \u00daNICA<\/a><\/div><\/div><\/div><\/div><\/div>\n<\/div>","protected":false},"excerpt":{"rendered":"We welcome you to join the greater BEO family by making a one-time or recurring donation below. We have options for how you can do that, and we will show [...]","protected":false},"author":1,"featured_media":0,"parent":0,"menu_order":0,"comment_status":"closed","ping_status":"closed","template":"templates\/full-width-page.php","meta":{"give_campaign_id":0,"_tec_requires_first_save":true,"_exactmetrics_skip_tracking":false,"_exactmetrics_sitenote_active":false,"_exactmetrics_sitenote_note":"","_exactmetrics_sitenote_category":0,"_price":"","_stock":"","_tribe_ticket_header":"","_tribe_default_ticket_provider":"","_tribe_ticket_capacity":"0","_ticket_start_date":"","_ticket_end_date":"","_tribe_ticket_show_description":"","_tribe_ticket_show_not_going":false,"_tribe_ticket_use_global_stock":"","_tribe_ticket_global_stock_level":"","_global_stock_mode":"","_global_stock_cap":"","_tribe_rsvp_for_event":"","_tribe_ticket_going_count":"","_tribe_ticket_not_going_count":"","_tribe_tickets_list":"[]","_tribe_ticket_has_attendee_info_fields":false,"_EventAllDay":false,"_EventTimezone":"","_EventStartDate":"","_EventEndDate":"","_EventStartDateUTC":"","_EventEndDateUTC":"","_EventShowMap":false,"_EventShowMapLink":false,"_EventURL":"","_EventCost":"","_EventCostDescription":"","_EventCurrencySymbol":"","_EventCurrencyCode":"","_EventCurrencyPosition":"","_EventDateTimeSeparator":"","_EventTimeRangeSeparator":"","_EventOrganizerID":[],"_EventVenueID":[],"_OrganizerEmail":"","_OrganizerPhone":"","_OrganizerWebsite":"","_VenueAddress":"","_VenueCity":"","_VenueCountry":"","_VenueProvince":"","_VenueState":"","_VenueZip":"","_VenuePhone":"","_VenueURL":"","_VenueStateProvince":"","_VenueLat":"","_VenueLng":"","_VenueShowMap":false,"_VenueShowMapLink":false,"_tribe_blocks_recurrence_rules":"","_tribe_blocks_recurrence_description":"","_tribe_blocks_recurrence_exclusions":"","jetpack_post_was_ever_published":false,"footnotes":""},"class_list":["post-7117","page","type-page","status-publish","hentry"],"campaignId":"","jetpack_sharing_enabled":true,"jetpack_shortlink":"https:\/\/wp.me\/PaFejT-1QN","_links":{"self":[{"href":"https:\/\/www.basqueeducational.org\/es\/wp-json\/wp\/v2\/pages\/7117","targetHints":{"allow":["GET"]}}],"collection":[{"href":"https:\/\/www.basqueeducational.org\/es\/wp-json\/wp\/v2\/pages"}],"about":[{"href":"https:\/\/www.basqueeducational.org\/es\/wp-json\/wp\/v2\/types\/page"}],"author":[{"embeddable":true,"href":"https:\/\/www.basqueeducational.org\/es\/wp-json\/wp\/v2\/users\/1"}],"replies":[{"embeddable":true,"href":"https:\/\/www.basqueeducational.org\/es\/wp-json\/wp\/v2\/comments?post=7117"}],"version-history":[{"count":6,"href":"https:\/\/www.basqueeducational.org\/es\/wp-json\/wp\/v2\/pages\/7117\/revisions"}],"predecessor-version":[{"id":7587,"href":"https:\/\/www.basqueeducational.org\/es\/wp-json\/wp\/v2\/pages\/7117\/revisions\/7587"}],"wp:attachment":[{"href":"https:\/\/www.basqueeducational.org\/es\/wp-json\/wp\/v2\/media?parent=7117"}],"curies":[{"name":"wp","href":"https:\/\/api.w.org\/{rel}","templated":true}]}}