{"id":8225,"date":"2025-05-01T04:42:06","date_gmt":"2025-05-01T04:42:06","guid":{"rendered":"https:\/\/www.basqueeducational.org\/?page_id=8225"},"modified":"2026-03-02T12:14:36","modified_gmt":"2026-03-02T20:14:36","slug":"indarkeriaren-oihartzunak-let-it-know","status":"publish","type":"page","link":"https:\/\/www.basqueeducational.org\/es\/movies-in-our-collection\/indarkeriaren-oihartzunak-let-it-know\/","title":{"rendered":"Indarkeriaren Oi(h)artzunak \/ Que se sepa"},"content":{"rendered":"<div class=\"wpb-content-wrapper\"><div class=\"vc_row wpb_row vc_row-fluid gradient-container-1\"><div class=\"gradient-column-1 wpb_column vc_column_container vc_col-sm-12\"><div class=\"vc_column-inner\"><div class=\"wpb_wrapper\">\n\t<div class=\"wpb_text_column wpb_content_element\" >\n\t\t<div class=\"wpb_wrapper\">\n\t\t\t<h5><\/h5>\n<p><!--more--><\/p>\n\n\t\t<\/div>\n\t<\/div>\n\n\t<div class=\"wpb_text_column wpb_content_element\" >\n\t\t<div class=\"wpb_wrapper\">\n\t\t\t<h5>SINOPSIS:<\/h5>\n<div class=\"text-block\"><\/div>\n<div class=\"text-block\">\n<div class=\"text-block\">\n<div class=\"ipc-metadata-list-item__content-container\">\n<div class=\"ipc-html-content ipc-html-content--base sc-751b889a-0 jjjyaj\" role=\"presentation\">\n<div class=\"ipc-html-content-inner-div\" role=\"presentation\">\n<div class=\"ipc-html-content ipc-html-content--base\" role=\"presentation\">\n<div class=\"ipc-html-content-inner-div\" role=\"presentation\">\n<p><span style=\"font-weight: 400;\">Cuarenta a\u00f1os despu\u00e9s de que ETA secuestrara a su familia y el Estado torturara y asesinara a su padre, Tamara Muruetagoiena se lanza a la b\u00fasqueda infatigable de la verdad y la justicia, mientras nos cuenta personalmente su tragedia familiar: el impuesto revolucionario, el hecho de su secuestro durante 17 d\u00edas por ETA, el desmoronamiento de su familia, el acoso del Estado y la presi\u00f3n pol\u00edtica que sufrieron, el juicio, la detenci\u00f3n de su padre y de su madre, las torturas sufridas, el asesinato... pero tambi\u00e9n su camino, el de conocer la verdad y reconocerla y el de la utilizaci\u00f3n del di\u00e1logo como principal medio de resoluci\u00f3n de conflictos.<\/span><\/p>\n<p><span style=\"font-weight: 400;\">2024, dirigida por Amaia Merino y Ander Iriarte, 60 minutos, en euskara y castellano con subt\u00edtulos en ingl\u00e9s.<\/span><\/p>\n<p><span style=\"font-weight: 400;\">Premio del P\u00fablico al Mejor Largometraje en el 21\u00ba Festival de Cine de Derechos Humanos de San Sebasti\u00e1n (2024)<\/span><\/p>\n<h5><a href=\"https:\/\/dai.ly\/x95ujtq\" target=\"_blank\" rel=\"noopener\">VEA EL TR\u00c1ILER AQU\u00cd<\/a><\/h5>\n<div class=\"text-block\">\n<h5>sobre los directores:<\/h5>\n<div class=\"text-block\">\n<div class=\"text-block\">\n<div class=\"ipc-metadata-list-item__content-container\">\n<div class=\"ipc-html-content ipc-html-content--base sc-751b889a-0 jjjyaj\" role=\"presentation\">\n<div class=\"ipc-html-content-inner-div\" role=\"presentation\">\n<div class=\"ipc-html-content ipc-html-content--base\" role=\"presentation\">\n<div class=\"ipc-html-content-inner-div\" role=\"presentation\">\n<p><span style=\"font-weight: 400;\">Amaia Merino (San Sebasti\u00e1n, 1970) se uni\u00f3 a Aitor Merino para codirigir el largometraje documental Asier ETA biok (Asier Y yo) \/ Asier y yo (2013), Premio Irizar de San Sebasti\u00e1n, al que regres\u00f3 en 2020 con Non dago Mikel? \/ codirigido con Miguel \u00c1ngel Llamas y galardonado con una menci\u00f3n especial del mismo premio.\u00a0<\/span><\/p>\n<p><span style=\"font-weight: 400;\">Ander Iriarte (Oiartzun, Gipuzkoa. 1986) estudi\u00f3 en la ESCAC, donde particip\u00f3 en la pel\u00edcula antol\u00f3gica Los inocentes (2013), estrenada en Sitges, y dirigi\u00f3 el documental Echevarriatik Etxeberriara (2014). Ha dirigido cortometrajes, documentales para televisi\u00f3n y largometrajes, as\u00ed como los documentales, Bihar dok 13 (Culinary Zinema, 2018) y Karpeta Urdinak \/ Blue FIles (Zinemira, 2022). Indarkeriaren Oi(h)artzunak \/ Let it Know se proyect\u00f3 en el Festival de Cine de Derechos Humanos de San Sebasti\u00e1n, donde gan\u00f3 el Premio del P\u00fablico.<\/span><\/p>\n<\/div>\n<\/div>\n<\/div>\n<\/div>\n<\/div>\n<\/div>\n<\/div>\n<\/div>\n<p><br style=\"font-weight: 400;\" \/><br style=\"font-weight: 400;\" \/><\/p>\n<\/div>\n<\/div>\n<\/div>\n<\/div>\n<\/div>\n<\/div>\n<\/div>\n\n\t\t<\/div>\n\t<\/div>\n<div class=\"vc_separator wpb_content_element vc_separator_align_center vc_sep_width_100 vc_sep_pos_align_center vc_separator_no_text vc_sep_color_grey wpb_content_element  wpb_content_element\" ><span class=\"vc_sep_holder vc_sep_holder_l\"><span class=\"vc_sep_line\"><\/span><\/span><span class=\"vc_sep_holder vc_sep_holder_r\"><span class=\"vc_sep_line\"><\/span><\/span>\n<\/div><\/div><\/div><\/div><\/div>\n<\/div>","protected":false},"excerpt":{"rendered":"SYNOPSIS: Forty years after ETA kidnapped her family and the State tortured and murdered her father, Tamara Muruetagoiena throws herself into the indefatigable search for the truth and justice, while [...]","protected":false},"author":1,"featured_media":8226,"parent":2567,"menu_order":4,"comment_status":"closed","ping_status":"closed","template":"","meta":{"give_campaign_id":0,"_tec_requires_first_save":true,"_exactmetrics_skip_tracking":false,"_exactmetrics_sitenote_active":false,"_exactmetrics_sitenote_note":"","_exactmetrics_sitenote_category":0,"_price":"","_stock":"","_tribe_ticket_header":"","_tribe_default_ticket_provider":"","_tribe_ticket_capacity":"0","_ticket_start_date":"","_ticket_end_date":"","_tribe_ticket_show_description":"","_tribe_ticket_show_not_going":false,"_tribe_ticket_use_global_stock":"","_tribe_ticket_global_stock_level":"","_global_stock_mode":"","_global_stock_cap":"","_tribe_rsvp_for_event":"","_tribe_ticket_going_count":"","_tribe_ticket_not_going_count":"","_tribe_tickets_list":"[]","_tribe_ticket_has_attendee_info_fields":false,"_EventAllDay":false,"_EventTimezone":"","_EventStartDate":"","_EventEndDate":"","_EventStartDateUTC":"","_EventEndDateUTC":"","_EventShowMap":false,"_EventShowMapLink":false,"_EventURL":"","_EventCost":"","_EventCostDescription":"","_EventCurrencySymbol":"","_EventCurrencyCode":"","_EventCurrencyPosition":"","_EventDateTimeSeparator":"","_EventTimeRangeSeparator":"","_EventOrganizerID":[],"_EventVenueID":[],"_OrganizerEmail":"","_OrganizerPhone":"","_OrganizerWebsite":"","_VenueAddress":"","_VenueCity":"","_VenueCountry":"","_VenueProvince":"","_VenueState":"","_VenueZip":"","_VenuePhone":"","_VenueURL":"","_VenueStateProvince":"","_VenueLat":"","_VenueLng":"","_VenueShowMap":false,"_VenueShowMapLink":false,"_tribe_blocks_recurrence_rules":"","_tribe_blocks_recurrence_description":"","_tribe_blocks_recurrence_exclusions":"","jetpack_post_was_ever_published":false,"footnotes":""},"class_list":["post-8225","page","type-page","status-publish","has-post-thumbnail","hentry"],"campaignId":"","jetpack_sharing_enabled":false,"jetpack_shortlink":"https:\/\/wp.me\/PaFejT-28F","_links":{"self":[{"href":"https:\/\/www.basqueeducational.org\/es\/wp-json\/wp\/v2\/pages\/8225","targetHints":{"allow":["GET"]}}],"collection":[{"href":"https:\/\/www.basqueeducational.org\/es\/wp-json\/wp\/v2\/pages"}],"about":[{"href":"https:\/\/www.basqueeducational.org\/es\/wp-json\/wp\/v2\/types\/page"}],"author":[{"embeddable":true,"href":"https:\/\/www.basqueeducational.org\/es\/wp-json\/wp\/v2\/users\/1"}],"replies":[{"embeddable":true,"href":"https:\/\/www.basqueeducational.org\/es\/wp-json\/wp\/v2\/comments?post=8225"}],"version-history":[{"count":4,"href":"https:\/\/www.basqueeducational.org\/es\/wp-json\/wp\/v2\/pages\/8225\/revisions"}],"predecessor-version":[{"id":9331,"href":"https:\/\/www.basqueeducational.org\/es\/wp-json\/wp\/v2\/pages\/8225\/revisions\/9331"}],"up":[{"embeddable":true,"href":"https:\/\/www.basqueeducational.org\/es\/wp-json\/wp\/v2\/pages\/2567"}],"wp:featuredmedia":[{"embeddable":true,"href":"https:\/\/www.basqueeducational.org\/es\/wp-json\/wp\/v2\/media\/8226"}],"wp:attachment":[{"href":"https:\/\/www.basqueeducational.org\/es\/wp-json\/wp\/v2\/media?parent=8225"}],"curies":[{"name":"wp","href":"https:\/\/api.w.org\/{rel}","templated":true}]}}