{"id":8229,"date":"2025-05-01T04:56:53","date_gmt":"2025-05-01T04:56:53","guid":{"rendered":"https:\/\/www.basqueeducational.org\/?page_id=8229"},"modified":"2026-03-02T12:14:17","modified_gmt":"2026-03-02T20:14:17","slug":"bidean-jarraituz-following-on-the-path","status":"publish","type":"page","link":"https:\/\/www.basqueeducational.org\/es\/movies-in-our-collection\/bidean-jarraituz-following-on-the-path\/","title":{"rendered":"Bidean Jarraituz \/ Siguiendo el camino"},"content":{"rendered":"<div class=\"wpb-content-wrapper\"><div class=\"vc_row wpb_row vc_row-fluid gradient-container-1\"><div class=\"gradient-column-1 wpb_column vc_column_container vc_col-sm-12\"><div class=\"vc_column-inner\"><div class=\"wpb_wrapper\">\n\t<div class=\"wpb_text_column wpb_content_element\" >\n\t\t<div class=\"wpb_wrapper\">\n\t\t\t<p><!--more--><\/p>\n\n\t\t<\/div>\n\t<\/div>\n\n\t<div class=\"wpb_text_column wpb_content_element\" >\n\t\t<div class=\"wpb_wrapper\">\n\t\t\t<h5>SINOPSIS:<\/h5>\n<div class=\"text-block\">\n<p><span style=\"font-weight: 400;\">Bingen Mendizabal, compositor de m\u00fasica de cine, recibi\u00f3 el encargo de componer la banda sonora de un documental sobre el escritor Bernardo Atxaga, \"Atxaga: euskaldunen barne (Atxaga: dentro de los vascos)\". Desde hace alg\u00fan tiempo, debido a la crisis econ\u00f3mica de 2008, Bingen hab\u00eda visto como apenas trabajaba en la industria cinematogr\u00e1fica, y este nuevo encargo le trae de vuelta a la memoria y le recuerda su trayectoria en el cine y la m\u00fasica desde los a\u00f1os 80 hasta la actualidad en el Pa\u00eds Vasco, La pel\u00edcula repasa a trav\u00e9s de diferentes testimonios la vor\u00e1gine art\u00edstica que se produjo y todos los grandes nombres que se abrieron camino en el mundo cinematogr\u00e1fico y musical, nombres que pusieron al Pa\u00eds Vasco y su cultura en el mapa art\u00edstico de una generaci\u00f3n y que sirvieron de ejemplo para las siguientes. A lo largo de este repaso, Bingen Mendizabal reflexiona sobre lo que es realmente el \u00e9xito, seguir el propio camino.<\/span><\/p>\n<p><span style=\"font-weight: 400;\">2022, dirigida por Aitor L\u00f3pez de Aber\u00e1sturi, 90 minutos, en eukara y espa\u00f1ol con subt\u00edtulos en ingl\u00e9s.<\/span><\/p>\n<\/div>\n<div class=\"text-block\">\n<div class=\"text-block\">\n<div class=\"ipc-metadata-list-item__content-container\">\n<div class=\"ipc-html-content ipc-html-content--base sc-751b889a-0 jjjyaj\" role=\"presentation\">\n<div class=\"ipc-html-content-inner-div\" role=\"presentation\">\n<div class=\"ipc-html-content ipc-html-content--base\" role=\"presentation\">\n<div class=\"ipc-html-content-inner-div\" role=\"presentation\">\n<h5><a href=\"https:\/\/vimeo.com\/777913598\" target=\"_blank\" rel=\"noopener\">VEA EL TR\u00c1ILER AQU\u00cd<\/a><\/h5>\n<div class=\"text-block\">\n<h5>sobre el director:<\/h5>\n<div class=\"text-block\">\n<div class=\"text-block\">\n<div class=\"ipc-metadata-list-item__content-container\">\n<div class=\"ipc-html-content ipc-html-content--base sc-751b889a-0 jjjyaj\" role=\"presentation\">\n<div class=\"ipc-html-content-inner-div\" role=\"presentation\">\n<div class=\"ipc-html-content ipc-html-content--base\" role=\"presentation\">\n<div class=\"ipc-html-content-inner-div\" role=\"presentation\">\n<p><span style=\"font-weight: 400;\">Los inicios profesionales de Aitor L\u00f3pez de Aber\u00e1sturi fueron como editor, comenzando <\/span><span style=\"font-weight: 400;\">su carrera en series documentales emitidas por TVE (\"Nexos\") o haber\u00a0<\/span><span style=\"font-weight: 400;\">trabaj\u00f3 en diferentes proyectos para directores como Paul Urkijo Alijo,\u00a0<\/span><span style=\"font-weight: 400;\">David P\u00e9rez Sa\u00f1udo, o Juanma Bajo Ulloa.<\/span><\/p>\n<p><span style=\"font-weight: 400;\">Desde el principio de su carrera, Aitor L\u00f3pez de Aber\u00e1sturi combin\u00f3 <\/span><span style=\"font-weight: 400;\">todas estas funciones con su creciente inter\u00e9s por desarrollar su propia\u00a0<\/span><span style=\"font-weight: 400;\">proyectos con \u00e9l mismo como director y guionista, realizando cortometrajes\u00a0<\/span><span style=\"font-weight: 400;\">y especializ\u00e1ndose poco a poco en el g\u00e9nero documental. \"Bidean jarraituz\u00a0<\/span><span style=\"font-weight: 400;\">(siguiendo el camino)\" es el primer largometraje documental que se\u00a0<\/span><span style=\"font-weight: 400;\">estrenada en cines comerciales, dirigida por Aitor L\u00f3pez de Aber\u00e1sturi, <\/span><span style=\"font-weight: 400;\">aunque es autor de \"Baby: la Naturaleza de filmar\", un v\u00eddeo <\/span><span style=\"font-weight: 400;\">documental de explotaci\u00f3n sobre el rodaje de la pel\u00edcula \"Baby\", de Juanma\u00a0<\/span><span style=\"font-weight: 400;\">Bajo Ulloa.<\/span><\/p>\n<p><span style=\"font-weight: 400;\">Durante todos estos a\u00f1os, Aitor L\u00f3pez de Aber\u00e1sturi ha combinado la <\/span><span style=\"font-weight: 400;\">producci\u00f3n de audiovisuales por encargo con la ense\u00f1anza, habiendo sido\u00a0<\/span><span style=\"font-weight: 400;\">tutor de montaje en la ECPV: Escuela de Cine del Pa\u00eds Vasco. Mientras\u00a0<\/span><span style=\"font-weight: 400;\">comienza la gira de festivales de \"Bidean jarraituz (siguiendo el camino)\", \u00e9l\u00a0<\/span><span style=\"font-weight: 400;\">est\u00e1 ultimando la posproducci\u00f3n de su pr\u00f3ximo proyecto, el rodaje de la\u00a0<\/span><span style=\"font-weight: 400;\">pel\u00edcula \"Irati\", de Paul Urkijo Alijo.<\/span><\/p>\n<\/div>\n<\/div>\n<\/div>\n<\/div>\n<\/div>\n<\/div>\n<\/div>\n<\/div>\n<\/div>\n<\/div>\n<\/div>\n<\/div>\n<\/div>\n<\/div>\n<\/div>\n\n\t\t<\/div>\n\t<\/div>\n<div class=\"vc_separator wpb_content_element vc_separator_align_center vc_sep_width_100 vc_sep_pos_align_center vc_separator_no_text vc_sep_color_grey wpb_content_element  wpb_content_element\" ><span class=\"vc_sep_holder vc_sep_holder_l\"><span class=\"vc_sep_line\"><\/span><\/span><span class=\"vc_sep_holder vc_sep_holder_r\"><span class=\"vc_sep_line\"><\/span><\/span>\n<\/div><\/div><\/div><\/div><\/div>\n<\/div>","protected":false},"excerpt":{"rendered":"SYNOPSIS: Bingen Mendizabal, film music composer, was commissioned to compose the soundtrack for a documentary on the writer Bernardo Atxaga, \"Atxaga: euskaldunen barne (Atxaga: within the Basques)\". For some time [...]","protected":false},"author":1,"featured_media":8230,"parent":2567,"menu_order":5,"comment_status":"closed","ping_status":"closed","template":"","meta":{"give_campaign_id":0,"_tec_requires_first_save":true,"_exactmetrics_skip_tracking":false,"_exactmetrics_sitenote_active":false,"_exactmetrics_sitenote_note":"","_exactmetrics_sitenote_category":0,"_price":"","_stock":"","_tribe_ticket_header":"","_tribe_default_ticket_provider":"","_tribe_ticket_capacity":"0","_ticket_start_date":"","_ticket_end_date":"","_tribe_ticket_show_description":"","_tribe_ticket_show_not_going":false,"_tribe_ticket_use_global_stock":"","_tribe_ticket_global_stock_level":"","_global_stock_mode":"","_global_stock_cap":"","_tribe_rsvp_for_event":"","_tribe_ticket_going_count":"","_tribe_ticket_not_going_count":"","_tribe_tickets_list":"[]","_tribe_ticket_has_attendee_info_fields":false,"_EventAllDay":false,"_EventTimezone":"","_EventStartDate":"","_EventEndDate":"","_EventStartDateUTC":"","_EventEndDateUTC":"","_EventShowMap":false,"_EventShowMapLink":false,"_EventURL":"","_EventCost":"","_EventCostDescription":"","_EventCurrencySymbol":"","_EventCurrencyCode":"","_EventCurrencyPosition":"","_EventDateTimeSeparator":"","_EventTimeRangeSeparator":"","_EventOrganizerID":[],"_EventVenueID":[],"_OrganizerEmail":"","_OrganizerPhone":"","_OrganizerWebsite":"","_VenueAddress":"","_VenueCity":"","_VenueCountry":"","_VenueProvince":"","_VenueState":"","_VenueZip":"","_VenuePhone":"","_VenueURL":"","_VenueStateProvince":"","_VenueLat":"","_VenueLng":"","_VenueShowMap":false,"_VenueShowMapLink":false,"_tribe_blocks_recurrence_rules":"","_tribe_blocks_recurrence_description":"","_tribe_blocks_recurrence_exclusions":"","jetpack_post_was_ever_published":false,"footnotes":""},"class_list":["post-8229","page","type-page","status-publish","has-post-thumbnail","hentry"],"campaignId":"","jetpack_sharing_enabled":false,"jetpack_shortlink":"https:\/\/wp.me\/PaFejT-28J","_links":{"self":[{"href":"https:\/\/www.basqueeducational.org\/es\/wp-json\/wp\/v2\/pages\/8229","targetHints":{"allow":["GET"]}}],"collection":[{"href":"https:\/\/www.basqueeducational.org\/es\/wp-json\/wp\/v2\/pages"}],"about":[{"href":"https:\/\/www.basqueeducational.org\/es\/wp-json\/wp\/v2\/types\/page"}],"author":[{"embeddable":true,"href":"https:\/\/www.basqueeducational.org\/es\/wp-json\/wp\/v2\/users\/1"}],"replies":[{"embeddable":true,"href":"https:\/\/www.basqueeducational.org\/es\/wp-json\/wp\/v2\/comments?post=8229"}],"version-history":[{"count":5,"href":"https:\/\/www.basqueeducational.org\/es\/wp-json\/wp\/v2\/pages\/8229\/revisions"}],"predecessor-version":[{"id":9330,"href":"https:\/\/www.basqueeducational.org\/es\/wp-json\/wp\/v2\/pages\/8229\/revisions\/9330"}],"up":[{"embeddable":true,"href":"https:\/\/www.basqueeducational.org\/es\/wp-json\/wp\/v2\/pages\/2567"}],"wp:featuredmedia":[{"embeddable":true,"href":"https:\/\/www.basqueeducational.org\/es\/wp-json\/wp\/v2\/media\/8230"}],"wp:attachment":[{"href":"https:\/\/www.basqueeducational.org\/es\/wp-json\/wp\/v2\/media?parent=8229"}],"curies":[{"name":"wp","href":"https:\/\/api.w.org\/{rel}","templated":true}]}}