{"id":8880,"date":"2025-11-20T23:48:20","date_gmt":"2025-11-20T23:48:20","guid":{"rendered":"https:\/\/www.basqueeducational.org\/?page_id=8880"},"modified":"2026-03-02T11:51:12","modified_gmt":"2026-03-02T19:51:12","slug":"learn-with-the-beo","status":"publish","type":"page","link":"https:\/\/www.basqueeducational.org\/es\/learn-with-the-beo\/","title":{"rendered":"APRENDE CON LA BEO."},"content":{"rendered":"<hr class=\"wp-block-separator has-text-color has-white-color has-alpha-channel-opacity has-white-background-color has-background\"\/>\n\n\n\n<div class=\"wp-block-columns zeko-team is-layout-flex wp-container-core-columns-is-layout-9d6595d7 wp-block-columns-is-layout-flex\">\n<div class=\"wp-block-column is-layout-flow wp-block-column-is-layout-flow\">\n<figure class=\"wp-block-image size-large\"><img fetchpriority=\"high\" decoding=\"async\" width=\"1024\" height=\"683\" src=\"https:\/\/www.basqueeducational.org\/wp-content\/uploads\/2025\/11\/basque-film-series-1-1024x683.png\" alt=\"\" class=\"wp-image-8886\" srcset=\"https:\/\/www.basqueeducational.org\/wp-content\/uploads\/2025\/11\/basque-film-series-1-1024x683.png 1024w, https:\/\/www.basqueeducational.org\/wp-content\/uploads\/2025\/11\/basque-film-series-1-300x200.png 300w, https:\/\/www.basqueeducational.org\/wp-content\/uploads\/2025\/11\/basque-film-series-1-768x512.png 768w, https:\/\/www.basqueeducational.org\/wp-content\/uploads\/2025\/11\/basque-film-series-1-1536x1024.png 1536w, https:\/\/www.basqueeducational.org\/wp-content\/uploads\/2025\/11\/basque-film-series-1-2048x1365.png 2048w, https:\/\/www.basqueeducational.org\/wp-content\/uploads\/2025\/11\/basque-film-series-1-18x12.png 18w, https:\/\/www.basqueeducational.org\/wp-content\/uploads\/2025\/11\/basque-film-series-1-700x467.png 700w, https:\/\/www.basqueeducational.org\/wp-content\/uploads\/2025\/11\/basque-film-series-1-900x600.png 900w, https:\/\/www.basqueeducational.org\/wp-content\/uploads\/2025\/11\/basque-film-series-1-348x232.png 348w, https:\/\/www.basqueeducational.org\/wp-content\/uploads\/2025\/11\/basque-film-series-1-354x236.png 354w, https:\/\/www.basqueeducational.org\/wp-content\/uploads\/2025\/11\/basque-film-series-1-600x400.png 600w\" sizes=\"(max-width: 1024px) 100vw, 1024px\" \/><\/figure>\n\n\n\n<hr class=\"wp-block-separator has-text-color has-strong-red-color has-css-opacity has-strong-red-background-color has-background is-style-wide\"\/>\n\n\n\n<h2 class=\"wp-block-heading\"><a href=\"https:\/\/www.basqueeducational.org\/2026-basque-film-series\/\">ciclo de cine vasco<\/a><\/h2>\n\n\n\n<p>Nuestros cin\u00e9filos internos preparan una cartelera de entre seis y ocho pel\u00edculas para disfrutar juntos durante todo el a\u00f1o.    <\/p>\n<\/div>\n\n\n\n<div class=\"wp-block-column is-layout-flow wp-block-column-is-layout-flow\">\n<figure class=\"wp-block-image size-large\"><img decoding=\"async\" width=\"1024\" height=\"685\" src=\"https:\/\/www.basqueeducational.org\/wp-content\/uploads\/2025\/11\/book-club-1024x685.png\" alt=\"\" class=\"wp-image-8882\" srcset=\"https:\/\/www.basqueeducational.org\/wp-content\/uploads\/2025\/11\/book-club-1024x685.png 1024w, https:\/\/www.basqueeducational.org\/wp-content\/uploads\/2025\/11\/book-club-300x201.png 300w, https:\/\/www.basqueeducational.org\/wp-content\/uploads\/2025\/11\/book-club-768x514.png 768w, https:\/\/www.basqueeducational.org\/wp-content\/uploads\/2025\/11\/book-club-1536x1028.png 1536w, https:\/\/www.basqueeducational.org\/wp-content\/uploads\/2025\/11\/book-club-2048x1371.png 2048w, https:\/\/www.basqueeducational.org\/wp-content\/uploads\/2025\/11\/book-club-18x12.png 18w, https:\/\/www.basqueeducational.org\/wp-content\/uploads\/2025\/11\/book-club-700x469.png 700w, https:\/\/www.basqueeducational.org\/wp-content\/uploads\/2025\/11\/book-club-348x233.png 348w, https:\/\/www.basqueeducational.org\/wp-content\/uploads\/2025\/11\/book-club-354x237.png 354w, https:\/\/www.basqueeducational.org\/wp-content\/uploads\/2025\/11\/book-club-600x402.png 600w\" sizes=\"(max-width: 1024px) 100vw, 1024px\" \/><\/figure>\n\n\n\n<hr class=\"wp-block-separator has-text-color has-strong-red-color has-css-opacity has-strong-red-background-color has-background is-style-wide\"\/>\n\n\n\n<h2 class=\"wp-block-heading\"><a href=\"https:\/\/www.basqueeducational.org\/book-club\/\">club del libro<\/a><\/h2>\n\n\n\n<p>Este grupo se re\u00fane virtualmente cada seis semanas para hablar de un libro concreto. No queremos gafarnos, pero el autor se une a menudo.<\/p>\n<\/div>\n\n\n\n<div class=\"wp-block-column is-layout-flow wp-block-column-is-layout-flow\">\n<figure class=\"wp-block-image size-large\"><img decoding=\"async\" width=\"1024\" height=\"683\" src=\"https:\/\/www.basqueeducational.org\/wp-content\/uploads\/2025\/11\/movie-club-1024x683.png\" alt=\"\" class=\"wp-image-8883\" srcset=\"https:\/\/www.basqueeducational.org\/wp-content\/uploads\/2025\/11\/movie-club-1024x683.png 1024w, https:\/\/www.basqueeducational.org\/wp-content\/uploads\/2025\/11\/movie-club-300x200.png 300w, https:\/\/www.basqueeducational.org\/wp-content\/uploads\/2025\/11\/movie-club-768x512.png 768w, https:\/\/www.basqueeducational.org\/wp-content\/uploads\/2025\/11\/movie-club-1536x1024.png 1536w, https:\/\/www.basqueeducational.org\/wp-content\/uploads\/2025\/11\/movie-club-2048x1366.png 2048w, https:\/\/www.basqueeducational.org\/wp-content\/uploads\/2025\/11\/movie-club-18x12.png 18w, https:\/\/www.basqueeducational.org\/wp-content\/uploads\/2025\/11\/movie-club-700x467.png 700w, https:\/\/www.basqueeducational.org\/wp-content\/uploads\/2025\/11\/movie-club-900x600.png 900w, https:\/\/www.basqueeducational.org\/wp-content\/uploads\/2025\/11\/movie-club-348x232.png 348w, https:\/\/www.basqueeducational.org\/wp-content\/uploads\/2025\/11\/movie-club-354x236.png 354w, https:\/\/www.basqueeducational.org\/wp-content\/uploads\/2025\/11\/movie-club-600x400.png 600w\" sizes=\"(max-width: 1024px) 100vw, 1024px\" \/><\/figure>\n\n\n\n<hr class=\"wp-block-separator has-text-color has-strong-red-color has-css-opacity has-strong-red-background-color has-background is-style-wide\"\/>\n\n\n\n<h2 class=\"wp-block-heading\"><a href=\"https:\/\/www.basqueeducational.org\/beo-movie-club\/\">club de cine<\/a><\/h2>\n\n\n\n<p>Es muy sencillo: Ve la pel\u00edcula por tu cuenta, \u00fanete a la reuni\u00f3n de Zoom y lleva la pel\u00edcula a otra dimensi\u00f3n.<\/p>\n<\/div>\n<\/div>\n\n\n\n<div class=\"wp-block-columns zeko-team is-layout-flex wp-container-core-columns-is-layout-9d6595d7 wp-block-columns-is-layout-flex\">\n<div class=\"wp-block-column is-layout-flow wp-block-column-is-layout-flow\">\n<figure class=\"wp-block-image size-large\"><img loading=\"lazy\" decoding=\"async\" width=\"1024\" height=\"683\" src=\"https:\/\/www.basqueeducational.org\/wp-content\/uploads\/2025\/11\/bertsolaritza-1024x683.png\" alt=\"\" class=\"wp-image-8884\" srcset=\"https:\/\/www.basqueeducational.org\/wp-content\/uploads\/2025\/11\/bertsolaritza-1024x683.png 1024w, https:\/\/www.basqueeducational.org\/wp-content\/uploads\/2025\/11\/bertsolaritza-300x200.png 300w, https:\/\/www.basqueeducational.org\/wp-content\/uploads\/2025\/11\/bertsolaritza-768x512.png 768w, https:\/\/www.basqueeducational.org\/wp-content\/uploads\/2025\/11\/bertsolaritza-1536x1024.png 1536w, https:\/\/www.basqueeducational.org\/wp-content\/uploads\/2025\/11\/bertsolaritza-2048x1366.png 2048w, https:\/\/www.basqueeducational.org\/wp-content\/uploads\/2025\/11\/bertsolaritza-18x12.png 18w, https:\/\/www.basqueeducational.org\/wp-content\/uploads\/2025\/11\/bertsolaritza-700x467.png 700w, https:\/\/www.basqueeducational.org\/wp-content\/uploads\/2025\/11\/bertsolaritza-900x600.png 900w, https:\/\/www.basqueeducational.org\/wp-content\/uploads\/2025\/11\/bertsolaritza-348x232.png 348w, https:\/\/www.basqueeducational.org\/wp-content\/uploads\/2025\/11\/bertsolaritza-354x236.png 354w, https:\/\/www.basqueeducational.org\/wp-content\/uploads\/2025\/11\/bertsolaritza-600x400.png 600w\" sizes=\"(max-width: 1024px) 100vw, 1024px\" \/><\/figure>\n\n\n\n<hr class=\"wp-block-separator has-text-color has-strong-red-color has-css-opacity has-strong-red-background-color has-background is-style-wide\"\/>\n\n\n\n<h2 class=\"wp-block-heading\"><a href=\"https:\/\/www.basqueeducational.org\/bertsolaritza-school\/\">BERTSOLARITZA<\/a><\/h2>\n\n\n\n<p>Este arte de la improvisaci\u00f3n a trav\u00e9s de la canci\u00f3n puede, efectivamente, aprenderse. Usted tiene preguntas, nosotros tenemos respuestas. <\/p>\n<\/div>\n\n\n\n<div class=\"wp-block-column is-layout-flow wp-block-column-is-layout-flow\">\n<h2 class=\"wp-block-heading\"><\/h2>\n\n\n\n<p><\/p>\n<\/div>\n\n\n\n<div class=\"wp-block-column is-layout-flow wp-block-column-is-layout-flow\">\n<p><\/p>\n\n\n\n<h2 class=\"wp-block-heading\"><\/h2>\n<\/div>\n<\/div>","protected":false},"excerpt":{"rendered":"<p>basque film series Our in-house film aficionados pull together a lineup of about six to eight films for the year to enjoy together. book club This group meets virtually about [&hellip;]<\/p>\n","protected":false},"author":1,"featured_media":0,"parent":0,"menu_order":0,"comment_status":"closed","ping_status":"closed","template":"templates\/full-width-page.php","meta":{"give_campaign_id":0,"_tec_requires_first_save":true,"_exactmetrics_skip_tracking":false,"_exactmetrics_sitenote_active":false,"_exactmetrics_sitenote_note":"","_exactmetrics_sitenote_category":0,"_price":"","_stock":"","_tribe_ticket_header":"","_tribe_default_ticket_provider":"TEC\\Tickets\\Commerce\\Module","_tribe_ticket_capacity":"0","_ticket_start_date":"","_ticket_end_date":"","_tribe_ticket_show_description":"","_tribe_ticket_show_not_going":false,"_tribe_ticket_use_global_stock":"","_tribe_ticket_global_stock_level":"","_global_stock_mode":"","_global_stock_cap":"","_tribe_rsvp_for_event":"","_tribe_ticket_going_count":"","_tribe_ticket_not_going_count":"","_tribe_tickets_list":"[]","_tribe_ticket_has_attendee_info_fields":false,"_EventAllDay":false,"_EventTimezone":"","_EventStartDate":"","_EventEndDate":"","_EventStartDateUTC":"","_EventEndDateUTC":"","_EventShowMap":false,"_EventShowMapLink":false,"_EventURL":"","_EventCost":"","_EventCostDescription":"","_EventCurrencySymbol":"","_EventCurrencyCode":"","_EventCurrencyPosition":"","_EventDateTimeSeparator":"","_EventTimeRangeSeparator":"","_EventOrganizerID":[],"_EventVenueID":[],"_OrganizerEmail":"","_OrganizerPhone":"","_OrganizerWebsite":"","_VenueAddress":"","_VenueCity":"","_VenueCountry":"","_VenueProvince":"","_VenueState":"","_VenueZip":"","_VenuePhone":"","_VenueURL":"","_VenueStateProvince":"","_VenueLat":"","_VenueLng":"","_VenueShowMap":false,"_VenueShowMapLink":false,"_tribe_blocks_recurrence_rules":"","_tribe_blocks_recurrence_description":"","_tribe_blocks_recurrence_exclusions":"","jetpack_post_was_ever_published":false,"footnotes":""},"class_list":["post-8880","page","type-page","status-publish","hentry"],"campaignId":"","jetpack_sharing_enabled":true,"jetpack_shortlink":"https:\/\/wp.me\/PaFejT-2je","_links":{"self":[{"href":"https:\/\/www.basqueeducational.org\/es\/wp-json\/wp\/v2\/pages\/8880","targetHints":{"allow":["GET"]}}],"collection":[{"href":"https:\/\/www.basqueeducational.org\/es\/wp-json\/wp\/v2\/pages"}],"about":[{"href":"https:\/\/www.basqueeducational.org\/es\/wp-json\/wp\/v2\/types\/page"}],"author":[{"embeddable":true,"href":"https:\/\/www.basqueeducational.org\/es\/wp-json\/wp\/v2\/users\/1"}],"replies":[{"embeddable":true,"href":"https:\/\/www.basqueeducational.org\/es\/wp-json\/wp\/v2\/comments?post=8880"}],"version-history":[{"count":5,"href":"https:\/\/www.basqueeducational.org\/es\/wp-json\/wp\/v2\/pages\/8880\/revisions"}],"predecessor-version":[{"id":9317,"href":"https:\/\/www.basqueeducational.org\/es\/wp-json\/wp\/v2\/pages\/8880\/revisions\/9317"}],"wp:attachment":[{"href":"https:\/\/www.basqueeducational.org\/es\/wp-json\/wp\/v2\/media?parent=8880"}],"curies":[{"name":"wp","href":"https:\/\/api.w.org\/{rel}","templated":true}]}}