{"id":8963,"date":"2025-12-10T08:41:37","date_gmt":"2025-12-10T08:41:37","guid":{"rendered":"https:\/\/www.basqueeducational.org\/?page_id=8963"},"modified":"2025-12-16T18:03:11","modified_gmt":"2025-12-16T18:03:11","slug":"project-schepens","status":"publish","type":"page","link":"https:\/\/www.basqueeducational.org\/es\/project-schepens\/","title":{"rendered":"PROYECTOS ESPECIALES"},"content":{"rendered":"<div class=\"wp-block-cover alignfull is-light has-parallax zeko-hero\" style=\"min-height:700px;aspect-ratio:unset;\"><div class=\"wp-block-cover__image-background wp-image-8968 size-full has-parallax\" style=\"background-position:50% 50%;background-image:url(https:\/\/www.basqueeducational.org\/wp-content\/uploads\/2025\/12\/Project-Schepens-sq-homepage.png)\"><\/div><span aria-hidden=\"true\" class=\"wp-block-cover__background has-background-dim-70 has-background-dim\" style=\"background-color:#c2bfb1\"><\/span><div class=\"wp-block-cover__inner-container is-layout-flow wp-block-cover-is-layout-flow\">\n<div class=\"wp-block-group wrap hero-container-outer\"><div class=\"wp-block-group__inner-container is-layout-flow wp-block-group-is-layout-flow\">\n<div class=\"wp-block-group hero-container-inner has-white-color has-text-color\"><div class=\"wp-block-group__inner-container is-layout-flow wp-block-group-is-layout-flow\">\n<div class=\"wp-block-group hero-container-inner has-white-color has-text-color\"><div class=\"wp-block-group__inner-container is-layout-flow wp-block-group-is-layout-flow\">\n<h1 class=\"wp-block-heading has-gray-color has-text-color has-link-color wp-elements-1092d61e9b16c0fb01097ef9f782e68c\" style=\"font-size:92px\">proyecto schepens<\/h1>\n\n\n\n<p class=\"has-gray-color has-text-color\">Este proyecto representa el acto de sentirse tan atra\u00eddo por una historia que se toma la decisi\u00f3n de intentar darle vida a otro nivel.<\/p>\n\n\n\n<div class=\"wp-block-buttons is-layout-flex wp-block-buttons-is-layout-flex\">\n<div class=\"wp-block-button\"><a class=\"wp-block-button__link has-strong-red-background-color has-background wp-element-button\" href=\"mailto:pjambon@basqueeducational.org\">CONSULTAS SOBRE PROYECTOS<\/a><\/div>\n<\/div>\n<\/div><\/div>\n<\/div><\/div>\n<\/div><\/div>\n<\/div><\/div>\n\n\n\n<div class=\"wp-block-columns zeko-info is-layout-flex wp-container-core-columns-is-layout-9d6595d7 wp-block-columns-is-layout-flex\">\n<div class=\"wp-block-column is-vertically-aligned-center is-layout-flow wp-block-column-is-layout-flow\">\n<figure class=\"wp-block-image size-full\"><img fetchpriority=\"high\" decoding=\"async\" width=\"574\" height=\"423\" src=\"https:\/\/www.basqueeducational.org\/wp-content\/uploads\/2025\/12\/Project-Schepens-sq-homepage.png\" alt=\"\" class=\"wp-image-8968\" srcset=\"https:\/\/www.basqueeducational.org\/wp-content\/uploads\/2025\/12\/Project-Schepens-sq-homepage.png 574w, https:\/\/www.basqueeducational.org\/wp-content\/uploads\/2025\/12\/Project-Schepens-sq-homepage-300x221.png 300w, https:\/\/www.basqueeducational.org\/wp-content\/uploads\/2025\/12\/Project-Schepens-sq-homepage-16x12.png 16w, https:\/\/www.basqueeducational.org\/wp-content\/uploads\/2025\/12\/Project-Schepens-sq-homepage-348x256.png 348w, https:\/\/www.basqueeducational.org\/wp-content\/uploads\/2025\/12\/Project-Schepens-sq-homepage-354x261.png 354w\" sizes=\"(max-width: 574px) 100vw, 574px\" \/><\/figure>\n<\/div>\n\n\n\n<div class=\"wp-block-column is-layout-flow wp-block-column-is-layout-flow\">\n<hr class=\"wp-block-separator has-text-color has-strong-red-color has-css-opacity has-strong-red-background-color has-background is-style-default\"\/>\n\n\n\n<h2 class=\"wp-block-heading has-large-font-size\">El beo ha firmado un acuerdo de opci\u00f3n de pel\u00edcula<\/h2>\n\n\n\n<p class=\"has-strong-red-color has-text-color has-link-color wp-elements-9bac0978dbee1e2d3bfedcd06dc7de09\">10 de diciembre de 2025 - La Organizaci\u00f3n Educativa Vasca (BEO) ha firmado un acuerdo de opci\u00f3n cinematogr\u00e1fica con la autora Meg Ostrum por su libro,&nbsp;<em>El cirujano y el pastor: Dos h\u00e9roes de la resistencia en la Francia de Vichy<\/em>. <\/p>\n<\/div>\n<\/div>\n\n\n\n<p>Este acuerdo supone el primer paso para adaptar al cine sus palabras sobre los h\u00e9roes de la resistencia en la Francia ocupada durante la Segunda Guerra Mundial.<br><br>La OEB trabaja en colaboraci\u00f3n con Pierre Jambon, miembro del Consejo Asesor de la OEB y productor ejecutivo del proyecto, como socio creativo y gu\u00eda de contenidos.\u00a0<br><br>\u201cUna vez que le\u00ed el libro, supe que esta historia \u00fanica de valor e ingenio merec\u00eda ser compartida m\u00e1s ampliamente. Fue algo personal para m\u00ed, pero enseguida me di cuenta de que esta historia resonar\u00eda en mucha gente\u201d, dijo el Sr. Jambon. <br><br>\u201cComo organizaci\u00f3n, la OEB ha mantenido a lo largo de los a\u00f1os interesantes conversaciones con nuestra comunidad en general sobre la participaci\u00f3n del pueblo vasco en la Francia ocupada durante la Segunda Guerra Mundial. Lo que hemos aprendido es que, a menos que alguien participara activamente en la resistencia, ni siquiera los miembros de la familia conoc\u00edan el peligro que corrieron sus madres, padres y hermanos o los riesgos que corrieron. Estas historias no se transmit\u00edan. Afortunadamente, seguimos aprendiendo con libros como\u00a0<em>El cirujano y el pastor<\/em>. Esta es la historia real de un joven oftalm\u00f3logo belga, Charles Schepens, y su colaboraci\u00f3n con los vascos en el lado franc\u00e9s de los Pirineos, para salvar al menos 100 vidas haci\u00e9ndoles cruzar la frontera y entrar en Espa\u00f1a\u201d. Anna Marie Etcheverria, Presidenta de la BEO, prosigue: \u201cLa BEO se siente honrada de formar parte de este proyecto, no s\u00f3lo para compartir esta convincente historia, sino tambi\u00e9n para dar voz a los h\u00e9roes de la resistencia que nunca utilizaron la suya durante estos tiempos precarios, y para aprender de las experiencias que perduraron en la quietud de algunas noches muy oscuras y largas.\u201d <br><br><a href=\"https:\/\/www.basqueeducational.org\/wp-content\/uploads\/2025\/12\/Project-Schepens-Press-Release-1.pdf\" target=\"_blank\" rel=\"noreferrer noopener\">PULSE AQU\u00cd<\/a> para acceder al comunicado de prensa oficial.<\/p>\n\n\n\n<hr class=\"wp-block-separator has-text-color has-strong-red-color has-alpha-channel-opacity has-strong-red-background-color has-background is-style-default\"\/>\n\n\n\n<h2 class=\"wp-block-heading\">DISFRUTA DE UN CORTOMETRAJE QUE HABLA DE ESTA HISTORIA<\/h2>\n\n\n\n<figure class=\"wp-block-boldblocks-youtube-block\"><div id=\"yb-video-D17pLEWsMfE\" class=\"yb-player\" data-video-id=\"D17pLEWsMfE\" data-title=\"Play\" style=\"background-image:url(https:\/\/img.youtube.com\/vi\/D17pLEWsMfE\/hqdefault.jpg)\"><button type=\"button\" class=\"yb-btn-play\"><span class=\"visually-hidden\">Jugar<\/span><\/button><\/div><figcaption class=\"yb-caption\">Red Sin Nombre<\/figcaption><\/figure>\n\n\n\n<p><\/p>\n\n\n\n<p><\/p>\n\n\n\n<p><\/p>","protected":false},"excerpt":{"rendered":"<p>The beo has entered into a film option agreement December 10, 2025&nbsp;&#8212; The Basque Educational Organization (BEO) has signed a film option agreement with author Meg Ostrum for her book,&nbsp;The [&hellip;]<\/p>\n","protected":false},"author":1,"featured_media":0,"parent":0,"menu_order":0,"comment_status":"closed","ping_status":"closed","template":"templates\/full-width-page.php","meta":{"give_campaign_id":0,"_tec_requires_first_save":true,"_exactmetrics_skip_tracking":false,"_exactmetrics_sitenote_active":false,"_exactmetrics_sitenote_note":"","_exactmetrics_sitenote_category":0,"_price":"","_stock":"","_tribe_ticket_header":"","_tribe_default_ticket_provider":"TEC\\Tickets\\Commerce\\Module","_tribe_ticket_capacity":"","_ticket_start_date":"","_ticket_end_date":"","_tribe_ticket_show_description":"","_tribe_ticket_show_not_going":false,"_tribe_ticket_use_global_stock":"","_tribe_ticket_global_stock_level":"","_global_stock_mode":"","_global_stock_cap":"","_tribe_rsvp_for_event":"","_tribe_ticket_going_count":"","_tribe_ticket_not_going_count":"","_tribe_tickets_list":"[]","_tribe_ticket_has_attendee_info_fields":false,"_EventAllDay":false,"_EventTimezone":"","_EventStartDate":"","_EventEndDate":"","_EventStartDateUTC":"","_EventEndDateUTC":"","_EventShowMap":false,"_EventShowMapLink":false,"_EventURL":"","_EventCost":"","_EventCostDescription":"","_EventCurrencySymbol":"","_EventCurrencyCode":"","_EventCurrencyPosition":"","_EventDateTimeSeparator":"","_EventTimeRangeSeparator":"","_EventOrganizerID":[],"_EventVenueID":[],"_OrganizerEmail":"","_OrganizerPhone":"","_OrganizerWebsite":"","_VenueAddress":"","_VenueCity":"","_VenueCountry":"","_VenueProvince":"","_VenueState":"","_VenueZip":"","_VenuePhone":"","_VenueURL":"","_VenueStateProvince":"","_VenueLat":"","_VenueLng":"","_VenueShowMap":false,"_VenueShowMapLink":false,"_tribe_blocks_recurrence_rules":"","_tribe_blocks_recurrence_description":"","_tribe_blocks_recurrence_exclusions":"","jetpack_post_was_ever_published":false,"footnotes":""},"class_list":["post-8963","page","type-page","status-publish","hentry"],"campaignId":"","jetpack_sharing_enabled":true,"jetpack_shortlink":"https:\/\/wp.me\/PaFejT-2kz","_links":{"self":[{"href":"https:\/\/www.basqueeducational.org\/es\/wp-json\/wp\/v2\/pages\/8963","targetHints":{"allow":["GET"]}}],"collection":[{"href":"https:\/\/www.basqueeducational.org\/es\/wp-json\/wp\/v2\/pages"}],"about":[{"href":"https:\/\/www.basqueeducational.org\/es\/wp-json\/wp\/v2\/types\/page"}],"author":[{"embeddable":true,"href":"https:\/\/www.basqueeducational.org\/es\/wp-json\/wp\/v2\/users\/1"}],"replies":[{"embeddable":true,"href":"https:\/\/www.basqueeducational.org\/es\/wp-json\/wp\/v2\/comments?post=8963"}],"version-history":[{"count":5,"href":"https:\/\/www.basqueeducational.org\/es\/wp-json\/wp\/v2\/pages\/8963\/revisions"}],"predecessor-version":[{"id":8992,"href":"https:\/\/www.basqueeducational.org\/es\/wp-json\/wp\/v2\/pages\/8963\/revisions\/8992"}],"wp:attachment":[{"href":"https:\/\/www.basqueeducational.org\/es\/wp-json\/wp\/v2\/media?parent=8963"}],"curies":[{"name":"wp","href":"https:\/\/api.w.org\/{rel}","templated":true}]}}