{"id":9185,"date":"2026-02-27T01:31:10","date_gmt":"2026-02-27T01:31:10","guid":{"rendered":"https:\/\/www.basqueeducational.org\/?page_id=9185"},"modified":"2026-03-02T11:49:03","modified_gmt":"2026-03-02T19:49:03","slug":"2026-basque-film-series","status":"publish","type":"page","link":"https:\/\/www.basqueeducational.org\/es\/2026-basque-film-series\/","title":{"rendered":"2026 CICLO DE CINE VASCO"},"content":{"rendered":"<div class=\"wpb-content-wrapper\"><div class=\"vc_row wpb_row vc_row-fluid gradient-container-1\"><div class=\"gradient-column-1 wpb_column vc_column_container vc_col-sm-12\"><div class=\"vc_column-inner\"><div class=\"wpb_wrapper\">\n\t<div class=\"wpb_text_column wpb_content_element\" >\n\t\t<div class=\"wpb_wrapper\">\n\t\t\t<p>Nuestro ciclo de cine vasco consiste en reunirse en una sala de cine para ver la pel\u00edcula juntos. Las proyecciones tienen lugar en el San Francisco Basque Cultural Center, en el sur de San Francisco, y en el Little Roxie Theater, en San Francisco. Hemos escuchado a nuestros asistentes y nos hemos esforzado en seleccionar una temporada que incluya pel\u00edculas que gusten a todo el mundo. Si no puede asistir a una proyecci\u00f3n, pero le interesa la pel\u00edcula, <a href=\"mailto:info@basqueeducational.org\">env\u00edenos un correo electr\u00f3nico<\/a> y av\u00edsanos. Haremos todo lo posible por ayudarte.<\/p>\n<p>Si eres un amante del cine y te encanta hablar de pel\u00edculas, echa un vistazo a nuestro <a href=\"https:\/\/www.basqueeducational.org\/beo-movie-club\/\">BEO Movie Club<\/a>Tambi\u00e9n.<\/p>\n\n\t\t<\/div>\n\t<\/div>\n<\/div><\/div><\/div><\/div>\n<\/div>","protected":false},"excerpt":{"rendered":"Our Basque Film Series is about getting together in a theater setting to watch the film together. We host our screenings at both the San Francisco Basque Cultural Center in [...]","protected":false},"author":1,"featured_media":0,"parent":0,"menu_order":0,"comment_status":"closed","ping_status":"closed","template":"templates\/grid-page.php","meta":{"give_campaign_id":0,"_tec_requires_first_save":true,"_exactmetrics_skip_tracking":false,"_exactmetrics_sitenote_active":false,"_exactmetrics_sitenote_note":"","_exactmetrics_sitenote_category":0,"_price":"","_stock":"","_tribe_ticket_header":"","_tribe_default_ticket_provider":"TEC\\Tickets\\Commerce\\Module","_tribe_ticket_capacity":"0","_ticket_start_date":"","_ticket_end_date":"","_tribe_ticket_show_description":"","_tribe_ticket_show_not_going":false,"_tribe_ticket_use_global_stock":"","_tribe_ticket_global_stock_level":"","_global_stock_mode":"","_global_stock_cap":"","_tribe_rsvp_for_event":"","_tribe_ticket_going_count":"","_tribe_ticket_not_going_count":"","_tribe_tickets_list":"[]","_tribe_ticket_has_attendee_info_fields":false,"_EventAllDay":false,"_EventTimezone":"","_EventStartDate":"","_EventEndDate":"","_EventStartDateUTC":"","_EventEndDateUTC":"","_EventShowMap":false,"_EventShowMapLink":false,"_EventURL":"","_EventCost":"","_EventCostDescription":"","_EventCurrencySymbol":"","_EventCurrencyCode":"","_EventCurrencyPosition":"","_EventDateTimeSeparator":"","_EventTimeRangeSeparator":"","_EventOrganizerID":[],"_EventVenueID":[],"_OrganizerEmail":"","_OrganizerPhone":"","_OrganizerWebsite":"","_VenueAddress":"","_VenueCity":"","_VenueCountry":"","_VenueProvince":"","_VenueState":"","_VenueZip":"","_VenuePhone":"","_VenueURL":"","_VenueStateProvince":"","_VenueLat":"","_VenueLng":"","_VenueShowMap":false,"_VenueShowMapLink":false,"_tribe_blocks_recurrence_rules":"","_tribe_blocks_recurrence_description":"","_tribe_blocks_recurrence_exclusions":"","jetpack_post_was_ever_published":false,"footnotes":""},"class_list":["post-9185","page","type-page","status-publish","hentry"],"campaignId":"","jetpack_sharing_enabled":true,"jetpack_shortlink":"https:\/\/wp.me\/PaFejT-2o9","_links":{"self":[{"href":"https:\/\/www.basqueeducational.org\/es\/wp-json\/wp\/v2\/pages\/9185","targetHints":{"allow":["GET"]}}],"collection":[{"href":"https:\/\/www.basqueeducational.org\/es\/wp-json\/wp\/v2\/pages"}],"about":[{"href":"https:\/\/www.basqueeducational.org\/es\/wp-json\/wp\/v2\/types\/page"}],"author":[{"embeddable":true,"href":"https:\/\/www.basqueeducational.org\/es\/wp-json\/wp\/v2\/users\/1"}],"replies":[{"embeddable":true,"href":"https:\/\/www.basqueeducational.org\/es\/wp-json\/wp\/v2\/comments?post=9185"}],"version-history":[{"count":2,"href":"https:\/\/www.basqueeducational.org\/es\/wp-json\/wp\/v2\/pages\/9185\/revisions"}],"predecessor-version":[{"id":9291,"href":"https:\/\/www.basqueeducational.org\/es\/wp-json\/wp\/v2\/pages\/9185\/revisions\/9291"}],"wp:attachment":[{"href":"https:\/\/www.basqueeducational.org\/es\/wp-json\/wp\/v2\/media?parent=9185"}],"curies":[{"name":"wp","href":"https:\/\/api.w.org\/{rel}","templated":true}]}}