{"id":9293,"date":"2026-03-02T10:48:18","date_gmt":"2026-03-02T18:48:18","guid":{"rendered":"https:\/\/www.basqueeducational.org\/?page_id=9293"},"modified":"2026-03-02T11:14:45","modified_gmt":"2026-03-02T19:14:45","slug":"reseau-sans-nom","status":"publish","type":"page","link":"https:\/\/www.basqueeducational.org\/es\/2026-basque-film-series\/reseau-sans-nom\/","title":{"rendered":"R\u00e9seau Sans Nom \/ L\u00ednea Sin Nombre"},"content":{"rendered":"<div class=\"wpb-content-wrapper\"><div class=\"vc_row wpb_row vc_row-fluid gradient-container-1\"><div class=\"gradient-column-1 wpb_column vc_column_container vc_col-sm-12\"><div class=\"vc_column-inner\"><div class=\"wpb_wrapper\">\n\t<div class=\"wpb_text_column wpb_content_element\" >\n\t\t<div class=\"wpb_wrapper\">\n\t\t\t<h5><span style=\"color: #808080;\">DOCUMENTARIO<\/span><br \/>\n<span style=\"color: #808080;\">Mostrando: Febrero, SFBCC, Sur de San Francisco<\/span><\/h5>\n<p><!--more--><\/p>\n\n\t\t<\/div>\n\t<\/div>\n\n\t<div class=\"wpb_text_column wpb_content_element\" >\n\t\t<div class=\"wpb_wrapper\">\n\t\t\t<h5>SINOPSIS:<\/h5>\n<p><span style=\"font-weight: 400;\">En 1942, durante la Segunda Guerra Mundial, la Alemania nazi ocup\u00f3 Francia. La Resistencia cre\u00f3 entonces numerosas l\u00edneas de fuga para ayudar a la gente a escapar de la Europa nazi a la Europa aliada. Entre estas l\u00edneas estaba la red Mendive-Orbaizeta, una l\u00ednea tan secreta que ni siquiera lleg\u00f3 a tener nombre. Esp\u00edas, redes clandestinas, contrabandistas, solidaridad, resistencia, esperanza. El documental \u201cR\u00e9seau Sans Nom\u201d es todo esto y mucho m\u00e1s.<\/span><\/p>\n<p><span style=\"font-weight: 400;\">2020 dirigido por Benat Iturrioz, 33 minutos, color en ingl\u00e9s, franc\u00e9s, euskara con subt\u00edtulos en ingl\u00e9s.<\/span><\/p>\n<p><strong style=\"font-family: Oswald, 'Helvetica Neue', helvetica, arial, sans-serif; font-size: 1rem; text-transform: uppercase;\">SOBRE EL DIRECTOR:<\/strong><\/p>\n<p><span style=\"font-weight: 400;\">Be\u00f1at Iturrioz P\u00e9rez<br \/>\n<\/span><span style=\"font-weight: 400;\">Director de cine y m\u00fasico<\/span><\/p>\n<p><span style=\"font-weight: 400;\">Adem\u00e1s de licenciado en Historia y diplomado en Educaci\u00f3n Primaria, es creador multidisciplinar, videoaficionado y m\u00fasico.<\/span><\/p>\n<p><span style=\"font-weight: 400;\">Como m\u00fasico, ha trabajado en el proyecto Hysteron (2016) impulsado por Nagore Legarreta y en Hezurren Azpian (2019) de Maite Larburu. Como txalapartari, adem\u00e1s de Juan Mari Beltran y Ugarte Anaiak, ha participado en el concierto experimental \u201cMikel Laboa\u201d (2019, Santas Pascuas Pascuas), creado por Delorean y Oreka TX.<\/span><\/p>\n<p><span style=\"font-weight: 400;\">En el \u00e1mbito cinematogr\u00e1fico, ha participado en varios proyectos creados de forma comunitaria y autogestionada. Ha escrito y dirigido la trilog\u00eda Ataun Of The Dead (2011-2019) y ha trabajado como directora de fotograf\u00eda en la serie Ba\u00f1olet (2021), creada en la regi\u00f3n de Garazi.<\/span><\/p>\n<p><span style=\"font-weight: 400;\">Desde 2017 es socio fundador de la cooperativa Bira Produkzioak y ha dirigido los documentales Sans Nom Sarea (2020) e Ibaia ez da toki<\/span><\/p>\n\n\t\t<\/div>\n\t<\/div>\n<div class=\"vc_separator wpb_content_element vc_separator_align_center vc_sep_width_100 vc_sep_pos_align_center vc_separator_no_text vc_sep_color_grey wpb_content_element  wpb_content_element\" ><span class=\"vc_sep_holder vc_sep_holder_l\"><span class=\"vc_sep_line\"><\/span><\/span><span class=\"vc_sep_holder vc_sep_holder_r\"><span class=\"vc_sep_line\"><\/span><\/span>\n<\/div><\/div><\/div><\/div><\/div>\n<\/div>","protected":false},"excerpt":{"rendered":"<p>Proyecci\u00f3n de DOCUMENTARIO: Febrero, SFBCC, Sur de San Francisco<\/p>","protected":false},"author":1,"featured_media":9305,"parent":9185,"menu_order":1,"comment_status":"closed","ping_status":"closed","template":"","meta":{"give_campaign_id":0,"_tec_requires_first_save":true,"_exactmetrics_skip_tracking":false,"_exactmetrics_sitenote_active":false,"_exactmetrics_sitenote_note":"","_exactmetrics_sitenote_category":0,"_price":"","_stock":"","_tribe_ticket_header":"","_tribe_default_ticket_provider":"","_tribe_ticket_capacity":"0","_ticket_start_date":"","_ticket_end_date":"","_tribe_ticket_show_description":"","_tribe_ticket_show_not_going":false,"_tribe_ticket_use_global_stock":"","_tribe_ticket_global_stock_level":"","_global_stock_mode":"","_global_stock_cap":"","_tribe_rsvp_for_event":"","_tribe_ticket_going_count":"","_tribe_ticket_not_going_count":"","_tribe_tickets_list":"[]","_tribe_ticket_has_attendee_info_fields":false,"_EventAllDay":false,"_EventTimezone":"","_EventStartDate":"","_EventEndDate":"","_EventStartDateUTC":"","_EventEndDateUTC":"","_EventShowMap":false,"_EventShowMapLink":false,"_EventURL":"","_EventCost":"","_EventCostDescription":"","_EventCurrencySymbol":"","_EventCurrencyCode":"","_EventCurrencyPosition":"","_EventDateTimeSeparator":"","_EventTimeRangeSeparator":"","_EventOrganizerID":[],"_EventVenueID":[],"_OrganizerEmail":"","_OrganizerPhone":"","_OrganizerWebsite":"","_VenueAddress":"","_VenueCity":"","_VenueCountry":"","_VenueProvince":"","_VenueState":"","_VenueZip":"","_VenuePhone":"","_VenueURL":"","_VenueStateProvince":"","_VenueLat":"","_VenueLng":"","_VenueShowMap":false,"_VenueShowMapLink":false,"_tribe_blocks_recurrence_rules":"","_tribe_blocks_recurrence_description":"","_tribe_blocks_recurrence_exclusions":"","jetpack_post_was_ever_published":false,"footnotes":""},"class_list":["post-9293","page","type-page","status-publish","has-post-thumbnail","hentry"],"campaignId":"","jetpack_sharing_enabled":false,"jetpack_shortlink":"https:\/\/wp.me\/PaFejT-2pT","_links":{"self":[{"href":"https:\/\/www.basqueeducational.org\/es\/wp-json\/wp\/v2\/pages\/9293","targetHints":{"allow":["GET"]}}],"collection":[{"href":"https:\/\/www.basqueeducational.org\/es\/wp-json\/wp\/v2\/pages"}],"about":[{"href":"https:\/\/www.basqueeducational.org\/es\/wp-json\/wp\/v2\/types\/page"}],"author":[{"embeddable":true,"href":"https:\/\/www.basqueeducational.org\/es\/wp-json\/wp\/v2\/users\/1"}],"replies":[{"embeddable":true,"href":"https:\/\/www.basqueeducational.org\/es\/wp-json\/wp\/v2\/comments?post=9293"}],"version-history":[{"count":1,"href":"https:\/\/www.basqueeducational.org\/es\/wp-json\/wp\/v2\/pages\/9293\/revisions"}],"predecessor-version":[{"id":9296,"href":"https:\/\/www.basqueeducational.org\/es\/wp-json\/wp\/v2\/pages\/9293\/revisions\/9296"}],"up":[{"embeddable":true,"href":"https:\/\/www.basqueeducational.org\/es\/wp-json\/wp\/v2\/pages\/9185"}],"wp:featuredmedia":[{"embeddable":true,"href":"https:\/\/www.basqueeducational.org\/es\/wp-json\/wp\/v2\/media\/9305"}],"wp:attachment":[{"href":"https:\/\/www.basqueeducational.org\/es\/wp-json\/wp\/v2\/media?parent=9293"}],"curies":[{"name":"wp","href":"https:\/\/api.w.org\/{rel}","templated":true}]}}