{"id":9297,"date":"2026-03-02T10:55:13","date_gmt":"2026-03-02T18:55:13","guid":{"rendered":"https:\/\/www.basqueeducational.org\/?page_id=9297"},"modified":"2026-03-02T11:01:35","modified_gmt":"2026-03-02T19:01:35","slug":"itoiz-udako-sesioak","status":"publish","type":"page","link":"https:\/\/www.basqueeducational.org\/es\/2026-basque-film-series\/itoiz-udako-sesioak\/","title":{"rendered":"Itoiz Udako sesioak \/ Sesiones de verano de Itoiz"},"content":{"rendered":"<div class=\"wpb-content-wrapper\"><div class=\"vc_row wpb_row vc_row-fluid gradient-container-1\"><div class=\"gradient-column-1 wpb_column vc_column_container vc_col-sm-12\"><div class=\"vc_column-inner\"><div class=\"wpb_wrapper\">\n\t<div class=\"wpb_text_column wpb_content_element\" >\n\t\t<div class=\"wpb_wrapper\">\n\t\t\t<h5><span style=\"color: #808080;\">Documental<\/span><br \/>\n<span style=\"color: #808080;\">Proyecci\u00f3n: 6 de marzo, SFBCC, Sur de San Francisco<\/span><\/h5>\n<p><!--more--><\/p>\n\n\t\t<\/div>\n\t<\/div>\n\n\t<div class=\"wpb_text_column wpb_content_element\" >\n\t\t<div class=\"wpb_wrapper\">\n\t\t\t<h5>SINOPSIS:<\/h5>\n<p><span style=\"font-weight: 400;\">El hallazgo de una serie de cintas in\u00e9ditas lleva a Juan Carlos P\u00e9rez, l\u00edder de la emblem\u00e1tica banda Itoiz, a reflexionar sobre su ruptura en la cima de la fama, tras un evidente cambio de estilo hacia el pop que hoy sigue desde\u00f1ando. Juan Carlos emprende as\u00ed un viaje cat\u00e1rtico hacia la esencia del grupo, reviviendo sus inicios como grupo de prog-rock en la Mutriku de principios de los 70, mientras se reconcilia con el pasado.<\/span><\/p>\n<p>&nbsp;<\/p>\n<p><span style=\"font-weight: 400;\">2024, dirigida por Larraitz Zuazo &amp; Zuri Goikoetxea &amp; Ainhoa Andraka, 102 minutos, color, en euskara y castellano con subt\u00edtulos en ingl\u00e9s.<\/span><\/p>\n<p><span style=\"font-weight: 400;\">2025 Selecci\u00f3n del Festival Internacional de Cine de San Sebasti\u00e1n<\/span><\/p>\n<p><strong style=\"font-family: Oswald, 'Helvetica Neue', helvetica, arial, sans-serif; font-size: 1rem; text-transform: uppercase;\">SOBRE EL DIRECTOR:<br \/>\n<\/strong><span style=\"font-weight: 400;\">Larraitz Zuazo, Zuri Goikoetxea, Ainhoa Andraka<\/span><\/p>\n<p><span style=\"font-weight: 400;\">Productora ejecutiva y productora en Begira Produkzioak, Larraitz Zuazo (Bilbao, 1980) ha dirigido documentales como Nosotras, mujeres de Euskalduna (2016), 163 d\u00edas, la huelga de bandas (2017) y Esther Ferrer, hilos de tiempo (2019). La guionista, directora y productora Zuri Goikoetxea (Vitoria, 1984) se mueve entre el cine documental y el videoarte y, desde 2016, trabaja principalmente con Doxa Producciones. En 2022 codirigi\u00f3 el documental Cabeza y coraz\u00f3n junto a Ainhoa Andrake (Bilbao, 1982), montadora, guionista, directora y productora al frente de Doxa Producciones. Ha sido productora ejecutiva de t\u00edtulos como Asier ETA Biok (Aitor y Amaia Merino, Zinemira, Premio Irizar 2013).<\/span><\/p>\n\n\t\t<\/div>\n\t<\/div>\n<div class=\"vc_separator wpb_content_element vc_separator_align_center vc_sep_width_100 vc_sep_pos_align_center vc_separator_no_text vc_sep_color_grey wpb_content_element  wpb_content_element\" ><span class=\"vc_sep_holder vc_sep_holder_l\"><span class=\"vc_sep_line\"><\/span><\/span><span class=\"vc_sep_holder vc_sep_holder_r\"><span class=\"vc_sep_line\"><\/span><\/span>\n<\/div><\/div><\/div><\/div><\/div>\n<\/div>","protected":false},"excerpt":{"rendered":"<p>Proyecci\u00f3n de documentales: 6 de marzo, SFBCC, San Francisco Sur<\/p>","protected":false},"author":1,"featured_media":9149,"parent":9185,"menu_order":2,"comment_status":"closed","ping_status":"closed","template":"","meta":{"give_campaign_id":0,"_tec_requires_first_save":true,"_exactmetrics_skip_tracking":false,"_exactmetrics_sitenote_active":false,"_exactmetrics_sitenote_note":"","_exactmetrics_sitenote_category":0,"_price":"","_stock":"","_tribe_ticket_header":"","_tribe_default_ticket_provider":"","_tribe_ticket_capacity":"0","_ticket_start_date":"","_ticket_end_date":"","_tribe_ticket_show_description":"","_tribe_ticket_show_not_going":false,"_tribe_ticket_use_global_stock":"","_tribe_ticket_global_stock_level":"","_global_stock_mode":"","_global_stock_cap":"","_tribe_rsvp_for_event":"","_tribe_ticket_going_count":"","_tribe_ticket_not_going_count":"","_tribe_tickets_list":"[]","_tribe_ticket_has_attendee_info_fields":false,"_EventAllDay":false,"_EventTimezone":"","_EventStartDate":"","_EventEndDate":"","_EventStartDateUTC":"","_EventEndDateUTC":"","_EventShowMap":false,"_EventShowMapLink":false,"_EventURL":"","_EventCost":"","_EventCostDescription":"","_EventCurrencySymbol":"","_EventCurrencyCode":"","_EventCurrencyPosition":"","_EventDateTimeSeparator":"","_EventTimeRangeSeparator":"","_EventOrganizerID":[],"_EventVenueID":[],"_OrganizerEmail":"","_OrganizerPhone":"","_OrganizerWebsite":"","_VenueAddress":"","_VenueCity":"","_VenueCountry":"","_VenueProvince":"","_VenueState":"","_VenueZip":"","_VenuePhone":"","_VenueURL":"","_VenueStateProvince":"","_VenueLat":"","_VenueLng":"","_VenueShowMap":false,"_VenueShowMapLink":false,"_tribe_blocks_recurrence_rules":"","_tribe_blocks_recurrence_description":"","_tribe_blocks_recurrence_exclusions":"","jetpack_post_was_ever_published":false,"footnotes":""},"class_list":["post-9297","page","type-page","status-publish","has-post-thumbnail","hentry"],"campaignId":"","jetpack_sharing_enabled":false,"jetpack_shortlink":"https:\/\/wp.me\/PaFejT-2pX","_links":{"self":[{"href":"https:\/\/www.basqueeducational.org\/es\/wp-json\/wp\/v2\/pages\/9297","targetHints":{"allow":["GET"]}}],"collection":[{"href":"https:\/\/www.basqueeducational.org\/es\/wp-json\/wp\/v2\/pages"}],"about":[{"href":"https:\/\/www.basqueeducational.org\/es\/wp-json\/wp\/v2\/types\/page"}],"author":[{"embeddable":true,"href":"https:\/\/www.basqueeducational.org\/es\/wp-json\/wp\/v2\/users\/1"}],"replies":[{"embeddable":true,"href":"https:\/\/www.basqueeducational.org\/es\/wp-json\/wp\/v2\/comments?post=9297"}],"version-history":[{"count":3,"href":"https:\/\/www.basqueeducational.org\/es\/wp-json\/wp\/v2\/pages\/9297\/revisions"}],"predecessor-version":[{"id":9300,"href":"https:\/\/www.basqueeducational.org\/es\/wp-json\/wp\/v2\/pages\/9297\/revisions\/9300"}],"up":[{"embeddable":true,"href":"https:\/\/www.basqueeducational.org\/es\/wp-json\/wp\/v2\/pages\/9185"}],"wp:featuredmedia":[{"embeddable":true,"href":"https:\/\/www.basqueeducational.org\/es\/wp-json\/wp\/v2\/media\/9149"}],"wp:attachment":[{"href":"https:\/\/www.basqueeducational.org\/es\/wp-json\/wp\/v2\/media?parent=9297"}],"curies":[{"name":"wp","href":"https:\/\/api.w.org\/{rel}","templated":true}]}}