{"id":9301,"date":"2026-03-02T11:05:11","date_gmt":"2026-03-02T19:05:11","guid":{"rendered":"https:\/\/www.basqueeducational.org\/?page_id=9301"},"modified":"2026-03-02T11:05:11","modified_gmt":"2026-03-02T19:05:11","slug":"jone-batzuetan","status":"publish","type":"page","link":"https:\/\/www.basqueeducational.org\/es\/2026-basque-film-series\/jone-batzuetan\/","title":{"rendered":"Jone, batzuetan \/ Jone, a veces"},"content":{"rendered":"<div class=\"wpb-content-wrapper\"><div class=\"vc_row wpb_row vc_row-fluid gradient-container-1\"><div class=\"gradient-column-1 wpb_column vc_column_container vc_col-sm-12\"><div class=\"vc_column-inner\"><div class=\"wpb_wrapper\">\n\t<div class=\"wpb_text_column wpb_content_element\" >\n\t\t<div class=\"wpb_wrapper\">\n\t\t\t<h5><span style=\"color: #808080;\">ROMANCE<\/span><br \/>\n<span style=\"color: #808080;\">Proyecci\u00f3n: 7 DE ABRIL, THE LITTLE ROXIE, San Francisco<\/span><\/h5>\n<p><!--more--><\/p>\n\n\t\t<\/div>\n\t<\/div>\n\n\t<div class=\"wpb_text_column wpb_content_element\" >\n\t\t<div class=\"wpb_wrapper\">\n\t\t\t<h5>SINOPSIS:<\/h5>\n<p><span style=\"font-weight: 400;\">Bilbao, mediados de agosto. Jone (20 a\u00f1os) vive con su padre y su hermana peque\u00f1a Marta. Su padre ha tenido que dejar su trabajo, incapaz de continuar debido a las complicaciones del Parkinson. Mientras tanto, comienzan las fiestas de la Semana Grande en Bilbao, durante las cuales Jone se enamorar\u00e1 por primera vez. Durante este verano, Jone alternar\u00e1 entre la sensaci\u00f3n de inmortalidad que disfruta con Olga, la chica de la que se enamora, y el miedo a quedarse sola a causa de la enfermedad de su padre.<\/span><\/p>\n<p><span style=\"font-weight: 400;\">2025, dirigida por Sara Fantova, 80 minutos, color, en euskara y castellano con subt\u00edtulos en ingl\u00e9s.<br \/>\n<\/span><span style=\"font-weight: 400;\">2025 Selecci\u00f3n del Festival Internacional de Cine de San Sebasti\u00e1n<\/span><\/p>\n<p><strong style=\"font-family: Oswald, 'Helvetica Neue', helvetica, arial, sans-serif; font-size: 1rem; text-transform: uppercase;\">SOBRE EL DIRECTOR:<br \/>\n<\/strong><span style=\"font-weight: 400;\">Sara Fantova (Bilbao, Bizkaia. 1993) estudi\u00f3 Direcci\u00f3n Cinematogr\u00e1fica en la ESCAC, donde se gradu\u00f3 con el cortometraje No me despert\u00e9is (Kimuak, 2018), estrenado en la Secci\u00f3n Oficial de la SEMINCI y seleccionado para Rotterdam, entre otros festivales. Tambi\u00e9n particip\u00f3 como directora y guionista en la pel\u00edcula \u00f3mnibus La filla d'alg\u00fa (Made in Spain, 2019), estrenada en la secci\u00f3n Zonacine del Festival de M\u00e1laga, donde obtuvo la Biznaga de Plata a la Mejor Actriz (Aina Clotet). En 2023, se uni\u00f3 a Aina Clotet, Mar Coll y Celia Giraldo para codirigir la serie Esto no es Suecia. Jone, batzuetan, su primera pel\u00edcula, compiti\u00f3 en el Festival de M\u00e1laga, donde recibi\u00f3 una Menci\u00f3n Especial del Jurado para su directora.<\/span><\/p>\n\n\t\t<\/div>\n\t<\/div>\n<div class=\"vc_separator wpb_content_element vc_separator_align_center vc_sep_width_100 vc_sep_pos_align_center vc_separator_no_text vc_sep_color_grey wpb_content_element  wpb_content_element\" ><span class=\"vc_sep_holder vc_sep_holder_l\"><span class=\"vc_sep_line\"><\/span><\/span><span class=\"vc_sep_holder vc_sep_holder_r\"><span class=\"vc_sep_line\"><\/span><\/span>\n<\/div><\/div><\/div><\/div><\/div>\n<\/div>","protected":false},"excerpt":{"rendered":"<p>ROMANCE Proyecci\u00f3n: 7 DE ABRIL, THE LITTLE ROXIE, San Francisco<\/p>","protected":false},"author":1,"featured_media":9111,"parent":9185,"menu_order":3,"comment_status":"closed","ping_status":"closed","template":"","meta":{"give_campaign_id":0,"_tec_requires_first_save":true,"_exactmetrics_skip_tracking":false,"_exactmetrics_sitenote_active":false,"_exactmetrics_sitenote_note":"","_exactmetrics_sitenote_category":0,"_price":"","_stock":"","_tribe_ticket_header":"","_tribe_default_ticket_provider":"","_tribe_ticket_capacity":"0","_ticket_start_date":"","_ticket_end_date":"","_tribe_ticket_show_description":"","_tribe_ticket_show_not_going":false,"_tribe_ticket_use_global_stock":"","_tribe_ticket_global_stock_level":"","_global_stock_mode":"","_global_stock_cap":"","_tribe_rsvp_for_event":"","_tribe_ticket_going_count":"","_tribe_ticket_not_going_count":"","_tribe_tickets_list":"[]","_tribe_ticket_has_attendee_info_fields":false,"_EventAllDay":false,"_EventTimezone":"","_EventStartDate":"","_EventEndDate":"","_EventStartDateUTC":"","_EventEndDateUTC":"","_EventShowMap":false,"_EventShowMapLink":false,"_EventURL":"","_EventCost":"","_EventCostDescription":"","_EventCurrencySymbol":"","_EventCurrencyCode":"","_EventCurrencyPosition":"","_EventDateTimeSeparator":"","_EventTimeRangeSeparator":"","_EventOrganizerID":[],"_EventVenueID":[],"_OrganizerEmail":"","_OrganizerPhone":"","_OrganizerWebsite":"","_VenueAddress":"","_VenueCity":"","_VenueCountry":"","_VenueProvince":"","_VenueState":"","_VenueZip":"","_VenuePhone":"","_VenueURL":"","_VenueStateProvince":"","_VenueLat":"","_VenueLng":"","_VenueShowMap":false,"_VenueShowMapLink":false,"_tribe_blocks_recurrence_rules":"","_tribe_blocks_recurrence_description":"","_tribe_blocks_recurrence_exclusions":"","jetpack_post_was_ever_published":false,"footnotes":""},"class_list":["post-9301","page","type-page","status-publish","has-post-thumbnail","hentry"],"campaignId":"","jetpack_sharing_enabled":false,"jetpack_shortlink":"https:\/\/wp.me\/PaFejT-2q1","_links":{"self":[{"href":"https:\/\/www.basqueeducational.org\/es\/wp-json\/wp\/v2\/pages\/9301","targetHints":{"allow":["GET"]}}],"collection":[{"href":"https:\/\/www.basqueeducational.org\/es\/wp-json\/wp\/v2\/pages"}],"about":[{"href":"https:\/\/www.basqueeducational.org\/es\/wp-json\/wp\/v2\/types\/page"}],"author":[{"embeddable":true,"href":"https:\/\/www.basqueeducational.org\/es\/wp-json\/wp\/v2\/users\/1"}],"replies":[{"embeddable":true,"href":"https:\/\/www.basqueeducational.org\/es\/wp-json\/wp\/v2\/comments?post=9301"}],"version-history":[{"count":1,"href":"https:\/\/www.basqueeducational.org\/es\/wp-json\/wp\/v2\/pages\/9301\/revisions"}],"predecessor-version":[{"id":9302,"href":"https:\/\/www.basqueeducational.org\/es\/wp-json\/wp\/v2\/pages\/9301\/revisions\/9302"}],"up":[{"embeddable":true,"href":"https:\/\/www.basqueeducational.org\/es\/wp-json\/wp\/v2\/pages\/9185"}],"wp:featuredmedia":[{"embeddable":true,"href":"https:\/\/www.basqueeducational.org\/es\/wp-json\/wp\/v2\/media\/9111"}],"wp:attachment":[{"href":"https:\/\/www.basqueeducational.org\/es\/wp-json\/wp\/v2\/media?parent=9301"}],"curies":[{"name":"wp","href":"https:\/\/api.w.org\/{rel}","templated":true}]}}