{"id":9303,"date":"2026-03-02T11:12:54","date_gmt":"2026-03-02T19:12:54","guid":{"rendered":"https:\/\/www.basqueeducational.org\/?page_id=9303"},"modified":"2026-03-02T11:15:40","modified_gmt":"2026-03-02T19:15:40","slug":"karmele","status":"publish","type":"page","link":"https:\/\/www.basqueeducational.org\/es\/2026-basque-film-series\/karmele\/","title":{"rendered":"KARMELE"},"content":{"rendered":"<div class=\"wpb-content-wrapper\"><div class=\"vc_row wpb_row vc_row-fluid gradient-container-1\"><div class=\"gradient-column-1 wpb_column vc_column_container vc_col-sm-12\"><div class=\"vc_column-inner\"><div class=\"wpb_wrapper\">\n\t<div class=\"wpb_text_column wpb_content_element\" >\n\t\t<div class=\"wpb_wrapper\">\n\t\t\t<h5><span style=\"color: #808080;\">BIOGRAF\u00cdA, DRAMA<\/span><br \/>\n<span style=\"color: #808080;\">Mostrando: 15 DE MAYO, SFBCC, SUR DE SAN FRANCISCO<\/span><\/h5>\n<p><!--more--><\/p>\n\n\t\t<\/div>\n\t<\/div>\n\n\t<div class=\"wpb_text_column wpb_content_element\" >\n\t\t<div class=\"wpb_wrapper\">\n\t\t\t<p><strong>SINOPSIS:<br \/>\n<\/strong><span style=\"font-weight: 400;\">KARMELE es una historia de sostenibilidad, resiliencia y dignidad frente a la opresi\u00f3n, un viaje tejido a trav\u00e9s de la cultura, la m\u00fasica y el arte.  Basada en las experiencias reales de Karmele Urresti y Txomin Letamendi e inspirada en la novela Elkarrekin Esnatzeko Ordua (Hora de despertar juntos) de Kirmen Uribe.<\/span><\/p>\n<p><span style=\"font-weight: 400;\">Karmele y su familia se refugian en Francia tras ser expulsados de su hogar a causa de la guerra. All\u00ed, Karmele es invitada a participar en la embajada cultural vasca en el exilio, que pretende luchar contra la guerra a trav\u00e9s de la m\u00fasica y la danza, y conoce a Txomin, un trompetista profesional del que se enamora. Tras vivir un tiempo en Venezuela, la pareja regresa a su tierra natal para luchar contra la dictadura, con la esperanza de recuperar todo lo que les fue arrebatado.<\/span><\/p>\n<p><span style=\"font-weight: 400;\">2025 dirigida por Asier Altuna, 114 minutos, color, en euskara con subt\u00edtulos en ingl\u00e9s<br \/>\n<\/span><span style=\"font-weight: 400;\">2025 Selecci\u00f3n del Festival Internacional de Cine de San Sebasti\u00e1n<\/span><\/p>\n<p><strong style=\"font-family: Oswald, 'Helvetica Neue', helvetica, arial, sans-serif; font-size: 1rem; text-transform: uppercase;\">SOBRE EL DIRECTOR:<br \/>\n<\/strong><span style=\"font-weight: 400;\">Asier Altuna, tras el \u00e9xito de su primer cortometraje, Txotx (1997), codirigido con Telmo Esnal, realiz\u00f3 varios cortometrajes m\u00e1s, series de televisi\u00f3n y anuncios publicitarios. En 2005 vuelve a colaborar con Esnal para dirigir su primer largometraje, Aupa Etxebeste, con el que consigue el Premio de la Juventud en el Festival de San Sebasti\u00e1n y una nominaci\u00f3n al Goya a la Mejor Direcci\u00f3n Novel. \u00a1En 2008 fund\u00f3, junto a Marian Fern\u00e1ndez, la productora Txintxua Films, con la que ha producido varios cortometrajes y el largometraje documental Bertsolari (2011), y los largometrajes Amama (2015), ganador del Premio Irizar(Mejor Pel\u00edcula Vasca) y Agur Etxebeste! (2019 codirigido con Telmo Esnal). En 2018 particip\u00f3 en la pel\u00edcula \u00f3mnibus Gure Oroitzapenak.<\/span><\/p>\n\n\t\t<\/div>\n\t<\/div>\n<div class=\"vc_separator wpb_content_element vc_separator_align_center vc_sep_width_100 vc_sep_pos_align_center vc_separator_no_text vc_sep_color_grey wpb_content_element  wpb_content_element\" ><span class=\"vc_sep_holder vc_sep_holder_l\"><span class=\"vc_sep_line\"><\/span><\/span><span class=\"vc_sep_holder vc_sep_holder_r\"><span class=\"vc_sep_line\"><\/span><\/span>\n<\/div><\/div><\/div><\/div><\/div>\n<\/div>","protected":false},"excerpt":{"rendered":"<p>BIOGRAF\u00cdA, DRAMA Proyecci\u00f3n: 15 DE MAYO, SFBCC, SUR DE SAN FRANCISCO<\/p>","protected":false},"author":1,"featured_media":9126,"parent":9185,"menu_order":4,"comment_status":"closed","ping_status":"closed","template":"","meta":{"give_campaign_id":0,"_tec_requires_first_save":true,"_exactmetrics_skip_tracking":false,"_exactmetrics_sitenote_active":false,"_exactmetrics_sitenote_note":"","_exactmetrics_sitenote_category":0,"_price":"","_stock":"","_tribe_ticket_header":"","_tribe_default_ticket_provider":"","_tribe_ticket_capacity":"0","_ticket_start_date":"","_ticket_end_date":"","_tribe_ticket_show_description":"","_tribe_ticket_show_not_going":false,"_tribe_ticket_use_global_stock":"","_tribe_ticket_global_stock_level":"","_global_stock_mode":"","_global_stock_cap":"","_tribe_rsvp_for_event":"","_tribe_ticket_going_count":"","_tribe_ticket_not_going_count":"","_tribe_tickets_list":"[]","_tribe_ticket_has_attendee_info_fields":false,"_EventAllDay":false,"_EventTimezone":"","_EventStartDate":"","_EventEndDate":"","_EventStartDateUTC":"","_EventEndDateUTC":"","_EventShowMap":false,"_EventShowMapLink":false,"_EventURL":"","_EventCost":"","_EventCostDescription":"","_EventCurrencySymbol":"","_EventCurrencyCode":"","_EventCurrencyPosition":"","_EventDateTimeSeparator":"","_EventTimeRangeSeparator":"","_EventOrganizerID":[],"_EventVenueID":[],"_OrganizerEmail":"","_OrganizerPhone":"","_OrganizerWebsite":"","_VenueAddress":"","_VenueCity":"","_VenueCountry":"","_VenueProvince":"","_VenueState":"","_VenueZip":"","_VenuePhone":"","_VenueURL":"","_VenueStateProvince":"","_VenueLat":"","_VenueLng":"","_VenueShowMap":false,"_VenueShowMapLink":false,"_tribe_blocks_recurrence_rules":"","_tribe_blocks_recurrence_description":"","_tribe_blocks_recurrence_exclusions":"","jetpack_post_was_ever_published":false,"footnotes":""},"class_list":["post-9303","page","type-page","status-publish","has-post-thumbnail","hentry"],"campaignId":"","jetpack_sharing_enabled":false,"jetpack_shortlink":"https:\/\/wp.me\/PaFejT-2q3","_links":{"self":[{"href":"https:\/\/www.basqueeducational.org\/es\/wp-json\/wp\/v2\/pages\/9303","targetHints":{"allow":["GET"]}}],"collection":[{"href":"https:\/\/www.basqueeducational.org\/es\/wp-json\/wp\/v2\/pages"}],"about":[{"href":"https:\/\/www.basqueeducational.org\/es\/wp-json\/wp\/v2\/types\/page"}],"author":[{"embeddable":true,"href":"https:\/\/www.basqueeducational.org\/es\/wp-json\/wp\/v2\/users\/1"}],"replies":[{"embeddable":true,"href":"https:\/\/www.basqueeducational.org\/es\/wp-json\/wp\/v2\/comments?post=9303"}],"version-history":[{"count":2,"href":"https:\/\/www.basqueeducational.org\/es\/wp-json\/wp\/v2\/pages\/9303\/revisions"}],"predecessor-version":[{"id":9306,"href":"https:\/\/www.basqueeducational.org\/es\/wp-json\/wp\/v2\/pages\/9303\/revisions\/9306"}],"up":[{"embeddable":true,"href":"https:\/\/www.basqueeducational.org\/es\/wp-json\/wp\/v2\/pages\/9185"}],"wp:featuredmedia":[{"embeddable":true,"href":"https:\/\/www.basqueeducational.org\/es\/wp-json\/wp\/v2\/media\/9126"}],"wp:attachment":[{"href":"https:\/\/www.basqueeducational.org\/es\/wp-json\/wp\/v2\/media?parent=9303"}],"curies":[{"name":"wp","href":"https:\/\/api.w.org\/{rel}","templated":true}]}}