{"id":9307,"date":"2026-03-02T11:20:05","date_gmt":"2026-03-02T19:20:05","guid":{"rendered":"https:\/\/www.basqueeducational.org\/?page_id=9307"},"modified":"2026-03-02T11:55:00","modified_gmt":"2026-03-02T19:55:00","slug":"lurdes-iriondo","status":"publish","type":"page","link":"https:\/\/www.basqueeducational.org\/es\/2026-basque-film-series\/lurdes-iriondo\/","title":{"rendered":"Lurdes Iriondo, Es Gera Alferrik Pasako"},"content":{"rendered":"<div class=\"wpb-content-wrapper\"><div class=\"vc_row wpb_row vc_row-fluid gradient-container-1\"><div class=\"gradient-column-1 wpb_column vc_column_container vc_col-sm-12\"><div class=\"vc_column-inner\"><div class=\"wpb_wrapper\">\n\t<div class=\"wpb_text_column wpb_content_element\" >\n\t\t<div class=\"wpb_wrapper\">\n\t\t\t<h5><span style=\"color: #808080;\">DOCUMENTAL<\/span><br \/>\n<span style=\"color: #808080;\">Mostrando: 5 DE JUNIO, SFBCC, SUR DE SAN FRANCISCO<\/span><\/h5>\n<p><!--more--><\/p>\n\n\t\t<\/div>\n\t<\/div>\n\n\t<div class=\"wpb_text_column wpb_content_element\" >\n\t\t<div class=\"wpb_wrapper\">\n\t\t\t<p><strong>SINOPSIS:<br \/>\n<\/strong><\/p>\n<p>La pel\u00edcula rinde homenaje a una figura clave de la historia reciente del Pa\u00eds Vasco. A trav\u00e9s de un enfoque \u00edntimo pero decidido, los realizadores ponen de relieve la vida y el legado de Lurdes Iriondo, pionera de la m\u00fasica en euskera y s\u00edmbolo de la resistencia cultural.<\/p>\n<p>2025, dirigida por Inge Mendioroz Iba\u00f1ez, 72 minutos, color, en euskara con subt\u00edtulos en ingl\u00e9s.<br \/>\n2025 Selecci\u00f3n del Festival Internacional de Cine de San Sebasti\u00e1n<\/p>\n<p><strong style=\"font-family: Oswald, 'Helvetica Neue', helvetica, arial, sans-serif; font-size: 1rem; text-transform: uppercase;\">SOBRE EL DIRECTOR:<br \/>\n<\/strong><span style=\"font-weight: 400;\">Inge Mendioroz (San Sebasti\u00e1n, 1973) trabaja desde 2016 como operadora de c\u00e1mara y editora bajo el nombre de Behirada. Estudi\u00f3 dise\u00f1o gr\u00e1fico e ilustraci\u00f3n y trabaj\u00f3 varios a\u00f1os como maquetadora para la revista Gaztezulo. All\u00ed comenz\u00f3 a editar v\u00eddeos y, tras realizar un m\u00e1ster en montaje y postproducci\u00f3n, pas\u00f3 a ser ayudante de Ra\u00fal L\u00f3pez y Laurent Dufreche en varias de sus pel\u00edculas. \u00a1Adem\u00e1s, se uni\u00f3 a Ra\u00fal L\u00f3pez para montar el documental Ez, eskerrik asko! Gladysen leihoa (2019). Tambi\u00e9n ha dirigido el largometraje documental Pioneras (2021).<\/span><\/p>\n\n\t\t<\/div>\n\t<\/div>\n<div class=\"vc_separator wpb_content_element vc_separator_align_center vc_sep_width_100 vc_sep_pos_align_center vc_separator_no_text vc_sep_color_grey wpb_content_element  wpb_content_element\" ><span class=\"vc_sep_holder vc_sep_holder_l\"><span class=\"vc_sep_line\"><\/span><\/span><span class=\"vc_sep_holder vc_sep_holder_r\"><span class=\"vc_sep_line\"><\/span><\/span>\n<\/div><\/div><\/div><\/div><\/div>\n<\/div>","protected":false},"excerpt":{"rendered":"<p>Proyecci\u00f3n DOCUMENTAL: 5 DE JUNIO, SFBCC, SUR DE SAN FRANCISCO<\/p>","protected":false},"author":1,"featured_media":9318,"parent":9185,"menu_order":5,"comment_status":"closed","ping_status":"closed","template":"","meta":{"give_campaign_id":0,"_tec_requires_first_save":true,"_exactmetrics_skip_tracking":false,"_exactmetrics_sitenote_active":false,"_exactmetrics_sitenote_note":"","_exactmetrics_sitenote_category":0,"_price":"","_stock":"","_tribe_ticket_header":"","_tribe_default_ticket_provider":"","_tribe_ticket_capacity":"0","_ticket_start_date":"","_ticket_end_date":"","_tribe_ticket_show_description":"","_tribe_ticket_show_not_going":false,"_tribe_ticket_use_global_stock":"","_tribe_ticket_global_stock_level":"","_global_stock_mode":"","_global_stock_cap":"","_tribe_rsvp_for_event":"","_tribe_ticket_going_count":"","_tribe_ticket_not_going_count":"","_tribe_tickets_list":"[]","_tribe_ticket_has_attendee_info_fields":false,"_EventAllDay":false,"_EventTimezone":"","_EventStartDate":"","_EventEndDate":"","_EventStartDateUTC":"","_EventEndDateUTC":"","_EventShowMap":false,"_EventShowMapLink":false,"_EventURL":"","_EventCost":"","_EventCostDescription":"","_EventCurrencySymbol":"","_EventCurrencyCode":"","_EventCurrencyPosition":"","_EventDateTimeSeparator":"","_EventTimeRangeSeparator":"","_EventOrganizerID":[],"_EventVenueID":[],"_OrganizerEmail":"","_OrganizerPhone":"","_OrganizerWebsite":"","_VenueAddress":"","_VenueCity":"","_VenueCountry":"","_VenueProvince":"","_VenueState":"","_VenueZip":"","_VenuePhone":"","_VenueURL":"","_VenueStateProvince":"","_VenueLat":"","_VenueLng":"","_VenueShowMap":false,"_VenueShowMapLink":false,"_tribe_blocks_recurrence_rules":"","_tribe_blocks_recurrence_description":"","_tribe_blocks_recurrence_exclusions":"","jetpack_post_was_ever_published":false,"footnotes":""},"class_list":["post-9307","page","type-page","status-publish","has-post-thumbnail","hentry"],"campaignId":"","jetpack_sharing_enabled":false,"jetpack_shortlink":"https:\/\/wp.me\/PaFejT-2q7","_links":{"self":[{"href":"https:\/\/www.basqueeducational.org\/es\/wp-json\/wp\/v2\/pages\/9307","targetHints":{"allow":["GET"]}}],"collection":[{"href":"https:\/\/www.basqueeducational.org\/es\/wp-json\/wp\/v2\/pages"}],"about":[{"href":"https:\/\/www.basqueeducational.org\/es\/wp-json\/wp\/v2\/types\/page"}],"author":[{"embeddable":true,"href":"https:\/\/www.basqueeducational.org\/es\/wp-json\/wp\/v2\/users\/1"}],"replies":[{"embeddable":true,"href":"https:\/\/www.basqueeducational.org\/es\/wp-json\/wp\/v2\/comments?post=9307"}],"version-history":[{"count":1,"href":"https:\/\/www.basqueeducational.org\/es\/wp-json\/wp\/v2\/pages\/9307\/revisions"}],"predecessor-version":[{"id":9308,"href":"https:\/\/www.basqueeducational.org\/es\/wp-json\/wp\/v2\/pages\/9307\/revisions\/9308"}],"up":[{"embeddable":true,"href":"https:\/\/www.basqueeducational.org\/es\/wp-json\/wp\/v2\/pages\/9185"}],"wp:featuredmedia":[{"embeddable":true,"href":"https:\/\/www.basqueeducational.org\/es\/wp-json\/wp\/v2\/media\/9318"}],"wp:attachment":[{"href":"https:\/\/www.basqueeducational.org\/es\/wp-json\/wp\/v2\/media?parent=9307"}],"curies":[{"name":"wp","href":"https:\/\/api.w.org\/{rel}","templated":true}]}}