{"id":9309,"date":"2026-03-02T11:26:33","date_gmt":"2026-03-02T19:26:33","guid":{"rendered":"https:\/\/www.basqueeducational.org\/?page_id=9309"},"modified":"2026-03-02T11:26:33","modified_gmt":"2026-03-02T19:26:33","slug":"zortzitik-infinitura","status":"publish","type":"page","link":"https:\/\/www.basqueeducational.org\/es\/2026-basque-film-series\/zortzitik-infinitura\/","title":{"rendered":"ZORTZITIK INFINITURA"},"content":{"rendered":"<div class=\"wpb-content-wrapper\"><div class=\"vc_row wpb_row vc_row-fluid gradient-container-1\"><div class=\"gradient-column-1 wpb_column vc_column_container vc_col-sm-12\"><div class=\"vc_column-inner\"><div class=\"wpb_wrapper\">\n\t<div class=\"wpb_text_column wpb_content_element\" >\n\t\t<div class=\"wpb_wrapper\">\n\t\t\t<h5><span style=\"color: #808080;\">DOCUMENTAL<\/span><br \/>\n<span style=\"color: #808080;\">Mostrando: 29 DE AGOSTO, SFBCC, SUR DE SAN FRANCISCO<\/span><\/h5>\n<p><!--more--><\/p>\n\n\t\t<\/div>\n\t<\/div>\n\n\t<div class=\"wpb_text_column wpb_content_element\" >\n\t\t<div class=\"wpb_wrapper\">\n\t\t\t<p><strong>SINOPSIS:<br \/>\n<\/strong>A trav\u00e9s de un viaje por la vida del cineasta Benito Ansola y con la escritora Miren Agur Meabe a nuestro lado, recorreremos la historia del cine vasco, desde el germen tanto del cine vasco como del cine hecho en euskera hasta su eflorescencia actual. Pero Miren Agur Meabe no estar\u00e1 sola. En este viaje contaremos con magn\u00edficos ayudantes. Un sinf\u00edn de eminentes cineastas vascos que han protagonizado y han sido testigos de su evoluci\u00f3n nos contar\u00e1n su historia.<\/p>\n<p>2024, dirigida por Naia Laka Arrizubieta, 61 minutos, color, en euskara y castellano con subt\u00edtulos en ingl\u00e9s.<br \/>\nSelecci\u00f3n del Festival Internacional de Cine de San Sebasti\u00e1n 2024<\/p>\n<p><strong style=\"font-family: Oswald, 'Helvetica Neue', helvetica, arial, sans-serif; font-size: 1rem; text-transform: uppercase;\">SOBRE EL DIRECTOR:<br \/>\n<\/strong><span style=\"font-weight: 400;\">Naia Laka Arrizubieta (Bilbao, Bizkaia. 1990) ha trabajado en edici\u00f3n y como ayudante de producci\u00f3n y operador de c\u00e1mara en la productora Signo Digital (2014-2017). En 2017 trabaj\u00f3 como gestora de redes sociales y fot\u00f3grafa en el Centro CUltural de Espa\u00f1a en M\u00e9xico a trav\u00e9s de las becas Global Training. De 2017 a 2019 trabaj\u00f3 en operaci\u00f3n de c\u00e1mara, montaje y creaci\u00f3n de proyectos cinematogr\u00e1ficos en la productora Traola Produkzioak SL y, en 2021 y 2022, como investigadora en el grupo de investigaci\u00f3n NOR de la Facultad de Ciencias Sociales y de la Comunicaci\u00f3n de la Universidad del Pa\u00eds Vasco. Su \u00faltimo proyecto ha sido escribir el gui\u00f3n y dirigir el documental Zortzitik infinitura para Traola Produkzioak SL.<\/span><\/p>\n\n\t\t<\/div>\n\t<\/div>\n<div class=\"vc_separator wpb_content_element vc_separator_align_center vc_sep_width_100 vc_sep_pos_align_center vc_separator_no_text vc_sep_color_grey wpb_content_element  wpb_content_element\" ><span class=\"vc_sep_holder vc_sep_holder_l\"><span class=\"vc_sep_line\"><\/span><\/span><span class=\"vc_sep_holder vc_sep_holder_r\"><span class=\"vc_sep_line\"><\/span><\/span>\n<\/div><\/div><\/div><\/div><\/div>\n<\/div>","protected":false},"excerpt":{"rendered":"<p>Proyecci\u00f3n DOCUMENTAL: 29 DE AGOSTO, SFBCC, SUR DE SAN FRANCISCO<\/p>","protected":false},"author":1,"featured_media":9147,"parent":9185,"menu_order":6,"comment_status":"closed","ping_status":"closed","template":"","meta":{"give_campaign_id":0,"_tec_requires_first_save":true,"_exactmetrics_skip_tracking":false,"_exactmetrics_sitenote_active":false,"_exactmetrics_sitenote_note":"","_exactmetrics_sitenote_category":0,"_price":"","_stock":"","_tribe_ticket_header":"","_tribe_default_ticket_provider":"","_tribe_ticket_capacity":"0","_ticket_start_date":"","_ticket_end_date":"","_tribe_ticket_show_description":"","_tribe_ticket_show_not_going":false,"_tribe_ticket_use_global_stock":"","_tribe_ticket_global_stock_level":"","_global_stock_mode":"","_global_stock_cap":"","_tribe_rsvp_for_event":"","_tribe_ticket_going_count":"","_tribe_ticket_not_going_count":"","_tribe_tickets_list":"[]","_tribe_ticket_has_attendee_info_fields":false,"_EventAllDay":false,"_EventTimezone":"","_EventStartDate":"","_EventEndDate":"","_EventStartDateUTC":"","_EventEndDateUTC":"","_EventShowMap":false,"_EventShowMapLink":false,"_EventURL":"","_EventCost":"","_EventCostDescription":"","_EventCurrencySymbol":"","_EventCurrencyCode":"","_EventCurrencyPosition":"","_EventDateTimeSeparator":"","_EventTimeRangeSeparator":"","_EventOrganizerID":[],"_EventVenueID":[],"_OrganizerEmail":"","_OrganizerPhone":"","_OrganizerWebsite":"","_VenueAddress":"","_VenueCity":"","_VenueCountry":"","_VenueProvince":"","_VenueState":"","_VenueZip":"","_VenuePhone":"","_VenueURL":"","_VenueStateProvince":"","_VenueLat":"","_VenueLng":"","_VenueShowMap":false,"_VenueShowMapLink":false,"_tribe_blocks_recurrence_rules":"","_tribe_blocks_recurrence_description":"","_tribe_blocks_recurrence_exclusions":"","jetpack_post_was_ever_published":false,"footnotes":""},"class_list":["post-9309","page","type-page","status-publish","has-post-thumbnail","hentry"],"campaignId":"","jetpack_sharing_enabled":false,"jetpack_shortlink":"https:\/\/wp.me\/PaFejT-2q9","_links":{"self":[{"href":"https:\/\/www.basqueeducational.org\/es\/wp-json\/wp\/v2\/pages\/9309","targetHints":{"allow":["GET"]}}],"collection":[{"href":"https:\/\/www.basqueeducational.org\/es\/wp-json\/wp\/v2\/pages"}],"about":[{"href":"https:\/\/www.basqueeducational.org\/es\/wp-json\/wp\/v2\/types\/page"}],"author":[{"embeddable":true,"href":"https:\/\/www.basqueeducational.org\/es\/wp-json\/wp\/v2\/users\/1"}],"replies":[{"embeddable":true,"href":"https:\/\/www.basqueeducational.org\/es\/wp-json\/wp\/v2\/comments?post=9309"}],"version-history":[{"count":1,"href":"https:\/\/www.basqueeducational.org\/es\/wp-json\/wp\/v2\/pages\/9309\/revisions"}],"predecessor-version":[{"id":9310,"href":"https:\/\/www.basqueeducational.org\/es\/wp-json\/wp\/v2\/pages\/9309\/revisions\/9310"}],"up":[{"embeddable":true,"href":"https:\/\/www.basqueeducational.org\/es\/wp-json\/wp\/v2\/pages\/9185"}],"wp:featuredmedia":[{"embeddable":true,"href":"https:\/\/www.basqueeducational.org\/es\/wp-json\/wp\/v2\/media\/9147"}],"wp:attachment":[{"href":"https:\/\/www.basqueeducational.org\/es\/wp-json\/wp\/v2\/media?parent=9309"}],"curies":[{"name":"wp","href":"https:\/\/api.w.org\/{rel}","templated":true}]}}