{"id":7706,"date":"2024-11-30T15:52:43","date_gmt":"2024-11-30T15:52:43","guid":{"rendered":"https:\/\/www.basqueeducational.org\/?post_type=product&#038;p=7706"},"modified":"2025-08-31T03:11:02","modified_gmt":"2025-08-31T03:11:02","slug":"the-impact-of-women-in-basque-communities-edition-2","status":"publish","type":"product","link":"https:\/\/www.basqueeducational.org\/es\/producto\/the-impact-of-women-in-basque-communities-edition-2\/","title":{"rendered":"El impacto de las mujeres en las comunidades vascas, Ed. 2"},"content":{"rendered":"<p>Esta es la segunda edici\u00f3n de una colecci\u00f3n de historias sobre mujeres que han tenido un impacto en las comunidades vascas de todo Estados Unidos. Ser\u00e1 un libro de tapa dura, de 10\u2033 x 10\u2033, con cerca de 175 mujeres. Esperamos comenzar a enviarlo a mediados de diciembre de 2024, justo a tiempo para las fiestas.<\/p>\n<p><strong>SOBRE ESTE LIBRO<\/strong><br \/>\nFamiliares y amigos enviaron las historias, cada una de las cuales encarna la fuerza, la resistencia y la calidez que las mujeres han demostrado y siguen demostrando por amor a su comunidad. La primera edici\u00f3n de este libro se imprimi\u00f3 en octubre de 2023 como parte del D\u00eda de la Cultura Vasca de la OEV titulado \"Euskal Andreen Egintza Amerikan\" (El impacto de las mujeres vascas en Am\u00e9rica).<\/p>","protected":false},"excerpt":{"rendered":"<p>This is the 2nd edition of the collection of stories of women who have made an impact on Basque communities around the United States. This copy includes the stories from edition 1 [\u2026]<\/p>\n","protected":false},"featured_media":7716,"template":"","meta":{"give_campaign_id":0,"_tec_requires_first_save":true,"_exactmetrics_skip_tracking":false,"_exactmetrics_sitenote_active":false,"_exactmetrics_sitenote_note":"","_exactmetrics_sitenote_category":0,"_price":"40.00","_stock":"154","_tribe_ticket_header":"","_tribe_default_ticket_provider":"","_tribe_ticket_capacity":"54","_ticket_start_date":"","_ticket_end_date":"","_tribe_ticket_show_description":"","_tribe_ticket_show_not_going":false,"_tribe_ticket_use_global_stock":"","_tribe_ticket_global_stock_level":"","_global_stock_mode":"","_global_stock_cap":"","_tribe_rsvp_for_event":"","_tribe_ticket_going_count":"","_tribe_ticket_not_going_count":"","_tribe_tickets_list":"[]","_tribe_ticket_has_attendee_info_fields":false,"_EventAllDay":false,"_EventTimezone":"","_EventStartDate":"","_EventEndDate":"","_EventStartDateUTC":"","_EventEndDateUTC":"","_EventShowMap":false,"_EventShowMapLink":false,"_EventURL":"","_EventCost":"","_EventCostDescription":"","_EventCurrencySymbol":"","_EventCurrencyCode":"","_EventCurrencyPosition":"","_EventDateTimeSeparator":"","_EventTimeRangeSeparator":"","_EventOrganizerID":[],"_EventVenueID":[],"_OrganizerEmail":"","_OrganizerPhone":"","_OrganizerWebsite":"","_VenueAddress":"","_VenueCity":"","_VenueCountry":"","_VenueProvince":"","_VenueState":"","_VenueZip":"","_VenuePhone":"","_VenueURL":"","_VenueStateProvince":"","_VenueLat":"","_VenueLng":"","_VenueShowMap":false,"_VenueShowMapLink":false,"_tribe_blocks_recurrence_rules":"","_tribe_blocks_recurrence_description":"","_tribe_blocks_recurrence_exclusions":"","jetpack_post_was_ever_published":false,"jetpack_publicize_message":"","jetpack_publicize_feature_enabled":true,"jetpack_social_post_already_shared":true,"jetpack_social_options":{"image_generator_settings":{"template":"highway","default_image_id":0,"font":"","enabled":false},"version":2}},"product_brand":[],"product_cat":[84],"product_tag":[],"class_list":{"0":"post-7706","1":"product","2":"type-product","3":"status-publish","4":"has-post-thumbnail","6":"product_cat-books-for-sale","8":"first","9":"instock","10":"taxable","11":"shipping-taxable","12":"purchasable","13":"product-type-simple"},"jetpack_publicize_connections":[],"jetpack_sharing_enabled":false,"_links":{"self":[{"href":"https:\/\/www.basqueeducational.org\/es\/wp-json\/wp\/v2\/product\/7706","targetHints":{"allow":["GET"]}}],"collection":[{"href":"https:\/\/www.basqueeducational.org\/es\/wp-json\/wp\/v2\/product"}],"about":[{"href":"https:\/\/www.basqueeducational.org\/es\/wp-json\/wp\/v2\/types\/product"}],"wp:featuredmedia":[{"embeddable":true,"href":"https:\/\/www.basqueeducational.org\/es\/wp-json\/wp\/v2\/media\/7716"}],"wp:attachment":[{"href":"https:\/\/www.basqueeducational.org\/es\/wp-json\/wp\/v2\/media?parent=7706"}],"wp:term":[{"taxonomy":"product_brand","embeddable":true,"href":"https:\/\/www.basqueeducational.org\/es\/wp-json\/wp\/v2\/product_brand?post=7706"},{"taxonomy":"product_cat","embeddable":true,"href":"https:\/\/www.basqueeducational.org\/es\/wp-json\/wp\/v2\/product_cat?post=7706"},{"taxonomy":"product_tag","embeddable":true,"href":"https:\/\/www.basqueeducational.org\/es\/wp-json\/wp\/v2\/product_tag?post=7706"}],"curies":[{"name":"wp","href":"https:\/\/api.w.org\/{rel}","templated":true}]}}