{"id":8192,"date":"2025-04-23T04:53:36","date_gmt":"2025-04-23T04:53:36","guid":{"rendered":"https:\/\/www.basqueeducational.org\/?post_type=product&#038;p=8192"},"modified":"2025-04-23T04:53:56","modified_gmt":"2025-04-23T04:53:56","slug":"the-last-link-dvd","status":"publish","type":"product","link":"https:\/\/www.basqueeducational.org\/es\/producto\/the-last-link-dvd\/","title":{"rendered":"El \u00faltimo eslab\u00f3n DVD"},"content":{"rendered":"<h5>SINOPSIS<\/h5>\n<p>El documental El \u00faltimo eslab\u00f3n recoge la rica y dram\u00e1tica historia de las culturas pastoriles vasca y bearnesa. Durante m\u00e1s de 5.000 a\u00f1os, el pastoreo ha sido una forma de vida en las monta\u00f1as pirenaicas de Europa. Los emigrantes vascos llevaron esta cultura al Oeste americano a principios del siglo XX. Menos de cien a\u00f1os despu\u00e9s, corre el peligro de ser absorbida por la cultura dominante, tanto en Europa como en Estados Unidos.<\/p>\n<p>El \u00daltimo Eslab\u00f3n muestra a los pastores y a sus descendientes como un pueblo orgulloso y apasionado, cuya vitalidad espiritual y f\u00edsica est\u00e1 moldeada por su conexi\u00f3n con las monta\u00f1as, independientemente de que se encuentren en los Pirineos o en las Bighorn Mountains de Wyoming. Atemperados por las condiciones clim\u00e1ticas extremas y las exigencias de la autosuficiencia, siguen vinculados a una cultura del Viejo Mundo que ofrece una mirada al pasado en la que se puede sentir el tiempo, marcado por los patrones siempre cambiantes de los ciclos estacionales. Las entrevistas con inmigrantes y sus descendientes en Wyoming y California ilustran gr\u00e1ficamente el papel de la comunidad en el mantenimiento de una identidad trasplantada dentro de una cultura americana occidental m\u00e1s amplia.<\/p>","protected":false},"excerpt":{"rendered":"<p>El documental El \u00faltimo eslab\u00f3n recoge la rica y dram\u00e1tica historia de las culturas pastoriles vasca y bearnesa. Durante m\u00e1s de 5.000 a\u00f1os, el pastoreo ha sido una forma de...<\/p>","protected":false},"featured_media":3536,"template":"","meta":{"give_campaign_id":0,"_tec_requires_first_save":true,"_exactmetrics_skip_tracking":false,"_exactmetrics_sitenote_active":false,"_exactmetrics_sitenote_note":"","_exactmetrics_sitenote_category":0,"_price":"30.00","_stock":"","_tribe_ticket_header":"","_tribe_default_ticket_provider":"","_tribe_ticket_capacity":"0","_ticket_start_date":"","_ticket_end_date":"","_tribe_ticket_show_description":"","_tribe_ticket_show_not_going":false,"_tribe_ticket_use_global_stock":"","_tribe_ticket_global_stock_level":"","_global_stock_mode":"","_global_stock_cap":"","_tribe_rsvp_for_event":"","_tribe_ticket_going_count":"","_tribe_ticket_not_going_count":"","_tribe_tickets_list":"[]","_tribe_ticket_has_attendee_info_fields":false,"_EventAllDay":false,"_EventTimezone":"","_EventStartDate":"","_EventEndDate":"","_EventStartDateUTC":"","_EventEndDateUTC":"","_EventShowMap":false,"_EventShowMapLink":false,"_EventURL":"","_EventCost":"","_EventCostDescription":"","_EventCurrencySymbol":"","_EventCurrencyCode":"","_EventCurrencyPosition":"","_EventDateTimeSeparator":"","_EventTimeRangeSeparator":"","_EventOrganizerID":[],"_EventVenueID":[],"_OrganizerEmail":"","_OrganizerPhone":"","_OrganizerWebsite":"","_VenueAddress":"","_VenueCity":"","_VenueCountry":"","_VenueProvince":"","_VenueState":"","_VenueZip":"","_VenuePhone":"","_VenueURL":"","_VenueStateProvince":"","_VenueLat":"","_VenueLng":"","_VenueShowMap":false,"_VenueShowMapLink":false,"_tribe_blocks_recurrence_rules":"","_tribe_blocks_recurrence_description":"","_tribe_blocks_recurrence_exclusions":"","jetpack_post_was_ever_published":false,"jetpack_publicize_message":"","jetpack_publicize_feature_enabled":true,"jetpack_social_post_already_shared":true,"jetpack_social_options":{"image_generator_settings":{"template":"highway","default_image_id":0,"font":"","enabled":false},"version":2}},"product_brand":[],"product_cat":[87],"product_tag":[],"class_list":{"0":"post-8192","1":"product","2":"type-product","3":"status-publish","4":"has-post-thumbnail","6":"product_cat-dvd","8":"first","9":"instock","10":"taxable","11":"shipping-taxable","12":"purchasable","13":"product-type-simple"},"jetpack_publicize_connections":[],"jetpack_sharing_enabled":true,"_links":{"self":[{"href":"https:\/\/www.basqueeducational.org\/es\/wp-json\/wp\/v2\/product\/8192","targetHints":{"allow":["GET"]}}],"collection":[{"href":"https:\/\/www.basqueeducational.org\/es\/wp-json\/wp\/v2\/product"}],"about":[{"href":"https:\/\/www.basqueeducational.org\/es\/wp-json\/wp\/v2\/types\/product"}],"wp:featuredmedia":[{"embeddable":true,"href":"https:\/\/www.basqueeducational.org\/es\/wp-json\/wp\/v2\/media\/3536"}],"wp:attachment":[{"href":"https:\/\/www.basqueeducational.org\/es\/wp-json\/wp\/v2\/media?parent=8192"}],"wp:term":[{"taxonomy":"product_brand","embeddable":true,"href":"https:\/\/www.basqueeducational.org\/es\/wp-json\/wp\/v2\/product_brand?post=8192"},{"taxonomy":"product_cat","embeddable":true,"href":"https:\/\/www.basqueeducational.org\/es\/wp-json\/wp\/v2\/product_cat?post=8192"},{"taxonomy":"product_tag","embeddable":true,"href":"https:\/\/www.basqueeducational.org\/es\/wp-json\/wp\/v2\/product_tag?post=8192"}],"curies":[{"name":"wp","href":"https:\/\/api.w.org\/{rel}","templated":true}]}}