{"id":8988,"date":"2025-12-15T02:15:12","date_gmt":"2025-12-15T02:15:12","guid":{"rendered":"https:\/\/www.basqueeducational.org\/?post_type=product&#038;p=8988"},"modified":"2026-01-15T19:13:36","modified_gmt":"2026-01-15T19:13:36","slug":"gure-bazterrak","status":"publish","type":"product","link":"https:\/\/www.basqueeducational.org\/es\/producto\/gure-bazterrak\/","title":{"rendered":"GURE BAZTERRAK (NUESTRA TIERRA) por ANNE REARICK"},"content":{"rendered":"<div class=\"wpb-content-wrapper\"><div class=\"vc_row wpb_row vc_row-fluid gradient-container-1\"><div class=\"gradient-column-1 wpb_column vc_column_container vc_col-sm-12\"><div class=\"vc_column-inner\"><div class=\"wpb_wrapper\">\n\t<div class=\"wpb_text_column wpb_content_element\" >\n\t\t<div class=\"wpb_wrapper\">\n\t\t\t<p><em>Gure Bazterrak<\/em>, que, si fuera f\u00e1cil traducir los matices del euskera, podr\u00eda transcribirse como \u00abnuestra tierra\u00bb, representa el apego visceral de los habitantes a esta tierra y es el canto de amor de Rearick a quienes ha amado y sigue amando all\u00ed. Sus fotograf\u00edas est\u00e1n tomadas principalmente en Iparralde.<\/p>\n<p>\u201cEs dif\u00edcil expresar con palabras la belleza con la que la fotograf\u00eda de Anne Rearick capta al pueblo vasco y su conexi\u00f3n con la naturaleza... pero su trabajo es m\u00e1gico\u201d.\u201d<\/p>\n<p>Este libro ha tenido una gran repercusi\u00f3n en la prensa, como Vanity Fair, que lo incluy\u00f3 en su lista de \u201c6 libros visuales para su amante del arte favorito\u201d en noviembre del a\u00f1o pasado. <a href=\"https:\/\/basqueeducational.us19.list-manage.com\/track\/click?u=26efa480c04cc86a3cea4ab64&amp;id=6a9f9a5ffa&amp;e=0e49f29c8a\" target=\"_blank\" rel=\"noopener\">Compru\u00e9belo usted mismo<\/a>.<\/p>\n\n\t\t<\/div>\n\t<\/div>\n<\/div><\/div><\/div><\/div>\n<\/div>","protected":false},"excerpt":{"rendered":"<p>La fot\u00f3grafa Anne Rearick publica lo que ella llama su canto de amor al Pa\u00eds Vasco, que tanto ama.<\/p>","protected":false},"featured_media":8989,"template":"","meta":{"give_campaign_id":0,"_tec_requires_first_save":true,"_exactmetrics_skip_tracking":false,"_exactmetrics_sitenote_active":false,"_exactmetrics_sitenote_note":"","_exactmetrics_sitenote_category":0,"_price":"60.00","_stock":"15","_tribe_ticket_header":"","_tribe_default_ticket_provider":"","_tribe_ticket_capacity":"54","_ticket_start_date":"","_ticket_end_date":"","_tribe_ticket_show_description":"","_tribe_ticket_show_not_going":false,"_tribe_ticket_use_global_stock":"","_tribe_ticket_global_stock_level":"","_global_stock_mode":"","_global_stock_cap":"","_tribe_rsvp_for_event":"","_tribe_ticket_going_count":"","_tribe_ticket_not_going_count":"","_tribe_tickets_list":"[]","_tribe_ticket_has_attendee_info_fields":false,"_EventAllDay":false,"_EventTimezone":"","_EventStartDate":"","_EventEndDate":"","_EventStartDateUTC":"","_EventEndDateUTC":"","_EventShowMap":false,"_EventShowMapLink":false,"_EventURL":"","_EventCost":"","_EventCostDescription":"","_EventCurrencySymbol":"","_EventCurrencyCode":"","_EventCurrencyPosition":"","_EventDateTimeSeparator":"","_EventTimeRangeSeparator":"","_EventOrganizerID":[],"_EventVenueID":[],"_OrganizerEmail":"","_OrganizerPhone":"","_OrganizerWebsite":"","_VenueAddress":"","_VenueCity":"","_VenueCountry":"","_VenueProvince":"","_VenueState":"","_VenueZip":"","_VenuePhone":"","_VenueURL":"","_VenueStateProvince":"","_VenueLat":"","_VenueLng":"","_VenueShowMap":false,"_VenueShowMapLink":false,"_tribe_blocks_recurrence_rules":"","_tribe_blocks_recurrence_description":"","_tribe_blocks_recurrence_exclusions":"","jetpack_post_was_ever_published":false,"jetpack_publicize_message":"","jetpack_publicize_feature_enabled":true,"jetpack_social_post_already_shared":true,"jetpack_social_options":{"image_generator_settings":{"template":"highway","default_image_id":0,"font":"","enabled":false},"version":2}},"product_brand":[],"product_cat":[84],"product_tag":[],"class_list":{"0":"post-8988","1":"product","2":"type-product","3":"status-publish","4":"has-post-thumbnail","6":"product_cat-books-for-sale","8":"first","9":"instock","10":"taxable","11":"shipping-taxable","12":"purchasable","13":"product-type-simple"},"jetpack_publicize_connections":[],"jetpack_sharing_enabled":false,"_links":{"self":[{"href":"https:\/\/www.basqueeducational.org\/es\/wp-json\/wp\/v2\/product\/8988","targetHints":{"allow":["GET"]}}],"collection":[{"href":"https:\/\/www.basqueeducational.org\/es\/wp-json\/wp\/v2\/product"}],"about":[{"href":"https:\/\/www.basqueeducational.org\/es\/wp-json\/wp\/v2\/types\/product"}],"wp:featuredmedia":[{"embeddable":true,"href":"https:\/\/www.basqueeducational.org\/es\/wp-json\/wp\/v2\/media\/8989"}],"wp:attachment":[{"href":"https:\/\/www.basqueeducational.org\/es\/wp-json\/wp\/v2\/media?parent=8988"}],"wp:term":[{"taxonomy":"product_brand","embeddable":true,"href":"https:\/\/www.basqueeducational.org\/es\/wp-json\/wp\/v2\/product_brand?post=8988"},{"taxonomy":"product_cat","embeddable":true,"href":"https:\/\/www.basqueeducational.org\/es\/wp-json\/wp\/v2\/product_cat?post=8988"},{"taxonomy":"product_tag","embeddable":true,"href":"https:\/\/www.basqueeducational.org\/es\/wp-json\/wp\/v2\/product_tag?post=8988"}],"curies":[{"name":"wp","href":"https:\/\/api.w.org\/{rel}","templated":true}]}}