{"id":4147,"date":"2022-02-11T01:32:00","date_gmt":"2022-02-11T01:32:00","guid":{"rendered":"https:\/\/www.basqueeducational.org\/?page_id=4147"},"modified":"2023-01-24T03:59:02","modified_gmt":"2023-01-24T03:59:02","slug":"gure-oroitzapenak","status":"publish","type":"page","link":"https:\/\/www.basqueeducational.org\/eus\/movies-in-our-collection\/gure-oroitzapenak\/","title":{"rendered":"Gure Oroitzapenak"},"content":{"rendered":"<div class=\"wpb-content-wrapper\"><div class=\"vc_row wpb_row vc_row-fluid gradient-container-1\"><div class=\"gradient-column-1 wpb_column vc_column_container vc_col-sm-12\"><div class=\"vc_column-inner\"><div class=\"wpb_wrapper\">\n\t<div class=\"wpb_text_column wpb_content_element\" >\n\t\t<div class=\"wpb_wrapper\">\n\t\t\t<p><!--more--><\/p>\n\n\t\t<\/div>\n\t<\/div>\n\n\t<div class=\"wpb_video_widget wpb_content_element vc_clearfix   vc_video-aspect-ratio-169 vc_video-el-width-100 vc_video-align-center\" >\n\t\t<div class=\"wpb_wrapper\">\n\t\t\t\n\t\t\t<div class=\"wpb_video_wrapper\"><div class=\"jetpack-video-wrapper\"><iframe title=\"GURE OROITZAPENAK -Trailerra-\" src=\"https:\/\/player.vimeo.com\/video\/288339123?dnt=1&amp;app_id=122963\" width=\"500\" height=\"270\" frameborder=\"0\" allow=\"autoplay; fullscreen; picture-in-picture\"><\/iframe><\/div><\/div>\n\t\t<\/div>\n\t<\/div>\n\n\t<div class=\"wpb_text_column wpb_content_element\" >\n\t\t<div class=\"wpb_wrapper\">\n\t\t\t<h5>SINOPSIA<\/h5>\n<p><em>Gure Oroitzapenak<\/em> Joseba Sarrionandia euskal idazle ospetsuaren poemak, ipuinak eta saiakerak biziarazten dituen film laburren katea da. Bere idazki ezberdinek, orain zineman, sufrimenduaren, maitasunaren eta iraunkortasunaren irudia margotzen duten bere bizitzako alderdi desberdinak islatzen dituzte.<\/p>\n<p>Joseba Sarrionandiaren aurpegia polifazetikoa da, ez bakarrik literatur adierazpen guztietan nahastu izanagatik, baizik eta bere iruditeria sortzeko gai izan delako, mundu amaigabez osatua. Horrela, literatura munduan agertzen diren hainbat elementu agertuko dira, zalantzarik gabe, hemen: itsasoa, portua, haurtzaroa, trenak, deserrotzea, gerra, suntsipena, maitasuna, noraezea, mina, fantasia, misterioa, hastapena, tortura...<\/p>\n<p><em>2018, Oskar Alegria, \u00d6zcan Alper, Asier Altuna Iza, Mireia Gabilondo, Eug\u00e8ne Green, Itziar Leemans, Josu Martinez, Fermin Muguruza, Ane Mu\u00f1oz Mitxelena, Maider Oleaga, Carlos Machado Quintela, Maialen Sarasua, 96 minutu.<\/em><\/p>\n\n\t\t<\/div>\n\t<\/div>\n<div class=\"vc_separator wpb_content_element vc_separator_align_center vc_sep_width_100 vc_sep_pos_align_center vc_separator_no_text vc_sep_color_grey wpb_content_element  wpb_content_element\" ><span class=\"vc_sep_holder vc_sep_holder_l\"><span class=\"vc_sep_line\"><\/span><\/span><span class=\"vc_sep_holder vc_sep_holder_r\"><span class=\"vc_sep_line\"><\/span><\/span>\n<\/div><div class=\"vc_row wpb_row vc_inner vc_row-fluid\"><div class=\"wpb_column vc_column_container vc_col-sm-12\"><div class=\"vc_column-inner\"><div class=\"wpb_wrapper\">\n\t<div class=\"wpb_text_column wpb_content_element\" >\n\t\t<div class=\"wpb_wrapper\">\n\t\t\t<h5>INTERESGARRIA\u2026<\/h5>\n<p>Donostiako Nazioarteko Zinemaldirako 2018ko hautaketa (66. edizioa): <a href=\"https:\/\/www.sansebastianfestival.com\/2018\/sections_and_films\/zinemira\/7\/665779\/in\" target=\"_blank\" rel=\"noopener\">Klikatu hemen<\/a>.<\/p>\n<p>Euskal Ikasketen Zentroa Liburua: <a href=\"https:\/\/basquebooks.com\/collections\/frontpage\/products\/prisons-and-exiles\" target=\"_blank\" rel=\"noopener\">Klikatu hemen<\/a>.<\/p>\n\n\t\t<\/div>\n\t<\/div>\n<\/div><\/div><\/div><\/div><\/div><\/div><\/div><\/div>\n<\/div>","protected":false},"excerpt":{"rendered":"SYNOPSIS Gure Oroitzapenak is a string of short films that brings to life the poems, short stories and essays of\u00a0renowned Basque writer Joseba Sarrionandia. His various writings, now in film, [...]","protected":false},"author":1,"featured_media":4152,"parent":2567,"menu_order":3,"comment_status":"closed","ping_status":"closed","template":"","meta":{"give_campaign_id":0,"_tec_requires_first_save":true,"_exactmetrics_skip_tracking":false,"_exactmetrics_sitenote_active":false,"_exactmetrics_sitenote_note":"","_exactmetrics_sitenote_category":0,"_price":"","_stock":"","_tribe_ticket_header":"","_tribe_default_ticket_provider":"","_tribe_ticket_capacity":"0","_ticket_start_date":"","_ticket_end_date":"","_tribe_ticket_show_description":"","_tribe_ticket_show_not_going":false,"_tribe_ticket_use_global_stock":"","_tribe_ticket_global_stock_level":"","_global_stock_mode":"","_global_stock_cap":"","_tribe_rsvp_for_event":"","_tribe_ticket_going_count":"","_tribe_ticket_not_going_count":"","_tribe_tickets_list":"[]","_tribe_ticket_has_attendee_info_fields":false,"_EventAllDay":false,"_EventTimezone":"","_EventStartDate":"","_EventEndDate":"","_EventStartDateUTC":"","_EventEndDateUTC":"","_EventShowMap":false,"_EventShowMapLink":false,"_EventURL":"","_EventCost":"","_EventCostDescription":"","_EventCurrencySymbol":"","_EventCurrencyCode":"","_EventCurrencyPosition":"","_EventDateTimeSeparator":"","_EventTimeRangeSeparator":"","_EventOrganizerID":[],"_EventVenueID":[],"_OrganizerEmail":"","_OrganizerPhone":"","_OrganizerWebsite":"","_VenueAddress":"","_VenueCity":"","_VenueCountry":"","_VenueProvince":"","_VenueState":"","_VenueZip":"","_VenuePhone":"","_VenueURL":"","_VenueStateProvince":"","_VenueLat":"","_VenueLng":"","_VenueShowMap":false,"_VenueShowMapLink":false,"_tribe_blocks_recurrence_rules":"","_tribe_blocks_recurrence_description":"","_tribe_blocks_recurrence_exclusions":"","jetpack_post_was_ever_published":false,"footnotes":""},"class_list":["post-4147","page","type-page","status-publish","has-post-thumbnail","hentry"],"campaignId":"","jetpack_sharing_enabled":false,"jetpack_shortlink":"https:\/\/wp.me\/PaFejT-14T","_links":{"self":[{"href":"https:\/\/www.basqueeducational.org\/eus\/wp-json\/wp\/v2\/pages\/4147","targetHints":{"allow":["GET"]}}],"collection":[{"href":"https:\/\/www.basqueeducational.org\/eus\/wp-json\/wp\/v2\/pages"}],"about":[{"href":"https:\/\/www.basqueeducational.org\/eus\/wp-json\/wp\/v2\/types\/page"}],"author":[{"embeddable":true,"href":"https:\/\/www.basqueeducational.org\/eus\/wp-json\/wp\/v2\/users\/1"}],"replies":[{"embeddable":true,"href":"https:\/\/www.basqueeducational.org\/eus\/wp-json\/wp\/v2\/comments?post=4147"}],"version-history":[{"count":5,"href":"https:\/\/www.basqueeducational.org\/eus\/wp-json\/wp\/v2\/pages\/4147\/revisions"}],"predecessor-version":[{"id":5022,"href":"https:\/\/www.basqueeducational.org\/eus\/wp-json\/wp\/v2\/pages\/4147\/revisions\/5022"}],"up":[{"embeddable":true,"href":"https:\/\/www.basqueeducational.org\/eus\/wp-json\/wp\/v2\/pages\/2567"}],"wp:featuredmedia":[{"embeddable":true,"href":"https:\/\/www.basqueeducational.org\/eus\/wp-json\/wp\/v2\/media\/4152"}],"wp:attachment":[{"href":"https:\/\/www.basqueeducational.org\/eus\/wp-json\/wp\/v2\/media?parent=4147"}],"curies":[{"name":"wp","href":"https:\/\/api.w.org\/{rel}","templated":true}]}}