{"id":9307,"date":"2026-03-02T11:20:05","date_gmt":"2026-03-02T19:20:05","guid":{"rendered":"https:\/\/www.basqueeducational.org\/?page_id=9307"},"modified":"2026-03-02T11:55:00","modified_gmt":"2026-03-02T19:55:00","slug":"lurdes-iriondo","status":"publish","type":"page","link":"https:\/\/www.basqueeducational.org\/eus\/2026-basque-film-series\/lurdes-iriondo\/","title":{"rendered":"Lurdes Iriondo, Es Gera Alferrik Pasako"},"content":{"rendered":"<div class=\"wpb-content-wrapper\"><div class=\"vc_row wpb_row vc_row-fluid gradient-container-1\"><div class=\"gradient-column-1 wpb_column vc_column_container vc_col-sm-12\"><div class=\"vc_column-inner\"><div class=\"wpb_wrapper\">\n\t<div class=\"wpb_text_column wpb_content_element\" >\n\t\t<div class=\"wpb_wrapper\">\n\t\t\t<h5><span style=\"color: #808080;\">DOKUMENTALA<\/span><br \/>\n<span style=\"color: #808080;\">Proiekzioa: ekainaren 5ean, SFBCCn, South San Frantziskon<\/span><\/h5>\n<p><!--more--><\/p>\n\n\t\t<\/div>\n\t<\/div>\n\n\t<div class=\"wpb_text_column wpb_content_element\" >\n\t\t<div class=\"wpb_wrapper\">\n\t\t\t<p><strong>SINOPSIA:<br \/>\n<\/strong><\/p>\n<p>Filmak omenaldi bat eskaintzen dio Euskal Herriaren azkenaldiko historian pertsonaia gako bati. Hurbilketa intimo baina irmo baten bidez, zinemagileek Lurdes Iriondo \u2014 euskarazko musikaren aitzindaria eta erresistentzia kulturalaren ikurra \u2014 bizitza eta ondarea nabarmentzen dituzte.<\/p>\n<p>2025, Inge Mendioroz Iba\u00f1ezek zuzendua, 72 minutu, kolorea, euskaraz ingelesezko azpitituluekin.<br \/>\n2025eko Donostia Nazioarteko Zinemaldiaren Hautaketa<\/p>\n<p><strong style=\"font-family: Oswald, 'Helvetica Neue', helvetica, arial, sans-serif; font-size: 1rem; text-transform: uppercase;\">ZUZENDARIARI BURUZ:<br \/>\n<\/strong><span style=\"font-weight: 400;\">Inge Mendioroz (Donostia, 1973) 2016tik Behirada izenez kamera-operadore eta editore gisa lan egiten du. Grafiko diseinua eta ilustrazioa ikasi zituen eta urte batzuk Gaztezulo aldizkarirako maketazio-diseinatzaile gisa lan egin zuen. Han bideoak editatzen hasi zen, eta edizio eta postprodukzioko master bat amaituta, Ra\u00fal L\u00f3pez eta Laurent Dufreche-ren hainbat filmetan laguntzaile izan zen. Gainera, Ra\u00fal L\u00f3pezekin elkarlanean aritu zen Ez, eskerrik asko! Gladysen leihoa (2019) dokumentala editatzeko. Era berean, Pioneras (2021) luzemetraiko dokumentala zuzendu du.<\/span><\/p>\n\n\t\t<\/div>\n\t<\/div>\n<div class=\"vc_separator wpb_content_element vc_separator_align_center vc_sep_width_100 vc_sep_pos_align_center vc_separator_no_text vc_sep_color_grey wpb_content_element  wpb_content_element\" ><span class=\"vc_sep_holder vc_sep_holder_l\"><span class=\"vc_sep_line\"><\/span><\/span><span class=\"vc_sep_holder vc_sep_holder_r\"><span class=\"vc_sep_line\"><\/span><\/span>\n<\/div><\/div><\/div><\/div><\/div>\n<\/div>","protected":false},"excerpt":{"rendered":"<p>DOCUMENTARY Showing: JUNE 5, SFBCC, SOUTH SAN FRANCISCO<\/p>","protected":false},"author":1,"featured_media":9318,"parent":9185,"menu_order":5,"comment_status":"closed","ping_status":"closed","template":"","meta":{"give_campaign_id":0,"_tec_requires_first_save":true,"_exactmetrics_skip_tracking":false,"_exactmetrics_sitenote_active":false,"_exactmetrics_sitenote_note":"","_exactmetrics_sitenote_category":0,"_price":"","_stock":"","_tribe_ticket_header":"","_tribe_default_ticket_provider":"","_tribe_ticket_capacity":"0","_ticket_start_date":"","_ticket_end_date":"","_tribe_ticket_show_description":"","_tribe_ticket_show_not_going":false,"_tribe_ticket_use_global_stock":"","_tribe_ticket_global_stock_level":"","_global_stock_mode":"","_global_stock_cap":"","_tribe_rsvp_for_event":"","_tribe_ticket_going_count":"","_tribe_ticket_not_going_count":"","_tribe_tickets_list":"[]","_tribe_ticket_has_attendee_info_fields":false,"_EventAllDay":false,"_EventTimezone":"","_EventStartDate":"","_EventEndDate":"","_EventStartDateUTC":"","_EventEndDateUTC":"","_EventShowMap":false,"_EventShowMapLink":false,"_EventURL":"","_EventCost":"","_EventCostDescription":"","_EventCurrencySymbol":"","_EventCurrencyCode":"","_EventCurrencyPosition":"","_EventDateTimeSeparator":"","_EventTimeRangeSeparator":"","_EventOrganizerID":[],"_EventVenueID":[],"_OrganizerEmail":"","_OrganizerPhone":"","_OrganizerWebsite":"","_VenueAddress":"","_VenueCity":"","_VenueCountry":"","_VenueProvince":"","_VenueState":"","_VenueZip":"","_VenuePhone":"","_VenueURL":"","_VenueStateProvince":"","_VenueLat":"","_VenueLng":"","_VenueShowMap":false,"_VenueShowMapLink":false,"_tribe_blocks_recurrence_rules":"","_tribe_blocks_recurrence_description":"","_tribe_blocks_recurrence_exclusions":"","jetpack_post_was_ever_published":false,"footnotes":""},"class_list":["post-9307","page","type-page","status-publish","has-post-thumbnail","hentry"],"campaignId":"","jetpack_sharing_enabled":false,"jetpack_shortlink":"https:\/\/wp.me\/PaFejT-2q7","_links":{"self":[{"href":"https:\/\/www.basqueeducational.org\/eus\/wp-json\/wp\/v2\/pages\/9307","targetHints":{"allow":["GET"]}}],"collection":[{"href":"https:\/\/www.basqueeducational.org\/eus\/wp-json\/wp\/v2\/pages"}],"about":[{"href":"https:\/\/www.basqueeducational.org\/eus\/wp-json\/wp\/v2\/types\/page"}],"author":[{"embeddable":true,"href":"https:\/\/www.basqueeducational.org\/eus\/wp-json\/wp\/v2\/users\/1"}],"replies":[{"embeddable":true,"href":"https:\/\/www.basqueeducational.org\/eus\/wp-json\/wp\/v2\/comments?post=9307"}],"version-history":[{"count":1,"href":"https:\/\/www.basqueeducational.org\/eus\/wp-json\/wp\/v2\/pages\/9307\/revisions"}],"predecessor-version":[{"id":9308,"href":"https:\/\/www.basqueeducational.org\/eus\/wp-json\/wp\/v2\/pages\/9307\/revisions\/9308"}],"up":[{"embeddable":true,"href":"https:\/\/www.basqueeducational.org\/eus\/wp-json\/wp\/v2\/pages\/9185"}],"wp:featuredmedia":[{"embeddable":true,"href":"https:\/\/www.basqueeducational.org\/eus\/wp-json\/wp\/v2\/media\/9318"}],"wp:attachment":[{"href":"https:\/\/www.basqueeducational.org\/eus\/wp-json\/wp\/v2\/media?parent=9307"}],"curies":[{"name":"wp","href":"https:\/\/api.w.org\/{rel}","templated":true}]}}