{"id":17,"date":"2016-11-15T10:11:38","date_gmt":"2016-11-15T10:11:38","guid":{"rendered":"http:\/\/www.anarieldesign.com\/themedemos\/liber\/?page_id=17"},"modified":"2023-07-25T21:50:15","modified_gmt":"2023-07-25T21:50:15","slug":"history","status":"publish","type":"page","link":"https:\/\/www.basqueeducational.org\/fr\/history\/","title":{"rendered":"Notre histoire"},"content":{"rendered":"<div class=\"wpb-content-wrapper\"><div class=\"vc_row wpb_row vc_row-fluid gradient-container-1\"><div class=\"gradient-column-1 wpb_column vc_column_container vc_col-sm-12\"><div class=\"vc_column-inner\"><div class=\"wpb_wrapper\">\n\t<div class=\"wpb_text_column wpb_content_element\" >\n\t\t<div class=\"wpb_wrapper\">\n\t\t\t<p>L'origine de BEO remonte au San Francisco Basque Club (SFBC) et au Basque Cultural Center (SFBCC).<span class=\"Apple-converted-space\">\u00a0<\/span><\/p>\n<p>La SFBC, cr\u00e9\u00e9e en 1960, comprenait<span class=\"Apple-converted-space\">\u00a0 <\/span>Le centre \u00e9tait situ\u00e9 \u00e0 l'angle de Broadway et de Larkin \u00e0 San Francisco, \u00e0 proximit\u00e9 des restaurants et des h\u00f4tels basques de North Beach. Cependant, en 1979, ces lieux ont \u00e9t\u00e9 d\u00e9molis.<span class=\"Apple-converted-space\">\u00a0<\/span><\/p>\n<p>Dans le but de reconstruire un nouveau lieu de rencontre pour la communaut\u00e9 basque, un petit groupe de membres a form\u00e9 une nouvelle soci\u00e9t\u00e9, la SFBCC. La SFBCC, \u00e9galement appel\u00e9e Euskal Etxea (maison basque), a ouvert ses portes en 1982 et a depuis diversifi\u00e9 ses offres pour devenir un restaurant et un lieu d'\u00e9v\u00e9nements \u00e0 succ\u00e8s.<span class=\"Apple-converted-space\">\u00a0<\/span><\/p>\n<p>La SFBC, dont la liste des membres comprend \u00e9galement des membres de la SFBCC, continue de parrainer des activit\u00e9s culturelles telles que la danse, la klika et la pelote, et est souvent accueillie \u00e0 la BCC.<\/p>\n<p>Alors que les clubs et leurs membres s'installaient dans leur r\u00f4le, un troisi\u00e8me club, le BEO, a \u00e9t\u00e9 cr\u00e9\u00e9 en tant que bras \u00e9ducatif, comblant le foss\u00e9 entre les arts traditionnels (danse, klika et pelote) et un lieu d'\u00e9v\u00e9nements. Son objectif : pr\u00e9server l'histoire basque et faire conna\u00eetre les Basques \u00e0 travers leurs riches traditions artistiques.<\/p>\n<p>Nous y organisons tous les deux ans la Journ\u00e9e culturelle basque, au cours de laquelle d'\u00e9minents orateurs donnent des conf\u00e9rences sur divers th\u00e8mes et sujets basques ; nous organisons la \"S\u00e9rie de films basques\" et sommes la r\u00e9f\u00e9rence en mati\u00e8re de films basques et de clubs basques ; et nous entretenons la biblioth\u00e8que Martin Minaberry, dont le catalogue contient plus de 1 000 ouvrages sur de nombreux sujets concernant le Pays basque et le peuple basque.<\/p>\n<p>Aujourd'hui, le BEO est un fier partenaire de la SFBCC.<\/p>\n\n\t\t<\/div>\n\t<\/div>\n<\/div><\/div><\/div><\/div>\n<\/div>","protected":false},"excerpt":{"rendered":"BEO's origin began with the San Francisco Basque Club (SFBC) and the Basque Cultural Center (SFBCC).\u00a0 SFBC, formed in 1960, included\u00a0 activities such as dance, klika, and pilota, and was [...]","protected":false},"author":1,"featured_media":2519,"parent":0,"menu_order":0,"comment_status":"closed","ping_status":"closed","template":"templates\/full-width-page.php","meta":{"give_campaign_id":0,"_tec_requires_first_save":true,"_exactmetrics_skip_tracking":false,"_exactmetrics_sitenote_active":false,"_exactmetrics_sitenote_note":"","_exactmetrics_sitenote_category":0,"_price":"","_stock":"","_tribe_ticket_header":"","_tribe_default_ticket_provider":"","_tribe_ticket_capacity":"0","_ticket_start_date":"","_ticket_end_date":"","_tribe_ticket_show_description":"","_tribe_ticket_show_not_going":false,"_tribe_ticket_use_global_stock":"","_tribe_ticket_global_stock_level":"","_global_stock_mode":"","_global_stock_cap":"","_tribe_rsvp_for_event":"","_tribe_ticket_going_count":"","_tribe_ticket_not_going_count":"","_tribe_tickets_list":"[]","_tribe_ticket_has_attendee_info_fields":false,"_EventAllDay":false,"_EventTimezone":"","_EventStartDate":"","_EventEndDate":"","_EventStartDateUTC":"","_EventEndDateUTC":"","_EventShowMap":false,"_EventShowMapLink":false,"_EventURL":"","_EventCost":"","_EventCostDescription":"","_EventCurrencySymbol":"","_EventCurrencyCode":"","_EventCurrencyPosition":"","_EventDateTimeSeparator":"","_EventTimeRangeSeparator":"","_EventOrganizerID":[],"_EventVenueID":[],"_OrganizerEmail":"","_OrganizerPhone":"","_OrganizerWebsite":"","_VenueAddress":"","_VenueCity":"","_VenueCountry":"","_VenueProvince":"","_VenueState":"","_VenueZip":"","_VenuePhone":"","_VenueURL":"","_VenueStateProvince":"","_VenueLat":"","_VenueLng":"","_VenueShowMap":false,"_VenueShowMapLink":false,"_tribe_blocks_recurrence_rules":"","_tribe_blocks_recurrence_description":"","_tribe_blocks_recurrence_exclusions":"","jetpack_post_was_ever_published":false,"footnotes":""},"class_list":["post-17","page","type-page","status-publish","has-post-thumbnail","hentry"],"campaignId":"","jetpack_sharing_enabled":true,"jetpack_shortlink":"https:\/\/wp.me\/PaFejT-h","_links":{"self":[{"href":"https:\/\/www.basqueeducational.org\/fr\/wp-json\/wp\/v2\/pages\/17","targetHints":{"allow":["GET"]}}],"collection":[{"href":"https:\/\/www.basqueeducational.org\/fr\/wp-json\/wp\/v2\/pages"}],"about":[{"href":"https:\/\/www.basqueeducational.org\/fr\/wp-json\/wp\/v2\/types\/page"}],"author":[{"embeddable":true,"href":"https:\/\/www.basqueeducational.org\/fr\/wp-json\/wp\/v2\/users\/1"}],"replies":[{"embeddable":true,"href":"https:\/\/www.basqueeducational.org\/fr\/wp-json\/wp\/v2\/comments?post=17"}],"version-history":[{"count":4,"href":"https:\/\/www.basqueeducational.org\/fr\/wp-json\/wp\/v2\/pages\/17\/revisions"}],"predecessor-version":[{"id":5370,"href":"https:\/\/www.basqueeducational.org\/fr\/wp-json\/wp\/v2\/pages\/17\/revisions\/5370"}],"wp:featuredmedia":[{"embeddable":true,"href":"https:\/\/www.basqueeducational.org\/fr\/wp-json\/wp\/v2\/media\/2519"}],"wp:attachment":[{"href":"https:\/\/www.basqueeducational.org\/fr\/wp-json\/wp\/v2\/media?parent=17"}],"curies":[{"name":"wp","href":"https:\/\/api.w.org\/{rel}","templated":true}]}}