{"id":2491,"date":"2018-09-27T21:35:04","date_gmt":"2018-09-27T21:35:04","guid":{"rendered":"https:\/\/beo.goxo-goxoa.com\/?page_id=2491"},"modified":"2019-04-16T17:07:17","modified_gmt":"2019-04-16T17:07:17","slug":"about-martin-minaberry","status":"publish","type":"page","link":"https:\/\/www.basqueeducational.org\/fr\/about-martin-minaberry\/","title":{"rendered":"\u00c0 propos de Martin Minaberry"},"content":{"rendered":"<div class=\"wpb-content-wrapper\"><div class=\"vc_row wpb_row vc_row-fluid gradient-container-1\"><div class=\"gradient-column-1 wpb_column vc_column_container vc_col-sm-3\"><div class=\"vc_column-inner\"><div class=\"wpb_wrapper\">\n\t<div  class=\"wpb_single_image wpb_content_element vc_align_left wpb_content_element\">\n\t\t\n\t\t<figure class=\"wpb_wrapper vc_figure\">\n\t\t\t<div class=\"vc_single_image-wrapper   vc_box_border_grey\"><img decoding=\"async\" width=\"150\" height=\"150\" src=\"https:\/\/www.basqueeducational.org\/wp-content\/uploads\/2019\/04\/Martin-Minaberry-photo-150x150.png\" class=\"vc_single_image-img attachment-thumbnail\" alt=\"\" title=\"Martin Minaberry\" srcset=\"https:\/\/www.basqueeducational.org\/wp-content\/uploads\/2019\/04\/Martin-Minaberry-photo-150x150.png 150w, https:\/\/www.basqueeducational.org\/wp-content\/uploads\/2019\/04\/Martin-Minaberry-photo-100x100.png 100w\" sizes=\"(max-width: 150px) 100vw, 150px\" \/><\/div><figcaption class=\"vc_figure-caption\">Martin Minaberry<\/figcaption>\n\t\t<\/figure>\n\t<\/div>\n<\/div><\/div><\/div><div class=\"gradient-column-2 wpb_column vc_column_container vc_col-sm-9\"><div class=\"vc_column-inner\"><div class=\"wpb_wrapper\">\n\t<div class=\"wpb_text_column wpb_content_element\" >\n\t\t<div class=\"wpb_wrapper\">\n\t\t\t<p>Le 7 novembre 2009, la biblioth\u00e8que basque a \u00e9t\u00e9 r\u00e9-inaugur\u00e9e \u00e0 la m\u00e9moire du P\u00e8re Martin Minaberry, membre fondateur de la BEO.<\/p>\n<p><b>A PROPOS DE MARTIN<\/b><\/p>\n<p>Le P\u00e8re Minaberry est n\u00e9 le 16 mai 1937 dans le village basque d'Ortzaize, Baxenabarre (Hortz Etcheberria sortetxea). Sa m\u00e8re \u00e9tait Augustine Goyen, \u00e9galement originaire d'Ortzaize (Hortz Etcheberria etxekoa), et son p\u00e8re \u00e9tait Kaiet Minaberry, originaire de Donostiri, Baxenabarre (Urruzpurria sortetxea). Il est le neuvi\u00e8me de leurs onze enfants.<\/p>\n<p>Il a \u00e9tudi\u00e9 au Grand S\u00e9minaire de Baiona et a \u00e9t\u00e9 ordonn\u00e9 pr\u00eatre catholique romain le 29 juin 1963 \u00e0 la cath\u00e9drale Sainte-Marie de Baiona (Lapurdi). Sa premi\u00e8re affectation a \u00e9t\u00e9 celle d'aum\u00f4nier au lyc\u00e9e de Marracq \u00e0 Baiona.<\/p>\n<p>Le P\u00e8re Minaberry est arriv\u00e9 \u00e0 San Francisco en 1978 et s'est rapidement impliqu\u00e9 dans les institutions basques locales, ainsi que dans la NABO. Il a \u00e9t\u00e9 directeur du Club basque de San Francisco pendant de nombreuses ann\u00e9es et en a \u00e9t\u00e9 le pr\u00e9sident de 1981 \u00e0 1982. Il a \u00e9galement \u00e9t\u00e9 l'un des fondateurs de la F\u00e9d\u00e9ration am\u00e9ricaine de pelote basque (USFP) et son premier secr\u00e9taire en 1982.<\/p>\n<p>Apr\u00e8s avoir repr\u00e9sent\u00e9 la NABO au Congr\u00e8s des Basques am\u00e9ricains de 1982, qui s'est tenu \u00e0 Donostia (Gipuzkoa), le p\u00e8re Minaberry est devenu le pr\u00e9sident international de la NABO et le principal contact du gouvernement basque avec la NABO jusqu'en 1991. Il a \u00e9galement \u00e9t\u00e9 le coordinateur du calendrier de la NABO pendant de nombreuses ann\u00e9es et a r\u00e9dig\u00e9 des demandes de subventions au nom de la NABO.<\/p>\n<p>En outre, il a \u00e9t\u00e9 un membre fondateur du Centre culturel basque de San Francisco (BCC) et l'un des principaux artisans de la cr\u00e9ation du Comit\u00e9 \u00e9ducatif du BCC, qui est devenu l'Organisation \u00e9ducative basque, Inc. Il en a \u00e9t\u00e9 le premier pr\u00e9sident et a \u00e9t\u00e9 le principal artisan de la cr\u00e9ation de la biblioth\u00e8que basque au Centre culturel basque.<\/p>\n<p>Le BEO a d\u00e9di\u00e9 la biblioth\u00e8que pour honorer les efforts inlassables du P\u00e8re Minaberry pour la communaut\u00e9 basque, son engagement pour la pr\u00e9servation de sa culture aux Etats-Unis, et sa clairvoyance quant \u00e0 notre responsabilit\u00e9 de fournir des outils pour l'\u00e9ducation.<\/p>\n<p>Le p\u00e8re Minaberry est d\u00e9c\u00e9d\u00e9 le 3 septembre 2001 \u00e0 Los Angeles.<\/p>\n\n\t\t<\/div>\n\t<\/div>\n<\/div><\/div><\/div><\/div>\n<\/div>","protected":false},"excerpt":{"rendered":"Martin Minaberry The Basque Library was rededicated in the memory of Fr. Martin Minaberry, a founding member of the BEO on November 7, 2009. ABOUT MARTIN Fr. Minaberry was born [...]","protected":false},"author":1,"featured_media":0,"parent":0,"menu_order":0,"comment_status":"closed","ping_status":"closed","template":"templates\/grid-page.php","meta":{"give_campaign_id":0,"_tec_requires_first_save":true,"_exactmetrics_skip_tracking":false,"_exactmetrics_sitenote_active":false,"_exactmetrics_sitenote_note":"","_exactmetrics_sitenote_category":0,"_price":"","_stock":"","_tribe_ticket_header":"","_tribe_default_ticket_provider":"","_tribe_ticket_capacity":"0","_ticket_start_date":"","_ticket_end_date":"","_tribe_ticket_show_description":"","_tribe_ticket_show_not_going":false,"_tribe_ticket_use_global_stock":"","_tribe_ticket_global_stock_level":"","_global_stock_mode":"","_global_stock_cap":"","_tribe_rsvp_for_event":"","_tribe_ticket_going_count":"","_tribe_ticket_not_going_count":"","_tribe_tickets_list":"[]","_tribe_ticket_has_attendee_info_fields":false,"_EventAllDay":false,"_EventTimezone":"","_EventStartDate":"","_EventEndDate":"","_EventStartDateUTC":"","_EventEndDateUTC":"","_EventShowMap":false,"_EventShowMapLink":false,"_EventURL":"","_EventCost":"","_EventCostDescription":"","_EventCurrencySymbol":"","_EventCurrencyCode":"","_EventCurrencyPosition":"","_EventDateTimeSeparator":"","_EventTimeRangeSeparator":"","_EventOrganizerID":[],"_EventVenueID":[],"_OrganizerEmail":"","_OrganizerPhone":"","_OrganizerWebsite":"","_VenueAddress":"","_VenueCity":"","_VenueCountry":"","_VenueProvince":"","_VenueState":"","_VenueZip":"","_VenuePhone":"","_VenueURL":"","_VenueStateProvince":"","_VenueLat":"","_VenueLng":"","_VenueShowMap":false,"_VenueShowMapLink":false,"_tribe_blocks_recurrence_rules":"","_tribe_blocks_recurrence_description":"","_tribe_blocks_recurrence_exclusions":"","jetpack_post_was_ever_published":false,"footnotes":""},"class_list":["post-2491","page","type-page","status-publish","hentry"],"campaignId":"","jetpack_sharing_enabled":true,"jetpack_shortlink":"https:\/\/wp.me\/PaFejT-Eb","_links":{"self":[{"href":"https:\/\/www.basqueeducational.org\/fr\/wp-json\/wp\/v2\/pages\/2491","targetHints":{"allow":["GET"]}}],"collection":[{"href":"https:\/\/www.basqueeducational.org\/fr\/wp-json\/wp\/v2\/pages"}],"about":[{"href":"https:\/\/www.basqueeducational.org\/fr\/wp-json\/wp\/v2\/types\/page"}],"author":[{"embeddable":true,"href":"https:\/\/www.basqueeducational.org\/fr\/wp-json\/wp\/v2\/users\/1"}],"replies":[{"embeddable":true,"href":"https:\/\/www.basqueeducational.org\/fr\/wp-json\/wp\/v2\/comments?post=2491"}],"version-history":[{"count":5,"href":"https:\/\/www.basqueeducational.org\/fr\/wp-json\/wp\/v2\/pages\/2491\/revisions"}],"predecessor-version":[{"id":2971,"href":"https:\/\/www.basqueeducational.org\/fr\/wp-json\/wp\/v2\/pages\/2491\/revisions\/2971"}],"wp:attachment":[{"href":"https:\/\/www.basqueeducational.org\/fr\/wp-json\/wp\/v2\/media?parent=2491"}],"curies":[{"name":"wp","href":"https:\/\/api.w.org\/{rel}","templated":true}]}}