{"id":2663,"date":"2019-03-01T21:57:24","date_gmt":"2019-03-01T21:57:24","guid":{"rendered":"https:\/\/www.basqueeducational.org\/?page_id=2663"},"modified":"2019-10-22T05:39:05","modified_gmt":"2019-10-22T05:39:05","slug":"dantza","status":"publish","type":"page","link":"https:\/\/www.basqueeducational.org\/fr\/movies-in-our-collection\/dantza\/","title":{"rendered":"DANTZA"},"content":{"rendered":"<div class=\"wpb-content-wrapper\"><div class=\"vc_row wpb_row vc_row-fluid gradient-container-1\"><div class=\"gradient-column-1 wpb_column vc_column_container vc_col-sm-12\"><div class=\"vc_column-inner\"><div class=\"wpb_wrapper\">\n\t<div class=\"wpb_text_column wpb_content_element\" >\n\t\t<div class=\"wpb_wrapper\">\n\t\t\t<p><!--more--><\/p>\n\n\t\t<\/div>\n\t<\/div>\n\n\t<div class=\"wpb_text_column wpb_content_element\" >\n\t\t<div class=\"wpb_wrapper\">\n\t\t\t<div style=\"padding: 56.25% 0 0 0; position: relative;\"><iframe style=\"position: absolute; top: 0; left: 0; width: 100%; height: 100%;\" src=\"https:\/\/player.vimeo.com\/video\/305007286?title=0&amp;byline=0&amp;portrait=0\" frameborder=\"0\" allowfullscreen=\"allowfullscreen\"><\/iframe><\/div>\n<p><script src=\"https:\/\/player.vimeo.com\/api\/player.js\"><\/script><\/p>\n\n\t\t<\/div>\n\t<\/div>\n\n\t<div class=\"wpb_text_column wpb_content_element\" >\n\t\t<div class=\"wpb_wrapper\">\n\t\t\t<h5 style=\"text-align: center;\">Vous joindrez-vous \u00e0 nous ? <a href=\"https:\/\/www.basqueeducational.org\/event\/dantza\/\">Faites-le nous savoir en vous inscrivant ici.<\/a><\/h5>\n\n\t\t<\/div>\n\t<\/div>\n\n\t<div class=\"wpb_text_column wpb_content_element\" >\n\t\t<div class=\"wpb_wrapper\">\n\t\t\t<h5>SYNOPSIS<\/h5>\n<p>L'orage \u00e9clate apr\u00e8s une dure journ\u00e9e de travail dans les champs. Lorsque la pluie se calme, la vie jaillit de la terre auparavant st\u00e9rile. Les fruits poussent et m\u00fbrissent, survivent aux maladies et deviennent les pommes qui donnent vie au cidre. Vient alors le temps de la r\u00e9colte, des toasts et de la c\u00e9l\u00e9bration de l'amour. Une histoire sur le cycle de la vie et de la mort, la lutte pour la survie. O\u00f9 le passage du temps est marqu\u00e9 par le cours de la nature. Et la danse est le langage choisi pour raconter cette histoire. La musique accompagne le quotidien : La vie est un rythme ! Des th\u00e8mes universels, habill\u00e9s ici d'une symbolique particuli\u00e8re. Une symbolique qui montre l'univers hypnotique de la danse traditionnelle. Un chant po\u00e9tique \u00e0 la tradition, \u00e0 la terre, aux gens, aux mythes et aux coutumes. Un conte sur le miracle de l'existence.<\/p>\n<p><em>2018, r\u00e9alis\u00e9 par Telmo Esnal*, 98 minutes, couleur, drame musical.<\/em><b><\/b><\/p>\n\n\t\t<\/div>\n\t<\/div>\n<div class=\"vc_separator wpb_content_element vc_separator_align_center vc_sep_width_100 vc_sep_pos_align_center vc_separator_no_text vc_sep_color_grey wpb_content_element  wpb_content_element\" ><span class=\"vc_sep_holder vc_sep_holder_l\"><span class=\"vc_sep_line\"><\/span><\/span><span class=\"vc_sep_holder vc_sep_holder_r\"><span class=\"vc_sep_line\"><\/span><\/span>\n<\/div><div class=\"vc_row wpb_row vc_inner vc_row-fluid\"><div class=\"wpb_column vc_column_container vc_col-sm-3\"><div class=\"vc_column-inner\"><div class=\"wpb_wrapper\">\n\t<div  class=\"wpb_single_image wpb_content_element vc_align_left wpb_content_element\">\n\t\t\n\t\t<figure class=\"wpb_wrapper vc_figure\">\n\t\t\t<div class=\"vc_single_image-wrapper   vc_box_border_grey\"><img decoding=\"async\" width=\"150\" height=\"150\" src=\"https:\/\/www.basqueeducational.org\/wp-content\/uploads\/2019\/03\/Telmo-Esnal-150x150.png\" class=\"vc_single_image-img attachment-thumbnail\" alt=\"\" title=\"Telmo Esnal\" srcset=\"https:\/\/www.basqueeducational.org\/wp-content\/uploads\/2019\/03\/Telmo-Esnal-150x150.png 150w, https:\/\/www.basqueeducational.org\/wp-content\/uploads\/2019\/03\/Telmo-Esnal-100x100.png 100w\" sizes=\"(max-width: 150px) 100vw, 150px\" \/><\/div>\n\t\t<\/figure>\n\t<\/div>\n<\/div><\/div><\/div><div class=\"wpb_column vc_column_container vc_col-sm-9\"><div class=\"vc_column-inner\"><div class=\"wpb_wrapper\">\n\t<div class=\"wpb_text_column wpb_content_element\" >\n\t\t<div class=\"wpb_wrapper\">\n\t\t\t<h5>DIRECTEUR<\/h5>\n<p>Danseur, r\u00e9alisateur et sc\u00e9nariste basque, <strong>Telmo Esnal<\/strong> Illarramendi (Zarautz, 1967) a \u00e9crit et r\u00e9alis\u00e9 les longs m\u00e9trages Urteberri on, amona ! (2011) et Aupa Etxebeste ! (2005, cor\u00e9alis\u00e9 avec Asier Altuna, laur\u00e9at du prix de la jeunesse au Festival international du film de San Sebasti\u00e1n). Nomm\u00e9 pour le prix Goya du meilleur nouveau r\u00e9alisateur gr\u00e2ce \u00e0 son travail sur Aupa Etxebeste !, il a \u00e9galement \u00e9crit et r\u00e9alis\u00e9 six courts m\u00e9trages qui l'ont conduit dans d'innombrables festivals internationaux et lui ont valu de nombreuses r\u00e9compenses : Hamaiketakoa (2012), Amona putz ! (2009), Taxi ? (2007), Asedio. Koldobika Jauregi (2007), 40 ezetz (1999, cor\u00e9alis\u00e9 avec Asier Altuna), Txotx (1997, cor\u00e9alis\u00e9 avec Asier Altuna). En 2009, il a \u00e9crit et r\u00e9alis\u00e9, avec Asier Altuna Brinkola, Brinkola, une s\u00e9rie t\u00e9l\u00e9vis\u00e9e de 13 \u00e9pisodes pour ETB (t\u00e9l\u00e9vision publique basque). Il travaille actuellement sur le long m\u00e9trage Agur Etxebeste ! \u00e9crit et r\u00e9alis\u00e9 avec Asier Altuna.<\/p>\n\n\t\t<\/div>\n\t<\/div>\n\n\t<div class=\"wpb_text_column wpb_content_element\" >\n\t\t<div class=\"wpb_wrapper\">\n\t\t\t<h5>Souhaitez-vous voir ce film ou le partager ?<\/h5>\n<p>Nous sommes heureux de vous aider. Veuillez contacter <a href=\"mailto:info@basqueeducational.org\">info@basqueeducational.org<\/a>\u00a0et notre coordinateur cin\u00e9ma prendra contact avec vous.<\/p>\n\n\t\t<\/div>\n\t<\/div>\n<\/div><\/div><\/div><\/div><\/div><\/div><\/div><\/div>\n<\/div>","protected":false},"excerpt":{"rendered":"Will you be joining us? Let us know - rsvp here. SYNOPSIS The storm breaks after a hard day's work in the fields. When the rain eases off life springs [...]","protected":false},"author":1,"featured_media":2667,"parent":2567,"menu_order":3,"comment_status":"closed","ping_status":"closed","template":"","meta":{"give_campaign_id":0,"_tec_requires_first_save":true,"_exactmetrics_skip_tracking":false,"_exactmetrics_sitenote_active":false,"_exactmetrics_sitenote_note":"","_exactmetrics_sitenote_category":0,"_price":"","_stock":"","_tribe_ticket_header":"","_tribe_default_ticket_provider":"","_tribe_ticket_capacity":"0","_ticket_start_date":"","_ticket_end_date":"","_tribe_ticket_show_description":"","_tribe_ticket_show_not_going":false,"_tribe_ticket_use_global_stock":"","_tribe_ticket_global_stock_level":"","_global_stock_mode":"","_global_stock_cap":"","_tribe_rsvp_for_event":"","_tribe_ticket_going_count":"","_tribe_ticket_not_going_count":"","_tribe_tickets_list":"[]","_tribe_ticket_has_attendee_info_fields":false,"_EventAllDay":false,"_EventTimezone":"","_EventStartDate":"","_EventEndDate":"","_EventStartDateUTC":"","_EventEndDateUTC":"","_EventShowMap":false,"_EventShowMapLink":false,"_EventURL":"","_EventCost":"","_EventCostDescription":"","_EventCurrencySymbol":"","_EventCurrencyCode":"","_EventCurrencyPosition":"","_EventDateTimeSeparator":"","_EventTimeRangeSeparator":"","_EventOrganizerID":[],"_EventVenueID":[],"_OrganizerEmail":"","_OrganizerPhone":"","_OrganizerWebsite":"","_VenueAddress":"","_VenueCity":"","_VenueCountry":"","_VenueProvince":"","_VenueState":"","_VenueZip":"","_VenuePhone":"","_VenueURL":"","_VenueStateProvince":"","_VenueLat":"","_VenueLng":"","_VenueShowMap":false,"_VenueShowMapLink":false,"_tribe_blocks_recurrence_rules":"","_tribe_blocks_recurrence_description":"","_tribe_blocks_recurrence_exclusions":"","jetpack_post_was_ever_published":false,"footnotes":""},"class_list":["post-2663","page","type-page","status-publish","has-post-thumbnail","hentry"],"campaignId":"","jetpack_sharing_enabled":false,"jetpack_shortlink":"https:\/\/wp.me\/PaFejT-GX","_links":{"self":[{"href":"https:\/\/www.basqueeducational.org\/fr\/wp-json\/wp\/v2\/pages\/2663","targetHints":{"allow":["GET"]}}],"collection":[{"href":"https:\/\/www.basqueeducational.org\/fr\/wp-json\/wp\/v2\/pages"}],"about":[{"href":"https:\/\/www.basqueeducational.org\/fr\/wp-json\/wp\/v2\/types\/page"}],"author":[{"embeddable":true,"href":"https:\/\/www.basqueeducational.org\/fr\/wp-json\/wp\/v2\/users\/1"}],"replies":[{"embeddable":true,"href":"https:\/\/www.basqueeducational.org\/fr\/wp-json\/wp\/v2\/comments?post=2663"}],"version-history":[{"count":5,"href":"https:\/\/www.basqueeducational.org\/fr\/wp-json\/wp\/v2\/pages\/2663\/revisions"}],"predecessor-version":[{"id":3191,"href":"https:\/\/www.basqueeducational.org\/fr\/wp-json\/wp\/v2\/pages\/2663\/revisions\/3191"}],"up":[{"embeddable":true,"href":"https:\/\/www.basqueeducational.org\/fr\/wp-json\/wp\/v2\/pages\/2567"}],"wp:featuredmedia":[{"embeddable":true,"href":"https:\/\/www.basqueeducational.org\/fr\/wp-json\/wp\/v2\/media\/2667"}],"wp:attachment":[{"href":"https:\/\/www.basqueeducational.org\/fr\/wp-json\/wp\/v2\/media?parent=2663"}],"curies":[{"name":"wp","href":"https:\/\/api.w.org\/{rel}","templated":true}]}}