{"id":2863,"date":"2019-03-06T21:09:50","date_gmt":"2019-03-06T21:09:50","guid":{"rendered":"https:\/\/www.basqueeducational.org\/?page_id=2863"},"modified":"2019-03-06T21:38:43","modified_gmt":"2019-03-06T21:38:43","slug":"2015-pilota-eguna","status":"publish","type":"page","link":"https:\/\/www.basqueeducational.org\/fr\/basque-cultural-days\/2015-pilota-eguna\/","title":{"rendered":"2015 | Pilota Eguna"},"content":{"rendered":"<div class=\"wpb-content-wrapper\"><div class=\"vc_row wpb_row vc_row-fluid gradient-container-1\"><div class=\"gradient-column-1 wpb_column vc_column_container vc_col-sm-12\"><div class=\"vc_column-inner\"><div class=\"wpb_wrapper\">\n\t<div class=\"wpb_text_column wpb_content_element\" >\n\t\t<div class=\"wpb_wrapper\">\n\t\t\t<p><!--more--><\/p>\n\n\t\t<\/div>\n\t<\/div>\n<\/div><\/div><\/div><\/div><div class=\"vc_row wpb_row vc_row-fluid gradient-container-2\"><div class=\"gradient-column-2 wpb_column vc_column_container vc_col-sm-3\"><div class=\"vc_column-inner\"><div class=\"wpb_wrapper\">\n\t<div  class=\"wpb_single_image wpb_content_element vc_align_left wpb_content_element\">\n\t\t\n\t\t<figure class=\"wpb_wrapper vc_figure\">\n\t\t\t<div class=\"vc_single_image-wrapper   vc_box_border_grey\"><img decoding=\"async\" width=\"150\" height=\"150\" src=\"https:\/\/www.basqueeducational.org\/wp-content\/uploads\/2019\/03\/Xabier-Berrueta-150x150.png\" class=\"vc_single_image-img attachment-thumbnail\" alt=\"\" title=\"Xabier Berrueta\" srcset=\"https:\/\/www.basqueeducational.org\/wp-content\/uploads\/2019\/03\/Xabier-Berrueta-150x150.png 150w, https:\/\/www.basqueeducational.org\/wp-content\/uploads\/2019\/03\/Xabier-Berrueta-100x100.png 100w\" sizes=\"(max-width: 150px) 100vw, 150px\" \/><\/div>\n\t\t<\/figure>\n\t<\/div>\n\n\t<div class=\"wpb_text_column wpb_content_element\" >\n\t\t<div class=\"wpb_wrapper\">\n\t\t\t<p style=\"text-align: center;\">Xabier Berrueta<\/p>\n\n\t\t<\/div>\n\t<\/div>\n<\/div><\/div><\/div><div class=\"gradient-column-3 wpb_column vc_column_container vc_col-sm-9\"><div class=\"vc_column-inner\"><div class=\"wpb_wrapper\">\n\t<div class=\"wpb_text_column wpb_content_element\" >\n\t\t<div class=\"wpb_wrapper\">\n\t\t\t<h5>PR\u00c9SENTATEUR<\/h5>\n<p>Xabier Berrueta, pr\u00e9sident de la F\u00e9d\u00e9ration am\u00e9ricaine de Pilote, a pr\u00e9sent\u00e9 les origines et l'histoire du Pilote Basque.<\/p>\n\n\t\t<\/div>\n\t<\/div>\n<div class=\"vc_tta-container\" data-vc-action=\"collapseAll\"><div class=\"vc_general vc_tta vc_tta-accordion vc_tta-color-grey vc_tta-style-classic vc_tta-shape-rounded vc_tta-o-shape-group vc_tta-controls-align-default vc_tta-o-all-clickable\"><div class=\"vc_tta-panels-container\"><div class=\"vc_tta-panels\"><div class=\"vc_tta-panel\" id=\"1551906770761-18750ab5-0c1d\" data-vc-content=\".vc_tta-panel-body\"><div class=\"vc_tta-panel-heading\"><h4 class=\"vc_tta-panel-title vc_tta-controls-icon-position-left\"><a href=\"#1551906770761-18750ab5-0c1d\" data-vc-accordion data-vc-container=\".vc_tta-container\"><i class=\"vc_tta-icon entypo-icon entypo-icon-shareable\"><\/i><span class=\"vc_tta-title-text\">\u00e0 propos de<\/span><i class=\"vc_tta-controls-icon vc_tta-controls-icon-plus\"><\/i><\/a><\/h4><\/div><div class=\"vc_tta-panel-body\">\n\t<div class=\"wpb_text_column wpb_content_element\" >\n\t\t<div class=\"wpb_wrapper\">\n\t\t\t<p>Pour en savoir plus sur la F\u00e9d\u00e9ration am\u00e9ricaine de pelote basque, <a href=\"https:\/\/www.facebook.com\/United-States-Federation-of-Pelota-117205962949\/\" target=\"_blank\" rel=\"noopener noreferrer\">CLIQUEZ ICI<\/a> pour acc\u00e9der \u00e0 leur page Facebook.<\/p>\n\n\t\t<\/div>\n\t<\/div>\n<\/div><\/div><\/div><\/div><\/div><\/div><\/div><\/div><\/div><\/div><div class=\"vc_row wpb_row vc_row-fluid gradient-container-3\"><div class=\"gradient-column-4 wpb_column vc_column_container vc_col-sm-12\"><div class=\"vc_column-inner\"><div class=\"wpb_wrapper\"><div class=\"vc_separator wpb_content_element vc_separator_align_center vc_sep_width_100 vc_sep_pos_align_center vc_separator_no_text vc_sep_color_grey vc_custom_1551907270580 wpb_content_element  vc_custom_1551907270580 wpb_content_element\" ><span class=\"vc_sep_holder vc_sep_holder_l\"><span class=\"vc_sep_line\"><\/span><\/span><span class=\"vc_sep_holder vc_sep_holder_r\"><span class=\"vc_sep_line\"><\/span><\/span>\n<\/div><\/div><\/div><\/div><\/div><div class=\"vc_row wpb_row vc_row-fluid gradient-container-4\"><div class=\"gradient-column-5 wpb_column vc_column_container vc_col-sm-3\"><div class=\"vc_column-inner\"><div class=\"wpb_wrapper\">\n\t<div  class=\"wpb_single_image wpb_content_element vc_align_left wpb_content_element\">\n\t\t\n\t\t<figure class=\"wpb_wrapper vc_figure\">\n\t\t\t<div class=\"vc_single_image-wrapper   vc_box_border_grey\"><img decoding=\"async\" width=\"150\" height=\"150\" src=\"https:\/\/www.basqueeducational.org\/wp-content\/uploads\/2019\/03\/Iker-Saitua-150x150.png\" class=\"vc_single_image-img attachment-thumbnail\" alt=\"\" title=\"Iker Saitua\" srcset=\"https:\/\/www.basqueeducational.org\/wp-content\/uploads\/2019\/03\/Iker-Saitua-150x150.png 150w, https:\/\/www.basqueeducational.org\/wp-content\/uploads\/2019\/03\/Iker-Saitua-100x100.png 100w\" sizes=\"(max-width: 150px) 100vw, 150px\" \/><\/div>\n\t\t<\/figure>\n\t<\/div>\n\n\t<div class=\"wpb_text_column wpb_content_element\" >\n\t\t<div class=\"wpb_wrapper\">\n\t\t\t<p style=\"text-align: center;\">Iker Saitua<\/p>\n\n\t\t<\/div>\n\t<\/div>\n<\/div><\/div><\/div><div class=\"gradient-column-6 wpb_column vc_column_container vc_col-sm-9\"><div class=\"vc_column-inner\"><div class=\"wpb_wrapper\">\n\t<div class=\"wpb_text_column wpb_content_element\" >\n\t\t<div class=\"wpb_wrapper\">\n\t\t\t<h5>PR\u00c9SENTATEUR<\/h5>\n<p>Iker Saitua, doctorant au Centre d'\u00e9tudes basques de l'UNR, a parl\u00e9 de Basque Pilota et de son impact sur la culture et l'identit\u00e9 basques.<\/p>\n\n\t\t<\/div>\n\t<\/div>\n<div class=\"vc_tta-container\" data-vc-action=\"collapseAll\"><div class=\"vc_general vc_tta vc_tta-accordion vc_tta-color-grey vc_tta-style-classic vc_tta-shape-rounded vc_tta-o-shape-group vc_tta-controls-align-default vc_tta-o-all-clickable\"><div class=\"vc_tta-panels-container\"><div class=\"vc_tta-panels\"><div class=\"vc_tta-panel\" id=\"1551907297353-726a75d2-ac27\" data-vc-content=\".vc_tta-panel-body\"><div class=\"vc_tta-panel-heading\"><h4 class=\"vc_tta-panel-title vc_tta-controls-icon-position-left\"><a href=\"#1551907297353-726a75d2-ac27\" data-vc-accordion data-vc-container=\".vc_tta-container\"><i class=\"vc_tta-icon entypo-icon entypo-icon-shareable\"><\/i><span class=\"vc_tta-title-text\">\u00e0 propos de<\/span><i class=\"vc_tta-controls-icon vc_tta-controls-icon-plus\"><\/i><\/a><\/h4><\/div><div class=\"vc_tta-panel-body\">\n\t<div class=\"wpb_text_column wpb_content_element\" >\n\t\t<div class=\"wpb_wrapper\">\n\t\t\t<p>Pour en savoir plus sur Iker, <a href=\"http:\/\/Iker Saitua \u2013 Life after a Ph.D. in Basque Studies\" target=\"_blank\" rel=\"noopener noreferrer\">A V\u00c9RIFIER<\/a> une interview \u00e9crite sur lui en 2017 intitul\u00e9e \"Iker Saitua - Life after a Ph.D. in Basque Studies\" (Iker Saitua - La vie apr\u00e8s un doctorat en \u00e9tudes basques).<\/p>\n\n\t\t<\/div>\n\t<\/div>\n<\/div><\/div><\/div><\/div><\/div><\/div><\/div><\/div><\/div><\/div><div class=\"vc_row wpb_row vc_row-fluid gradient-container-5\"><div class=\"gradient-column-7 wpb_column vc_column_container vc_col-sm-12\"><div class=\"vc_column-inner\"><div class=\"wpb_wrapper\"><div class=\"vc_separator wpb_content_element vc_separator_align_center vc_sep_width_100 vc_sep_pos_align_center vc_separator_no_text vc_sep_color_grey vc_custom_1551907270580 wpb_content_element  vc_custom_1551907270580 wpb_content_element\" ><span class=\"vc_sep_holder vc_sep_holder_l\"><span class=\"vc_sep_line\"><\/span><\/span><span class=\"vc_sep_holder vc_sep_holder_r\"><span class=\"vc_sep_line\"><\/span><\/span>\n<\/div><\/div><\/div><\/div><\/div><div class=\"vc_row wpb_row vc_row-fluid gradient-container-6\"><div class=\"gradient-column-8 wpb_column vc_column_container vc_col-sm-3\"><div class=\"vc_column-inner\"><div class=\"wpb_wrapper\">\n\t<div  class=\"wpb_single_image wpb_content_element vc_align_left wpb_content_element\">\n\t\t\n\t\t<figure class=\"wpb_wrapper vc_figure\">\n\t\t\t<div class=\"vc_single_image-wrapper   vc_box_border_grey\"><img decoding=\"async\" width=\"150\" height=\"150\" src=\"https:\/\/www.basqueeducational.org\/wp-content\/uploads\/2019\/03\/Jean-Michel-Idiart-150x150.png\" class=\"vc_single_image-img attachment-thumbnail\" alt=\"\" title=\"Jean Michel Idiart\" srcset=\"https:\/\/www.basqueeducational.org\/wp-content\/uploads\/2019\/03\/Jean-Michel-Idiart-150x150.png 150w, https:\/\/www.basqueeducational.org\/wp-content\/uploads\/2019\/03\/Jean-Michel-Idiart-100x100.png 100w\" sizes=\"(max-width: 150px) 100vw, 150px\" \/><\/div>\n\t\t<\/figure>\n\t<\/div>\n\n\t<div class=\"wpb_text_column wpb_content_element\" >\n\t\t<div class=\"wpb_wrapper\">\n\t\t\t<p style=\"text-align: center;\">Jean Michel Idiart<\/p>\n\n\t\t<\/div>\n\t<\/div>\n<\/div><\/div><\/div><div class=\"gradient-column-9 wpb_column vc_column_container vc_col-sm-9\"><div class=\"vc_column-inner\"><div class=\"wpb_wrapper\">\n\t<div class=\"wpb_text_column wpb_content_element\" >\n\t\t<div class=\"wpb_wrapper\">\n\t\t\t<h5>PR\u00c9SENTATEUR<\/h5>\n<p>Jean Michel Idiart, cr\u00e9ateur et promoteur du Frontball Pro Tour, parlera de la nouvelle discipline du Basque Pilota, de son histoire et de son impact potentiel sur la soci\u00e9t\u00e9 urbaine.<\/p>\n\n\t\t<\/div>\n\t<\/div>\n<div class=\"vc_tta-container\" data-vc-action=\"collapseAll\"><div class=\"vc_general vc_tta vc_tta-accordion vc_tta-color-grey vc_tta-style-classic vc_tta-shape-rounded vc_tta-o-shape-group vc_tta-controls-align-default vc_tta-o-all-clickable\"><div class=\"vc_tta-panels-container\"><div class=\"vc_tta-panels\"><div class=\"vc_tta-panel\" id=\"1551907612005-f4c247c8-d54f\" data-vc-content=\".vc_tta-panel-body\"><div class=\"vc_tta-panel-heading\"><h4 class=\"vc_tta-panel-title vc_tta-controls-icon-position-left\"><a href=\"#1551907612005-f4c247c8-d54f\" data-vc-accordion data-vc-container=\".vc_tta-container\"><i class=\"vc_tta-icon entypo-icon entypo-icon-shareable\"><\/i><span class=\"vc_tta-title-text\">\u00e0 propos de<\/span><i class=\"vc_tta-controls-icon vc_tta-controls-icon-plus\"><\/i><\/a><\/h4><\/div><div class=\"vc_tta-panel-body\">\n\t<div class=\"wpb_text_column wpb_content_element\" >\n\t\t<div class=\"wpb_wrapper\">\n\t\t\t<p>Pour en savoir plus sur Iker, <a href=\"http:\/\/Iker Saitua \u2013 Life after a Ph.D. in Basque Studies\" target=\"_blank\" rel=\"noopener noreferrer\">A V\u00c9RIFIER<\/a> une interview \u00e9crite sur lui en 2017 intitul\u00e9e \"Iker Saitua - Life after a Ph.D. in Basque Studies\" (Iker Saitua - La vie apr\u00e8s un doctorat en \u00e9tudes basques).<\/p>\n\n\t\t<\/div>\n\t<\/div>\n<\/div><\/div><\/div><\/div><\/div><\/div><\/div><\/div><\/div><\/div><div class=\"vc_row wpb_row vc_row-fluid gradient-container-7\"><div class=\"gradient-column-10 wpb_column vc_column_container vc_col-sm-12\"><div class=\"vc_column-inner\"><div class=\"wpb_wrapper\"><div class=\"vc_separator wpb_content_element vc_separator_align_center vc_sep_width_100 vc_sep_pos_align_center vc_separator_no_text vc_sep_color_grey vc_custom_1551907270580 wpb_content_element  vc_custom_1551907270580 wpb_content_element\" ><span class=\"vc_sep_holder vc_sep_holder_l\"><span class=\"vc_sep_line\"><\/span><\/span><span class=\"vc_sep_holder vc_sep_holder_r\"><span class=\"vc_sep_line\"><\/span><\/span>\n<\/div><\/div><\/div><\/div><\/div><div class=\"vc_row wpb_row vc_row-fluid gradient-container-8\"><div class=\"gradient-column-11 wpb_column vc_column_container vc_col-sm-3\"><div class=\"vc_column-inner\"><div class=\"wpb_wrapper\">\n\t<div  class=\"wpb_single_image wpb_content_element vc_align_left wpb_content_element\">\n\t\t\n\t\t<figure class=\"wpb_wrapper vc_figure\">\n\t\t\t<div class=\"vc_single_image-wrapper   vc_box_border_grey\"><img loading=\"lazy\" decoding=\"async\" width=\"150\" height=\"150\" src=\"https:\/\/www.basqueeducational.org\/wp-content\/uploads\/2019\/03\/womens-exhibition-150x150.png\" class=\"vc_single_image-img attachment-thumbnail\" alt=\"\" title=\"exposition de femmes\" srcset=\"https:\/\/www.basqueeducational.org\/wp-content\/uploads\/2019\/03\/womens-exhibition-150x150.png 150w, https:\/\/www.basqueeducational.org\/wp-content\/uploads\/2019\/03\/womens-exhibition-100x100.png 100w\" sizes=\"(max-width: 150px) 100vw, 150px\" \/><\/div>\n\t\t<\/figure>\n\t<\/div>\n\n\t<div  class=\"wpb_single_image wpb_content_element vc_align_left wpb_content_element\">\n\t\t\n\t\t<figure class=\"wpb_wrapper vc_figure\">\n\t\t\t<div class=\"vc_single_image-wrapper   vc_box_border_grey\"><img loading=\"lazy\" decoding=\"async\" width=\"150\" height=\"150\" src=\"https:\/\/www.basqueeducational.org\/wp-content\/uploads\/2019\/03\/Mens-exhibition-150x150.png\" class=\"vc_single_image-img attachment-thumbnail\" alt=\"\" title=\"Exposition masculine\" srcset=\"https:\/\/www.basqueeducational.org\/wp-content\/uploads\/2019\/03\/Mens-exhibition-150x150.png 150w, https:\/\/www.basqueeducational.org\/wp-content\/uploads\/2019\/03\/Mens-exhibition-100x100.png 100w\" sizes=\"(max-width: 150px) 100vw, 150px\" \/><\/div>\n\t\t<\/figure>\n\t<\/div>\n<\/div><\/div><\/div><div class=\"gradient-column-12 wpb_column vc_column_container vc_col-sm-9\"><div class=\"vc_column-inner\"><div class=\"wpb_wrapper\">\n\t<div class=\"wpb_text_column wpb_content_element\" >\n\t\t<div class=\"wpb_wrapper\">\n\t\t\t<h5>JEUX D'EXHIBITION<\/h5>\n<p>La journ\u00e9e s'est achev\u00e9e par des matchs pilotes entre les meilleurs joueurs de Frontball du monde pour l'exposition de Frontball.  Chaque match se d\u00e9roulera au meilleur des deux manches, chaque manche \u00e9tant compos\u00e9e de 15 points.<\/p>\n<p><strong>Exposition des femmes :<\/strong><br \/>\n<span class=\"auto-style8\">Sandy Ng vs. Danielle Daskalakis<\/span><\/p>\n<p><strong>Exposition masculine :<\/strong><br \/>\nUn remake des championnats du monde 2015<br \/>\nJuan Medina (Mexique) vs Orlando Diaz (Mexique)<\/p>\n\n\t\t<\/div>\n\t<\/div>\n<\/div><\/div><\/div><\/div>\n<\/div>","protected":false},"excerpt":{"rendered":"Xabier Berrueta PRESENTER Xabier Berrueta, president of the U.S. Federation of Pilota, presented the origins and history of Basque Pilota. about To learn more about the U.S. Federation of Pelota, [...]","protected":false},"author":1,"featured_media":2864,"parent":2826,"menu_order":2,"comment_status":"closed","ping_status":"closed","template":"","meta":{"give_campaign_id":0,"_tec_requires_first_save":true,"_exactmetrics_skip_tracking":false,"_exactmetrics_sitenote_active":false,"_exactmetrics_sitenote_note":"","_exactmetrics_sitenote_category":0,"_price":"","_stock":"","_tribe_ticket_header":"","_tribe_default_ticket_provider":"","_tribe_ticket_capacity":"0","_ticket_start_date":"","_ticket_end_date":"","_tribe_ticket_show_description":"","_tribe_ticket_show_not_going":false,"_tribe_ticket_use_global_stock":"","_tribe_ticket_global_stock_level":"","_global_stock_mode":"","_global_stock_cap":"","_tribe_rsvp_for_event":"","_tribe_ticket_going_count":"","_tribe_ticket_not_going_count":"","_tribe_tickets_list":"[]","_tribe_ticket_has_attendee_info_fields":false,"_EventAllDay":false,"_EventTimezone":"","_EventStartDate":"","_EventEndDate":"","_EventStartDateUTC":"","_EventEndDateUTC":"","_EventShowMap":false,"_EventShowMapLink":false,"_EventURL":"","_EventCost":"","_EventCostDescription":"","_EventCurrencySymbol":"","_EventCurrencyCode":"","_EventCurrencyPosition":"","_EventDateTimeSeparator":"","_EventTimeRangeSeparator":"","_EventOrganizerID":[],"_EventVenueID":[],"_OrganizerEmail":"","_OrganizerPhone":"","_OrganizerWebsite":"","_VenueAddress":"","_VenueCity":"","_VenueCountry":"","_VenueProvince":"","_VenueState":"","_VenueZip":"","_VenuePhone":"","_VenueURL":"","_VenueStateProvince":"","_VenueLat":"","_VenueLng":"","_VenueShowMap":false,"_VenueShowMapLink":false,"_tribe_blocks_recurrence_rules":"","_tribe_blocks_recurrence_description":"","_tribe_blocks_recurrence_exclusions":"","jetpack_post_was_ever_published":false,"footnotes":""},"class_list":["post-2863","page","type-page","status-publish","has-post-thumbnail","hentry"],"campaignId":"","jetpack_sharing_enabled":false,"jetpack_shortlink":"https:\/\/wp.me\/PaFejT-Kb","_links":{"self":[{"href":"https:\/\/www.basqueeducational.org\/fr\/wp-json\/wp\/v2\/pages\/2863","targetHints":{"allow":["GET"]}}],"collection":[{"href":"https:\/\/www.basqueeducational.org\/fr\/wp-json\/wp\/v2\/pages"}],"about":[{"href":"https:\/\/www.basqueeducational.org\/fr\/wp-json\/wp\/v2\/types\/page"}],"author":[{"embeddable":true,"href":"https:\/\/www.basqueeducational.org\/fr\/wp-json\/wp\/v2\/users\/1"}],"replies":[{"embeddable":true,"href":"https:\/\/www.basqueeducational.org\/fr\/wp-json\/wp\/v2\/comments?post=2863"}],"version-history":[{"count":3,"href":"https:\/\/www.basqueeducational.org\/fr\/wp-json\/wp\/v2\/pages\/2863\/revisions"}],"predecessor-version":[{"id":2867,"href":"https:\/\/www.basqueeducational.org\/fr\/wp-json\/wp\/v2\/pages\/2863\/revisions\/2867"}],"up":[{"embeddable":true,"href":"https:\/\/www.basqueeducational.org\/fr\/wp-json\/wp\/v2\/pages\/2826"}],"wp:featuredmedia":[{"embeddable":true,"href":"https:\/\/www.basqueeducational.org\/fr\/wp-json\/wp\/v2\/media\/2864"}],"wp:attachment":[{"href":"https:\/\/www.basqueeducational.org\/fr\/wp-json\/wp\/v2\/media?parent=2863"}],"curies":[{"name":"wp","href":"https:\/\/api.w.org\/{rel}","templated":true}]}}