{"id":3186,"date":"2019-10-22T05:35:20","date_gmt":"2019-10-22T05:35:20","guid":{"rendered":"https:\/\/www.basqueeducational.org\/?page_id=3186"},"modified":"2025-05-01T05:40:34","modified_gmt":"2025-05-01T05:40:34","slug":"oreina","status":"publish","type":"page","link":"https:\/\/www.basqueeducational.org\/fr\/movies-in-our-collection\/oreina\/","title":{"rendered":"Oreina \/ Le cerf"},"content":{"rendered":"<div class=\"wpb-content-wrapper\"><div class=\"vc_row wpb_row vc_row-fluid gradient-container-1\"><div class=\"gradient-column-1 wpb_column vc_column_container vc_col-sm-12\"><div class=\"vc_column-inner\"><div class=\"wpb_wrapper\">\n\t<div class=\"wpb_text_column wpb_content_element\" >\n\t\t<div class=\"wpb_wrapper\">\n\t\t\t<p><!--more--><\/p>\n\n\t\t<\/div>\n\t<\/div>\n\n\t<div class=\"wpb_video_widget wpb_content_element vc_clearfix   vc_video-aspect-ratio-169 vc_video-el-width-100 vc_video-align-center\" >\n\t\t<div class=\"wpb_wrapper\">\n\t\t\t\n\t\t\t<div class=\"wpb_video_wrapper\"><div class=\"jetpack-video-wrapper\"><iframe title=\"OREINA Remorque O.V. ENG. SUB.\" src=\"https:\/\/player.vimeo.com\/video\/285820607?dnt=1&amp;app_id=122963\" width=\"500\" height=\"209\" frameborder=\"0\" allow=\"autoplay; fullscreen; picture-in-picture\"><\/iframe><\/div><\/div>\n\t\t<\/div>\n\t<\/div>\n\n\t<div class=\"wpb_text_column wpb_content_element\" >\n\t\t<div class=\"wpb_wrapper\">\n\t\t\t<h5>SYNOPSIS :<\/h5>\n<p>Khalil est un jeune homme sans racines qui vit dans les marges de la ville, l\u00e0 o\u00f9 les zones industrielles sont adoss\u00e9es \u00e0 la rivi\u00e8re et au marais. Il survit tant bien que mal, passant ses journ\u00e9es avec un braconnier qui partage une maison sur la rive avec un fr\u00e8re \u00e0 qui il n'a pas parl\u00e9 depuis des ann\u00e9es. Sur les rives du marais, les mar\u00e9es marquent le temps de l'amour et de l'indiff\u00e9rence, de l'amiti\u00e9 et de la vengeance.<\/p>\n<p>Plus d'informations : <a href=\"http:\/\/www.txintxua.com\/en\/films\/oreina\">http:\/\/www.txintxua.com\/en\/films\/oreina<\/a><\/p>\n<p><em>2018, r\u00e9alis\u00e9 par Koldo Almandoz, couleur, en euskara sous-titr\u00e9 en anglais, 88 minutes<\/em><\/p>\n<ul>\n<li><b>Projection au Centre culturel basque, 19h30  | GRATUIT<\/b><\/li>\n<\/ul>\n\n\t\t<\/div>\n\t<\/div>\n<div class=\"vc_separator wpb_content_element vc_separator_align_center vc_sep_width_100 vc_sep_pos_align_center vc_separator_no_text vc_sep_color_grey wpb_content_element  wpb_content_element\" ><span class=\"vc_sep_holder vc_sep_holder_l\"><span class=\"vc_sep_line\"><\/span><\/span><span class=\"vc_sep_holder vc_sep_holder_r\"><span class=\"vc_sep_line\"><\/span><\/span>\n<\/div><\/div><\/div><\/div><\/div><div class=\"vc_row wpb_row vc_row-fluid gradient-container-2\"><div class=\"gradient-column-2 wpb_column vc_column_container vc_col-sm-3\"><div class=\"vc_column-inner\"><div class=\"wpb_wrapper\">\n\t<div  class=\"wpb_single_image wpb_content_element vc_align_center wpb_content_element\">\n\t\t\n\t\t<figure class=\"wpb_wrapper vc_figure\">\n\t\t\t<div class=\"vc_single_image-wrapper   vc_box_border_grey\"><img decoding=\"async\" width=\"150\" height=\"150\" src=\"https:\/\/www.basqueeducational.org\/wp-content\/uploads\/2019\/10\/Koldo-Almandoz-150x150.jpg\" class=\"vc_single_image-img attachment-thumbnail\" alt=\"\" title=\"Koldo-Almandoz\" srcset=\"https:\/\/www.basqueeducational.org\/wp-content\/uploads\/2019\/10\/Koldo-Almandoz-150x150.jpg 150w, https:\/\/www.basqueeducational.org\/wp-content\/uploads\/2019\/10\/Koldo-Almandoz-100x100.jpg 100w\" sizes=\"(max-width: 150px) 100vw, 150px\" \/><\/div>\n\t\t<\/figure>\n\t<\/div>\n<\/div><\/div><\/div><div class=\"gradient-column-3 wpb_column vc_column_container vc_col-sm-9\"><div class=\"vc_column-inner\"><div class=\"wpb_wrapper\">\n\t<div class=\"wpb_text_column wpb_content_element\" >\n\t\t<div class=\"wpb_wrapper\">\n\t\t\t<h5>A PROPOS DU R\u00c9ALISATEUR - Koldo Almandoz :<\/h5>\n<p>San Sebasti\u00e1n, 1973<\/p>\n<p>Dipl\u00f4m\u00e9 en communication audiovisuelle. Au cours des 25 derni\u00e8res ann\u00e9es, Koldo Almandoz a \u00e9crit et r\u00e9alis\u00e9 diff\u00e9rentes \u0153uvres cin\u00e9matographiques.  Ses films (S\u00eepo Phantasma, Belarra, Ahate Pasa, Le dernier vol d'Hubert Leblon,...) ont \u00e9t\u00e9 s\u00e9lectionn\u00e9s et prim\u00e9s lors d'importants festivals internationaux de cin\u00e9ma (Semaine de la Critique Cannes, Festival du Film de Rotterdam, Festival du Film de San Sebastian, Bafici, Festival dei Popoli, FiCali,...).  Il a \u00e9t\u00e9 directeur du magazine d'art et de culture The Balde (2002-2014). Membre du comit\u00e9 de s\u00e9lection du festival du film Punto de Vista (2015-2017). Auteur et r\u00e9alisateur de fictions radiophoniques. \u00c9diteur de livres. Il coordonne et dirige des projets artistiques. Il enseigne \u00e9galement.<\/p>\n\n\t\t<\/div>\n\t<\/div>\n<\/div><\/div><\/div><\/div>\n<\/div>","protected":false},"excerpt":{"rendered":"SYNOPSIS: Khalil is a rootless young man who lives in the city\u2019s margins, where industrial estates bank onto the river and the marsh. He survives as well as he can, [...]","protected":false},"author":1,"featured_media":8254,"parent":2567,"menu_order":3,"comment_status":"closed","ping_status":"closed","template":"","meta":{"give_campaign_id":0,"_tec_requires_first_save":true,"_exactmetrics_skip_tracking":false,"_exactmetrics_sitenote_active":false,"_exactmetrics_sitenote_note":"","_exactmetrics_sitenote_category":0,"_price":"","_stock":"","_tribe_ticket_header":"","_tribe_default_ticket_provider":"","_tribe_ticket_capacity":"0","_ticket_start_date":"","_ticket_end_date":"","_tribe_ticket_show_description":"","_tribe_ticket_show_not_going":false,"_tribe_ticket_use_global_stock":"","_tribe_ticket_global_stock_level":"","_global_stock_mode":"","_global_stock_cap":"","_tribe_rsvp_for_event":"","_tribe_ticket_going_count":"","_tribe_ticket_not_going_count":"","_tribe_tickets_list":"[]","_tribe_ticket_has_attendee_info_fields":false,"_EventAllDay":false,"_EventTimezone":"","_EventStartDate":"","_EventEndDate":"","_EventStartDateUTC":"","_EventEndDateUTC":"","_EventShowMap":false,"_EventShowMapLink":false,"_EventURL":"","_EventCost":"","_EventCostDescription":"","_EventCurrencySymbol":"","_EventCurrencyCode":"","_EventCurrencyPosition":"","_EventDateTimeSeparator":"","_EventTimeRangeSeparator":"","_EventOrganizerID":[],"_EventVenueID":[],"_OrganizerEmail":"","_OrganizerPhone":"","_OrganizerWebsite":"","_VenueAddress":"","_VenueCity":"","_VenueCountry":"","_VenueProvince":"","_VenueState":"","_VenueZip":"","_VenuePhone":"","_VenueURL":"","_VenueStateProvince":"","_VenueLat":"","_VenueLng":"","_VenueShowMap":false,"_VenueShowMapLink":false,"_tribe_blocks_recurrence_rules":"","_tribe_blocks_recurrence_description":"","_tribe_blocks_recurrence_exclusions":"","jetpack_post_was_ever_published":false,"footnotes":""},"class_list":["post-3186","page","type-page","status-publish","has-post-thumbnail","hentry"],"campaignId":"","jetpack_sharing_enabled":false,"jetpack_shortlink":"https:\/\/wp.me\/PaFejT-Po","_links":{"self":[{"href":"https:\/\/www.basqueeducational.org\/fr\/wp-json\/wp\/v2\/pages\/3186","targetHints":{"allow":["GET"]}}],"collection":[{"href":"https:\/\/www.basqueeducational.org\/fr\/wp-json\/wp\/v2\/pages"}],"about":[{"href":"https:\/\/www.basqueeducational.org\/fr\/wp-json\/wp\/v2\/types\/page"}],"author":[{"embeddable":true,"href":"https:\/\/www.basqueeducational.org\/fr\/wp-json\/wp\/v2\/users\/1"}],"replies":[{"embeddable":true,"href":"https:\/\/www.basqueeducational.org\/fr\/wp-json\/wp\/v2\/comments?post=3186"}],"version-history":[{"count":5,"href":"https:\/\/www.basqueeducational.org\/fr\/wp-json\/wp\/v2\/pages\/3186\/revisions"}],"predecessor-version":[{"id":6262,"href":"https:\/\/www.basqueeducational.org\/fr\/wp-json\/wp\/v2\/pages\/3186\/revisions\/6262"}],"up":[{"embeddable":true,"href":"https:\/\/www.basqueeducational.org\/fr\/wp-json\/wp\/v2\/pages\/2567"}],"wp:featuredmedia":[{"embeddable":true,"href":"https:\/\/www.basqueeducational.org\/fr\/wp-json\/wp\/v2\/media\/8254"}],"wp:attachment":[{"href":"https:\/\/www.basqueeducational.org\/fr\/wp-json\/wp\/v2\/media?parent=3186"}],"curies":[{"name":"wp","href":"https:\/\/api.w.org\/{rel}","templated":true}]}}