{"id":3197,"date":"2022-06-15T05:53:06","date_gmt":"2022-06-15T05:53:06","guid":{"rendered":"https:\/\/www.basqueeducational.org\/?page_id=3197"},"modified":"2023-01-24T03:57:28","modified_gmt":"2023-01-24T03:57:28","slug":"soinujolearen-semea","status":"publish","type":"page","link":"https:\/\/www.basqueeducational.org\/fr\/movies-in-our-collection\/soinujolearen-semea\/","title":{"rendered":"Soinujolearen Semea \/ Le fils de l'accord\u00e9oniste"},"content":{"rendered":"<div class=\"wpb-content-wrapper\"><div class=\"vc_row wpb_row vc_row-fluid gradient-container-1\"><div class=\"gradient-column-1 wpb_column vc_column_container vc_col-sm-12\"><div class=\"vc_column-inner\"><div class=\"wpb_wrapper\">\n\t<div class=\"wpb_text_column wpb_content_element\" >\n\t\t<div class=\"wpb_wrapper\">\n\t\t\t<p><!--more--><\/p>\n\n\t\t<\/div>\n\t<\/div>\n\n\t<div class=\"wpb_video_widget wpb_content_element vc_clearfix   vc_video-aspect-ratio-169 vc_video-el-width-100 vc_video-align-center\" >\n\t\t<div class=\"wpb_wrapper\">\n\t\t\t\n\t\t\t<div class=\"wpb_video_wrapper\"><div class=\"jetpack-video-wrapper\"><iframe title=\"LE FILS DE L&#039;ACCORDIONISTE bande-annonce\" src=\"https:\/\/player.vimeo.com\/video\/320203070?dnt=1&amp;app_id=122963\" width=\"500\" height=\"281\" frameborder=\"0\" allow=\"autoplay; fullscreen; picture-in-picture\"><\/iframe><\/div><\/div>\n\t\t<\/div>\n\t<\/div>\n\n\t<div class=\"wpb_text_column wpb_content_element\" >\n\t\t<div class=\"wpb_wrapper\">\n\t\t\t<h5>SYNOPSIS :<\/h5>\n<p>David Imaz a d\u00fb fuir le Pays Basque au milieu des ann\u00e9es 70, r\u00e9pudi\u00e9 par son peuple, accus\u00e9 de trahison. Bien qu'il ait trouv\u00e9 le bonheur en Californie, son pass\u00e9 lui p\u00e8se encore et le sentiment de culpabilit\u00e9 l'emp\u00eache de vivre paisiblement les derniers jours de sa vie. Joseba Altuna, son ami d'enfance, vient lui dire au revoir et r\u00e9gler ses comptes au passage. Cela fait longtemps qu'ils ne se sont pas vus, mais le moment est venu de faire face \u00e0 la v\u00e9rit\u00e9. D'apr\u00e8s le roman du m\u00eame nom de Bernardo Atxaga.<\/p>\n<p>Plus d'informations : <a href=\"https:\/\/www.sansebastianfestival.com\/2019\/sections_and_films\/zinemira\/7\/670269\/in\">https:\/\/www.sansebastianfestival.com\/2019\/sections_and_films\/zinemira\/7\/670269\/in<\/a><\/p>\n<p><em>2019, r\u00e9alis\u00e9 par Fernando Bernu\u00e9s, couleur, en euskara et castillan sous-titr\u00e9 en anglais, 95 minutes<\/em><\/p>\n\n\t\t<\/div>\n\t<\/div>\n<div class=\"vc_separator wpb_content_element vc_separator_align_center vc_sep_width_100 vc_sep_pos_align_center vc_separator_no_text vc_sep_color_grey wpb_content_element  wpb_content_element\" ><span class=\"vc_sep_holder vc_sep_holder_l\"><span class=\"vc_sep_line\"><\/span><\/span><span class=\"vc_sep_holder vc_sep_holder_r\"><span class=\"vc_sep_line\"><\/span><\/span>\n<\/div><\/div><\/div><\/div><\/div><div class=\"vc_row wpb_row vc_row-fluid gradient-container-2\"><div class=\"gradient-column-2 wpb_column vc_column_container vc_col-sm-3\"><div class=\"vc_column-inner\"><div class=\"wpb_wrapper\">\n\t<div  class=\"wpb_single_image wpb_content_element vc_align_center wpb_content_element\">\n\t\t\n\t\t<figure class=\"wpb_wrapper vc_figure\">\n\t\t\t<div class=\"vc_single_image-wrapper   vc_box_border_grey\"><img decoding=\"async\" width=\"150\" height=\"150\" src=\"https:\/\/www.basqueeducational.org\/wp-content\/uploads\/2019\/10\/Fernando-Bernu\u00e9s-150x150.jpg\" class=\"vc_single_image-img attachment-thumbnail\" alt=\"\" title=\"Fernando-Bernu\u00e9s\" srcset=\"https:\/\/www.basqueeducational.org\/wp-content\/uploads\/2019\/10\/Fernando-Bernu\u00e9s-150x150.jpg 150w, https:\/\/www.basqueeducational.org\/wp-content\/uploads\/2019\/10\/Fernando-Bernu\u00e9s-100x100.jpg 100w\" sizes=\"(max-width: 150px) 100vw, 150px\" \/><\/div>\n\t\t<\/figure>\n\t<\/div>\n<\/div><\/div><\/div><div class=\"gradient-column-3 wpb_column vc_column_container vc_col-sm-9\"><div class=\"vc_column-inner\"><div class=\"wpb_wrapper\">\n\t<div class=\"wpb_text_column wpb_content_element\" >\n\t\t<div class=\"wpb_wrapper\">\n\t\t\t<h5>A propos du directeur - Fernando Bernues<\/h5>\n<p>Fernando Bernu\u00e9s (Saint-S\u00e9bastien, 1961) est membre fondateur de Tanttaka Teatroa et de Tentazioa Produkzioak et a d\u00e9velopp\u00e9 une carri\u00e8re reconnue au th\u00e9\u00e2tre, au cin\u00e9ma et \u00e0 la t\u00e9l\u00e9vision. Parmi les \u0153uvres qu'il a dirig\u00e9es pour le th\u00e9\u00e2tre, citons El florido pensil, Novecento : El pian\u00edsta del Oc\u00e9ano et Sue\u00f1os de una noche de verano (Songe d'une nuit d'\u00e9t\u00e9). Au cin\u00e9ma, il a cor\u00e9alis\u00e9 avec Mireia Gabilondo les longs m\u00e9trages Kutsidazu bidea, Ixabel (Montre-moi le chemin, Ixabel, 2005), pr\u00e9sent\u00e9 dans la section Nouveaux r\u00e9alisateurs de Saint-S\u00e9bastien, et Mugaldekoak (2009), projet\u00e9 \u00e0 Zinemira. Soinujolearen semea (Le fils de l'accord\u00e9oniste) a fait partie de la s\u00e9lection officielle du festival de Huelva.<\/p>\n\n\t\t<\/div>\n\t<\/div>\n<\/div><\/div><\/div><\/div>\n<\/div>","protected":false},"excerpt":{"rendered":"SYNOPSIS: David Imaz had to flee from the Basque Country in the mid-seventies, repudiated by his people, accused of betrayal. Despite having found happiness in California, his past still weighs [...]","protected":false},"author":1,"featured_media":4698,"parent":2567,"menu_order":1,"comment_status":"closed","ping_status":"closed","template":"","meta":{"give_campaign_id":0,"_tec_requires_first_save":true,"_exactmetrics_skip_tracking":false,"_exactmetrics_sitenote_active":false,"_exactmetrics_sitenote_note":"","_exactmetrics_sitenote_category":0,"_price":"","_stock":"","_tribe_ticket_header":"","_tribe_default_ticket_provider":"","_tribe_ticket_capacity":"0","_ticket_start_date":"","_ticket_end_date":"","_tribe_ticket_show_description":"","_tribe_ticket_show_not_going":false,"_tribe_ticket_use_global_stock":"","_tribe_ticket_global_stock_level":"","_global_stock_mode":"","_global_stock_cap":"","_tribe_rsvp_for_event":"","_tribe_ticket_going_count":"","_tribe_ticket_not_going_count":"","_tribe_tickets_list":"[]","_tribe_ticket_has_attendee_info_fields":false,"_EventAllDay":false,"_EventTimezone":"","_EventStartDate":"","_EventEndDate":"","_EventStartDateUTC":"","_EventEndDateUTC":"","_EventShowMap":false,"_EventShowMapLink":false,"_EventURL":"","_EventCost":"","_EventCostDescription":"","_EventCurrencySymbol":"","_EventCurrencyCode":"","_EventCurrencyPosition":"","_EventDateTimeSeparator":"","_EventTimeRangeSeparator":"","_EventOrganizerID":[],"_EventVenueID":[],"_OrganizerEmail":"","_OrganizerPhone":"","_OrganizerWebsite":"","_VenueAddress":"","_VenueCity":"","_VenueCountry":"","_VenueProvince":"","_VenueState":"","_VenueZip":"","_VenuePhone":"","_VenueURL":"","_VenueStateProvince":"","_VenueLat":"","_VenueLng":"","_VenueShowMap":false,"_VenueShowMapLink":false,"_tribe_blocks_recurrence_rules":"","_tribe_blocks_recurrence_description":"","_tribe_blocks_recurrence_exclusions":"","jetpack_post_was_ever_published":false,"footnotes":""},"class_list":["post-3197","page","type-page","status-publish","has-post-thumbnail","hentry"],"campaignId":"","jetpack_sharing_enabled":false,"jetpack_shortlink":"https:\/\/wp.me\/PaFejT-Pz","_links":{"self":[{"href":"https:\/\/www.basqueeducational.org\/fr\/wp-json\/wp\/v2\/pages\/3197","targetHints":{"allow":["GET"]}}],"collection":[{"href":"https:\/\/www.basqueeducational.org\/fr\/wp-json\/wp\/v2\/pages"}],"about":[{"href":"https:\/\/www.basqueeducational.org\/fr\/wp-json\/wp\/v2\/types\/page"}],"author":[{"embeddable":true,"href":"https:\/\/www.basqueeducational.org\/fr\/wp-json\/wp\/v2\/users\/1"}],"replies":[{"embeddable":true,"href":"https:\/\/www.basqueeducational.org\/fr\/wp-json\/wp\/v2\/comments?post=3197"}],"version-history":[{"count":5,"href":"https:\/\/www.basqueeducational.org\/fr\/wp-json\/wp\/v2\/pages\/3197\/revisions"}],"predecessor-version":[{"id":5019,"href":"https:\/\/www.basqueeducational.org\/fr\/wp-json\/wp\/v2\/pages\/3197\/revisions\/5019"}],"up":[{"embeddable":true,"href":"https:\/\/www.basqueeducational.org\/fr\/wp-json\/wp\/v2\/pages\/2567"}],"wp:featuredmedia":[{"embeddable":true,"href":"https:\/\/www.basqueeducational.org\/fr\/wp-json\/wp\/v2\/media\/4698"}],"wp:attachment":[{"href":"https:\/\/www.basqueeducational.org\/fr\/wp-json\/wp\/v2\/media?parent=3197"}],"curies":[{"name":"wp","href":"https:\/\/api.w.org\/{rel}","templated":true}]}}