{"id":3200,"date":"2019-10-22T05:58:01","date_gmt":"2019-10-22T05:58:01","guid":{"rendered":"https:\/\/www.basqueeducational.org\/?page_id=3200"},"modified":"2025-05-01T05:34:26","modified_gmt":"2025-05-01T05:34:26","slug":"errementari","status":"publish","type":"page","link":"https:\/\/www.basqueeducational.org\/fr\/movies-in-our-collection\/errementari\/","title":{"rendered":"Errementari \/ Le diable et le forgeron"},"content":{"rendered":"<div class=\"wpb-content-wrapper\"><div class=\"vc_row wpb_row vc_row-fluid gradient-container-1\"><div class=\"gradient-column-1 wpb_column vc_column_container vc_col-sm-12\"><div class=\"vc_column-inner\"><div class=\"wpb_wrapper\">\n\t<div class=\"wpb_text_column wpb_content_element\" >\n\t\t<div class=\"wpb_wrapper\">\n\t\t\t<p><!--more--><\/p>\n\n\t\t<\/div>\n\t<\/div>\n\n\t<div class=\"wpb_video_widget wpb_content_element vc_clearfix   vc_video-aspect-ratio-169 vc_video-el-width-100 vc_video-align-center\" >\n\t\t<div class=\"wpb_wrapper\">\n\t\t\t\n\t\t\t<div class=\"wpb_video_wrapper\"><div class=\"jetpack-video-wrapper\"><iframe title=\"ERREMENTARI - LE BLACKSMITH ET LE DIABLE - Bande-annonce\" src=\"https:\/\/player.vimeo.com\/video\/240071815?dnt=1&amp;app_id=122963\" width=\"500\" height=\"281\" frameborder=\"0\" allow=\"autoplay; fullscreen; picture-in-picture\"><\/iframe><\/div><\/div>\n\t\t<\/div>\n\t<\/div>\n\n\t<div class=\"wpb_text_column wpb_content_element\" >\n\t\t<div class=\"wpb_wrapper\">\n\t\t\t<h5><span style=\"color: #800000;\">NOTE IMPORTANTE :<\/span><\/h5>\n<p>Il s'agit de notre premier film projet\u00e9 depuis que l'ascenseur pour rester sur place a \u00e9t\u00e9 lev\u00e9 en raison de COVID-19. Le nombre de places \u00e9tant tr\u00e8s limit\u00e9, il est conseill\u00e9 de r\u00e9server. <strong>obligatoire<\/strong>. Veuillez soit <a href=\"https:\/\/www.basqueeducational.org\/event\/basque-film-series-errementari\/\">FAIRE DES R\u00c9SERVATIONS EN LIGNE<\/a> ou appelez le 415 \/ 235-4651 pour r\u00e9server par t\u00e9l\u00e9phone. <strong>*T\u00e2ches \u00e0 accomplir.<\/strong> Merci de votre compr\u00e9hension.<\/p>\n<h5>SYNOPSIS :<\/h5>\n<p>Huit ann\u00e9es se sont \u00e9coul\u00e9es depuis la premi\u00e8re guerre carliste de 1833. Dans un petit village d'\u00c1lava, Alfredo, commissaire du gouvernement, enqu\u00eate sur un \u00e9v\u00e9nement qui le conduira jusqu'\u00e0 une sinistre forge situ\u00e9e au c\u0153ur de la for\u00eat, o\u00f9 vit un forgeron dangereux et solitaire appel\u00e9 Patxi. Les habitants racontent de sombres histoires de vols, de meurtres et de pactes avec le diable. Jusqu'au jour o\u00f9, par hasard, une petite orpheline nomm\u00e9e Usue se faufile dans la myst\u00e9rieuse forge, d\u00e9couvrant la terrible v\u00e9rit\u00e9 cach\u00e9e derri\u00e8re Patxi le forgeron.<\/p>\n<p>Plus d'informations : <a href=\"http:\/\/www.paulurkijoalijo.com\/en\/errementari-the-blacksmith-and-the-devil\/\">http:\/\/www.paulurkijoalijo.com\/en\/errementari-the-blacksmith-and-the-devil\/<\/a><\/p>\n<p><em>2018, r\u00e9alis\u00e9 par Paul Urkijo Alijo, couleur, en euskara sous-titr\u00e9 en anglais, 99 minutes<\/em><\/p>\n<ul>\n<li><b>Projection au Centre culturel basque, 19h30  | GRATUIT<\/b><\/li>\n<\/ul>\n\n\t\t<\/div>\n\t<\/div>\n<div class=\"vc_separator wpb_content_element vc_separator_align_center vc_sep_width_100 vc_sep_pos_align_center vc_separator_no_text vc_sep_color_grey wpb_content_element  wpb_content_element\" ><span class=\"vc_sep_holder vc_sep_holder_l\"><span class=\"vc_sep_line\"><\/span><\/span><span class=\"vc_sep_holder vc_sep_holder_r\"><span class=\"vc_sep_line\"><\/span><\/span>\n<\/div><\/div><\/div><\/div><\/div><div class=\"vc_row wpb_row vc_row-fluid gradient-container-2\"><div class=\"gradient-column-2 wpb_column vc_column_container vc_col-sm-3\"><div class=\"vc_column-inner\"><div class=\"wpb_wrapper\">\n\t<div  class=\"wpb_single_image wpb_content_element vc_align_center wpb_content_element\">\n\t\t\n\t\t<figure class=\"wpb_wrapper vc_figure\">\n\t\t\t<div class=\"vc_single_image-wrapper   vc_box_border_grey\"><img decoding=\"async\" width=\"150\" height=\"150\" src=\"https:\/\/www.basqueeducational.org\/wp-content\/uploads\/2019\/10\/Paul-Urkijo-Alijo-150x150.jpg\" class=\"vc_single_image-img attachment-thumbnail\" alt=\"\" title=\"Paul-Urkijo-Alijo\" srcset=\"https:\/\/www.basqueeducational.org\/wp-content\/uploads\/2019\/10\/Paul-Urkijo-Alijo-150x150.jpg 150w, https:\/\/www.basqueeducational.org\/wp-content\/uploads\/2019\/10\/Paul-Urkijo-Alijo-100x100.jpg 100w\" sizes=\"(max-width: 150px) 100vw, 150px\" \/><\/div>\n\t\t<\/figure>\n\t<\/div>\n<\/div><\/div><\/div><div class=\"gradient-column-3 wpb_column vc_column_container vc_col-sm-9\"><div class=\"vc_column-inner\"><div class=\"wpb_wrapper\">\n\t<div class=\"wpb_text_column wpb_content_element\" >\n\t\t<div class=\"wpb_wrapper\">\n\t\t\t<h5>A propos du directeur - Paul Urkijo Alijo<\/h5>\n<p>Depuis son plus jeune \u00e2ge, Paul Urkijo Alijo nourrit un grand amour pour le cin\u00e9ma, l'illustration, la litt\u00e9rature et la bande dessin\u00e9e. En 2008, il est dipl\u00f4m\u00e9 des Beaux-Arts et r\u00e9alise des audiovisuels, des illustrations et des infographies. C'est ainsi qu'il a commenc\u00e9 \u00e0 \u00e9crire et \u00e0 r\u00e9aliser ses propres courts m\u00e9trages de fiction et d'animation, qui ont re\u00e7u 85 prix dans son pays et \u00e0 l'\u00e9tranger. L'un d'entre eux, Los monstruos no existen, a \u00e9t\u00e9 pr\u00e9sent\u00e9 au festival de Saint-S\u00e9bastien en 2012. Errementari, bas\u00e9 sur la fable basque populaire Patxi Errementaria, est son premier long m\u00e9trage.<\/p>\n\n\t\t<\/div>\n\t<\/div>\n<\/div><\/div><\/div><\/div>\n<\/div>","protected":false},"excerpt":{"rendered":"IMPORTANT NOTE: This is our first film to be shown since the lift to Stay-In-Place has been lifted due to COVID-19. Seating is very limited, so reservations are mandatory. Please [...]","protected":false},"author":1,"featured_media":8251,"parent":2567,"menu_order":6,"comment_status":"closed","ping_status":"closed","template":"","meta":{"give_campaign_id":0,"_tec_requires_first_save":true,"_exactmetrics_skip_tracking":false,"_exactmetrics_sitenote_active":false,"_exactmetrics_sitenote_note":"","_exactmetrics_sitenote_category":0,"_price":"","_stock":"","_tribe_ticket_header":"","_tribe_default_ticket_provider":"","_tribe_ticket_capacity":"0","_ticket_start_date":"","_ticket_end_date":"","_tribe_ticket_show_description":"","_tribe_ticket_show_not_going":false,"_tribe_ticket_use_global_stock":"","_tribe_ticket_global_stock_level":"","_global_stock_mode":"","_global_stock_cap":"","_tribe_rsvp_for_event":"","_tribe_ticket_going_count":"","_tribe_ticket_not_going_count":"","_tribe_tickets_list":"[]","_tribe_ticket_has_attendee_info_fields":false,"_EventAllDay":false,"_EventTimezone":"","_EventStartDate":"","_EventEndDate":"","_EventStartDateUTC":"","_EventEndDateUTC":"","_EventShowMap":false,"_EventShowMapLink":false,"_EventURL":"","_EventCost":"","_EventCostDescription":"","_EventCurrencySymbol":"","_EventCurrencyCode":"","_EventCurrencyPosition":"","_EventDateTimeSeparator":"","_EventTimeRangeSeparator":"","_EventOrganizerID":[],"_EventVenueID":[],"_OrganizerEmail":"","_OrganizerPhone":"","_OrganizerWebsite":"","_VenueAddress":"","_VenueCity":"","_VenueCountry":"","_VenueProvince":"","_VenueState":"","_VenueZip":"","_VenuePhone":"","_VenueURL":"","_VenueStateProvince":"","_VenueLat":"","_VenueLng":"","_VenueShowMap":false,"_VenueShowMapLink":false,"_tribe_blocks_recurrence_rules":"","_tribe_blocks_recurrence_description":"","_tribe_blocks_recurrence_exclusions":"","jetpack_post_was_ever_published":false,"footnotes":""},"class_list":["post-3200","page","type-page","status-publish","has-post-thumbnail","hentry"],"campaignId":"","jetpack_sharing_enabled":false,"jetpack_shortlink":"https:\/\/wp.me\/PaFejT-PC","_links":{"self":[{"href":"https:\/\/www.basqueeducational.org\/fr\/wp-json\/wp\/v2\/pages\/3200","targetHints":{"allow":["GET"]}}],"collection":[{"href":"https:\/\/www.basqueeducational.org\/fr\/wp-json\/wp\/v2\/pages"}],"about":[{"href":"https:\/\/www.basqueeducational.org\/fr\/wp-json\/wp\/v2\/types\/page"}],"author":[{"embeddable":true,"href":"https:\/\/www.basqueeducational.org\/fr\/wp-json\/wp\/v2\/users\/1"}],"replies":[{"embeddable":true,"href":"https:\/\/www.basqueeducational.org\/fr\/wp-json\/wp\/v2\/comments?post=3200"}],"version-history":[{"count":6,"href":"https:\/\/www.basqueeducational.org\/fr\/wp-json\/wp\/v2\/pages\/3200\/revisions"}],"predecessor-version":[{"id":6260,"href":"https:\/\/www.basqueeducational.org\/fr\/wp-json\/wp\/v2\/pages\/3200\/revisions\/6260"}],"up":[{"embeddable":true,"href":"https:\/\/www.basqueeducational.org\/fr\/wp-json\/wp\/v2\/pages\/2567"}],"wp:featuredmedia":[{"embeddable":true,"href":"https:\/\/www.basqueeducational.org\/fr\/wp-json\/wp\/v2\/media\/8251"}],"wp:attachment":[{"href":"https:\/\/www.basqueeducational.org\/fr\/wp-json\/wp\/v2\/media?parent=3200"}],"curies":[{"name":"wp","href":"https:\/\/api.w.org\/{rel}","templated":true}]}}