{"id":3281,"date":"2020-01-02T23:23:06","date_gmt":"2020-01-02T23:23:06","guid":{"rendered":"https:\/\/www.basqueeducational.org\/?page_id=3281"},"modified":"2021-07-19T15:37:09","modified_gmt":"2021-07-19T15:37:09","slug":"black-is-beltza","status":"publish","type":"page","link":"https:\/\/www.basqueeducational.org\/fr\/movies-in-our-collection\/black-is-beltza\/","title":{"rendered":"Le noir, c'est Beltza"},"content":{"rendered":"<div class=\"wpb-content-wrapper\"><div class=\"vc_row wpb_row vc_row-fluid gradient-container-1\"><div class=\"gradient-column-1 wpb_column vc_column_container vc_col-sm-12\"><div class=\"vc_column-inner\"><div class=\"wpb_wrapper\">\n\t<div class=\"wpb_text_column wpb_content_element\" >\n\t\t<div class=\"wpb_wrapper\">\n\t\t\t<p><!--more--><\/p>\n\n\t\t<\/div>\n\t<\/div>\n\n\t<div class=\"wpb_video_widget wpb_content_element vc_clearfix   vc_video-aspect-ratio-169 vc_video-el-width-100 vc_video-align-center\" >\n\t\t<div class=\"wpb_wrapper\">\n\t\t\t\n\t\t\t<div class=\"wpb_video_wrapper\"><div class=\"jetpack-video-wrapper\"><span class=\"embed-youtube\" style=\"text-align:center; display: block;\"><iframe class=\"youtube-player\" width=\"700\" height=\"394\" src=\"https:\/\/www.youtube.com\/embed\/AgqG2MQ3MCE?version=3&#038;rel=1&#038;showsearch=0&#038;showinfo=1&#038;iv_load_policy=1&#038;fs=1&#038;hl=fr-FR&#038;autohide=2&#038;wmode=transparent\" allowfullscreen=\"true\" style=\"border:0;\" sandbox=\"allow-scripts allow-same-origin allow-popups allow-presentation allow-popups-to-escape-sandbox\"><\/iframe><\/span><\/div><\/div>\n\t\t<\/div>\n\t<\/div>\n\n\t<div class=\"wpb_text_column wpb_content_element\" >\n\t\t<div class=\"wpb_wrapper\">\n\t\t\t<h5>SYNOPSIS :<\/h5>\n<p>Octobre 1965. Les g\u00e9ants de San Ferm\u00edn sont invit\u00e9s \u00e0 d\u00e9filer sur la Cinqui\u00e8me Avenue de New York, mais tous ne peuvent pas participer : pour des raisons raciales, les dirigeants nord-am\u00e9ricains ont interdit aux g\u00e9ants noirs de prendre part \u00e0 l'\u00e9v\u00e9nement. S'inspirant de faits r\u00e9els, Muguruza, Cano et Alderete racontent l'histoire de Manex Unanue, un personnage fictif charg\u00e9 de porter l'un de ces g\u00e9ants noirs. Regrettant que ses compagnons aient accept\u00e9 la d\u00e9cision qui leur \u00e9tait impos\u00e9e, Manex d\u00e9cide de ne pas rentrer chez lui. \u00c0 travers les yeux du jeune gar\u00e7on, nous d\u00e9couvrons les \u00e9v\u00e9nements qui ont r\u00e9volutionn\u00e9 la soci\u00e9t\u00e9 du milieu des ann\u00e9es 60 : les manifestations apr\u00e8s la mort de Malcolm X, l'atmosph\u00e8re bizarre de l'atelier de Warhol, les relations tiss\u00e9es entre les Black Panthers et les services secrets cubains et les d\u00e9buts du mouvement hippie, envelopp\u00e9s dans l'atmosph\u00e8re psych\u00e9d\u00e9lique des premiers macro-festivals de musique.<\/p>\n<p>Pour plus d'informations : <a href=\"http:\/\/www.blackisbeltza.eus\/\" target=\"_blank\" rel=\"noopener noreferrer\">http:\/\/www.blackisbeltza.eus\/<\/a><\/p>\n<p>2018 Projet\u00e9 au Festival international du film de Saint-S\u00e9bastien : <a href=\"https:\/\/www.sansebastianfestival.com\/2018\/sections_and_films\/zinemira\/7\/660554\/in\">https:\/\/www.sansebastianfestival.com\/2018\/sections_and_films\/zinemira\/7\/660554\/in<\/a><\/p>\n<p><em>2018, R\u00e9alis\u00e9 par Fermin Muguruza, couleur, en basque, espagnol, anglais, fran\u00e7ais et arabe avec sous-titres en anglais, 80 minutes.<\/em><\/p>\n<p>Actuellement disponible sur <strong><a href=\"https:\/\/www.netflix.com\/title\/81078367\" target=\"_blank\" rel=\"noopener\">Netflix<\/a><\/strong>.<\/p>\n\n\t\t<\/div>\n\t<\/div>\n<div class=\"vc_separator wpb_content_element vc_separator_align_center vc_sep_width_100 vc_sep_pos_align_center vc_separator_no_text vc_sep_color_grey wpb_content_element  wpb_content_element\" ><span class=\"vc_sep_holder vc_sep_holder_l\"><span class=\"vc_sep_line\"><\/span><\/span><span class=\"vc_sep_holder vc_sep_holder_r\"><span class=\"vc_sep_line\"><\/span><\/span>\n<\/div><\/div><\/div><\/div><\/div><div class=\"vc_row wpb_row vc_row-fluid gradient-container-2\"><div class=\"gradient-column-2 wpb_column vc_column_container vc_col-sm-3\"><div class=\"vc_column-inner\"><div class=\"wpb_wrapper\">\n\t<div  class=\"wpb_single_image wpb_content_element vc_align_center wpb_content_element\">\n\t\t\n\t\t<figure class=\"wpb_wrapper vc_figure\">\n\t\t\t<div class=\"vc_single_image-wrapper   vc_box_border_grey\"><img decoding=\"async\" width=\"150\" height=\"150\" src=\"https:\/\/www.basqueeducational.org\/wp-content\/uploads\/2020\/01\/Fermin-Muguruza-01-150x150.jpg\" class=\"vc_single_image-img attachment-thumbnail\" alt=\"\" title=\"Fermin-Muguruza-01\" srcset=\"https:\/\/www.basqueeducational.org\/wp-content\/uploads\/2020\/01\/Fermin-Muguruza-01-150x150.jpg 150w, https:\/\/www.basqueeducational.org\/wp-content\/uploads\/2020\/01\/Fermin-Muguruza-01-100x100.jpg 100w\" sizes=\"(max-width: 150px) 100vw, 150px\" \/><\/div>\n\t\t<\/figure>\n\t<\/div>\n<\/div><\/div><\/div><div class=\"gradient-column-3 wpb_column vc_column_container vc_col-sm-9\"><div class=\"vc_column-inner\"><div class=\"wpb_wrapper\">\n\t<div class=\"wpb_text_column wpb_content_element\" >\n\t\t<div class=\"wpb_wrapper\">\n\t\t\t<h5>A propos du directeur - Fermin Muguruza<\/h5>\n<p>Fondateur des groupes Kortatu, Negu Gorriak et Kontrabanda, Fermin Muguruza a r\u00e9alis\u00e9 le documentaire Checkpoint Rock : Canciones desde Palestina (2009), film de cl\u00f4ture du Festival du film des droits de l'homme de Saint-S\u00e9bastien, qui a \u00e9t\u00e9 pr\u00e9sent\u00e9 au Festival international du film de Saint-S\u00e9bastien (FIFS) Zinemira la m\u00eame ann\u00e9e. Next Music Station, une s\u00e9rie sur la musique d'aujourd'hui dans plusieurs pays arabes, a \u00e9t\u00e9 pr\u00e9sent\u00e9e au SSIFF Zinemira en 2011. En 2012, il a pr\u00e9sent\u00e9 Zuloak au SSIFF Zabaltegi. En 2013, il cor\u00e9alise avec Daniel G\u00f3mez No More Tour, un documentaire sur leur derni\u00e8re tourn\u00e9e, et en 2016, il pr\u00e9sente Nola ? au SSIFF Zinemira, un documentaire sur la Nouvelle-Orl\u00e9ans dix ans apr\u00e8s l'ouragan Katrina. Il participe au film collectif Gure Oroitzapenak, qui sera \u00e9galement pr\u00e9sent\u00e9 en avant-premi\u00e8re au SSIFF Zinemira de l'ann\u00e9e derni\u00e8re.<\/p>\n\n\t\t<\/div>\n\t<\/div>\n<\/div><\/div><\/div><\/div>\n<\/div>","protected":false},"excerpt":{"rendered":"SYNOPSIS: October 1965. The giant figures of San Ferm\u00edn are invited to parade on New York\u2019s Fifth Avenue, but not all of them can participate: for racial reasons, North American [...]","protected":false},"author":1,"featured_media":3651,"parent":2567,"menu_order":1,"comment_status":"closed","ping_status":"closed","template":"","meta":{"give_campaign_id":0,"_tec_requires_first_save":true,"_exactmetrics_skip_tracking":false,"_exactmetrics_sitenote_active":false,"_exactmetrics_sitenote_note":"","_exactmetrics_sitenote_category":0,"_price":"","_stock":"","_tribe_ticket_header":"","_tribe_default_ticket_provider":"","_tribe_ticket_capacity":"0","_ticket_start_date":"","_ticket_end_date":"","_tribe_ticket_show_description":"","_tribe_ticket_show_not_going":false,"_tribe_ticket_use_global_stock":"","_tribe_ticket_global_stock_level":"","_global_stock_mode":"","_global_stock_cap":"","_tribe_rsvp_for_event":"","_tribe_ticket_going_count":"","_tribe_ticket_not_going_count":"","_tribe_tickets_list":"[]","_tribe_ticket_has_attendee_info_fields":false,"_EventAllDay":false,"_EventTimezone":"","_EventStartDate":"","_EventEndDate":"","_EventStartDateUTC":"","_EventEndDateUTC":"","_EventShowMap":false,"_EventShowMapLink":false,"_EventURL":"","_EventCost":"","_EventCostDescription":"","_EventCurrencySymbol":"","_EventCurrencyCode":"","_EventCurrencyPosition":"","_EventDateTimeSeparator":"","_EventTimeRangeSeparator":"","_EventOrganizerID":[],"_EventVenueID":[],"_OrganizerEmail":"","_OrganizerPhone":"","_OrganizerWebsite":"","_VenueAddress":"","_VenueCity":"","_VenueCountry":"","_VenueProvince":"","_VenueState":"","_VenueZip":"","_VenuePhone":"","_VenueURL":"","_VenueStateProvince":"","_VenueLat":"","_VenueLng":"","_VenueShowMap":false,"_VenueShowMapLink":false,"_tribe_blocks_recurrence_rules":"","_tribe_blocks_recurrence_description":"","_tribe_blocks_recurrence_exclusions":"","jetpack_post_was_ever_published":false,"footnotes":""},"class_list":["post-3281","page","type-page","status-publish","has-post-thumbnail","hentry"],"campaignId":"","jetpack_sharing_enabled":false,"jetpack_shortlink":"https:\/\/wp.me\/PaFejT-QV","_links":{"self":[{"href":"https:\/\/www.basqueeducational.org\/fr\/wp-json\/wp\/v2\/pages\/3281","targetHints":{"allow":["GET"]}}],"collection":[{"href":"https:\/\/www.basqueeducational.org\/fr\/wp-json\/wp\/v2\/pages"}],"about":[{"href":"https:\/\/www.basqueeducational.org\/fr\/wp-json\/wp\/v2\/types\/page"}],"author":[{"embeddable":true,"href":"https:\/\/www.basqueeducational.org\/fr\/wp-json\/wp\/v2\/users\/1"}],"replies":[{"embeddable":true,"href":"https:\/\/www.basqueeducational.org\/fr\/wp-json\/wp\/v2\/comments?post=3281"}],"version-history":[{"count":4,"href":"https:\/\/www.basqueeducational.org\/fr\/wp-json\/wp\/v2\/pages\/3281\/revisions"}],"predecessor-version":[{"id":3654,"href":"https:\/\/www.basqueeducational.org\/fr\/wp-json\/wp\/v2\/pages\/3281\/revisions\/3654"}],"up":[{"embeddable":true,"href":"https:\/\/www.basqueeducational.org\/fr\/wp-json\/wp\/v2\/pages\/2567"}],"wp:featuredmedia":[{"embeddable":true,"href":"https:\/\/www.basqueeducational.org\/fr\/wp-json\/wp\/v2\/media\/3651"}],"wp:attachment":[{"href":"https:\/\/www.basqueeducational.org\/fr\/wp-json\/wp\/v2\/media?parent=3281"}],"curies":[{"name":"wp","href":"https:\/\/api.w.org\/{rel}","templated":true}]}}