{"id":3312,"date":"2020-02-07T23:05:35","date_gmt":"2020-02-07T23:05:35","guid":{"rendered":"https:\/\/www.basqueeducational.org\/?page_id=3312"},"modified":"2025-05-01T05:46:11","modified_gmt":"2025-05-01T05:46:11","slug":"the-seven-in-one-way","status":"publish","type":"page","link":"https:\/\/www.basqueeducational.org\/fr\/movies-in-our-collection\/the-seven-in-one-way\/","title":{"rendered":"Les sept \u00e0 sens unique"},"content":{"rendered":"<div class=\"wpb-content-wrapper\"><div class=\"vc_row wpb_row vc_row-fluid gradient-container-1\"><div class=\"gradient-column-1 wpb_column vc_column_container vc_col-sm-12\"><div class=\"vc_column-inner\"><div class=\"wpb_wrapper\">\n\t<div class=\"wpb_text_column wpb_content_element\" >\n\t\t<div class=\"wpb_wrapper\">\n\t\t\t<p><!--more--><\/p>\n\n\t\t<\/div>\n\t<\/div>\n\n\t<div class=\"wpb_text_column wpb_content_element\" >\n\t\t<div class=\"wpb_wrapper\">\n\t\t\t<h5>SYNOPSIS :<\/h5>\n<p>Dans Seven in One Way, Denise Orpustan-Love, une Am\u00e9ricaine basque de premi\u00e8re g\u00e9n\u00e9ration, et sa famille retournent dans le petit village rural d'Oss\u00e8s, au Pays basque, \u00e0 l'\u00e9t\u00e9 2017, pour rendre visite \u00e0 sa famille et poursuivre le r\u00eave de sa vie : restaurer le moulin du XVIIIe si\u00e8cle de son d\u00e9funt p\u00e8re. Bas\u00e9 sur son livre, The Mill House Speaks :  Seven Pathways to the Ancestral Basque Homeland, Denise raconte ses enseignements sur les sept chemins - sagesses \u00e9ternelles et anciennes traditions de la vie et du mysticisme basques. Comme l'\u00e9crit son regrett\u00e9 mentor Angeles Arrien dans l'avant-propos, les sept voies \"bien qu'enracin\u00e9es dans la mystique basque, refl\u00e8tent la mystique universelle de tous les peuples\".  Ces voies d\u00e9codent les exp\u00e9riences mystiques communes des cultures anciennes en une carte compr\u00e9hensible, concr\u00e8te et pratique pour naviguer dans les complexit\u00e9s du monde moderne d'aujourd'hui\".<\/p>\n<p><em>2020, r\u00e9alis\u00e9 par Matt Prine, 31 minutes, couleur, en anglais<\/em><\/p>\n<ul>\n<li><b>Projection au Centre culturel basque, 15h30  | GRATUIT<\/b><\/li>\n<\/ul>\n\n\t\t<\/div>\n\t<\/div>\n<div class=\"vc_separator wpb_content_element vc_separator_align_center vc_sep_width_100 vc_sep_pos_align_center vc_separator_no_text vc_sep_color_grey wpb_content_element  wpb_content_element\" ><span class=\"vc_sep_holder vc_sep_holder_l\"><span class=\"vc_sep_line\"><\/span><\/span><span class=\"vc_sep_holder vc_sep_holder_r\"><span class=\"vc_sep_line\"><\/span><\/span>\n<\/div><\/div><\/div><\/div><\/div><div class=\"vc_row wpb_row vc_row-fluid gradient-container-2\"><div class=\"gradient-column-2 wpb_column vc_column_container vc_col-sm-3\"><div class=\"vc_column-inner\"><div class=\"wpb_wrapper\">\n\t<div  class=\"wpb_single_image wpb_content_element vc_align_center wpb_content_element\">\n\t\t\n\t\t<figure class=\"wpb_wrapper vc_figure\">\n\t\t\t<div class=\"vc_single_image-wrapper   vc_box_border_grey\"><img decoding=\"async\" width=\"150\" height=\"150\" src=\"https:\/\/www.basqueeducational.org\/wp-content\/uploads\/2020\/02\/7in1-director-150x150.jpg\" class=\"vc_single_image-img attachment-thumbnail\" alt=\"\" title=\"Directeur 7in1\" srcset=\"https:\/\/www.basqueeducational.org\/wp-content\/uploads\/2020\/02\/7in1-director-150x150.jpg 150w, https:\/\/www.basqueeducational.org\/wp-content\/uploads\/2020\/02\/7in1-director-100x100.jpg 100w\" sizes=\"(max-width: 150px) 100vw, 150px\" \/><\/div>\n\t\t<\/figure>\n\t<\/div>\n<\/div><\/div><\/div><div class=\"gradient-column-3 wpb_column vc_column_container vc_col-sm-9\"><div class=\"vc_column-inner\"><div class=\"wpb_wrapper\">\n\t<div class=\"wpb_text_column wpb_content_element\" >\n\t\t<div class=\"wpb_wrapper\">\n\t\t\t<h5>\u00c0 propos du directeur - Matt Prine<\/h5>\n<p>Le r\u00e9alisateur Matt Prine et Denise Orpustan-Love ont grandi ensemble \u00e0 Lake County, en Californie.  Apr\u00e8s avoir obtenu son dipl\u00f4me \u00e0 l'universit\u00e9 d'\u00c9tat de San Francisco, Matt a commenc\u00e9 \u00e0 travailler dans l'industrie du cin\u00e9ma et de la t\u00e9l\u00e9vision.  Apr\u00e8s avoir r\u00e9alis\u00e9 des effets sp\u00e9ciaux sur des films avec Dustin Hoffman et Robin Williams, notamment What Dreams May Come (le premier film \u00e0 avoir remport\u00e9 un Academy Award pour les effets sp\u00e9ciaux), Matt a pass\u00e9 trois ans \u00e0 r\u00e9aliser des effets sp\u00e9ciaux pour George Lucas sur Star Wars Episode 1 et 2, Planet of the Apes, Jurassic Park, Wild Wild West et bien d'autres encore.  Au d\u00e9but des ann\u00e9es 2000, Matt a commenc\u00e9 \u00e0 produire des documentaires de tourn\u00e9e pour divers groupes.  En 2005, Matt s'est install\u00e9 en Californie du Sud et a poursuivi ses activit\u00e9s de production ind\u00e9pendante et de production pour l'industrie des m\u00e9dias.  En 2012, Matt a quitt\u00e9 l'industrie des m\u00e9dias pour assumer son r\u00f4le actuel de producteur\/r\u00e9alisateur ind\u00e9pendant et poursuivre ses efforts en tant qu'artiste multim\u00e9dia.  Depuis, il a r\u00e9alis\u00e9 des centaines de projets courts et de documentaires (dont le film prim\u00e9 \"Doc Patient and the Law\").<\/p>\n\n\t\t<\/div>\n\t<\/div>\n<\/div><\/div><\/div><\/div>\n<\/div>","protected":false},"excerpt":{"rendered":"SYNOPSIS: In the Seven in One Way, Denise Orpustan-Love, a first generation Basque American and her family return to the small rural village of Oss\u00e8s in the Basque Country in [...]","protected":false},"author":1,"featured_media":8256,"parent":2567,"menu_order":2,"comment_status":"closed","ping_status":"closed","template":"","meta":{"give_campaign_id":0,"_tec_requires_first_save":true,"_exactmetrics_skip_tracking":false,"_exactmetrics_sitenote_active":false,"_exactmetrics_sitenote_note":"","_exactmetrics_sitenote_category":0,"_price":"","_stock":"","_tribe_ticket_header":"","_tribe_default_ticket_provider":"","_tribe_ticket_capacity":"0","_ticket_start_date":"","_ticket_end_date":"","_tribe_ticket_show_description":"","_tribe_ticket_show_not_going":false,"_tribe_ticket_use_global_stock":"","_tribe_ticket_global_stock_level":"","_global_stock_mode":"","_global_stock_cap":"","_tribe_rsvp_for_event":"","_tribe_ticket_going_count":"","_tribe_ticket_not_going_count":"","_tribe_tickets_list":"[]","_tribe_ticket_has_attendee_info_fields":false,"_EventAllDay":false,"_EventTimezone":"","_EventStartDate":"","_EventEndDate":"","_EventStartDateUTC":"","_EventEndDateUTC":"","_EventShowMap":false,"_EventShowMapLink":false,"_EventURL":"","_EventCost":"","_EventCostDescription":"","_EventCurrencySymbol":"","_EventCurrencyCode":"","_EventCurrencyPosition":"","_EventDateTimeSeparator":"","_EventTimeRangeSeparator":"","_EventOrganizerID":[],"_EventVenueID":[],"_OrganizerEmail":"","_OrganizerPhone":"","_OrganizerWebsite":"","_VenueAddress":"","_VenueCity":"","_VenueCountry":"","_VenueProvince":"","_VenueState":"","_VenueZip":"","_VenuePhone":"","_VenueURL":"","_VenueStateProvince":"","_VenueLat":"","_VenueLng":"","_VenueShowMap":false,"_VenueShowMapLink":false,"_tribe_blocks_recurrence_rules":"","_tribe_blocks_recurrence_description":"","_tribe_blocks_recurrence_exclusions":"","jetpack_post_was_ever_published":false,"footnotes":""},"class_list":["post-3312","page","type-page","status-publish","has-post-thumbnail","hentry"],"campaignId":"","jetpack_sharing_enabled":false,"jetpack_shortlink":"https:\/\/wp.me\/PaFejT-Rq","_links":{"self":[{"href":"https:\/\/www.basqueeducational.org\/fr\/wp-json\/wp\/v2\/pages\/3312","targetHints":{"allow":["GET"]}}],"collection":[{"href":"https:\/\/www.basqueeducational.org\/fr\/wp-json\/wp\/v2\/pages"}],"about":[{"href":"https:\/\/www.basqueeducational.org\/fr\/wp-json\/wp\/v2\/types\/page"}],"author":[{"embeddable":true,"href":"https:\/\/www.basqueeducational.org\/fr\/wp-json\/wp\/v2\/users\/1"}],"replies":[{"embeddable":true,"href":"https:\/\/www.basqueeducational.org\/fr\/wp-json\/wp\/v2\/comments?post=3312"}],"version-history":[{"count":3,"href":"https:\/\/www.basqueeducational.org\/fr\/wp-json\/wp\/v2\/pages\/3312\/revisions"}],"predecessor-version":[{"id":6261,"href":"https:\/\/www.basqueeducational.org\/fr\/wp-json\/wp\/v2\/pages\/3312\/revisions\/6261"}],"up":[{"embeddable":true,"href":"https:\/\/www.basqueeducational.org\/fr\/wp-json\/wp\/v2\/pages\/2567"}],"wp:featuredmedia":[{"embeddable":true,"href":"https:\/\/www.basqueeducational.org\/fr\/wp-json\/wp\/v2\/media\/8256"}],"wp:attachment":[{"href":"https:\/\/www.basqueeducational.org\/fr\/wp-json\/wp\/v2\/media?parent=3312"}],"curies":[{"name":"wp","href":"https:\/\/api.w.org\/{rel}","templated":true}]}}