{"id":3571,"date":"2024-02-11T23:35:43","date_gmt":"2024-02-11T23:35:43","guid":{"rendered":"https:\/\/www.basqueeducational.org\/?page_id=3571"},"modified":"2025-02-04T03:37:35","modified_gmt":"2025-02-04T03:37:35","slug":"nabo-mus-tournament","status":"publish","type":"page","link":"https:\/\/www.basqueeducational.org\/fr\/nabo-mus-tournament\/","title":{"rendered":"Tournoi Mus 2025"},"content":{"rendered":"<div class=\"wpb-content-wrapper\"><div class=\"vc_row wpb_row vc_row-fluid gradient-container-1\"><div class=\"gradient-column-1 wpb_column vc_column_container vc_col-sm-12\"><div class=\"vc_column-inner\"><div class=\"wpb_wrapper\"><div class=\"vc_row wpb_row vc_inner vc_row-fluid\"><div class=\"wpb_column vc_column_container vc_col-sm-3\"><div class=\"vc_column-inner\"><div class=\"wpb_wrapper\">\n\t<div  class=\"wpb_single_image wpb_content_element vc_align_center wpb_content_element\">\n\t\t\n\t\t<figure class=\"wpb_wrapper vc_figure\">\n\t\t\t<div class=\"vc_single_image-wrapper   vc_box_border_grey\"><img fetchpriority=\"high\" decoding=\"async\" width=\"300\" height=\"200\" src=\"https:\/\/www.basqueeducational.org\/wp-content\/uploads\/2024\/05\/mus-300x200.png\" class=\"vc_single_image-img attachment-medium\" alt=\"\" title=\"mus\" srcset=\"https:\/\/www.basqueeducational.org\/wp-content\/uploads\/2024\/05\/mus-300x200.png 300w, https:\/\/www.basqueeducational.org\/wp-content\/uploads\/2024\/05\/mus-768x512.png 768w, https:\/\/www.basqueeducational.org\/wp-content\/uploads\/2024\/05\/mus-700x467.png 700w, https:\/\/www.basqueeducational.org\/wp-content\/uploads\/2024\/05\/mus-348x232.png 348w, https:\/\/www.basqueeducational.org\/wp-content\/uploads\/2024\/05\/mus-354x236.png 354w, https:\/\/www.basqueeducational.org\/wp-content\/uploads\/2024\/05\/mus-600x400.png 600w, https:\/\/www.basqueeducational.org\/wp-content\/uploads\/2024\/05\/mus.png 900w\" sizes=\"(max-width: 300px) 100vw, 300px\" \/><\/div>\n\t\t<\/figure>\n\t<\/div>\n<\/div><\/div><\/div><div class=\"wpb_column vc_column_container vc_col-sm-9\"><div class=\"vc_column-inner\"><div class=\"wpb_wrapper\">\n\t<div class=\"wpb_text_column wpb_content_element\" >\n\t\t<div class=\"wpb_wrapper\">\n\t\t\t<p>C'est la saison du Mus... et nous sommes pr\u00eats \u00e0 l'accueillir !<\/p>\n\n\t\t<\/div>\n\t<\/div>\n<\/div><\/div><\/div><\/div><div class=\"vc_row wpb_row vc_inner vc_row-fluid\"><div class=\"wpb_column vc_column_container vc_col-sm-12\"><div class=\"vc_column-inner\"><div class=\"wpb_wrapper\"><div class=\"vc_btn3-container vc_btn3-center vc_custom_1738640235631 vc_do_btn\" ><a onmouseleave=\"this.style.borderColor='#666666'; this.style.backgroundColor='transparent'; this.style.color='#666666'\" onmouseenter=\"this.style.borderColor='#666666'; this.style.backgroundColor='#666666'; this.style.color='#ffffff';\" style=\"border-color:#666666; color:#666666;\" class=\"vc_general vc_btn3 vc_btn3-size-md vc_btn3-shape-rounded vc_btn3-style-outline-custom vc_btn3-block\" href=\"https:\/\/www.basqueeducational.org\/donations\/beo-mus-tournament\/\" title=\"Tournoi BEO \/ NABO Mus 2025\">S'INSCRIRE ET PAYER ICI<\/a><\/div><\/div><\/div><\/div><\/div><div class=\"vc_row wpb_row vc_inner vc_row-fluid\"><div class=\"wpb_column vc_column_container vc_col-sm-6\"><div class=\"vc_column-inner\"><div class=\"wpb_wrapper\">\n\t<div class=\"wpb_text_column wpb_content_element\" >\n\t\t<div class=\"wpb_wrapper\">\n\t\t\t<h4><span style=\"color: #9e0022;\">QUAND LE TOURNOI AURA-T-IL LIEU ?<\/span><\/h4>\n\n\t\t<\/div>\n\t<\/div>\n\n\t<div class=\"wpb_text_column wpb_content_element\" >\n\t\t<div class=\"wpb_wrapper\">\n\t\t\t<p><strong>Dimanche 30 mars.<\/strong> A noter dans votre agenda.<\/p>\n<p>Voici le programme des \u00e9v\u00e9nements :<\/p>\n<p><strong>7h30 \u00a0<\/strong>Inscription<br \/>\n<strong>8:15 a.m. \u00a0<\/strong>D\u00e9but du tournoi Mus<br \/>\n<strong>12:30 p.m. \u00a0<\/strong>D\u00e9jeuner<br \/>\n<strong>2:00 p.m. \u00a0<\/strong>Jeux finaux<\/p>\n<p>*S'inscrire \u00e0 Mus <em>par<\/em> <strong>28 mars<\/strong>.<\/p>\n\n\t\t<\/div>\n\t<\/div>\n\n\t<div class=\"wpb_text_column wpb_content_element\" >\n\t\t<div class=\"wpb_wrapper\">\n\t\t\t<h4><span style=\"color: #9e0022;\">O\u00d9 SE D\u00c9ROULE LE TOURNOI ?<\/span><\/h4>\n\n\t\t<\/div>\n\t<\/div>\n\n\t<div class=\"wpb_text_column wpb_content_element\" >\n\t\t<div class=\"wpb_wrapper\">\n\t\t\t<p>Au Centre culturel basque<br \/>\n599 Railroad Avenue<br \/>\nSouth San Francisco, CA 94080<\/p>\n<p>Plus pr\u00e9cis\u00e9ment, dans la kantxa.<\/p>\n\n\t\t<\/div>\n\t<\/div>\n\n\t<div class=\"wpb_text_column wpb_content_element\" >\n\t\t<div class=\"wpb_wrapper\">\n\t\t\t<h4><span style=\"color: #9e0022;\">QUI PEUT JOUER ?<\/span><\/h4>\n\n\t\t<\/div>\n\t<\/div>\n\n\t<div class=\"wpb_text_column wpb_content_element\" >\n\t\t<div class=\"wpb_wrapper\">\n\t\t\t<p>Toute personne \u00e2g\u00e9e de 16 ans et plus.<\/p>\n\n\t\t<\/div>\n\t<\/div>\n\n\t<div class=\"wpb_text_column wpb_content_element\" >\n\t\t<div class=\"wpb_wrapper\">\n\t\t\t<h4><span style=\"color: #9e0022;\">QUE SE PASSE-T-IL SI JE N'AI PAS DE PARTENAIRE ?<\/span><\/h4>\n\n\t\t<\/div>\n\t<\/div>\n\n\t<div class=\"wpb_text_column wpb_content_element\" >\n\t\t<div class=\"wpb_wrapper\">\n\t\t\t<p>N'h\u00e9sitez pas \u00e0 vous inscrire ; nous vous associerons \u00e0 un autre joueur \"c\u00e9libataire\".<\/p>\n\n\t\t<\/div>\n\t<\/div>\n<\/div><\/div><\/div><div class=\"wpb_column vc_column_container vc_col-sm-6\"><div class=\"vc_column-inner\"><div class=\"wpb_wrapper\">\n\t<div class=\"wpb_text_column wpb_content_element\" >\n\t\t<div class=\"wpb_wrapper\">\n\t\t\t<h4><span style=\"color: #9e0022;\">Y A-T-IL UN D\u00c9JEUNER ?<\/span><\/h4>\n\n\t\t<\/div>\n\t<\/div>\n\n\t<div class=\"wpb_text_column wpb_content_element\" >\n\t\t<div class=\"wpb_wrapper\">\n\t\t\t<p>Le Centre culturel basque organisera son d\u00e9jeuner des membres, qui est un \u00e9v\u00e9nement distinct et qui a un co\u00fbt distinct.<\/p>\n<p><em>*Le d\u00e9jeuner est un co\u00fbt s\u00e9par\u00e9.<\/em><\/p>\n<p>Les r\u00e9servations pour le d\u00e9jeuner doivent \u00eatre effectu\u00e9es au plus tard le <strong>24 mars<\/strong>Vous pouvez r\u00e9server lors de votre inscription ou appeler directement le BCC au 650-583-8091.<\/p>\n\n\t\t<\/div>\n\t<\/div>\n\n\t<div class=\"wpb_text_column wpb_content_element\" >\n\t\t<div class=\"wpb_wrapper\">\n\t\t\t<h4><span style=\"color: #9e0022;\">COMBIEN CO\u00dbTE LE JEU MUS ?<\/span><\/h4>\n\n\t\t<\/div>\n\t<\/div>\n\n\t<div class=\"wpb_text_column wpb_content_element\" >\n\t\t<div class=\"wpb_wrapper\">\n\t\t\t<p>$40 \/ personne.<\/p>\n\n\t\t<\/div>\n\t<\/div>\n\n\t<div class=\"wpb_text_column wpb_content_element\" >\n\t\t<div class=\"wpb_wrapper\">\n\t\t\t<h4><span style=\"color: #9e0022;\">S'AGIT-IL D'UN TOURNOI NABO ?<\/span><\/h4>\n\n\t\t<\/div>\n\t<\/div>\n\n\t<div class=\"wpb_text_column wpb_content_element\" >\n\t\t<div class=\"wpb_wrapper\">\n\t\t\t<p>Oui, c'est le cas.<\/p>\n<p>L'\u00e9quipe gagnante participera \u00e0 la finale de la NABO \u00e0 Los Banos, en Californie. <strong>le samedi 14 juin 2025<\/strong>.<\/p>\n\n\t\t<\/div>\n\t<\/div>\n\n\t<div class=\"wpb_text_column wpb_content_element\" >\n\t\t<div class=\"wpb_wrapper\">\n\t\t\t<h4><span style=\"color: #9e0022;\">\u00c0 QUI DOIS-JE M'ADRESSER SI J'AI DES QUESTIONS ?<\/span><\/h4>\n\n\t\t<\/div>\n\t<\/div>\n\n\t<div class=\"wpb_text_column wpb_content_element\" >\n\t\t<div class=\"wpb_wrapper\">\n\t\t\t<p>Notre tr\u00e8s talentueuse coordinatrice mus, Aline. <a href=\"mailto:aline@basqueeducational.org\">Cliquez ici<\/a> pour lui envoyer un courriel.<\/p>\n\n\t\t<\/div>\n\t<\/div>\n<\/div><\/div><\/div><\/div><div class=\"vc_btn3-container vc_btn3-center vc_custom_1738640251669 vc_do_btn\" ><a onmouseleave=\"this.style.borderColor='#666666'; this.style.backgroundColor='transparent'; this.style.color='#666666'\" onmouseenter=\"this.style.borderColor='#666666'; this.style.backgroundColor='#666666'; this.style.color='#ffffff';\" style=\"border-color:#666666; color:#666666;\" class=\"vc_general vc_btn3 vc_btn3-size-md vc_btn3-shape-rounded vc_btn3-style-outline-custom vc_btn3-block\" href=\"https:\/\/www.basqueeducational.org\/donations\/beo-mus-tournament\/\" title=\"Tournoi BEO \/ NABO Mus 2025\">S'INSCRIRE ET PAYER ICI<\/a><\/div><\/div><\/div><\/div><\/div>\n<\/div>","protected":false},"excerpt":{"rendered":"'Tis the Mus season... and we're ready for it! REGISTER AND PAY HERE WHEN IS THE TOURNAMENT? Sunday, March 30. Mark your calendar. Here's the schedule of events: 7:30 a.m. [...]","protected":false},"author":1,"featured_media":0,"parent":0,"menu_order":0,"comment_status":"closed","ping_status":"closed","template":"","meta":{"give_campaign_id":0,"_tec_requires_first_save":true,"_exactmetrics_skip_tracking":false,"_exactmetrics_sitenote_active":false,"_exactmetrics_sitenote_note":"","_exactmetrics_sitenote_category":0,"_price":"","_stock":"","_tribe_ticket_header":"","_tribe_default_ticket_provider":"","_tribe_ticket_capacity":"0","_ticket_start_date":"","_ticket_end_date":"","_tribe_ticket_show_description":"","_tribe_ticket_show_not_going":false,"_tribe_ticket_use_global_stock":"","_tribe_ticket_global_stock_level":"","_global_stock_mode":"","_global_stock_cap":"","_tribe_rsvp_for_event":"","_tribe_ticket_going_count":"","_tribe_ticket_not_going_count":"","_tribe_tickets_list":"[]","_tribe_ticket_has_attendee_info_fields":false,"_EventAllDay":false,"_EventTimezone":"","_EventStartDate":"","_EventEndDate":"","_EventStartDateUTC":"","_EventEndDateUTC":"","_EventShowMap":false,"_EventShowMapLink":false,"_EventURL":"","_EventCost":"","_EventCostDescription":"","_EventCurrencySymbol":"","_EventCurrencyCode":"","_EventCurrencyPosition":"","_EventDateTimeSeparator":"","_EventTimeRangeSeparator":"","_EventOrganizerID":[],"_EventVenueID":[],"_OrganizerEmail":"","_OrganizerPhone":"","_OrganizerWebsite":"","_VenueAddress":"","_VenueCity":"","_VenueCountry":"","_VenueProvince":"","_VenueState":"","_VenueZip":"","_VenuePhone":"","_VenueURL":"","_VenueStateProvince":"","_VenueLat":"","_VenueLng":"","_VenueShowMap":false,"_VenueShowMapLink":false,"_tribe_blocks_recurrence_rules":"","_tribe_blocks_recurrence_description":"","_tribe_blocks_recurrence_exclusions":"","footnotes":""},"class_list":["post-3571","page","type-page","status-publish","hentry"],"campaignId":"","jetpack_sharing_enabled":true,"jetpack_shortlink":"https:\/\/wp.me\/PaFejT-VB","_links":{"self":[{"href":"https:\/\/www.basqueeducational.org\/fr\/wp-json\/wp\/v2\/pages\/3571","targetHints":{"allow":["GET"]}}],"collection":[{"href":"https:\/\/www.basqueeducational.org\/fr\/wp-json\/wp\/v2\/pages"}],"about":[{"href":"https:\/\/www.basqueeducational.org\/fr\/wp-json\/wp\/v2\/types\/page"}],"author":[{"embeddable":true,"href":"https:\/\/www.basqueeducational.org\/fr\/wp-json\/wp\/v2\/users\/1"}],"replies":[{"embeddable":true,"href":"https:\/\/www.basqueeducational.org\/fr\/wp-json\/wp\/v2\/comments?post=3571"}],"version-history":[{"count":5,"href":"https:\/\/www.basqueeducational.org\/fr\/wp-json\/wp\/v2\/pages\/3571\/revisions"}],"predecessor-version":[{"id":7948,"href":"https:\/\/www.basqueeducational.org\/fr\/wp-json\/wp\/v2\/pages\/3571\/revisions\/7948"}],"wp:attachment":[{"href":"https:\/\/www.basqueeducational.org\/fr\/wp-json\/wp\/v2\/media?parent=3571"}],"curies":[{"name":"wp","href":"https:\/\/api.w.org\/{rel}","templated":true}]}}