{"id":4072,"date":"2022-01-19T17:31:30","date_gmt":"2022-01-19T17:31:30","guid":{"rendered":"https:\/\/www.basqueeducational.org\/?page_id=4072"},"modified":"2023-01-24T03:59:48","modified_gmt":"2023-01-24T03:59:48","slug":"chillida-esku-huts","status":"publish","type":"page","link":"https:\/\/www.basqueeducational.org\/fr\/movies-in-our-collection\/chillida-esku-huts\/","title":{"rendered":"Chillida, Esku Huts"},"content":{"rendered":"<div class=\"wpb-content-wrapper\"><div class=\"vc_row wpb_row vc_row-fluid gradient-container-1\"><div class=\"gradient-column-1 wpb_column vc_column_container vc_col-sm-12\"><div class=\"vc_column-inner\"><div class=\"wpb_wrapper\">\n\t<div class=\"wpb_text_column wpb_content_element\" >\n\t\t<div class=\"wpb_wrapper\">\n\t\t\t<p><!--more--><\/p>\n\n\t\t<\/div>\n\t<\/div>\n\n\t<div class=\"wpb_video_widget wpb_content_element vc_clearfix   vc_video-aspect-ratio-169 vc_video-el-width-100 vc_video-align-center\" >\n\t\t<div class=\"wpb_wrapper\">\n\t\t\t\n\t\t\t<div class=\"wpb_video_wrapper\"><div class=\"jetpack-video-wrapper\"><iframe title=\"Chillida La profondeur de l&#039;air. TRAILER\" src=\"https:\/\/player.vimeo.com\/video\/187522314?dnt=1&amp;app_id=122963\" width=\"500\" height=\"281\" frameborder=\"0\" allow=\"autoplay; fullscreen; picture-in-picture\"><\/iframe><\/div><\/div>\n\t\t<\/div>\n\t<\/div>\n\n\t<div class=\"wpb_text_column wpb_content_element\" >\n\t\t<div class=\"wpb_wrapper\">\n\t\t\t<h5>SYNOPSIS<\/h5>\n<p>\u00c0 l'\u00e2ge de 19 ans, Eduardo Chillida (1924-2002) \u00e9tait un athl\u00e8te tr\u00e8s dou\u00e9, en passe de devenir une l\u00e9gende du football. Cependant, une blessure brutale au cours d'un match a mis fin \u00e0 sa carri\u00e8re sportive professionnelle. Personne, \u00e0 l'exception de Pilar Belzunce, sa compagne de toujours, ne se doutait que le jeune gardien de but d'Hernani \u00e9tait sur le point de r\u00e9\u00e9crire son avenir et de mourir, des d\u00e9cennies plus tard, comme l'un des meilleurs sculpteurs du XXe si\u00e8cle. Chillida : Esku Huts n'est pas une biographie conventionnelle, mais un regard po\u00e9tique et intime sur un artiste hors pair. Une personne qui reste vivante \u00e0 travers son \u0153uvre, ses huit enfants et certains de ses plus proches collaborateurs.<\/p>\n<p><em>2016, r\u00e9alis\u00e9 par Juan Barrero, couleur, en euskara et castillan sous-titr\u00e9 en anglais, 74 minutes.<\/em><\/p>\n\n\t\t<\/div>\n\t<\/div>\n<div class=\"vc_separator wpb_content_element vc_separator_align_center vc_sep_width_100 vc_sep_pos_align_center vc_separator_no_text vc_sep_color_grey wpb_content_element  wpb_content_element\" ><span class=\"vc_sep_holder vc_sep_holder_l\"><span class=\"vc_sep_line\"><\/span><\/span><span class=\"vc_sep_holder vc_sep_holder_r\"><span class=\"vc_sep_line\"><\/span><\/span>\n<\/div><div class=\"vc_row wpb_row vc_inner vc_row-fluid\"><div class=\"wpb_column vc_column_container vc_col-sm-3\"><div class=\"vc_column-inner\"><div class=\"wpb_wrapper\">\n\t<div  class=\"wpb_single_image wpb_content_element vc_align_left wpb_content_element\">\n\t\t\n\t\t<figure class=\"wpb_wrapper vc_figure\">\n\t\t\t<div class=\"vc_single_image-wrapper   vc_box_border_grey\"><img decoding=\"async\" width=\"150\" height=\"150\" src=\"https:\/\/www.basqueeducational.org\/wp-content\/uploads\/2022\/01\/larraitz-ariznabarreta-web-150x150.jpg\" class=\"vc_single_image-img attachment-thumbnail\" alt=\"\" title=\"larraitz-ariznabarreta-web\" srcset=\"https:\/\/www.basqueeducational.org\/wp-content\/uploads\/2022\/01\/larraitz-ariznabarreta-web-150x150.jpg 150w, https:\/\/www.basqueeducational.org\/wp-content\/uploads\/2022\/01\/larraitz-ariznabarreta-web-300x300.jpg 300w, https:\/\/www.basqueeducational.org\/wp-content\/uploads\/2022\/01\/larraitz-ariznabarreta-web-348x348.jpg 348w, https:\/\/www.basqueeducational.org\/wp-content\/uploads\/2022\/01\/larraitz-ariznabarreta-web-354x354.jpg 354w, https:\/\/www.basqueeducational.org\/wp-content\/uploads\/2022\/01\/larraitz-ariznabarreta-web-100x100.jpg 100w, https:\/\/www.basqueeducational.org\/wp-content\/uploads\/2022\/01\/larraitz-ariznabarreta-web.jpg 640w\" sizes=\"(max-width: 150px) 100vw, 150px\" \/><\/div>\n\t\t<\/figure>\n\t<\/div>\n<\/div><\/div><\/div><div class=\"wpb_column vc_column_container vc_col-sm-9\"><div class=\"vc_column-inner\"><div class=\"wpb_wrapper\">\n\t<div class=\"wpb_text_column wpb_content_element\" >\n\t\t<div class=\"wpb_wrapper\">\n\t\t\t<h5>PR\u00c9SENT\u00c9 PAR ...<\/h5>\n<p>Larraitz Ariznabarreta, du William A. Douglass Center for Basque Studies, a pr\u00e9sent\u00e9 le film et a anim\u00e9 une discussion et des questions-r\u00e9ponses apr\u00e8s la projection.<\/p>\n<p>Pour en savoir plus sur le Dr. Ariznabarreta, <a href=\"https:\/\/www.unr.edu\/basque-studies\/people\/larraitz-ariznabarreta\" target=\"_blank\" rel=\"noopener\">cliquez ici<\/a>.<\/p>\n\n\t\t<\/div>\n\t<\/div>\n<\/div><\/div><\/div><\/div><div class=\"vc_row wpb_row vc_inner vc_row-fluid\"><div class=\"wpb_column vc_column_container vc_col-sm-3\"><div class=\"vc_column-inner\"><div class=\"wpb_wrapper\">\n\t<div  class=\"wpb_single_image wpb_content_element vc_align_left wpb_content_element\">\n\t\t\n\t\t<figure class=\"wpb_wrapper vc_figure\">\n\t\t\t<div class=\"vc_single_image-wrapper   vc_box_border_grey\"><img decoding=\"async\" width=\"150\" height=\"150\" src=\"https:\/\/www.basqueeducational.org\/wp-content\/uploads\/2022\/01\/Juan-Barrero-150x150.jpg\" class=\"vc_single_image-img attachment-thumbnail\" alt=\"\" title=\"Juan-Barrero\" srcset=\"https:\/\/www.basqueeducational.org\/wp-content\/uploads\/2022\/01\/Juan-Barrero-150x150.jpg 150w, https:\/\/www.basqueeducational.org\/wp-content\/uploads\/2022\/01\/Juan-Barrero-100x100.jpg 100w\" sizes=\"(max-width: 150px) 100vw, 150px\" \/><\/div>\n\t\t<\/figure>\n\t<\/div>\n<\/div><\/div><\/div><div class=\"wpb_column vc_column_container vc_col-sm-9\"><div class=\"vc_column-inner\"><div class=\"wpb_wrapper\">\n\t<div class=\"wpb_text_column wpb_content_element\" >\n\t\t<div class=\"wpb_wrapper\">\n\t\t\t<h5>DIRECTEUR<\/h5>\n<p>Juan Barrero a \u00e9t\u00e9 documentariste pour National Geographic, une exp\u00e9rience qui lui inspirera son premier long m\u00e9trage, La jungla interior (2013), s\u00e9lectionn\u00e9 dans les festivals internationaux du monde entier et laur\u00e9at du prix New Waves du meilleur film europ\u00e9en au Festival du film europ\u00e9en de S\u00e9ville (SEFF). En 2012, il a fond\u00e9 Labyrint Films. Ses travaux en tant que producteur, monteur et photographe ont \u00e9t\u00e9 s\u00e9lectionn\u00e9s pour les festivals de Cannes, Locarno, Viennale, San Sebastian, La Havane, Munich, Sao Paulo, Cartagena de Indias et Marseille... o\u00f9 ils ont remport\u00e9 une myriade de prix.<\/p>\n\n\t\t<\/div>\n\t<\/div>\n\n\t<div class=\"wpb_text_column wpb_content_element\" >\n\t\t<div class=\"wpb_wrapper\">\n\t\t\t<h5>Souhaitez-vous voir ce film ou le partager ?<\/h5>\n<p>Nous sommes heureux de vous aider. Veuillez contacter <a href=\"mailto:info@basqueeducational.org\">info@basqueeducational.org<\/a>\u00a0et notre coordinateur cin\u00e9ma prendra contact avec vous.<\/p>\n\n\t\t<\/div>\n\t<\/div>\n<\/div><\/div><\/div><\/div><\/div><\/div><\/div><\/div>\n<\/div>","protected":false},"excerpt":{"rendered":"SYNOPSIS At the age of 19, Eduardo Chillida (1924-2002) was a highly gifted athlete well on his way to becoming a football legend. However, a brutal injury during a game [...]","protected":false},"author":1,"featured_media":4082,"parent":2567,"menu_order":4,"comment_status":"closed","ping_status":"closed","template":"","meta":{"give_campaign_id":0,"_tec_requires_first_save":true,"_exactmetrics_skip_tracking":false,"_exactmetrics_sitenote_active":false,"_exactmetrics_sitenote_note":"","_exactmetrics_sitenote_category":0,"_price":"","_stock":"","_tribe_ticket_header":"","_tribe_default_ticket_provider":"","_tribe_ticket_capacity":"0","_ticket_start_date":"","_ticket_end_date":"","_tribe_ticket_show_description":"","_tribe_ticket_show_not_going":false,"_tribe_ticket_use_global_stock":"","_tribe_ticket_global_stock_level":"","_global_stock_mode":"","_global_stock_cap":"","_tribe_rsvp_for_event":"","_tribe_ticket_going_count":"","_tribe_ticket_not_going_count":"","_tribe_tickets_list":"[]","_tribe_ticket_has_attendee_info_fields":false,"_EventAllDay":false,"_EventTimezone":"","_EventStartDate":"","_EventEndDate":"","_EventStartDateUTC":"","_EventEndDateUTC":"","_EventShowMap":false,"_EventShowMapLink":false,"_EventURL":"","_EventCost":"","_EventCostDescription":"","_EventCurrencySymbol":"","_EventCurrencyCode":"","_EventCurrencyPosition":"","_EventDateTimeSeparator":"","_EventTimeRangeSeparator":"","_EventOrganizerID":[],"_EventVenueID":[],"_OrganizerEmail":"","_OrganizerPhone":"","_OrganizerWebsite":"","_VenueAddress":"","_VenueCity":"","_VenueCountry":"","_VenueProvince":"","_VenueState":"","_VenueZip":"","_VenuePhone":"","_VenueURL":"","_VenueStateProvince":"","_VenueLat":"","_VenueLng":"","_VenueShowMap":false,"_VenueShowMapLink":false,"_tribe_blocks_recurrence_rules":"","_tribe_blocks_recurrence_description":"","_tribe_blocks_recurrence_exclusions":"","jetpack_post_was_ever_published":false,"footnotes":""},"class_list":["post-4072","page","type-page","status-publish","has-post-thumbnail","hentry"],"campaignId":"","jetpack_sharing_enabled":false,"jetpack_shortlink":"https:\/\/wp.me\/PaFejT-13G","_links":{"self":[{"href":"https:\/\/www.basqueeducational.org\/fr\/wp-json\/wp\/v2\/pages\/4072","targetHints":{"allow":["GET"]}}],"collection":[{"href":"https:\/\/www.basqueeducational.org\/fr\/wp-json\/wp\/v2\/pages"}],"about":[{"href":"https:\/\/www.basqueeducational.org\/fr\/wp-json\/wp\/v2\/types\/page"}],"author":[{"embeddable":true,"href":"https:\/\/www.basqueeducational.org\/fr\/wp-json\/wp\/v2\/users\/1"}],"replies":[{"embeddable":true,"href":"https:\/\/www.basqueeducational.org\/fr\/wp-json\/wp\/v2\/comments?post=4072"}],"version-history":[{"count":5,"href":"https:\/\/www.basqueeducational.org\/fr\/wp-json\/wp\/v2\/pages\/4072\/revisions"}],"predecessor-version":[{"id":5023,"href":"https:\/\/www.basqueeducational.org\/fr\/wp-json\/wp\/v2\/pages\/4072\/revisions\/5023"}],"up":[{"embeddable":true,"href":"https:\/\/www.basqueeducational.org\/fr\/wp-json\/wp\/v2\/pages\/2567"}],"wp:featuredmedia":[{"embeddable":true,"href":"https:\/\/www.basqueeducational.org\/fr\/wp-json\/wp\/v2\/media\/4082"}],"wp:attachment":[{"href":"https:\/\/www.basqueeducational.org\/fr\/wp-json\/wp\/v2\/media?parent=4072"}],"curies":[{"name":"wp","href":"https:\/\/api.w.org\/{rel}","templated":true}]}}