{"id":4097,"date":"2022-01-25T22:43:59","date_gmt":"2022-01-25T22:43:59","guid":{"rendered":"https:\/\/www.basqueeducational.org\/?page_id=4097"},"modified":"2022-03-23T20:24:18","modified_gmt":"2022-03-23T20:24:18","slug":"mus-tournament-2022","status":"publish","type":"page","link":"https:\/\/www.basqueeducational.org\/fr\/mus-tournament-2022\/","title":{"rendered":"Tournoi Mus"},"content":{"rendered":"<div class=\"wpb-content-wrapper\"><div class=\"vc_row wpb_row vc_row-fluid gradient-container-1\"><div class=\"gradient-column-1 wpb_column vc_column_container vc_col-sm-12\"><div class=\"vc_column-inner\"><div class=\"wpb_wrapper\"><div class=\"vc_row wpb_row vc_inner vc_row-fluid\"><div class=\"wpb_column vc_column_container vc_col-sm-3\"><div class=\"vc_column-inner\"><div class=\"wpb_wrapper\">\n\t<div  class=\"wpb_single_image wpb_content_element vc_align_center wpb_content_element\">\n\t\t\n\t\t<figure class=\"wpb_wrapper vc_figure\">\n\t\t\t<div class=\"vc_single_image-wrapper   vc_box_border_grey\"><img fetchpriority=\"high\" decoding=\"async\" width=\"300\" height=\"277\" src=\"https:\/\/www.basqueeducational.org\/wp-content\/uploads\/2020\/01\/mus-cards-300x277.jpeg\" class=\"vc_single_image-img attachment-medium\" alt=\"\" title=\"Jeu de cartes espagnol\" srcset=\"https:\/\/www.basqueeducational.org\/wp-content\/uploads\/2020\/01\/mus-cards-300x277.jpeg 300w, https:\/\/www.basqueeducational.org\/wp-content\/uploads\/2020\/01\/mus-cards-768x708.jpeg 768w, https:\/\/www.basqueeducational.org\/wp-content\/uploads\/2020\/01\/mus-cards-700x645.jpeg 700w, https:\/\/www.basqueeducational.org\/wp-content\/uploads\/2020\/01\/mus-cards-348x321.jpeg 348w, https:\/\/www.basqueeducational.org\/wp-content\/uploads\/2020\/01\/mus-cards-354x326.jpeg 354w, https:\/\/www.basqueeducational.org\/wp-content\/uploads\/2020\/01\/mus-cards.jpeg 936w\" sizes=\"(max-width: 300px) 100vw, 300px\" \/><\/div>\n\t\t<\/figure>\n\t<\/div>\n<div class=\"vc_separator wpb_content_element vc_separator_align_center vc_sep_width_100 vc_sep_pos_align_center vc_separator_no_text vc_sep_color_grey wpb_content_element  wpb_content_element\" ><span class=\"vc_sep_holder vc_sep_holder_l\"><span class=\"vc_sep_line\"><\/span><\/span><span class=\"vc_sep_holder vc_sep_holder_r\"><span class=\"vc_sep_line\"><\/span><\/span>\n<\/div><\/div><\/div><\/div><div class=\"wpb_column vc_column_container vc_col-sm-9\"><div class=\"vc_column-inner\"><div class=\"wpb_wrapper\">\n\t<div class=\"wpb_text_column wpb_content_element\" >\n\t\t<div class=\"wpb_wrapper\">\n\t\t\t<p>Le BEO est heureux d'organiser son deuxi\u00e8me tournoi annuel NABO Mus \u00e0 South San Francisco au Basque Cultural Center.<\/p>\n<p>Oh, et nous suivrons les directives sanitaires du comt\u00e9 de San Mateo, ainsi que les pr\u00e9f\u00e9rences commerciales du BCC. Nous ne manquerons pas de vous tenir inform\u00e9s, en particulier ceux qui s'inscrivent pour jouer.<\/p>\n\n\t\t<\/div>\n\t<\/div>\n<\/div><\/div><\/div><\/div><div class=\"vc_row wpb_row vc_inner vc_row-fluid\"><div class=\"wpb_column vc_column_container vc_col-sm-12\"><div class=\"vc_column-inner\"><div class=\"wpb_wrapper\"><div class=\"vc_btn3-container vc_btn3-center vc_custom_1646950894414 vc_do_btn\" ><a onmouseleave=\"this.style.borderColor='#9e0022'; this.style.backgroundColor='transparent'; this.style.color='#9e0022'\" onmouseenter=\"this.style.borderColor='#9e0022'; this.style.backgroundColor='#9e0022'; this.style.color='#ffffff';\" style=\"border-color:#9e0022; color:#9e0022;\" class=\"vc_general vc_btn3 vc_btn3-size-md vc_btn3-shape-rounded vc_btn3-style-outline-custom vc_btn3-block vc_btn3-icon-left\" href=\"https:\/\/www.basqueeducational.org\/donations\/beo-mus-tournament-2022\/\" title=\"Tournoi BEO \/ NABO Mus 2021\"><i class=\"vc_btn3-icon fas fa-comments-dollar\"><\/i> S'INSCRIRE ET PAYER ICI<\/a><\/div><\/div><\/div><\/div><\/div><div class=\"vc_row wpb_row vc_inner vc_row-fluid\"><div class=\"wpb_column vc_column_container vc_col-sm-6\"><div class=\"vc_column-inner\"><div class=\"wpb_wrapper\">\n\t<div class=\"wpb_text_column wpb_content_element\" >\n\t\t<div class=\"wpb_wrapper\">\n\t\t\t<h4><span style=\"color: #9e0022;\">QUAND LE TOURNOI AURA-T-IL LIEU ?<\/span><\/h4>\n\n\t\t<\/div>\n\t<\/div>\n\n\t<div class=\"wpb_text_column wpb_content_element\" >\n\t\t<div class=\"wpb_wrapper\">\n\t\t\t<p><strong>Dimanche 27 mars.<\/strong> A noter dans votre agenda.<\/p>\n<p>Voici le programme des \u00e9v\u00e9nements :<\/p>\n<p><strong>7h30 \u00a0<\/strong>Inscription<br \/>\n<strong>8:30 a.m. \u00a0<\/strong>D\u00e9but du tournoi Mus<br \/>\n<strong>12:30 p.m. \u00a0<\/strong>D\u00e9jeuner<br \/>\n<strong>2:00 p.m. \u00a0<\/strong>Jeux finaux<\/p>\n\n\t\t<\/div>\n\t<\/div>\n\n\t<div class=\"wpb_text_column wpb_content_element\" >\n\t\t<div class=\"wpb_wrapper\">\n\t\t\t<h4><span style=\"color: #9e0022;\">O\u00d9 SE D\u00c9ROULE LE TOURNOI ?<\/span><\/h4>\n\n\t\t<\/div>\n\t<\/div>\n\n\t<div class=\"wpb_text_column wpb_content_element\" >\n\t\t<div class=\"wpb_wrapper\">\n\t\t\t<p>Au Centre culturel basque<br \/>\n599 Railroad Avenue<br \/>\nSouth San Francisco, CA 94080<\/p>\n<p>Plus pr\u00e9cis\u00e9ment, dans la kantxa.<\/p>\n\n\t\t<\/div>\n\t<\/div>\n\n\t<div class=\"wpb_text_column wpb_content_element\" >\n\t\t<div class=\"wpb_wrapper\">\n\t\t\t<h4><span style=\"color: #9e0022;\">QUI PEUT JOUER ?<\/span><\/h4>\n\n\t\t<\/div>\n\t<\/div>\n\n\t<div class=\"wpb_text_column wpb_content_element\" >\n\t\t<div class=\"wpb_wrapper\">\n\t\t\t<p>Tout le monde.<\/p>\n\n\t\t<\/div>\n\t<\/div>\n\n\t<div class=\"wpb_text_column wpb_content_element\" >\n\t\t<div class=\"wpb_wrapper\">\n\t\t\t<h4><span style=\"color: #9e0022;\">COMBIEN CELA CO\u00dbTE-T-IL ?<\/span><\/h4>\n\n\t\t<\/div>\n\t<\/div>\n\n\t<div class=\"wpb_text_column wpb_content_element\" >\n\t\t<div class=\"wpb_wrapper\">\n\t\t\t<p>$35 par joueur.<\/p>\n\n\t\t<\/div>\n\t<\/div>\n\n\t<div class=\"wpb_text_column wpb_content_element\" >\n\t\t<div class=\"wpb_wrapper\">\n\t\t\t<h4><span style=\"color: #9e0022;\">QUELLE EST LA DATE LIMITE D'INSCRIPTION ?<\/span><\/h4>\n\n\t\t<\/div>\n\t<\/div>\n\n\t<div class=\"wpb_text_column wpb_content_element\" >\n\t\t<div class=\"wpb_wrapper\">\n\t\t\t<p>Vendredi 25 mars \u00e0 17h00 (PT)<\/p>\n\n\t\t<\/div>\n\t<\/div>\n<\/div><\/div><\/div><div class=\"wpb_column vc_column_container vc_col-sm-6\"><div class=\"vc_column-inner\"><div class=\"wpb_wrapper\">\n\t<div class=\"wpb_text_column wpb_content_element\" >\n\t\t<div class=\"wpb_wrapper\">\n\t\t\t<h4><span style=\"color: #9e0022;\">Y A-T-IL UN D\u00c9JEUNER ?<\/span><\/h4>\n\n\t\t<\/div>\n\t<\/div>\n\n\t<div class=\"wpb_text_column wpb_content_element\" >\n\t\t<div class=\"wpb_wrapper\">\n\t\t\t<p>Le Centre culturel basque organisera son d\u00e9jeuner des membres, qui est un \u00e9v\u00e9nement et un co\u00fbt distincts.<\/p>\n<p>Les prix du d\u00e9jeuner sont \u00e0 d\u00e9terminer. N'h\u00e9sitez pas \u00e0 revenir car nous mettrons cette information \u00e0 jour d\u00e8s que possible.<\/p>\n<p>Les r\u00e9servations pour le d\u00e9jeuner doivent \u00eatre effectu\u00e9es au plus tard le <strong>20 mars<\/strong>; veuillez appeler le BCC au 650-583-8091.<\/p>\n\n\t\t<\/div>\n\t<\/div>\n\n\t<div class=\"wpb_text_column wpb_content_element\" >\n\t\t<div class=\"wpb_wrapper\">\n\t\t\t<h4><span style=\"color: #9e0022;\">S'AGIT-IL D'UN TOURNOI NABO ?<\/span><\/h4>\n\n\t\t<\/div>\n\t<\/div>\n\n\t<div class=\"wpb_text_column wpb_content_element\" >\n\t\t<div class=\"wpb_wrapper\">\n\t\t\t<p>Oui, c'est le cas.<\/p>\n<p>L'\u00e9quipe gagnante participera aux finales r\u00e9gionales de Californie du Nord plus tard dans l'ann\u00e9e. Et ensuite ? Le ciel est la limite de la stratosph\u00e8re de la NABO.<\/p>\n\n\t\t<\/div>\n\t<\/div>\n\n\t<div class=\"wpb_text_column wpb_content_element\" >\n\t\t<div class=\"wpb_wrapper\">\n\t\t\t<h4><span style=\"color: #9e0022;\">\u00c0 QUI DOIS-JE M'ADRESSER SI J'AI DES QUESTIONS ?<\/span><\/h4>\n\n\t\t<\/div>\n\t<\/div>\n\n\t<div class=\"wpb_text_column wpb_content_element\" >\n\t\t<div class=\"wpb_wrapper\">\n\t\t\t<p>Notre tr\u00e8s talentueuse coordinatrice mus, Aline. <a href=\"mailto:aline@basqueeducational.org\">Cliquez ici<\/a> pour lui envoyer un courriel.<\/p>\n\n\t\t<\/div>\n\t<\/div>\n<\/div><\/div><\/div><\/div><div class=\"vc_btn3-container vc_btn3-center vc_custom_1646950950873 vc_do_btn\" ><a onmouseleave=\"this.style.borderColor='#9e0022'; this.style.backgroundColor='transparent'; this.style.color='#9e0022'\" onmouseenter=\"this.style.borderColor='#9e0022'; this.style.backgroundColor='#9e0022'; this.style.color='#ffffff';\" style=\"border-color:#9e0022; color:#9e0022;\" class=\"vc_general vc_btn3 vc_btn3-size-md vc_btn3-shape-rounded vc_btn3-style-outline-custom vc_btn3-block vc_btn3-icon-left\" href=\"https:\/\/www.basqueeducational.org\/donations\/beo-mus-tournament-2022\/\" title=\"Tournoi BEO \/ NABO Mus 2022\"><i class=\"vc_btn3-icon fas fa-comments-dollar\"><\/i> S'INSCRIRE ET PAYER ICI<\/a><\/div><\/div><\/div><\/div><\/div>\n<\/div>","protected":false},"excerpt":{"rendered":"The BEO is excited to host our second annual NABO Mus Tournament in South San Francisco at the Basque Cultural Center. Oh, and we will be following San Mateo county [...]","protected":false},"author":1,"featured_media":0,"parent":0,"menu_order":2,"comment_status":"closed","ping_status":"closed","template":"","meta":{"give_campaign_id":0,"_tec_requires_first_save":true,"_exactmetrics_skip_tracking":false,"_exactmetrics_sitenote_active":false,"_exactmetrics_sitenote_note":"","_exactmetrics_sitenote_category":0,"_price":"","_stock":"","_tribe_ticket_header":"","_tribe_default_ticket_provider":"","_tribe_ticket_capacity":"0","_ticket_start_date":"","_ticket_end_date":"","_tribe_ticket_show_description":"","_tribe_ticket_show_not_going":false,"_tribe_ticket_use_global_stock":"","_tribe_ticket_global_stock_level":"","_global_stock_mode":"","_global_stock_cap":"","_tribe_rsvp_for_event":"","_tribe_ticket_going_count":"","_tribe_ticket_not_going_count":"","_tribe_tickets_list":"[]","_tribe_ticket_has_attendee_info_fields":false,"_EventAllDay":false,"_EventTimezone":"","_EventStartDate":"","_EventEndDate":"","_EventStartDateUTC":"","_EventEndDateUTC":"","_EventShowMap":false,"_EventShowMapLink":false,"_EventURL":"","_EventCost":"","_EventCostDescription":"","_EventCurrencySymbol":"","_EventCurrencyCode":"","_EventCurrencyPosition":"","_EventDateTimeSeparator":"","_EventTimeRangeSeparator":"","_EventOrganizerID":[],"_EventVenueID":[],"_OrganizerEmail":"","_OrganizerPhone":"","_OrganizerWebsite":"","_VenueAddress":"","_VenueCity":"","_VenueCountry":"","_VenueProvince":"","_VenueState":"","_VenueZip":"","_VenuePhone":"","_VenueURL":"","_VenueStateProvince":"","_VenueLat":"","_VenueLng":"","_VenueShowMap":false,"_VenueShowMapLink":false,"_tribe_blocks_recurrence_rules":"","_tribe_blocks_recurrence_description":"","_tribe_blocks_recurrence_exclusions":"","jetpack_post_was_ever_published":false,"footnotes":""},"class_list":["post-4097","page","type-page","status-publish","hentry"],"campaignId":"","jetpack_sharing_enabled":true,"jetpack_shortlink":"https:\/\/wp.me\/PaFejT-145","_links":{"self":[{"href":"https:\/\/www.basqueeducational.org\/fr\/wp-json\/wp\/v2\/pages\/4097","targetHints":{"allow":["GET"]}}],"collection":[{"href":"https:\/\/www.basqueeducational.org\/fr\/wp-json\/wp\/v2\/pages"}],"about":[{"href":"https:\/\/www.basqueeducational.org\/fr\/wp-json\/wp\/v2\/types\/page"}],"author":[{"embeddable":true,"href":"https:\/\/www.basqueeducational.org\/fr\/wp-json\/wp\/v2\/users\/1"}],"replies":[{"embeddable":true,"href":"https:\/\/www.basqueeducational.org\/fr\/wp-json\/wp\/v2\/comments?post=4097"}],"version-history":[{"count":5,"href":"https:\/\/www.basqueeducational.org\/fr\/wp-json\/wp\/v2\/pages\/4097\/revisions"}],"predecessor-version":[{"id":4220,"href":"https:\/\/www.basqueeducational.org\/fr\/wp-json\/wp\/v2\/pages\/4097\/revisions\/4220"}],"wp:attachment":[{"href":"https:\/\/www.basqueeducational.org\/fr\/wp-json\/wp\/v2\/media?parent=4097"}],"curies":[{"name":"wp","href":"https:\/\/api.w.org\/{rel}","templated":true}]}}