{"id":4156,"date":"2022-02-11T01:51:46","date_gmt":"2022-02-11T01:51:46","guid":{"rendered":"https:\/\/www.basqueeducational.org\/?page_id=4156"},"modified":"2023-01-24T03:58:21","modified_gmt":"2023-01-24T03:58:21","slug":"dardara","status":"publish","type":"page","link":"https:\/\/www.basqueeducational.org\/fr\/movies-in-our-collection\/dardara\/","title":{"rendered":"Dardara"},"content":{"rendered":"<div class=\"wpb-content-wrapper\"><div class=\"vc_row wpb_row vc_row-fluid gradient-container-1\"><div class=\"gradient-column-1 wpb_column vc_column_container vc_col-sm-12\"><div class=\"vc_column-inner\"><div class=\"wpb_wrapper\">\n\t<div class=\"wpb_text_column wpb_content_element\" >\n\t\t<div class=\"wpb_wrapper\">\n\t\t\t<p><!--more--><\/p>\n\n\t\t<\/div>\n\t<\/div>\n\n\t<div class=\"wpb_video_widget wpb_content_element vc_clearfix   vc_video-aspect-ratio-169 vc_video-el-width-100 vc_video-align-center\" >\n\t\t<div class=\"wpb_wrapper\">\n\t\t\t\n\t\t\t<div class=\"wpb_video_wrapper\"><div class=\"jetpack-video-wrapper\"><iframe title=\"DARDARA_TRAILER_FR\" src=\"https:\/\/player.vimeo.com\/video\/480305665?dnt=1&amp;app_id=122963\" width=\"500\" height=\"281\" frameborder=\"0\" allow=\"autoplay; fullscreen; picture-in-picture\"><\/iframe><\/div><\/div>\n\t\t<\/div>\n\t<\/div>\n\n\t<div class=\"wpb_text_column wpb_content_element\" >\n\t\t<div class=\"wpb_wrapper\">\n\t\t\t<h5>SYNOPSIS<\/h5>\n<p>Apr\u00e8s 25 ans de cr\u00e9ation non-stop et au sommet de leur carri\u00e8re, le groupe de rock Berri Txarrak a d\u00e9cid\u00e9 de raccrocher ses instruments. Mais avant cela, et en guise d'adieu, ils ont effectu\u00e9 une derni\u00e8re tourn\u00e9e autour du monde pour remercier tous les fans qui ont \u00e9cout\u00e9 leur musique pendant toutes ces ann\u00e9es. La r\u00e9alisatrice Marina Lameiro les a accompagn\u00e9s pour enregistrer cette occasion et construire un portrait choral \u00e0 partir d'histoires diverses qui vont de l'Espagne au Mexique, en passant par l'Allemagne, le Japon, les \u00c9tats-Unis, etc., toutes marqu\u00e9es par une passion commune : la musique de Berri Txarrak.<\/p>\n<p>Nous voyons ce que leurs chansons ont laiss\u00e9 derri\u00e8re elles dans une histoire qui suit les derniers pas d'un groupe capable de transcender un style, une langue et plusieurs g\u00e9n\u00e9rations pour devenir un ph\u00e9nom\u00e8ne universel.<\/p>\n<p>Dardara (Tremblement) est un documentaire qui progresse \u00e0 travers les paroles et les r\u00e9flexions de Gorka Urbizu, auteur des chansons du groupe pendant un quart de si\u00e8cle et qui se trouve aujourd'hui confront\u00e9 au vertige d'un avenir cr\u00e9atif qui reste \u00e0 \u00e9crire. Un film sur le pouvoir de la musique et de la passion - le \"minimum requis\", comme le dit l'une de leurs paroles. La passion est ce qui les a guid\u00e9s depuis leurs d\u00e9buts jusqu'\u00e0 cette derni\u00e8re tourn\u00e9e et ce qui leur a permis de devenir une partie importante de la vie de milliers de personnes.<\/p>\n<p><em>2021, R\u00e9alis\u00e9 par Marina Lameiro, 97 minutes<\/em><\/p>\n\n\t\t<\/div>\n\t<\/div>\n<div class=\"vc_separator wpb_content_element vc_separator_align_center vc_sep_width_100 vc_sep_pos_align_center vc_separator_no_text vc_sep_color_grey wpb_content_element  wpb_content_element\" ><span class=\"vc_sep_holder vc_sep_holder_l\"><span class=\"vc_sep_line\"><\/span><\/span><span class=\"vc_sep_holder vc_sep_holder_r\"><span class=\"vc_sep_line\"><\/span><\/span>\n<\/div><div class=\"vc_row wpb_row vc_inner vc_row-fluid\"><div class=\"wpb_column vc_column_container vc_col-sm-12\"><div class=\"vc_column-inner\"><div class=\"wpb_wrapper\">\n\t<div class=\"wpb_text_column wpb_content_element\" >\n\t\t<div class=\"wpb_wrapper\">\n\t\t\t<h5>D'INT\u00c9R\u00caT...<\/h5>\n<p>Pour plus d'informations, consultez le site web du film <a href=\"https:\/\/dardarafilma.com\/en\/\" target=\"_blank\" rel=\"noopener\">ici<\/a>.<\/p>\n\n\t\t<\/div>\n\t<\/div>\n<\/div><\/div><\/div><\/div><\/div><\/div><\/div><\/div>\n<\/div>","protected":false},"excerpt":{"rendered":"SYNOPSIS After 25 years of non-stop creation and at the peak of their career, the rock band Berri Txarrak\u00a0decided to hang up their instruments. But before they did that, and [...]","protected":false},"author":1,"featured_media":4161,"parent":2567,"menu_order":2,"comment_status":"closed","ping_status":"closed","template":"","meta":{"give_campaign_id":0,"_tec_requires_first_save":true,"_exactmetrics_skip_tracking":false,"_exactmetrics_sitenote_active":false,"_exactmetrics_sitenote_note":"","_exactmetrics_sitenote_category":0,"_price":"","_stock":"","_tribe_ticket_header":"","_tribe_default_ticket_provider":"","_tribe_ticket_capacity":"0","_ticket_start_date":"","_ticket_end_date":"","_tribe_ticket_show_description":"","_tribe_ticket_show_not_going":false,"_tribe_ticket_use_global_stock":"","_tribe_ticket_global_stock_level":"","_global_stock_mode":"","_global_stock_cap":"","_tribe_rsvp_for_event":"","_tribe_ticket_going_count":"","_tribe_ticket_not_going_count":"","_tribe_tickets_list":"[]","_tribe_ticket_has_attendee_info_fields":false,"_EventAllDay":false,"_EventTimezone":"","_EventStartDate":"","_EventEndDate":"","_EventStartDateUTC":"","_EventEndDateUTC":"","_EventShowMap":false,"_EventShowMapLink":false,"_EventURL":"","_EventCost":"","_EventCostDescription":"","_EventCurrencySymbol":"","_EventCurrencyCode":"","_EventCurrencyPosition":"","_EventDateTimeSeparator":"","_EventTimeRangeSeparator":"","_EventOrganizerID":[],"_EventVenueID":[],"_OrganizerEmail":"","_OrganizerPhone":"","_OrganizerWebsite":"","_VenueAddress":"","_VenueCity":"","_VenueCountry":"","_VenueProvince":"","_VenueState":"","_VenueZip":"","_VenuePhone":"","_VenueURL":"","_VenueStateProvince":"","_VenueLat":"","_VenueLng":"","_VenueShowMap":false,"_VenueShowMapLink":false,"_tribe_blocks_recurrence_rules":"","_tribe_blocks_recurrence_description":"","_tribe_blocks_recurrence_exclusions":"","jetpack_post_was_ever_published":false,"footnotes":""},"class_list":["post-4156","page","type-page","status-publish","has-post-thumbnail","hentry"],"campaignId":"","jetpack_sharing_enabled":false,"jetpack_shortlink":"https:\/\/wp.me\/PaFejT-152","_links":{"self":[{"href":"https:\/\/www.basqueeducational.org\/fr\/wp-json\/wp\/v2\/pages\/4156","targetHints":{"allow":["GET"]}}],"collection":[{"href":"https:\/\/www.basqueeducational.org\/fr\/wp-json\/wp\/v2\/pages"}],"about":[{"href":"https:\/\/www.basqueeducational.org\/fr\/wp-json\/wp\/v2\/types\/page"}],"author":[{"embeddable":true,"href":"https:\/\/www.basqueeducational.org\/fr\/wp-json\/wp\/v2\/users\/1"}],"replies":[{"embeddable":true,"href":"https:\/\/www.basqueeducational.org\/fr\/wp-json\/wp\/v2\/comments?post=4156"}],"version-history":[{"count":2,"href":"https:\/\/www.basqueeducational.org\/fr\/wp-json\/wp\/v2\/pages\/4156\/revisions"}],"predecessor-version":[{"id":5020,"href":"https:\/\/www.basqueeducational.org\/fr\/wp-json\/wp\/v2\/pages\/4156\/revisions\/5020"}],"up":[{"embeddable":true,"href":"https:\/\/www.basqueeducational.org\/fr\/wp-json\/wp\/v2\/pages\/2567"}],"wp:featuredmedia":[{"embeddable":true,"href":"https:\/\/www.basqueeducational.org\/fr\/wp-json\/wp\/v2\/media\/4161"}],"wp:attachment":[{"href":"https:\/\/www.basqueeducational.org\/fr\/wp-json\/wp\/v2\/media?parent=4156"}],"curies":[{"name":"wp","href":"https:\/\/api.w.org\/{rel}","templated":true}]}}